{"id":5254,"date":"2023-12-09T10:25:01","date_gmt":"2023-12-09T12:25:01","guid":{"rendered":"https:\/\/apotekar-online.rs\/?post_type=product&#038;p=5254"},"modified":"2026-03-05T08:10:20","modified_gmt":"2026-03-05T10:10:20","slug":"doctors-sapun-sumporni-antidandruf-100g","status":"publish","type":"product","link":"https:\/\/apotekar-online.rs\/hu\/p\/doctors-sapun-sumporni-antidandruf-100g\/","title":{"rendered":"DOCTORS k\u00e9nes szappan &quot;ANTIDANDRUF&quot; 100g"},"content":{"rendered":"","protected":false},"excerpt":{"rendered":"<p>Preporu\u010duje se kod seboreje (naro\u010dito masne), peruti, akni, mitisera, \u0161uge.<\/p>\n<p>Smanjuje lu\u010denje masnih \u017elezda. Ima antiparazitsko dejstvo pri dodiru ko\u017ee sa \u017eivotinjama ili insektima. Aktivan sastojak &#8211; bioaktivni sumpor.<\/p>\n<p>Sumpor,\u00a0je mineral koji se prirodno pojavljuje u blizini izvora i vulkanskih formacija. Sumporna voda, dobijena iz prirodnog izvora ili stvorena otapanjem sulfata u vodi, je alternativni izbor za le\u010denje bolesti, koje variraju u rasponu od artritisa do akni i nudi brojne pogodnosti za pobolj\u0161anje zdravlja.<\/p>\n<p>Sumpor se primjenjuje lokalno na ko\u017ei,\u00a0kako bi pomogao pri isu\u0161ivanju vi\u0161ka sebuma i pove\u0107ao guljenje ili piling ko\u017ee. To poma\u017ee pri od\u010depljivanju pora i smanjenju akni, a samim tim i smanjenju pigmentnih\u00a0o\u017eiljaka od akni. Preporu\u010duje se kod seboreje (naro\u010dito masne), peruti, akni i\u00a0mitisera.<\/p>\n<p><strong>Fogalmaz\u00e1s:<\/strong><br \/>\nAktivan sastojak &#8211; bioaktivni sumpor.<\/p>\n<p><strong>Alkalmaz\u00e1s m\u00f3dja:<\/strong><br \/>\nNaneti na lice, a zatim isprati. Koristi se jednom do dva puta dnevno.<\/p>","protected":false},"featured_media":5255,"template":"","meta":[],"product_brand":[],"product_cat":[547],"product_tag":[940,1365,2005,878,1850,881,2007,2006],"class_list":{"0":"post-5254","1":"product","2":"type-product","3":"status-publish","4":"has-post-thumbnail","6":"product_cat-kozmetika-i-nega-za-odrasle","7":"product_tag-akne","8":"product_tag-bubuljice","9":"product_tag-medicinski","10":"product_tag-perut","11":"product_tag-sapun","12":"product_tag-seboreja","13":"product_tag-suga","14":"product_tag-sumpor","15":"pa_brend-doctors","17":"first","18":"outofstock","19":"shipping-taxable","20":"purchasable","21":"product-type-simple"},"ams_default_variation_id":0,"ams_product_points_reward":[],"ams_product_discount_percentage":0,"ams_price_to_display":259.2,"ams_acf":[],"jetpack_sharing_enabled":true,"_links":{"self":[{"href":"https:\/\/apotekar-online.rs\/hu\/wp-json\/wp\/v2\/product\/5254","targetHints":{"allow":["GET"]}}],"collection":[{"href":"https:\/\/apotekar-online.rs\/hu\/wp-json\/wp\/v2\/product"}],"about":[{"href":"https:\/\/apotekar-online.rs\/hu\/wp-json\/wp\/v2\/types\/product"}],"wp:featuredmedia":[{"embeddable":true,"href":"https:\/\/apotekar-online.rs\/hu\/wp-json\/wp\/v2\/media\/5255"}],"wp:attachment":[{"href":"https:\/\/apotekar-online.rs\/hu\/wp-json\/wp\/v2\/media?parent=5254"}],"wp:term":[{"taxonomy":"product_brand","embeddable":true,"href":"https:\/\/apotekar-online.rs\/hu\/wp-json\/wp\/v2\/product_brand?post=5254"},{"taxonomy":"product_cat","embeddable":true,"href":"https:\/\/apotekar-online.rs\/hu\/wp-json\/wp\/v2\/product_cat?post=5254"},{"taxonomy":"product_tag","embeddable":true,"href":"https:\/\/apotekar-online.rs\/hu\/wp-json\/wp\/v2\/product_tag?post=5254"}],"curies":[{"name":"wp","href":"https:\/\/api.w.org\/{rel}","templated":true}]}}