{"id":5275,"date":"2023-12-12T08:21:01","date_gmt":"2023-12-12T10:21:01","guid":{"rendered":"https:\/\/apotekar-online.rs\/?post_type=product&#038;p=5275"},"modified":"2026-03-05T08:10:19","modified_gmt":"2026-03-05T10:10:19","slug":"hyalfit-c-vitamin-kapszula-30-db","status":"publish","type":"product","link":"https:\/\/apotekar-online.rs\/hu\/p\/hyalfit-vitamin-c-kapsule-30kom\/","title":{"rendered":"HYALFIT + C-vitamin kapszula, 30 db"},"content":{"rendered":"","protected":false},"excerpt":{"rendered":"<p>A HYALFIT egy t\u00e1pl\u00e1l\u00e9k-kieg\u00e9sz\u00edt\u0151, amely gyorsan \u00e9s hat\u00e9konyan enyh\u00edti az \u00edz\u00fcletek f\u00e1jdalm\u00e1t, gyullad\u00e1s\u00e1t \u00e9s duzzanat\u00e1t (\u00f6d\u00e9m\u00e1t). Az els\u0151 ter\u00e1pi\u00e1s hat\u00e1s m\u00e1r 7 nap haszn\u00e1lat ut\u00e1n \u00e9rhet\u0151 el.<\/p>\n<p>Az emberi test k\u00e9pes a kollag\u00e9n szint\u00e9zis\u00e9re, amely sz\u00fcks\u00e9ges a sz\u00f6vetek n\u00f6veked\u00e9s\u00e9hez \u00e9s helyre\u00e1ll\u00edt\u00e1s\u00e1hoz. Id\u0151vel azonban a szervezet fokozatosan elvesz\u00edti meg\u00fajul\u00e1si k\u00e9pess\u00e9g\u00e9t. Az \u00e9letkor el\u0151rehaladt\u00e1val a kollag\u00e9nveszt\u00e9s hangs\u00falyosabb\u00e1 v\u00e1lik, \u00edgy a sz\u00e1m\u00edt\u00e1sok szerint 25 \u00e9ves kor ut\u00e1n a szervezet \u00e9vente \u00e1tlagosan 1,5% kollag\u00e9nt vesz\u00edt, \u00e9s ez a vesztes\u00e9g drasztikusan megn\u0151 40 \u00e9ves kor ut\u00e1n. A kollag\u00e9n szed\u00e9se \u00edz\u00fcleti f\u00e1jdalmak eset\u00e9n felgyors\u00edtja az \u00edz\u00fcleti sz\u00f6vetek helyre\u00e1ll\u00edt\u00e1s\u00e1t. A csontritkul\u00e1sban szenved\u0151 betegekn\u00e9l a kollag\u00e9n bevezet\u00e9se jav\u00edtja a csontok szerkezet\u00e9t, ami a csontok rugalmass\u00e1g\u00e1nak \u00e9s szil\u00e1rds\u00e1g\u00e1nak n\u00f6veked\u00e9s\u00e9hez vezet. Eddig 19 k\u00fcl\u00f6nb\u00f6z\u0151 t\u00edpus\u00fa kollag\u00e9n ismeretes, amelyek k\u00f6z\u00fcl n\u00e9gy a legfontosabb. Az I-es t\u00edpus\u00fa kollag\u00e9n a legfontosabb a csontok, inak \u00e9s szalagok sz\u00e1m\u00e1ra, \u00e9s a szervezetben l\u00e9v\u0151 kollag\u00e9n teljes mennyis\u00e9g\u00e9b\u0151l 80%-t alkot.<\/p>\n<p><i><u><b>-C vitamin\u00a0<\/b><\/u><\/i>jav\u00edtja a kollag\u00e9n hasznosul\u00e1s\u00e1t a szervezetben.<\/p>\n<p><i><u><b>-Boswellia Serrata<\/b><\/u><\/i>\u00a0seg\u00edt az \u00edz\u00fcleti f\u00e1jdalmakban, a reggeli merevs\u00e9gben \u00e9s jav\u00edtja az \u00edz\u00fcletek mozg\u00e9konys\u00e1g\u00e1t. Amellett, hogy er\u0151s gyullad\u00e1scs\u00f6kkent\u0151 \u00e9s gyorsan csillap\u00edtja a f\u00e1jdalmat, a Boswellia a v\u00e9rereket is megnyitja a sz\u00f6vetell\u00e1t\u00e1shoz (collateralis v\u00e9rerek), ami r\u00f6videbb id\u0151 alatt t\u00f6bb kollag\u00e9nt eredm\u00e9nyez a sz\u00f6vetben. A kollag\u00e9nnel egy\u00fctt befoly\u00e1solja a jobb mozg\u00e9konys\u00e1got, ez\u00e1ltal a porcok t\u00e1pl\u00e1lkoz\u00e1s\u00e1t.<\/p>\n<p><i><u><b>- Kondroitin-szulf\u00e1t<\/b><\/u><\/i>\u00a0a porcok fontos szerkezeti alkot\u00f3eleme, \u00e9s sokat seg\u00edt a nyom\u00e1s\u00e1ll\u00f3s\u00e1gban<\/p>\n<p><i><u><b>- Hialuronsav<\/b><\/u><\/i>\u00a0a szinovi\u00e1lis folyad\u00e9kban folyamatos h\u00e1l\u00f3zatot \u00e9p\u00edt ki, viszk\u00f3zus tulajdons\u00e1gokat \u00e9s nagy v\u00edzmegk\u00f6t\u0151 k\u00e9pess\u00e9get ad a molekul\u00e1n, ami lehet\u0151v\u00e9 teszi az \u00edz\u00fcleti fel\u00fclet mozg\u00e1s k\u00f6zbeni ken\u00e9s\u00e9t \u00e9s tomp\u00edt\u00e1s\u00e1t. Az \u00edz\u00fcleti membr\u00e1nban l\u00e9v\u0151 f\u00e1jdalomreceptorok bevon\u00e1s\u00e1val cs\u00f6kkenti az \u00edz\u00fclet f\u00e1jdalmas reakci\u00f3it. A szinovi\u00e1lis folyad\u00e9k t\u00e1pl\u00e1lja az \u00edz\u00fcleti porcokat, \u00e9s enyh\u00edti a porcban a tests\u00falyterhel\u00e9s \u00e9s az \u00edz\u00fcleti mozg\u00e1sok \u00e1ltal okozott nyom\u00e1st. A hialuronsav termel\u00e9se az \u00edz\u00fcleti folyad\u00e9kban az \u00e9let sor\u00e1n cs\u00f6kken.<\/p>\n<p>Aj\u00e1nlott osteoarthritis, degenerat\u00edv \u00edz\u00fcleti betegs\u00e9gek, t\u00e9rd-, k\u00f6ny\u00f6k-, v\u00e1ll-, cs\u00edp\u0151-, k\u00e9z- \u00e9s l\u00e1b\u00edz\u00fcleti gyullad\u00e1sok, reum\u00e1s \u00edz\u00fcleti gyullad\u00e1sok, \u00edz\u00fcleti s\u00e9r\u00fcl\u00e9sek, mozg\u00e1s k\u00f6zbeni, nyugalmi f\u00e1jdalmak \u00e9s \u00edz\u00fcleti merevs\u00e9g eset\u00e9n.<\/p>\n<p><b>Fogalmaz\u00e1s:<\/b><\/p>\n<p>Boswellia serrata kivonat 130 mg, kondroitin-szulf\u00e1t 100 mg, C-vitamin (L \u2013 aszkorbinsav) 40 mg, hialuronsav 40 mg, I-es t\u00edpus\u00fa kollag\u00e9n 8 mg<\/p>\n<p>&nbsp;<\/p>\n<p><b>Felhaszn\u00e1l\u00e1s m\u00f3dja:<\/b><\/p>\n<p>Napi 1 kapszula \u00e9tkez\u00e9s el\u0151tt legal\u00e1bb 10 perccel, az \u00e9v sor\u00e1n 2-3 h\u00f3napig folyamatosan kell haszn\u00e1lni<\/p>\n<p>&nbsp;<\/p>","protected":false},"featured_media":5276,"template":"","meta":[],"product_brand":[],"product_cat":[82],"product_tag":[1291,348,1066,541,1704,1063,1077,346,297,1163,1108,245],"class_list":{"0":"post-5275","1":"product","2":"type-product","3":"status-publish","4":"has-post-thumbnail","6":"product_cat-kosti-zglobovi-i-neuropatski-bol","7":"product_tag-artritis","8":"product_tag-bol","9":"product_tag-bosvelija","10":"product_tag-hijaluronska-kiselina","11":"product_tag-hondroitin","12":"product_tag-kolagen","13":"product_tag-kosti-i-zglobovi","14":"product_tag-osteoartitis","15":"product_tag-otok","16":"product_tag-ukocenost","17":"product_tag-upala","18":"product_tag-vitamin-c","19":"pa_brend-mv-farm","21":"first","22":"instock","23":"shipping-taxable","24":"purchasable","25":"product-type-simple"},"ams_default_variation_id":0,"ams_product_points_reward":[],"ams_product_discount_percentage":0,"ams_price_to_display":2754,"ams_acf":[],"jetpack_sharing_enabled":true,"_links":{"self":[{"href":"https:\/\/apotekar-online.rs\/hu\/wp-json\/wp\/v2\/product\/5275","targetHints":{"allow":["GET"]}}],"collection":[{"href":"https:\/\/apotekar-online.rs\/hu\/wp-json\/wp\/v2\/product"}],"about":[{"href":"https:\/\/apotekar-online.rs\/hu\/wp-json\/wp\/v2\/types\/product"}],"wp:featuredmedia":[{"embeddable":true,"href":"https:\/\/apotekar-online.rs\/hu\/wp-json\/wp\/v2\/media\/5276"}],"wp:attachment":[{"href":"https:\/\/apotekar-online.rs\/hu\/wp-json\/wp\/v2\/media?parent=5275"}],"wp:term":[{"taxonomy":"product_brand","embeddable":true,"href":"https:\/\/apotekar-online.rs\/hu\/wp-json\/wp\/v2\/product_brand?post=5275"},{"taxonomy":"product_cat","embeddable":true,"href":"https:\/\/apotekar-online.rs\/hu\/wp-json\/wp\/v2\/product_cat?post=5275"},{"taxonomy":"product_tag","embeddable":true,"href":"https:\/\/apotekar-online.rs\/hu\/wp-json\/wp\/v2\/product_tag?post=5275"}],"curies":[{"name":"wp","href":"https:\/\/api.w.org\/{rel}","templated":true}]}}