{"id":5277,"date":"2023-12-12T08:45:48","date_gmt":"2023-12-12T10:45:48","guid":{"rendered":"https:\/\/apotekar-online.rs\/?post_type=product&#038;p=5277"},"modified":"2026-03-05T08:10:19","modified_gmt":"2026-03-05T10:10:19","slug":"hysera-60-000-spu-kapszula-20db","status":"publish","type":"product","link":"https:\/\/apotekar-online.rs\/hu\/p\/hysera-60-000-spu-kapsule-20kom\/","title":{"rendered":"Hysera 60 000 SPU kapszula, 20 db"},"content":{"rendered":"","protected":false},"excerpt":{"rendered":"<p>A Hysera\u00ae gyomornedv-ellen\u00e1ll\u00f3 kapszul\u00e1k a serapeptid\u00e1z enzimet tartalmazz\u00e1k, amelynek er\u0151sen kifejezett enzimaktivit\u00e1sa 60 000 szerapeptid\u00e1z egys\u00e9gnek felel meg, amely hat\u00e9kony feh\u00e9rjehidrol\u00edzist tesz lehet\u0151v\u00e9, \u00e9s gyullad\u00e1sos \u00e1llapotok kezel\u00e9s\u00e9re haszn\u00e1lj\u00e1k.<\/p>\n<p>A szerapeptid\u00e1z egy er\u0151s gyullad\u00e1scs\u00f6kkent\u0151 hat\u00e1s\u00fa proteolitikus enzim, amely jelent\u0151s szerepet j\u00e1tszik a sz\u00f6veti gyullad\u00e1sos folyamatok okozta f\u00e1jdalom cs\u00f6kkent\u00e9s\u00e9ben, k\u00f6sz\u00f6nhet\u0151en annak, hogy blokkolja a f\u00e1jdalmat okoz\u00f3 aminok felszabadul\u00e1s\u00e1t. Ez az enzim seg\u00edt meg\u0151rizni az \u00edz\u00fcletek, izmok eg\u00e9szs\u00e9g\u00e9t, \u00e9s seg\u00edthet lek\u00fczdeni a k\u00fcl\u00f6nf\u00e9le s\u00e9r\u00fcl\u00e9sek okozta duzzanatot.<\/p>\n<p><b>Javallatok:<\/b><\/p>\n<p>- K\u00fcl\u00f6nf\u00e9le s\u00e9r\u00fcl\u00e9sek \u00e9s \u00f6d\u00e9m\u00e1k eset\u00e9n (ficamok, elmozdul\u00e1sok \u00e9s egy\u00e9b s\u00e9r\u00fcl\u00e9s ut\u00e1ni \u00e1llapotok, amelyek sz\u00f6veti duzzanattal j\u00e1rnak)<\/p>\n<p>- Fog\u00e1szatban \u00e9s sz\u00e1jseb\u00e9szetben duzzanattal j\u00e1r\u00f3 beavatkoz\u00e1sok ut\u00e1n<\/p>\n<p>- Duzzanattal j\u00e1r\u00f3 sz\u00e1jny\u00e1lkah\u00e1rtya- \u00e9s \u00ednygyullad\u00e1s eset\u00e9n<\/p>\n<p>- L\u00e9gutak kezel\u00e9s\u00e9re (orrdugul\u00e1sra \u00e9s a torkon lefoly\u00f3 v\u00e1lad\u00e9kra, a felgy\u00fclemlett ny\u00e1lkah\u00e1rtya h\u00edg\u00edt\u00e1s\u00e1ra \u00e9s a k\u00f6h\u00f6g\u00e9s megk\u00f6nny\u00edt\u00e9s\u00e9re, valamint a ny\u00e1lkah\u00e1rtya duzzad\u00e1s\u00e1nak cs\u00f6kkent\u00e9s\u00e9re)<\/p>\n<p>- Csont\u00edz\u00fcleti, izom- \u00e9s reprodukt\u00edv rendszerekre (ortop\u00e9diai \u00e9s n\u0151gy\u00f3gy\u00e1szati m\u0171t\u00e9ti beavatkoz\u00e1sok ut\u00e1n, amelyek sor\u00e1n a l\u00e1gyr\u00e9szek duzzanata l\u00e9p fel)<\/p>\n<p><b>Fogalmaz\u00e1s:<\/b><\/p>\n<p>Egy Hysera\u00ae gyomornedv-ellen\u00e1ll\u00f3 kapszula 30 mg szerapeptid\u00e1z enzimet (60 000 spu*) tartalmaz.<\/p>\n<p>*spu- szerapeptid\u00e1z egys\u00e9gek.<\/p>\n<p>&nbsp;<\/p>\n<p><b>Felhaszn\u00e1l\u00e1s m\u00f3dja:<\/b><\/p>\n<p>Feln\u0151tteknek: napi 1-2 kapszula \u00e9tkez\u00e9s el\u0151tt egy \u00f3r\u00e1val vagy \u00e9tkez\u00e9s ut\u00e1n k\u00e9t \u00f3r\u00e1val kb. 200 ml v\u00edzzel. A kapszul\u00e1t eg\u00e9szben kell lenyelni.<\/p>\n<p>&nbsp;<\/p>\n<p>&nbsp;<\/p>","protected":false},"featured_media":5278,"template":"","meta":[],"product_brand":[],"product_cat":[151,81],"product_tag":[632,2019,297,1252,1623,1311,1156],"class_list":{"0":"post-5277","1":"product","2":"type-product","3":"status-publish","4":"has-post-thumbnail","6":"product_cat-prehlada-i-kasalj","7":"product_cat-probiotici-i-enzimi","8":"product_tag-enzim","9":"product_tag-hirurske-intervencije","10":"product_tag-otok","11":"product_tag-serapeptaza","12":"product_tag-slajm","13":"product_tag-uganuca","14":"product_tag-zapaljenje","15":"pa_brend-pharmanova","17":"first","18":"instock","19":"shipping-taxable","20":"product-type-simple"},"ams_default_variation_id":0,"ams_product_points_reward":[],"ams_product_discount_percentage":0,"ams_price_to_display":0,"ams_acf":[],"jetpack_sharing_enabled":true,"_links":{"self":[{"href":"https:\/\/apotekar-online.rs\/hu\/wp-json\/wp\/v2\/product\/5277","targetHints":{"allow":["GET"]}}],"collection":[{"href":"https:\/\/apotekar-online.rs\/hu\/wp-json\/wp\/v2\/product"}],"about":[{"href":"https:\/\/apotekar-online.rs\/hu\/wp-json\/wp\/v2\/types\/product"}],"wp:featuredmedia":[{"embeddable":true,"href":"https:\/\/apotekar-online.rs\/hu\/wp-json\/wp\/v2\/media\/5278"}],"wp:attachment":[{"href":"https:\/\/apotekar-online.rs\/hu\/wp-json\/wp\/v2\/media?parent=5277"}],"wp:term":[{"taxonomy":"product_brand","embeddable":true,"href":"https:\/\/apotekar-online.rs\/hu\/wp-json\/wp\/v2\/product_brand?post=5277"},{"taxonomy":"product_cat","embeddable":true,"href":"https:\/\/apotekar-online.rs\/hu\/wp-json\/wp\/v2\/product_cat?post=5277"},{"taxonomy":"product_tag","embeddable":true,"href":"https:\/\/apotekar-online.rs\/hu\/wp-json\/wp\/v2\/product_tag?post=5277"}],"curies":[{"name":"wp","href":"https:\/\/api.w.org\/{rel}","templated":true}]}}