{"id":5323,"date":"2023-12-28T09:36:53","date_gmt":"2023-12-28T11:36:53","guid":{"rendered":"https:\/\/apotekar-online.rs\/?post_type=product&#038;p=5323"},"modified":"2026-04-01T00:00:10","modified_gmt":"2026-04-01T02:00:10","slug":"hegyi-balzsam-aranyer-ellen-50g","status":"publish","type":"product","link":"https:\/\/apotekar-online.rs\/hu\/p\/brdjanski-melem-protiv-hemoroida-50g\/","title":{"rendered":"Br\u0111anski balzsam arany\u00e9r ellen 50g"},"content":{"rendered":"","protected":false},"excerpt":{"rendered":"<p>Arany\u00e9r \u2013 a v\u00e9gb\u00e9l (v\u00e9gb\u00e9l) \u00e9s a v\u00e9gb\u00e9lny\u00edl\u00e1s kit\u00e1gult v\u00e9n\u00e1i, amelyek g\u00f6rb\u00fclten v\u00e9reznek. Lehetnek k\u00fcls\u0151 \u00e9s bels\u0151; az an\u00e1lis r\u00e9gi\u00f3 b\u0151r\u00e9n \u00e9s ny\u00e1lkah\u00e1rty\u00e1j\u00e1n.<\/p>\n<p>Az arany\u00e9r elleni Br\u0111an ken\u0151cs a reped\u00e9seken \u00e9s a sipolyokon is hat\u00e9konyan hat.<\/p>\n<div class=\"way_use_Wrapper\">\n<p class=\"mainTitle oswald\"><strong>A felhaszn\u00e1l\u00e1s m\u00f3dja<\/strong><\/p>\n<div class=\"text\">\n<p>Mosson kezet szappannal \u00e9s v\u00edzzel. K\u00f6zvetlen\u00fcl haszn\u00e1lat el\u0151tt mossa le langyos kamilla oldattal (te\u00e1val) azt a helyet, ahol a ken\u0151cs\u00f6t fel fogja haszn\u00e1lni.<\/p>\n<p>Mivel a balzsam kem\u00e9nyebb, mint a kr\u00e9m, elmagyar\u00e1zzuk, hogyan kell haszn\u00e1lni, hogy maximaliz\u00e1lja a balzsam hat\u00e1s\u00e1t.<\/p>\n<p>K\u00fcls\u0151 arany\u00e9r eset\u00e9n<\/p>\n<p>M\u0171anyag spatul\u00e1val kaparjon egy kis balzsamot, \u00e9s vigye fel az ujj arccsontj\u00e1ra. Most az ujja arc\u00e1val v\u00e9kony r\u00e9teg ken\u0151cs\u00f6t ter\u00edtsen a b\u0151r \u00e9rintett ter\u00fclet\u00e9re.<\/p>\n<p>Ezt naponta legal\u00e1bb k\u00e9tszer v\u00e9gezze, felt\u00e9tlen\u00fcl este \u00e9s er\u0151s sz\u00e9klet ut\u00e1n.<\/p>\n<p>Minden haszn\u00e1lat ut\u00e1n mossa ki a m\u0171anyag spatul\u00e1t forr\u00f3 v\u00edzzel, hogy elt\u00e1vol\u00edtsa az \u00f6sszes zs\u00edrt, \u00e9s z\u00e1rt ed\u00e9nyben \u00e1ztassa 70% alkohollal \u00fagy, hogy az alkohol ellepje a spatula fel\u00fclet\u00e9t. Hagyja a k\u00f6vetkez\u0151 haszn\u00e1latig. Haszn\u00e1lat el\u0151tt \u00f6bl\u00edtse le a spatul\u00e1t langyos v\u00edzzel.<\/p>\n<p>Bels\u0151 arany\u00e9r eset\u00e9n<\/p>\n<p>\u00d3vatosan nyomja be az applik\u00e1tort (kis fecskend\u0151t) 90 fokos sz\u00f6gben a ken\u0151csbe, ezzel egyidej\u0171leg h\u00fazza felfel\u00e9 a k\u00f6zponti dugatty\u00fat. Ez megt\u00f6lti az applik\u00e1tort ken\u0151ccsel (1,5-2 cm). \u00cdgy az \u00f6sszes ken\u0151cs a v\u00e9gb\u00e9lben marad. H\u00fazza ki az applik\u00e1tort, mossa le forr\u00f3 v\u00edzben, hogy elt\u00e1vol\u00edtsa az \u00f6sszes zs\u00edrt, \u00e9s mer\u00edtse a 70% alkoholba egy z\u00e1rt ed\u00e9nyben \u00fagy, hogy az alkohol ellepje az applik\u00e1tor fel\u00fclet\u00e9t. Hagyja \u00edgy a k\u00f6vetkez\u0151 haszn\u00e1latig. Haszn\u00e1lat el\u0151tt \u00f6bl\u00edtse le langyos v\u00edzzel.<\/p>\n<p>Ezt naponta legal\u00e1bb k\u00e9tszer v\u00e9gezze, felt\u00e9tlen\u00fcl este \u00e9s er\u0151s sz\u00e9klet ut\u00e1n.<\/p>\n<\/div>\n<\/div>\n<div class=\"composition_Wrapper\">\n<p class=\"mainTitle oswald\"><strong>Fogalmaz\u00e1s<\/strong><\/p>\n<div class=\"text\">\n<p>A hidegen sajtolt ol\u00edvaolajon, m\u00e9hviaszon \u00e9s n\u00f6v\u00e9nyi viaszon (kandellilla), valamint 10 egy\u00e9b n\u00f6v\u00e9nyen (megn\u00f6velt koncentr\u00e1ci\u00f3ban orb\u00e1ncf\u0171, k\u00f6r\u00f6mvir\u00e1g, cickafark, cickafark, rusa, bog\u00e1ncs, rastavi\u010d, pre\u010dica, kicica \u00e9s homokt\u00f6vis) k\u00edv\u00fcl a Az arany\u00e9r elleni balzsam citrom ill\u00f3olajat tartalmaz, a propoliszos balzsam pedig propoliszt is tartalmaz.<\/p>\n<\/div>\n<\/div>","protected":false},"featured_media":5324,"template":"","meta":[],"product_brand":[],"product_cat":[79,3054],"product_tag":[1812,1709,2061,1133],"class_list":{"0":"post-5323","1":"product","2":"type-product","3":"status-publish","4":"has-post-thumbnail","6":"product_cat-srce-krvni-sudovi-i-holesterol","7":"product_cat-akcija","8":"product_tag-analne-fisure","9":"product_tag-betty","10":"product_tag-fisure","11":"product_tag-hemoridi","12":"pa_brend-brdjanski-melem","14":"first","15":"instock","16":"sale","17":"shipping-taxable","18":"purchasable","19":"product-type-simple"},"ams_default_variation_id":0,"ams_product_points_reward":[],"ams_product_discount_percentage":15,"ams_price_to_display":1407.28,"ams_acf":[],"jetpack_sharing_enabled":true,"_links":{"self":[{"href":"https:\/\/apotekar-online.rs\/hu\/wp-json\/wp\/v2\/product\/5323","targetHints":{"allow":["GET"]}}],"collection":[{"href":"https:\/\/apotekar-online.rs\/hu\/wp-json\/wp\/v2\/product"}],"about":[{"href":"https:\/\/apotekar-online.rs\/hu\/wp-json\/wp\/v2\/types\/product"}],"wp:featuredmedia":[{"embeddable":true,"href":"https:\/\/apotekar-online.rs\/hu\/wp-json\/wp\/v2\/media\/5324"}],"wp:attachment":[{"href":"https:\/\/apotekar-online.rs\/hu\/wp-json\/wp\/v2\/media?parent=5323"}],"wp:term":[{"taxonomy":"product_brand","embeddable":true,"href":"https:\/\/apotekar-online.rs\/hu\/wp-json\/wp\/v2\/product_brand?post=5323"},{"taxonomy":"product_cat","embeddable":true,"href":"https:\/\/apotekar-online.rs\/hu\/wp-json\/wp\/v2\/product_cat?post=5323"},{"taxonomy":"product_tag","embeddable":true,"href":"https:\/\/apotekar-online.rs\/hu\/wp-json\/wp\/v2\/product_tag?post=5323"}],"curies":[{"name":"wp","href":"https:\/\/api.w.org\/{rel}","templated":true}]}}