{"id":5333,"date":"2023-12-28T10:28:56","date_gmt":"2023-12-28T12:28:56","guid":{"rendered":"https:\/\/apotekar-online.rs\/?post_type=product&#038;p=5333"},"modified":"2026-03-05T08:10:16","modified_gmt":"2026-03-05T10:10:16","slug":"proctosalis-vegbelkrem-30gr","status":"publish","type":"product","link":"https:\/\/apotekar-online.rs\/hu\/p\/proctosal-rektalna-krema-30gr\/","title":{"rendered":"PROCTOSAL v\u00e9gb\u00e9lkr\u00e9m 30gr"},"content":{"rendered":"","protected":false},"excerpt":{"rendered":"<div class=\"post-content iframe-in-redactor-check pc-text ml-0\">\n<p>A PROCTOSAL rekt\u00e1lis kr\u00e9m n\u00e1trium-hialuron\u00e1n-butir\u00e1t \u00e9s dimetikon alap\u00fa gy\u00f3gy\u00e1szati term\u00e9k, amely v\u00e9d\u0151f\u00f3li\u00e1t k\u00e9pez \u00e9s s\u00edkos\u00edt\u00f3k\u00e9nt m\u0171k\u00f6dik. Seg\u00edti az arany\u00e9r \u00e1llapotok kezel\u00e9s\u00e9t, valamint a v\u00e9gb\u00e9lny\u00e1lkah\u00e1rtya \u00fajb\u00f3li epithelializ\u00e1ci\u00f3j\u00e1nak \u00e9s normaliz\u00e1l\u00e1s\u00e1nak folyamatait az ocorectalis ny\u00e1lkah\u00e1rtya mechanikai g\u00e1tj\u00e1nak kialak\u00edt\u00e1s\u00e1val.<\/p>\n<p><strong>Csomagol\u00e1s:<\/strong><br \/>\n30 g-os alum\u00ednium tubus applik\u00e1torral.<\/p>\n<\/div>\n<div class=\"\">\n<p><strong>A ... haszna:<\/strong><\/p>\n<p>Fek\u00fcdj\u00f6n a bal oldal\u00e1ra, csavarja le a tubus kupakj\u00e1t \u00e9s csavarja meg az applik\u00e1tort, nyomjon egy kis mennyis\u00e9g\u0171 kr\u00e9met az applik\u00e1tor ken\u00e9s\u00e9hez, \u00e9s helyezze be a v\u00e9gb\u00e9lny\u00edl\u00e1sba. Nyomja meg a tubus v\u00e9g\u00e9t, hogy kinyomja a k\u00edv\u00e1nt mennyis\u00e9g\u0171 term\u00e9ket. Az elj\u00e1r\u00e1s ut\u00e1n csavarja le az applik\u00e1tort, tiszt\u00edtsa meg \u00e9s csavarja vissza a kupakot.<\/p>\n<p>Haszn\u00e1lat el\u0151tt olvassa el r\u00e9szletesen az utas\u00edt\u00e1sokat! A gy\u00f3gyszerrel kapcsolatos javallatokr\u00f3l, \u00f3vint\u00e9zked\u00e9sekr\u0151l \u00e9s mell\u00e9khat\u00e1sokr\u00f3l konzult\u00e1ljon orvos\u00e1val vagy gy\u00f3gyszer\u00e9sz\u00e9vel!<\/p>\n<\/div>\n<div class=\"\">\n<p>MENNYIS\u00c9G<\/p>\n<p>30 \u00e9v<\/p>\n<\/div>","protected":false},"featured_media":5334,"template":"","meta":[],"product_brand":[],"product_cat":[79],"product_tag":[2075,2072,1259,2071,2074],"class_list":{"0":"post-5333","1":"product","2":"type-product","3":"status-publish","4":"has-post-thumbnail","6":"product_cat-srce-krvni-sudovi-i-holesterol","7":"product_tag-analne-sluznice","8":"product_tag-dimetikon","9":"product_tag-hemoroide","10":"product_tag-natrijum-hijaluronat","11":"product_tag-zastitni-film","12":"pa_brend-pontus","14":"first","15":"instock","16":"shipping-taxable","17":"product-type-simple"},"ams_default_variation_id":0,"ams_product_points_reward":[],"ams_product_discount_percentage":0,"ams_price_to_display":0,"ams_acf":[],"jetpack_sharing_enabled":true,"_links":{"self":[{"href":"https:\/\/apotekar-online.rs\/hu\/wp-json\/wp\/v2\/product\/5333","targetHints":{"allow":["GET"]}}],"collection":[{"href":"https:\/\/apotekar-online.rs\/hu\/wp-json\/wp\/v2\/product"}],"about":[{"href":"https:\/\/apotekar-online.rs\/hu\/wp-json\/wp\/v2\/types\/product"}],"wp:featuredmedia":[{"embeddable":true,"href":"https:\/\/apotekar-online.rs\/hu\/wp-json\/wp\/v2\/media\/5334"}],"wp:attachment":[{"href":"https:\/\/apotekar-online.rs\/hu\/wp-json\/wp\/v2\/media?parent=5333"}],"wp:term":[{"taxonomy":"product_brand","embeddable":true,"href":"https:\/\/apotekar-online.rs\/hu\/wp-json\/wp\/v2\/product_brand?post=5333"},{"taxonomy":"product_cat","embeddable":true,"href":"https:\/\/apotekar-online.rs\/hu\/wp-json\/wp\/v2\/product_cat?post=5333"},{"taxonomy":"product_tag","embeddable":true,"href":"https:\/\/apotekar-online.rs\/hu\/wp-json\/wp\/v2\/product_tag?post=5333"}],"curies":[{"name":"wp","href":"https:\/\/api.w.org\/{rel}","templated":true}]}}