{"id":5344,"date":"2023-12-28T11:36:26","date_gmt":"2023-12-28T13:36:26","guid":{"rendered":"https:\/\/apotekar-online.rs\/?post_type=product&#038;p=5344"},"modified":"2026-03-05T08:10:16","modified_gmt":"2026-03-05T10:10:16","slug":"acc-akut-600-sumece-tablete-a10","status":"publish","type":"product","link":"https:\/\/apotekar-online.rs\/hu\/p\/acc-akut-600-sumece-tablete-a10\/","title":{"rendered":"ACC AKUT 600 pezsg\u0151tabletta a10"},"content":{"rendered":"","protected":false},"excerpt":{"rendered":"<p><strong>Ennek a gy\u00f3gyszernek az interneten kereszt\u00fcli \u00e9rt\u00e9kes\u00edt\u00e9s\u00e9t a Szerb K\u00f6zt\u00e1rsas\u00e1g t\u00f6rv\u00e9nyei tiltj\u00e1k, m\u00edg az interneten kereszt\u00fcl t\u00f6rt\u00e9n\u0151 rekl\u00e1moz\u00e1s kiz\u00e1r\u00f3lag<\/strong>\u00a0<strong>eml\u00e9keztet\u0151\u00fcl \u00e9s t\u00e1j\u00e9koztat\u00e1si c\u00e9llal.<\/strong><\/p>\n<p>A GY\u00d3GYSZEREK, VAGY GY\u00d3GYSZEREK HIRDET\u00c9SI M\u00d3DJ\u00c1RA VONATKOZ\u00d3 SZAB\u00c1LYZAT Sl. Ch. RS&quot;, No. 79\/2010 L\u00c1THATJA\u00a0<a href=\"https:\/\/www.apotekaonline.rs\/image\/data\/pdf\/pravilnik-o-nacinu-oglasavanja-leka-odnosno-medicinskog-sredstva.pdf\">ITT.<\/a><\/p>\n<p>&nbsp;<\/p>\n<p><strong>Olvassa el figyelmesen ezt a k\u00e9zik\u00f6nyvet, mert az \u00d6n sz\u00e1m\u00e1ra fontos inform\u00e1ci\u00f3kat tartalmaz.<\/strong><\/p>\n<p>Ezt a gy\u00f3gyszert orvosi rendelv\u00e9ny n\u00e9lk\u00fcl is megv\u00e1s\u00e1rolhatja, enyhe betegs\u00e9gek kezel\u00e9s\u00e9re orvosa seg\u00edts\u00e9ge n\u00e9lk\u00fcl. Ezenk\u00edv\u00fcl \u00f3vatosan kell alkalmaznia ezt a gy\u00f3gyszert, hogy a legjobb eredm\u00e9nyeket \u00e9rje el. Ha tov\u00e1bbi inform\u00e1ci\u00f3ra vagy tan\u00e1csra van sz\u00fcks\u00e9ge, forduljon orvos\u00e1hoz vagy gy\u00f3gyszer\u00e9sz\u00e9hez. Ha t\u00fcnetei rosszabbodnak, vagy nem \u00e9rzi jobban mag\u00e1t, felt\u00e9tlen\u00fcl keresse fel orvos\u00e1t.<\/p>\n<p><strong>Mi az acc\u00ae akut 600 \u00e9s mire val\u00f3?<\/strong><br \/>\nAz ACC\u00ae akut 600 gy\u00f3gyszer a mucolitikumoknak nevezett gy\u00f3gyszerek csoportj\u00e1ba tartozik. A mucolitikumok cs\u00f6kkentik a l\u00e9g\u00fati v\u00e1lad\u00e9k s\u0171r\u0171s\u00e9g\u00e9t, el\u0151seg\u00edtik \u00e9s t\u00e1mogatj\u00e1k a k\u00f6ptet\u00e9st vastag v\u00e1lad\u00e9kk\u00e9pz\u0151d\u00e9ssel \u00e9s neh\u00e9z k\u00f6ptet\u00e9ssel j\u00e1r\u00f3 akut \u00e9s kr\u00f3nikus l\u00e9g\u00fati megbeteged\u00e9sek eset\u00e9n.<\/p>\n<p><strong>Tudnival\u00f3k az ACC\u00ae acute 600 szed\u00e9se el\u0151tt:<\/strong><br \/>\nNe haszn\u00e1ljon ACC\u00ae acute 600-at:<\/p>\n<ul>\n<li>Ha allergi\u00e1s (t\u00fal\u00e9rz\u00e9keny) az acetilciszteinre vagy az ACC\u00ae acute 600 b\u00e1rmely m\u00e1s \u00f6sszetev\u0151j\u00e9re<\/li>\n<li>A hat\u00f3anyag magas koncentr\u00e1ci\u00f3ja miatt az ACC\u00ae acute 600 nem alkalmazhat\u00f3 2 \u00e9vesn\u00e9l fiatalabb gyermekekn\u00e9l.<\/li>\n<li>Sz\u00e1mukra az ACC\u00ae acute 600 haszn\u00e1lata javasolt<\/li>\n<li>1 h\u00f3napos \u00e9s 1 \u00e9ves kor k\u00f6z\u00f6tti gyermekekn\u00e9l az ACC\u00ae acute 600 csak l\u00e9tfontoss\u00e1g\u00fa orvosi javallat eset\u00e9n alkalmazhat\u00f3. A gy\u00f3gyszert szigor\u00fa orvos fel\u00fcgyelete mellett kell beadni, lehet\u0151leg k\u00f3rh\u00e1zi k\u00f6r\u00fclm\u00e9nyek k\u00f6z\u00f6tt. Nincsenek megb\u00edzhat\u00f3 adatok \u00e9s aj\u00e1nl\u00e1sok az acetilcisztein adagol\u00e1s\u00e1ra \u00fajsz\u00fcl\u00f6ttekn\u00e9l<\/li>\n<\/ul>\n<p><strong>Az ACC\u00ae acute 600 szed\u00e9se sor\u00e1n legyen k\u00fcl\u00f6n\u00f6sen \u00f3vatos:<\/strong><br \/>\nNagyon ritk\u00e1n acetilcisztein alkalmaz\u00e1s\u00e1val \u00f6sszef\u00fcgg\u0151 s\u00falyos b\u0151relv\u00e1ltoz\u00e1sokat jelentettek h\u00f3lyagosod\u00e1ssal vagy b\u0151rh\u00e1ml\u00e1sokkal (Stevens-Johnson- \u00e9s Lyell-szindr\u00f3ma). Ha \u00faj elv\u00e1ltoz\u00e1sok jelennek meg a b\u0151r\u00f6n \u00e9s a ny\u00e1lkah\u00e1rty\u00e1n, azonnal forduljon orvoshoz, \u00e9s hagyja abba az acetilcisztein alkalmaz\u00e1s\u00e1t.<br \/>\n\u00d3vatoss\u00e1g sz\u00fcks\u00e9ges, ha bronchi\u00e1lis asztm\u00e1ja van, vagy gyomor- vagy nyomb\u00e9lfek\u00e9lye van vagy volt valaha.<br \/>\n\u00d3vatoss\u00e1g sz\u00fcks\u00e9ges a hisztamin intoleranci\u00e1ban szenved\u0151 betegekn\u00e9l. Ker\u00fclje el a gy\u00f3gyszer hossz\u00fa t\u00e1v\u00fa haszn\u00e1lat\u00e1t, mivel az ACC\u00ae acute 600 intolerancia t\u00fcneteihez vezethet (pl. fejf\u00e1j\u00e1s, orrfoly\u00e1s, viszket\u00e9s).<br \/>\nAz ACC\u00ae acute 600 nem alkalmazhat\u00f3 m\u00e1j- vagy veseel\u00e9gtelens\u00e9gben szenved\u0151 betegekn\u00e9l, hogy elker\u00fclje a nitrog\u00e9ntartalm\u00fa anyagok tov\u00e1bbi bevitel\u00e9t.<br \/>\nT\u00e1j\u00e9koztassa kezel\u0151orvos\u00e1t, hogy ezt a gy\u00f3gyszert szedi, ha n\u00e1triumszeg\u00e9ny di\u00e9t\u00e1t tart (cs\u00f6kkentett n\u00e1trium-\/s\u00f3bevitel) (l\u00e1sd a \u201eFontos inform\u00e1ci\u00f3k az ACC\u00ae akut 600 gy\u00f3gyszer egyes \u00f6sszetev\u0151ir\u0151l\u201d c\u00edm\u0171 r\u00e9szt).<\/p>\n<p><strong>Egy\u00e9b gy\u00f3gyszerek alkalmaz\u00e1sa:<\/strong><br \/>\nFelt\u00e9tlen\u00fcl t\u00e1j\u00e9koztassa kezel\u0151orvos\u00e1t vagy gy\u00f3gyszer\u00e9sz\u00e9t a jelenleg vagy nemr\u00e9giben szedett egy\u00e9b gy\u00f3gyszereir\u0151l, bele\u00e9rtve a v\u00e9ny n\u00e9lk\u00fcl kaphat\u00f3 k\u00e9sz\u00edtm\u00e9nyeket is.<br \/>\nAz acetilcisztein \u00e9s a k\u00f6h\u00f6g\u00e9scsillap\u00edt\u00f3 szer (k\u00f6h\u00f6g\u00e9scsillap\u00edt\u00f3 gy\u00f3gyszer) egy\u00fcttes alkalmaz\u00e1sa a k\u00f6h\u00f6g\u00e9si reflex cs\u00f6kken\u00e9se miatt vesz\u00e9lyes v\u00e1lad\u00e9k-visszatart\u00e1st okozhat a l\u00e9gutakban. A gy\u00f3gyszerkombin\u00e1ci\u00f3 haszn\u00e1lat\u00e1nak megkezd\u00e9se el\u0151tt felt\u00e9tlen\u00fcl konzult\u00e1ljon orvos\u00e1val.<br \/>\nAz or\u00e1lis antibiotikumokat (tetraciklinek, penicillinek, aminoglikozidok) az acetilciszteint\u0151l elk\u00fcl\u00f6n\u00edtve \u00e9s legal\u00e1bb 2 \u00f3r\u00e1s id\u0151k\u00f6z\u00f6nk\u00e9nt kell beadni. Ez nem vonatkozik a cefiximre \u00e9s a loracarbefre, amelyek az acetilciszteinnel egyidej\u0171leg is bevehet\u0151k.<\/p>\n<p><strong>Az ACC\u00ae acute 600 egyidej\u0171 bev\u00e9tele \u00e9tellel vagy itallal:<\/strong><br \/>\nA gy\u00f3gyszert csak \u00e9tkez\u00e9s ut\u00e1n szabad bevenni.<\/p>\n<p><strong>Az ACC\u00ae acute 600 alkalmaz\u00e1sa terhess\u00e9g \u00e9s szoptat\u00e1s alatt:<\/strong><br \/>\nMiel\u0151tt b\u00e1rmilyen gy\u00f3gyszert elkezdene szedni, konzult\u00e1ljon orvos\u00e1val vagy gy\u00f3gyszer\u00e9sz\u00e9vel.<br \/>\n<strong>Terhess\u00e9g:<\/strong><br \/>\nMivel nincs elegend\u0151 tapasztalat az acetilcisztein terhes n\u0151kn\u00e9l t\u00f6rt\u00e9n\u0151 alkalmaz\u00e1s\u00e1val kapcsolatban, ezt a gy\u00f3gyszert csak akkor vegye be, ha az orvos \u00fagy \u00edt\u00e9li meg, hogy val\u00f3ban sz\u00fcks\u00e9ges.<br \/>\n<strong>Szoptat\u00e1s:<\/strong><br \/>\nNincsenek adatok az acetilcisztein anyatejbe t\u00f6rt\u00e9n\u0151 kiv\u00e1laszt\u00f3d\u00e1s\u00e1r\u00f3l. Ez\u00e9rt ezt a gy\u00f3gyszert csak akkor alkalmazza szoptat\u00e1s alatt, ha az orvos \u00fagy \u00edt\u00e9li meg, hogy val\u00f3ban sz\u00fcks\u00e9ges.<\/p>\n<p><strong>Az ACC\u00ae akut 600 gy\u00f3gyszer hat\u00e1sa a g\u00e9pj\u00e1rm\u0171vezet\u00e9sre \u00e9s a g\u00e9pek kezel\u00e9s\u00e9re:<\/strong><br \/>\nAz acetilcisztein nem befoly\u00e1solja a g\u00e9pj\u00e1rm\u0171vezet\u00e9shez \u00e9s a g\u00e9pek kezel\u00e9s\u00e9hez sz\u00fcks\u00e9ges k\u00e9pess\u00e9geket.<br \/>\nFontos inform\u00e1ci\u00f3k az ACC\u00ae acute 600 egyes \u00f6sszetev\u0151ir\u0151l:<br \/>\nEgy ACC\u00ae acute 600 tabletta 5,7 mmol (131,0 mg) n\u00e1triumot tartalmaz.<\/p>\n<p><strong>Hogyan kell haszn\u00e1lni az acc\u00ae akut 600-at?<\/strong><br \/>\nAz ACC\u00ae acute 600-at mindig az orvos \u00e1ltal elmondottaknak megfelel\u0151en szedje.\u00a0<strong>Ha nem biztos benne, k\u00e9rdezze meg kezel\u0151orvos\u00e1t vagy gy\u00f3gyszer\u00e9sz\u00e9t.<\/strong><br \/>\nOr\u00e1lis haszn\u00e1latra.<br \/>\nACC\u00ae acute 600: A gy\u00f3gyszert feln\u0151tteknek \u00e9s 2 \u00e9vesn\u00e9l id\u0151sebb gyermekeknek sz\u00e1nj\u00e1k.<br \/>\nA pezsg\u0151tablett\u00e1t fel kell oldani egy poh\u00e1r v\u00edzben, \u00e9s azonnal meg kell inni. A gy\u00f3gyszert csak \u00e9tkez\u00e9s ut\u00e1n szabad bevenni.<br \/>\nA ter\u00e1pia sor\u00e1n sok folyad\u00e9kot kell inni.<br \/>\nAz ACC\u00ae acute 600 tablett\u00e1t nem szabad 4-5 napn\u00e1l tov\u00e1bb bevenni, hacsak orvosa m\u00e1sk\u00e9nt nem tan\u00e1csolja. A ter\u00e1pia id\u0151tartama a betegs\u00e9g t\u00edpus\u00e1t\u00f3l \u00e9s s\u00falyoss\u00e1g\u00e1t\u00f3l f\u00fcgg.<br \/>\nA fert\u0151z\u00e9s megel\u0151z\u00e9se \u00e9rdek\u00e9ben a kr\u00f3nikus bronchitis \u00e9s a mucoviscidosis (ciszt\u00e1s fibr\u00f3zis) kezel\u00e9s\u00e9t hosszabb ideig kell v\u00e9gezni.<br \/>\nElt\u00e9r\u0151 rendelkez\u00e9s hi\u00e1ny\u00e1ban a k\u00f6vetkez\u0151 adagok javasoltak:<\/p>\n<p><strong>ACC\u00ae acute 600:<\/strong><br \/>\n<strong>Feln\u0151ttek \u00e9s 14 \u00e9v feletti serd\u00fcl\u0151k:<\/strong><br \/>\nNapi 2-3 alkalommal 1 pezsg\u0151tabletta (napi 400-600 mg acetilciszteinnek felel meg).<br \/>\n<strong>6-14 \u00e9ves gyermekek:<\/strong><br \/>\n1 pezsg\u0151tabletta naponta k\u00e9tszer (400 mg acetilciszteinnek felel meg naponta).<br \/>\n<strong>2-5 \u00e9ves gyermekek:<\/strong><br \/>\n1\/2 pezsg\u0151tabletta naponta 2-3 alkalommal (napi 200-300 mg acetilciszteinnek felel meg).<\/p>\n<p><strong>Adagol\u00e1s ciszt\u00e1s fibr\u00f3zis eset\u00e9n:<\/strong><br \/>\n<strong>ACC\u00ae acute 600:<\/strong><br \/>\n<strong>2-6 \u00e9ves gyermekek:<\/strong><br \/>\nPezsg\u0151tablett\u00e1t naponta 4 alkalommal kell bevenni (ami napi 400 mg acetilciszteinnek felel meg).<br \/>\n<strong>6 \u00e9vn\u00e9l id\u0151sebb gyermekek:<\/strong><br \/>\nNaponta h\u00e1romszor 1 pezsg\u0151tabletta (napi 600 mg acetilciszteinnek felel meg).<\/p>\n<p><strong>Ha az el\u0151\u00edrtn\u00e1l t\u00f6bb ACC\u00ae acute 600-at vett be:<\/strong><br \/>\nHa az el\u0151\u00edrtn\u00e1l t\u00f6bb gy\u00f3gyszert vett be, forduljon orvos\u00e1hoz. T\u00faladagol\u00e1s eset\u00e9n em\u00e9szt\u0151rendszeri irrit\u00e1ci\u00f3 l\u00e9phet fel (pl. gyomorf\u00e1jdalom, h\u00e1nyinger, h\u00e1ny\u00e1s, hasmen\u00e9s). Komoly mell\u00e9khat\u00e1sokat \u00e9s m\u00e9rgez\u00e9si t\u00fcneteket azonban eddig nem figyeltek meg. Ha t\u00faladagol\u00e1s gyan\u00faja mer\u00fcl fel, t\u00e1j\u00e9koztassa kezel\u0151orvos\u00e1t.<\/p>\n<p><strong>Ha elfelejtette bevenni az ACC\u00ae acute 600-at:<\/strong><br \/>\nNe vegyen be dupla adagot a kihagyott adag p\u00f3tl\u00e1s\u00e1ra.<br \/>\nHa elfelejtette bevenni a gy\u00f3gyszert, hagyja ki a kihagyott adagot, \u00e9s vegye be a k\u00f6vetkez\u0151 adagot a tervezett id\u0151pontban.<\/p>\n<p><strong>Ha hirtelen abbahagyja az ACC\u00ae acute 600 szed\u00e9s\u00e9t:<\/strong><br \/>\nNincsenek k\u00fcl\u00f6nleges figyelmeztet\u00e9sek.<\/p>\n<p><strong>Ha b\u00e1rmilyen tov\u00e1bbi k\u00e9rd\u00e9se van a gy\u00f3gyszer alkalmaz\u00e1s\u00e1val kapcsolatban, k\u00e9rdezze meg kezel\u0151orvos\u00e1t vagy gy\u00f3gyszer\u00e9sz\u00e9t.<\/strong><\/p>\n<p><strong>Lehets\u00e9ges mell\u00e9khat\u00e1sok:<\/strong><br \/>\nAz ACC\u00ae acute 600 gy\u00f3gyszernek, m\u00e1s gy\u00f3gyszerekhez hasonl\u00f3an, lehetnek mell\u00e9khat\u00e1sai, b\u00e1r nem felt\u00e9tlen\u00fcl mindenkin\u00e9l jelentkeznek.<br \/>\nA mell\u00e9khat\u00e1sok \u00e9rt\u00e9kel\u00e9se a k\u00f6vetkez\u0151 gyakoris\u00e1gi inform\u00e1ci\u00f3kon alapul:<\/p>\n<ul>\n<li>Nagyon gyakori (10 kezelt betegb\u0151l t\u00f6bb mint 1-n\u00e9l fordul el\u0151)<\/li>\n<li>Gyakori (10 kezelt betegb\u0151l kevesebb mint 1-n\u00e9l, de 100 kezelt betegb\u0151l t\u00f6bb mint 1-n\u00e9l jelentkezik)<\/li>\n<li>Nem gyakori (100 kezelt betegb\u0151l kevesebb mint 1-n\u00e9l, de 1000 kezelt betegb\u0151l t\u00f6bb mint 1-n\u00e9l jelentkezik)<\/li>\n<li>Ritka (1000 kezelt betegb\u0151l kevesebb mint 1-n\u00e9l, de 10000 kezelt betegb\u0151l t\u00f6bb mint 1-n\u00e9l fordul el\u0151)<\/li>\n<li>Nagyon ritka (10 000 betegb\u0151l kevesebb, mint 1-n\u00e9l fordul el\u0151), gyakoris\u00e1ga nem ismert<\/li>\n<\/ul>\n<p><strong>Alkalmi mell\u00e9khat\u00e1sok:<\/strong><br \/>\na sz\u00e1j\u00fcreg ny\u00e1lkah\u00e1rty\u00e1j\u00e1nak gyullad\u00e1sa (sztomatitisz), gyomorf\u00e1jdalom, h\u00e1nyinger, h\u00e1ny\u00e1s \u00e9s hasmen\u00e9s, fejf\u00e1j\u00e1s, l\u00e1z, allergi\u00e1s reakci\u00f3k - viszket\u00e9s, csal\u00e1nki\u00fct\u00e9s, exanthema, b\u0151rki\u00fct\u00e9s, h\u00f6rg\u0151g\u00f6rcs, angio\u00f6d\u00e9ma (az arc, az ajkak, a nyelv \u00e9s a nyelv duzzanata) torok, melyet l\u00e9gz\u00e9si \u00e9s nyel\u00e9si neh\u00e9zs\u00e9g k\u00eds\u00e9r), szapora sz\u00edvver\u00e9s, v\u00e9rnyom\u00e1ses\u00e9s<\/p>\n<p><strong>Ritka mell\u00e9khat\u00e1sok:<\/strong><br \/>\nleveg\u0151hi\u00e1ny \u00e9rz\u00e9se (dyspnoe), l\u00e9gz\u0151izmok g\u00f6rcse (h\u00f6rg\u0151g\u00f6rcs) - k\u00fcl\u00f6n\u00f6sen bronchi\u00e1lis asztm\u00e1ban szenved\u0151kn\u00e9l Nagyon ritka mell\u00e9khat\u00e1sok:<br \/>\nanafilaxi\u00e1s reakci\u00f3k a gy\u00fcm\u00f6lcsl\u00e9re<br \/>\nEzenk\u00edv\u00fcl az acetilcisztein haszn\u00e1lat\u00e1val \u00f6sszef\u00fcgg\u0151 v\u00e9rz\u00e9s nagyon ritk\u00e1n fordul el\u0151, k\u00fcl\u00f6n\u00f6sen t\u00fal\u00e9rz\u00e9kenys\u00e9gi reakci\u00f3k eset\u00e9n. K\u00fcl\u00f6nf\u00e9le tanulm\u00e1nyok igazolt\u00e1k, hogy acetilcisztein jelenl\u00e9t\u00e9ben cs\u00f6kken a v\u00e9rlemezk\u00e9k adh\u00e9zi\u00f3ja. Ezen eredm\u00e9nyek klinikai jelent\u0151s\u00e9ge jelenleg nem ismert.<br \/>\nHa b\u00e1rmely mell\u00e9khat\u00e1s s\u00falyoss\u00e1 v\u00e1lik, vagy olyan mell\u00e9khat\u00e1st \u00e9szlel, amely nem szerepel ebben az \u00fatmutat\u00f3ban, k\u00e9rj\u00fck, \u00e9rtes\u00edtse orvos\u00e1t vagy gy\u00f3gyszer\u00e9sz\u00e9t.<\/p>\n<p><strong>Hogyan kell t\u00e1rolni az acc\u00ae akut 600-at?<\/strong><br \/>\nGyermekek el\u0151l elz\u00e1rva tartand\u00f3!<\/p>\n<p><strong>Lej\u00e1rati d\u00e1tum:<\/strong><br \/>\n3 \u00e9v.<br \/>\nNe haszn\u00e1lja az ACC\u00ae akut 600-at a csomagol\u00e1son felt\u00fcntetett lej\u00e1rati id\u0151 ut\u00e1n (&quot;Felhaszn\u00e1lhat\u00f3:&quot;).<br \/>\nA felhaszn\u00e1l\u00e1si id\u0151 a megadott h\u00f3nap utols\u00f3 napj\u00e1n j\u00e1r le.<\/p>\n<p><strong>T\u00e1rol\u00e1s:<\/strong><br \/>\nA f\u00e9nyt\u0151l \u00e9s nedvess\u00e9gt\u0151l val\u00f3 v\u00e9delem \u00e9rdek\u00e9ben a gy\u00f3gyszert legfeljebb 30\u00b0C-on, az eredeti csomagol\u00e1sban t\u00e1rolja. Haszn\u00e1lat ut\u00e1n szorosan z\u00e1rja le a tablettatart\u00e1lyt.<br \/>\nA gy\u00f3gyszereket nem szabad a csatorn\u00e1ba vagy a h\u00e1ztart\u00e1si hullad\u00e9kba dobni. K\u00e9rdezze meg gy\u00f3gyszer\u00e9sz\u00e9t, hogyan kell megsemmis\u00edteni azokat a gy\u00f3gyszereket, amelyekre m\u00e1r nincs sz\u00fcks\u00e9ge.<br \/>\nEzek az int\u00e9zked\u00e9sek hozz\u00e1j\u00e1rulnak a k\u00f6rnyezet meg\u0151rz\u00e9s\u00e9hez.<br \/>\nA fel nem haszn\u00e1lt gy\u00f3gyszert a hat\u00e1lyos el\u0151\u00edr\u00e1soknak megfelel\u0151en megsemmis\u00edtj\u00fck.<\/p>\n<p><strong>Mit tartalmaz az ACC\u00ae acute 600:<\/strong><br \/>\n<strong>A hat\u00f3anyag a k\u00f6vetkez\u0151:<\/strong>\u00a0acetilcisztein.<br \/>\nACC\u00ae akut 600 pezsg\u0151tabletta A T pezsg\u0151tabletta 600 mg acetilciszteint tartalmaz.<br \/>\n<strong>Tov\u00e1bbi \u00f6sszetev\u0151k:<\/strong><br \/>\nCitromsav, v\u00edzmentes n\u00e1trium-hidrog\u00e9n-karbon\u00e1t, n\u00e1trium-karbon\u00e1t, aszkorbinsav (C-vitamin)<br \/>\nN\u00e1trium-ciklam\u00e1t<br \/>\nSzacharin-n\u00e1trium<br \/>\nPolietil\u00e9n glikol<\/p>\n<p><strong>Hogyan n\u00e9z ki az ACC\u00ae acute 600 gy\u00f3gyszer \u00e9s mit tartalmaz a csomagol\u00e1s:<\/strong><br \/>\nKerek, lapos, feh\u00e9r, fazett \u00e9l\u0171 tabletta, egyik oldal\u00e1n elv\u00e1laszt\u00f3 vonallal.<br \/>\n1 tabletta 100 ml v\u00edzben: tiszta vagy enyh\u00e9n op\u00e1los oldat, r\u00e9szecsk\u00e9k n\u00e9lk\u00fcl.<br \/>\nA bels\u0151 csomagol\u00e1s alum\u00ednium tablettatart\u00e1ly polietil\u00e9n z\u00e1r\u00f3kupakkal.<br \/>\nA tart\u00e1lyt bel\u00fclr\u0151l feh\u00e9r vagy sz\u00edntelen lakkr\u00e9teg, k\u00edv\u00fclr\u0151l feh\u00e9r zom\u00e1nclakk v\u00e9di. A kupak feh\u00e9r sz\u00edn\u0171 \u00e9s sz\u00e1r\u00edt\u00f3anyagot tartalmaz.<br \/>\nA k\u00fcls\u0151 csomagol\u00e1s egy kartondoboz.<\/p>\n<p><strong>A gy\u00f3gyszer adagol\u00e1si m\u00f3dja:<br \/>\nA gy\u00f3gyszer v\u00e9ny n\u00e9lk\u00fcl is kiadhat\u00f3.<\/strong><\/p>\n<p><strong>Csomagol\u00e1s:\u00a0<\/strong>10 pezsg\u0151tabletta<\/p>\n<p><strong>Enged\u00e9ly tulajdonosa:<\/strong><br \/>\nA Sandoz Pharmaceuticals dd Belgr\u00e1d k\u00e9pviselete<br \/>\nKneginje Zorke 2, Belgr\u00e1d, Szerbia<\/p>\n<p><strong>Gy\u00e1rt\u00f3:<\/strong><br \/>\nLek farmacevtska dru\u017eba dd<br \/>\nVerov\u0161kova 57, Ljubljana, Szlov\u00e9nia<\/p>\n<p><strong>Haszn\u00e1lat el\u0151tt olvassa el r\u00e9szletesen az utas\u00edt\u00e1sokat. Az indik\u00e1ci\u00f3kkal, \u00f3vint\u00e9zked\u00e9sekkel \u00e9s a gy\u00f3gyszermell\u00e9khat\u00e1sokkal kapcsolatban forduljon orvos\u00e1hoz vagy gy\u00f3gyszer\u00e9sz\u00e9hez.<\/strong><\/p>","protected":false},"featured_media":5345,"template":"","meta":[],"product_brand":[],"product_cat":[151],"product_tag":[2081,2083,2082],"class_list":{"0":"post-5344","1":"product","2":"type-product","3":"status-publish","4":"has-post-thumbnail","6":"product_cat-prehlada-i-kasalj","7":"product_tag-acetilcistein","8":"product_tag-izbacivanje-slajma","9":"product_tag-lakse-iskasljavanje","10":"pa_brend-sandoz","12":"first","13":"instock","14":"shipping-taxable","15":"product-type-simple"},"ams_default_variation_id":0,"ams_product_points_reward":[],"ams_product_discount_percentage":0,"ams_price_to_display":0,"ams_acf":[],"jetpack_sharing_enabled":true,"_links":{"self":[{"href":"https:\/\/apotekar-online.rs\/hu\/wp-json\/wp\/v2\/product\/5344","targetHints":{"allow":["GET"]}}],"collection":[{"href":"https:\/\/apotekar-online.rs\/hu\/wp-json\/wp\/v2\/product"}],"about":[{"href":"https:\/\/apotekar-online.rs\/hu\/wp-json\/wp\/v2\/types\/product"}],"wp:featuredmedia":[{"embeddable":true,"href":"https:\/\/apotekar-online.rs\/hu\/wp-json\/wp\/v2\/media\/5345"}],"wp:attachment":[{"href":"https:\/\/apotekar-online.rs\/hu\/wp-json\/wp\/v2\/media?parent=5344"}],"wp:term":[{"taxonomy":"product_brand","embeddable":true,"href":"https:\/\/apotekar-online.rs\/hu\/wp-json\/wp\/v2\/product_brand?post=5344"},{"taxonomy":"product_cat","embeddable":true,"href":"https:\/\/apotekar-online.rs\/hu\/wp-json\/wp\/v2\/product_cat?post=5344"},{"taxonomy":"product_tag","embeddable":true,"href":"https:\/\/apotekar-online.rs\/hu\/wp-json\/wp\/v2\/product_tag?post=5344"}],"curies":[{"name":"wp","href":"https:\/\/api.w.org\/{rel}","templated":true}]}}