{"id":5359,"date":"2023-12-29T10:52:22","date_gmt":"2023-12-29T12:52:22","guid":{"rendered":"https:\/\/apotekar-online.rs\/?post_type=product&#038;p=5359"},"modified":"2026-03-05T08:38:29","modified_gmt":"2026-03-05T10:38:29","slug":"septolete-total-passtile-a16-citrom-es-mezes","status":"publish","type":"product","link":"https:\/\/apotekar-online.rs\/hu\/p\/septolete-total-pastile-a16-limun-i-med\/","title":{"rendered":"Septolete total pasztilla a16 citrom \u00e9s m\u00e9z"},"content":{"rendered":"","protected":false},"excerpt":{"rendered":"<p><span style=\"font-family: Arial;\"><b>Ennek a szernek az interneten t\u00f6rt\u00e9n\u0151 terjeszt\u00e9s\u00e9t szigor\u00faan tilos \u00e9s a Szerb K\u00f6zt\u00e1rsas\u00e1g t\u00f6rv\u00e9nyei szab\u00e1lyozz\u00e1k, m\u00edg az interneten t\u00f6rt\u00e9n\u0151 bemutat\u00e1sa megengedett, kiz\u00e1r\u00f3lag abb\u00f3l a c\u00e9lb\u00f3l, hogy a nagyk\u00f6z\u00f6ns\u00e9get \u00e9s a szakmai k\u00f6zv\u00e9lem\u00e9nyt t\u00e1j\u00e9koztass\u00e1k a c\u00e9lr\u00f3l, \u00e9s jobban megismerj\u00e9k a gy\u00f3gyszert. mag\u00e1nak a gy\u00f3gyszernek az alapvet\u0151 jellemz\u0151i.<br \/>\n<\/b><\/span><span style=\"color: #000000;\"><br \/>\nA GY\u00d3GYSZERREKEZD\u00c9S M\u00d3DJ\u00c1R\u00d3L SZ\u00d3L\u00d3 RENDELETET MEGTEKINHET\u0150, GY\u00d3GYSZERRE VONATKOZ\u00d3AN (&quot;Sl. Gl. RS&quot;, 79\/2010. sz.)<\/span><span style=\"font-family: verdana, geneva, sans-serif;\"><span style=\"color: #666666;\">\u00a0<a href=\"http:\/\/www.alims.gov.rs\/ciril\/files\/2012\/06\/p-oglasavanje-79-2010.pdf\">ITT<\/a>.<br \/>\n<\/span><\/span><\/p>\n<p>Septolete\u00ae<br \/>\n\u00f6sszesen citrom \u00e9s m\u00e9z, 1 mg\/3 mg, pasztilla<br \/>\nINN: cetilpiridinium, benzidamin<br \/>\nMiel\u0151tt elkezden\u00e9 szedni ezt a gy\u00f3gyszert, olvassa el figyelmesen ezt a betegt\u00e1j\u00e9koztat\u00f3t, mert inform\u00e1ci\u00f3kat tartalmaz<br \/>\namelyek fontosak neked.<br \/>\nEzt a gy\u00f3gyszert mindig pontosan a betegt\u00e1j\u00e9koztat\u00f3ban le\u00edrtaknak vagy az orvos \u00e1ltal elmondottaknak megfelel\u0151en szedje<br \/>\nvagy egy gy\u00f3gyszer\u00e9sz.<br \/>\n\uf02d Mentse el az utas\u00edt\u00e1sokat. Lehet, hogy \u00fajra el kell olvasnia.<br \/>\n\uf02d Ha tov\u00e1bbi k\u00e9rd\u00e9sei vannak, vagy tan\u00e1csra van sz\u00fcks\u00e9ge, forduljon gy\u00f3gyszer\u00e9sz\u00e9hez.<br \/>\n\uf02d Ha \u00d6nn\u00e9l b\u00e1rmilyen mell\u00e9khat\u00e1s jelentkezik, forduljon orvos\u00e1hoz vagy gy\u00f3gyszer\u00e9sz\u00e9hez. Ez<br \/>\ntartalmazza az ebben az \u00fatmutat\u00f3ban fel nem sorolt mell\u00e9khat\u00e1sokat. L\u00e1sd a 4. r\u00e9szt.<br \/>\n\uf02d Ha nem \u00e9rzi jobban mag\u00e1t, vagy rosszabbul \u00e9rzi mag\u00e1t 3 nap eltelt\u00e9vel, forduljon orvos\u00e1hoz.<br \/>\nEbben az \u00fatmutat\u00f3ban a k\u00f6vetkez\u0151ket olvashatja:<br \/>\n1. Mi a Septolete total citrom \u00e9s m\u00e9z gy\u00f3gyszer \u00e9s mire val\u00f3<br \/>\n2. Mit kell tudni a Septolete teljes citrom \u00e9s m\u00e9z gy\u00f3gyszer szed\u00e9se el\u0151tt<br \/>\n3. Hogyan kell szedni a Septolete gy\u00f3gyszert \u00f6sszesen citrom \u00e9s m\u00e9z<br \/>\n4. Lehets\u00e9ges mell\u00e9khat\u00e1sok<br \/>\n5. Hogyan kell t\u00e1rolni a Septolete gy\u00f3gyszert \u00f6sszesen citrom \u00e9s m\u00e9z<br \/>\n6. A csomag tartalma \u00e9s egy\u00e9b inform\u00e1ci\u00f3k<\/p>\n<p>1. Mi a Septolete total citrom \u00e9s m\u00e9z gy\u00f3gyszer \u00e9s mire val\u00f3<br \/>\nA Septolete Total citrom \u00e9s m\u00e9z gy\u00f3gyszer cetilpiridinium-kloridot \u00e9s benzidamin-hidrokloridot tartalmaz.<br \/>\nA cetilpiridinium az antiszeptikumok csoportj\u00e1ba tartozik, m\u00edg a benzidamin gyullad\u00e1scs\u00f6kkent\u0151 (gyullad\u00e1sg\u00e1tl\u00f3) \u00e9s<br \/>\nenyh\u00edti a f\u00e1jdalmat.<br \/>\nA Septolete Total citrom- \u00e9s m\u00e9zpasztill\u00e1kat a gyullad\u00e1s \u00e9s a f\u00e1jdalom t\u00fcneteinek enyh\u00edt\u00e9s\u00e9re haszn\u00e1lj\u00e1k:<br \/>\n- torok, sz\u00e1j \u00e9s \u00edny irrit\u00e1ci\u00f3ja eset\u00e9n,<br \/>\n- \u00edny- \u00e9s garatgyullad\u00e1s eset\u00e9n<br \/>\nA Septolete Total citrom \u00e9s m\u00e9z gy\u00f3gyszert feln\u0151tteknek, serd\u00fcl\u0151knek \u00e9s 6 \u00e9v feletti gyermekeknek sz\u00e1nt\u00e1k.<br \/>\n\u00e9v.<br \/>\nHa 3 napon bel\u00fcl nem javul, vagy t\u00fcnetei s\u00falyosbodnak, forduljon orvos\u00e1hoz.<br \/>\n2. Mit kell tudni a Septolete teljes citrom \u00e9s m\u00e9z gy\u00f3gyszer szed\u00e9se el\u0151tt<br \/>\nNem szedheti a Septolete total citromot \u00e9s m\u00e9zet:<br \/>\n- ha allergi\u00e1s (t\u00fal\u00e9rz\u00e9keny) cetil-piridinium-kloridra, benzidamin-kloridra vagy b\u00e1rmely seg\u00e9danyagra<br \/>\na Septolete \u00f6sszesen citrom \u00e9s m\u00e9z gy\u00f3gyszeranyag (a 6. pontban felsorolva).<br \/>\nA Septolete Total citrom \u00e9s m\u00e9z gy\u00f3gyszer 6 \u00e9v alatti gyermekekn\u00e9l nem alkalmazhat\u00f3.<br \/>\nHa nem biztos abban, hogy a fentiek k\u00f6z\u00fcl b\u00e1rmelyik vonatkozik \u00d6nre, el\u0151sz\u00f6r besz\u00e9ljen kezel\u0151orvos\u00e1val vagy gy\u00f3gyszer\u00e9sz\u00e9vel<br \/>\nmiel\u0151tt elkezdi szedni a Septolete total citrom \u00e9s m\u00e9z gy\u00f3gyszert.<br \/>\nFigyelmeztet\u00e9sek \u00e9s \u00f3vint\u00e9zked\u00e9sek<br \/>\nA Septolete total citromos \u00e9s m\u00e9zes pasztilla alkalmaz\u00e1sa el\u0151tt besz\u00e9ljen kezel\u0151orvos\u00e1val vagy gy\u00f3gyszer\u00e9sz\u00e9vel.<br \/>\nHa az \u00e1llapot 3 napon bel\u00fcl nem javul, vagy rosszabbodik, forduljon orvos\u00e1hoz.<br \/>\nHelyi k\u00e9sz\u00edtm\u00e9nyek alkalmaz\u00e1sa, k\u00fcl\u00f6n\u00f6sen hossz\u00fa ideig, reakci\u00f3kat okozhat<br \/>\nt\u00fal\u00e9rz\u00e9kenys\u00e9g. Ebben az esetben a kezel\u00e9st azonnal le kell \u00e1ll\u00edtani.<br \/>\nA Septolete Total Lemon and Honey-t nem szabad olyan anionos vegy\u00fcletekkel egy\u00fctt haszn\u00e1lni, mint ezek<br \/>\namelyek a fogkr\u00e9mekben tal\u00e1lhat\u00f3k. Ez\u00e9rt nem aj\u00e1nlott ezt a gy\u00f3gyszert k\u00f6zvetlen\u00fcl el\u0151tte vagy ut\u00e1na alkalmazni<br \/>\nfogat mos.<br \/>\nK\u00fcl\u00f6n\u00f6sen \u00fcgyeljen a k\u00f6vetkez\u0151kre:<br \/>\n- ha allergi\u00e1s a szalicil\u00e1tokra (pl. acetilszalicilsavra \u00e9s szalicilsavra) vagy m\u00e1s gy\u00f3gyszerekre<br \/>\nnem szteroid gyullad\u00e1scs\u00f6kkent\u0151knek (NSAID) nevezett gyullad\u00e1s \u00e9s f\u00e1jdalom ellen. Ezek felhaszn\u00e1l\u00e1sa<br \/>\na gy\u00f3gyszerek nem javasoltak.<br \/>\n- Ha \u00d6nnek bronchi\u00e1lis asztm\u00e1ja van vagy volt valaha. Ebben az esetben \u00f3vatoss\u00e1g sz\u00fcks\u00e9ges.<br \/>\nNe haszn\u00e1lja a gy\u00f3gyszert 7 napn\u00e1l tov\u00e1bb.<br \/>\nHa nem biztos abban, hogy a fentiek k\u00f6z\u00fcl b\u00e1rmelyik vonatkozik \u00d6nre, el\u0151sz\u00f6r besz\u00e9ljen kezel\u0151orvos\u00e1val vagy gy\u00f3gyszer\u00e9sz\u00e9vel<br \/>\nmiel\u0151tt elkezdi szedni a Septolete total citrom \u00e9s m\u00e9z gy\u00f3gyszert.<br \/>\nEgy\u00e9b gy\u00f3gyszerek \u00e9s gy\u00f3gyszerek Septolete total citrom \u00e9s m\u00e9z<br \/>\nFelt\u00e9tlen\u00fcl t\u00e1j\u00e9koztassa kezel\u0151orvos\u00e1t vagy gy\u00f3gyszer\u00e9sz\u00e9t, ha jelenleg vagy nemr\u00e9giben szedett, vagy szedni fog<br \/>\nmilyen egy\u00e9b gy\u00f3gyszerek.<\/p>\n<p>Ker\u00fclje m\u00e1s antiszeptikumok egyidej\u0171 alkalmaz\u00e1s\u00e1t.<br \/>\nA Septolete total citrom \u00e9s m\u00e9z \u00e9tellel \u00e9s itallal t\u00f6rt\u00e9n\u0151 bev\u00e9tele<br \/>\nNe vegye be a Septolete total citromos \u00e9s m\u00e9zes pasztill\u00e1kat tejjel, mivel a tej cs\u00f6kkenti a hat\u00e9konys\u00e1gukat.<br \/>\nNe vegye be a Septolete total citromot \u00e9s m\u00e9zet \u00e9tkez\u00e9s el\u0151tt vagy k\u00f6zben. Ne egyen vagy igyon legal\u00e1bb 1 \u00f3r\u00e1ig<br \/>\npasztill\u00e1k bev\u00e9tele ut\u00e1n.<br \/>\nTerhess\u00e9g \u00e9s szoptat\u00e1s<br \/>\nHa \u00d6n terhes vagy szoptat, \u00fagy gondolja, hogy terhes vagy teherbe k\u00edv\u00e1n esni, forduljon orvos\u00e1hoz vagy<br \/>\nk\u00e9rjen tan\u00e1csot gy\u00f3gyszer\u00e9sz\u00e9t\u0151l, miel\u0151tt elkezdi szedni ezt a gy\u00f3gyszert.<br \/>\nA Septolete total citrom \u00e9s m\u00e9z alkalmaz\u00e1sa terhess\u00e9g \u00e9s szoptat\u00e1s alatt nem javasolt.<br \/>\nJ\u00e1rm\u0171vek vezet\u00e9se \u00e9s g\u00e9pek kezel\u00e9se<br \/>\nA Septolete total citrom \u00e9s m\u00e9z pasztill\u00e1k nem, vagy csak elhanyagolhat\u00f3 m\u00e9rt\u00e9kben befoly\u00e1solj\u00e1k a motoros ir\u00e1ny\u00edt\u00e1si k\u00e9pess\u00e9get<br \/>\nj\u00e1rm\u0171vek vagy g\u00e9pek \u00fczemeltet\u00e9se.<br \/>\nA Septolete total citrom \u00e9s m\u00e9z izomaltot (E953) \u00e9s n\u00e1trium-benzo\u00e1tot (E211) tartalmaz.<br \/>\nBizonyos cukrokra val\u00f3 intolerancia eset\u00e9n a gy\u00f3gyszer alkalmaz\u00e1sa el\u0151tt konzult\u00e1ljon orvos\u00e1val.<br \/>\nA n\u00e1trium-benzo\u00e1t (E211) enyh\u00e9n irrit\u00e1lja a b\u0151rt, a szemet \u00e9s a ny\u00e1lkah\u00e1rty\u00e1kat.<br \/>\n3. Hogyan kell szedni a Septolete gy\u00f3gyszert \u00f6sszesen citrom \u00e9s m\u00e9z<br \/>\nEzt a gy\u00f3gyszert mindig pontosan a betegt\u00e1j\u00e9koztat\u00f3ban le\u00edrtaknak vagy az orvos \u00e1ltal elmondottaknak megfelel\u0151en szedje<br \/>\norvos, vagy gy\u00f3gyszer\u00e9sz. Ha nem biztos benne, k\u00e9rdezze meg kezel\u0151orvos\u00e1t vagy gy\u00f3gyszer\u00e9sz\u00e9t.<br \/>\nFeln\u0151ttek \u00e9s 12 \u00e9v feletti gyermekek<br \/>\nAz aj\u00e1nlott adag napi 3-4 pasztilla. A pasztill\u00e1t lassan, 3-6 \u00f3r\u00e1nk\u00e9nt kell feloldani a sz\u00e1jban.<br \/>\n6 \u00e9s 12 \u00e9v k\u00f6z\u00f6tti gyermekek<br \/>\nAz aj\u00e1nlott adag napi 3 pasztilla. A pasztill\u00e1t lassan, 3-6 \u00f3r\u00e1nk\u00e9nt kell feloldani a sz\u00e1jban.<br \/>\n6 \u00e9v alatti gyermekek<br \/>\nA Septolete Total citrom \u00e9s m\u00e9z gy\u00f3gyszert nem szabad 6 \u00e9vesn\u00e9l fiatalabb gyermekeknek adni.<br \/>\nNe l\u00e9pje t\u00fal az aj\u00e1nlott adagot.<br \/>\nNe vegye be a Septolete total citromos \u00e9s m\u00e9zes cukork\u00e1t k\u00f6zvetlen\u00fcl \u00e9tkez\u00e9s el\u0151tt.<br \/>\nA gy\u00f3gyszer bev\u00e9tele ut\u00e1n legal\u00e1bb egy \u00f3r\u00e1ig ne egyen vagy igyon.<br \/>\nAz optim\u00e1lis hat\u00e1s el\u00e9r\u00e9se \u00e9rdek\u00e9ben nem aj\u00e1nlott ezt a gy\u00f3gyszert k\u00f6zvetlen\u00fcl mos\u00e1s el\u0151tt vagy ut\u00e1n alkalmazni<br \/>\nfogak.<br \/>\nHa az \u00e1llapot 3 napon bel\u00fcl nem javul, vagy rosszabbodik, forduljon orvos\u00e1hoz.<br \/>\nNe haszn\u00e1lja a Septolete total citromot \u00e9s m\u00e9zet 7 napn\u00e1l tov\u00e1bb.<br \/>\nHa az el\u0151\u00edrtn\u00e1l t\u00f6bb Septolete total citromot \u00e9s m\u00e9zet vett be<br \/>\nV\u00e9letlen t\u00faladagol\u00e1s eset\u00e9n azonnal forduljon orvoshoz, vagy menjen a legk\u00f6zelebbi eg\u00e9szs\u00e9g\u00fcgyi k\u00f6zpontba<br \/>\nint\u00e9zm\u00e9ny.<br \/>\nHa elfelejtette bevenni a Septolete gy\u00f3gyszert \u00f6sszesen citrom \u00e9s m\u00e9z<\/p>\n<p>Ne vegyen be dupla adagot a kihagyott adag p\u00f3tl\u00e1s\u00e1ra.<br \/>\nHa b\u00e1rmilyen tov\u00e1bbi k\u00e9rd\u00e9se van a gy\u00f3gyszer szed\u00e9s\u00e9vel kapcsolatban, k\u00e9rdezze meg kezel\u0151orvos\u00e1t vagy gy\u00f3gyszer\u00e9sz\u00e9t.<br \/>\n4. Lehets\u00e9ges mell\u00e9khat\u00e1sok<br \/>\nMint minden gy\u00f3gyszer, \u00edgy ez a gy\u00f3gyszer is okozhat mell\u00e9khat\u00e1sokat, amelyek azonban nem mindenkin\u00e9l jelentkeznek.<br \/>\nezt a gy\u00f3gyszert szed\u0151 betegek.<br \/>\nA mell\u00e9khat\u00e1sok el\u0151fordul\u00e1si gyakoris\u00e1ga szerint a k\u00f6vetkez\u0151 kateg\u00f3ri\u00e1kba sorolhat\u00f3k:<br \/>\nRitka mell\u00e9khat\u00e1sok (1000 gy\u00f3gyszert szed\u0151 beteg k\u00f6z\u00fcl legfeljebb 1-n\u00e9l fordulhat el\u0151):<br \/>\n- allergi\u00e1s reakci\u00f3k (t\u00fal\u00e9rz\u00e9kenys\u00e9gi reakci\u00f3k),<br \/>\n- csal\u00e1nki\u00fct\u00e9s (urticaria), a b\u0151rnek a gy\u00f3gyszer \u00e1ltal okozott fokozott napf\u00e9ny\u00e9rz\u00e9kenys\u00e9ge (f\u00e9ny\u00e9rz\u00e9kenys\u00e9g),<br \/>\n- l\u00e9gz\u00e9si neh\u00e9zs\u00e9g a t\u00fcd\u0151 l\u00e9gutak hirtelen sz\u0171k\u00fclete miatt (h\u00f6rg\u0151g\u00f6rcs).<br \/>\nNagyon ritka mell\u00e9khat\u00e1sok (10 000 gy\u00f3gyszert szed\u0151 beteg k\u00f6z\u00fcl legfeljebb 1-n\u00e9l fordulhat el\u0151):<br \/>\n- a sz\u00e1j\u00fcreg helyi irrit\u00e1ci\u00f3ja, \u00e9g\u0151 \u00e9rz\u00e9s a sz\u00e1j\u00fcregben.<br \/>\nNem ismert gyakoris\u00e1g (a rendelkez\u00e9sre \u00e1ll\u00f3 adatokb\u00f3l nem becs\u00fclhet\u0151 meg):<br \/>\n- \u00e9g\u0151 \u00e9rz\u00e9s a sz\u00e1j ny\u00e1lkah\u00e1rty\u00e1j\u00e1n, \u00e9rz\u00e9stelens\u00e9g (aneszt\u00e9zia) a sz\u00e1j ny\u00e1lkah\u00e1rty\u00e1j\u00e1n.<br \/>\nEzek a mell\u00e9khat\u00e1sok \u00e1ltal\u00e1ban \u00e1tmenetiek. Ha azonban el\u0151fordulnak, forduljon orvos\u00e1hoz ill<br \/>\ngy\u00f3gyszer\u00e9sz.<br \/>\nHa k\u00f6veti a gy\u00f3gyszeres kezel\u00e9si \u00fatmutat\u00f3ban tal\u00e1lhat\u00f3 utas\u00edt\u00e1sokat, cs\u00f6kkenti a mell\u00e9khat\u00e1sok kock\u00e1zat\u00e1t.<br \/>\nA mell\u00e9khat\u00e1sok bejelent\u00e9se<br \/>\nHa b\u00e1rmilyen nemk\u00edv\u00e1natos reakci\u00f3t tapasztal, t\u00e1j\u00e9koztassa kezel\u0151orvos\u00e1t vagy gy\u00f3gyszer\u00e9sz\u00e9t.<br \/>\nEz mag\u00e1ban foglalja az ebben az \u00fatmutat\u00f3ban nem szerepl\u0151 esetleges mell\u00e9khat\u00e1sokat is. Regisztr\u00e1ci\u00f3val<br \/>\nmell\u00e9khat\u00e1sok seg\u00edthetnek \u00e9rt\u00e9kelni a gy\u00f3gyszer biztons\u00e1goss\u00e1g\u00e1t. Nem k\u00edv\u00e1nt reakci\u00f3kra gyanakszanak<br \/>\njelentheti a Szerbiai Gy\u00f3gyszer- \u00e9s Orvostechnikai \u00dcgyn\u00f6ks\u00e9gnek (ALIMS):<br \/>\nSzerb Gy\u00f3gyszer- \u00e9s Orvostechnikai \u00dcgyn\u00f6ks\u00e9g<br \/>\nOrsz\u00e1gos Farmakovigilancia K\u00f6zpont<br \/>\nVojvode Stepe 458, 11221 Belgr\u00e1d<br \/>\nSzerb K\u00f6zt\u00e1rsas\u00e1g<br \/>\nWeboldal: www.alims.gov.rs<br \/>\ne-mail: nezeljene.reakcije@alims.gov.rs<br \/>\n5. Hogyan kell t\u00e1rolni a Septolete gy\u00f3gyszert \u00f6sszesen citrom \u00e9s m\u00e9z<br \/>\nA gy\u00f3gyszer gyermekekt\u0151l elz\u00e1rva tartand\u00f3.<br \/>\nA k\u00fcls\u0151 c\u00edmk\u00e9n felt\u00fcntetett lej\u00e1rati id\u0151 ut\u00e1n nem haszn\u00e1lhatja a Septolete total citrom \u00e9s m\u00e9z gy\u00f3gyszert<br \/>\nbels\u0151 csomagol\u00e1s &quot;\u00c9rv\u00e9nyes:&quot; ut\u00e1n. A lej\u00e1rati id\u0151 a fentiek utols\u00f3 napj\u00e1ra vonatkozik<br \/>\na h\u00f3nap.<br \/>\nA gy\u00f3gyszer nem ig\u00e9nyel k\u00fcl\u00f6nleges h\u0151m\u00e9rs\u00e9kleti t\u00e1rol\u00e1si felt\u00e9teleket.<br \/>\nA f\u00e9nyt\u0151l val\u00f3 v\u00e9delem \u00e9rdek\u00e9ben az eredeti csomagol\u00e1sban t\u00e1roland\u00f3.<br \/>\nA haszn\u00e1lhatatlan gy\u00f3gyszereket a gy\u00f3gyszert\u00e1rnak adj\u00e1k \u00e1t, ahol a gy\u00f3gyszert\u00e1rban kif\u00fcggesztik az \u00e1tv\u00e9telre vonatkoz\u00f3 \u00e9rtes\u00edt\u00e9st.<br \/>\nhaszn\u00e1lhatatlan gy\u00f3gyszereket a polg\u00e1rokt\u00f3l. A felhaszn\u00e1lhatatlan gy\u00f3gyszereket tilos a csatorn\u00e1ba vagy azzal egy\u00fctt dobni<br \/>\nkommun\u00e1lis hullad\u00e9k. Ezek az int\u00e9zked\u00e9sek seg\u00edtik a k\u00f6rnyezet v\u00e9delm\u00e9t.<\/p>\n<p>6. A csomag tartalma \u00e9s egy\u00e9b inform\u00e1ci\u00f3k<br \/>\nMit tartalmaz a Septolete total citrom \u00e9s m\u00e9z<br \/>\nA k\u00e9sz\u00edtm\u00e9ny hat\u00f3anyagai a cetil-piridinium-klorid \u00e9s a benzidamin-hidroklorid.<br \/>\nEgy cukorka 1 mg v\u00edzmentes cetil-piridinium-kloridot tartalmaz (cetil-piridinium-klorid form\u00e1j\u00e1ban,<br \/>\nmonohidr\u00e1t) \u00e9s 3 mg benzidamin-hidroklorid.<br \/>\nSeg\u00e9danyagok: borsmenta ill\u00f3olaj; levomentol; szukral\u00f3z (E955); citromsav, v\u00edzmentes<br \/>\n(E330); izomalt (M t\u00edpus) (E953); citrom aroma (terp\u00e9nek, citromolaj, citr\u00e1l); m\u00e9z aroma (glicerin-triacet\u00e1t<br \/>\n(E1518), etanol (96%), arom\u00e1s anyagok); sz\u00edn Kurkumin (E100) (n\u00e1trium-benzo\u00e1tot (E211) tartalmaz).<br \/>\nMilyen a Septolete Total citrom \u00e9s m\u00e9z gy\u00f3gyszer k\u00fclleme \u00e9s mit tartalmaz a csomagol\u00e1s<br \/>\nKerek, ferde \u00e9l\u0171 pasztilla, \u00e9rdes fel\u00fclet\u0171, vil\u00e1goss\u00e1rga-s\u00e1rga sz\u00edn\u0171. Feh\u00e9r foltok jelenl\u00e9te lehets\u00e9ges,<br \/>\negyenetlen sz\u00edn, l\u00e9gbubor\u00e9kok az \u00e9des, kem\u00e9ny massz\u00e1ban \u00e9s kis \u00e9les sz\u00e9lek. Pasztilla \u00e1tm\u00e9r\u0151je: 18,0 mm \u2013<br \/>\n19,0 mm, vastags\u00e1g: 7,0 mm \u2013 8,0 mm.<br \/>\nA bels\u0151 csomagol\u00e1s egy bubor\u00e9kf\u00f3lia (PVC\/PE\/PVDC\/\/Al), 8 db cukork\u00e1val.<br \/>\nA k\u00fcls\u0151 csomagol\u00e1s egy \u00f6sszecsukhat\u00f3 kartondoboz, amely:<br \/>\n\u2013 egy bubor\u00e9kf\u00f3lia (\u00f6sszesen 8 pasztilla), ill<br \/>\n- k\u00e9t bubor\u00e9kf\u00f3lia (\u00f6sszesen 16 pasztilla), ill<br \/>\n\u2013 h\u00e1rom bubor\u00e9kf\u00f3lia (\u00f6sszesen 24 pasztilla), ill<br \/>\n- n\u00e9gy bubor\u00e9kf\u00f3lia (\u00f6sszesen 32 pasztilla) \u00e9s a gy\u00f3gyszer haszn\u00e1lati utas\u00edt\u00e1sa.<br \/>\nEnged\u00e9ly tulajdonosa \u00e9s gy\u00e1rt\u00f3ja<br \/>\nEnged\u00e9ly tulajdonosa:<br \/>\nKRKA-FARMA DOO BELGRADE, Jurija Gagarina 26\/V\/II, Belgr\u00e1d<br \/>\nGy\u00e1rt\u00f3:<br \/>\nKRKA DD, NOVO MESTO, \u0160marje\u0161ka cesta 6, Novo mesto, Szlov\u00e9nia<br \/>\nEzt az utas\u00edt\u00e1st legut\u00f3bb j\u00f3v\u00e1hagyt\u00e1k<br \/>\n2018. janu\u00e1r<br \/>\nA gy\u00f3gyszer adagol\u00e1si m\u00f3dja:<br \/>\nA gy\u00f3gyszert orvosi rendelv\u00e9ny n\u00e9lk\u00fcl adj\u00e1k ki.<br \/>\nAz enged\u00e9ly sz\u00e1ma \u00e9s d\u00e1tuma:<br \/>\nSeptolete \u00f6sszesen citrom \u00e9s m\u00e9z, bubor\u00e9kf\u00f3lia, 1 x 8 pasztilla: 515-01-03117-16-001 2018.01.29-t\u0151l.<br \/>\nSeptolete \u00f6sszesen citrom \u00e9s m\u00e9z, bubor\u00e9kf\u00f3lia, 2 x 8 pasztilla: 515-01-03118-16-001 2018.01.29-t\u0151l.<br \/>\nSeptolete \u00f6sszesen citrom \u00e9s m\u00e9z, bubor\u00e9kf\u00f3lia, 3 x 8 pasztilla: 515-01-03119-16-001 2018.01.29-t\u0151l.<br \/>\nSeptolete \u00f6sszesen citrom \u00e9s m\u00e9z, bubor\u00e9kf\u00f3lia, 4 x 8 pasztilla: 515-01-03120-16-001 2018.01.29-t\u0151l<\/p>","protected":false},"featured_media":5360,"template":"","meta":[],"product_brand":[],"product_cat":[151,3054],"product_tag":[1709,1277,516,1108],"class_list":{"0":"post-5359","1":"product","2":"type-product","3":"status-publish","4":"has-post-thumbnail","6":"product_cat-prehlada-i-kasalj","7":"product_cat-akcija","8":"product_tag-betty","9":"product_tag-bombone-za-grlo","10":"product_tag-med","11":"product_tag-upala","12":"pa_brend-krka","14":"first","15":"instock","16":"shipping-taxable","17":"product-type-simple"},"ams_default_variation_id":0,"ams_product_points_reward":[],"ams_product_discount_percentage":0,"ams_price_to_display":0,"ams_acf":[],"jetpack_sharing_enabled":true,"_links":{"self":[{"href":"https:\/\/apotekar-online.rs\/hu\/wp-json\/wp\/v2\/product\/5359","targetHints":{"allow":["GET"]}}],"collection":[{"href":"https:\/\/apotekar-online.rs\/hu\/wp-json\/wp\/v2\/product"}],"about":[{"href":"https:\/\/apotekar-online.rs\/hu\/wp-json\/wp\/v2\/types\/product"}],"wp:featuredmedia":[{"embeddable":true,"href":"https:\/\/apotekar-online.rs\/hu\/wp-json\/wp\/v2\/media\/5360"}],"wp:attachment":[{"href":"https:\/\/apotekar-online.rs\/hu\/wp-json\/wp\/v2\/media?parent=5359"}],"wp:term":[{"taxonomy":"product_brand","embeddable":true,"href":"https:\/\/apotekar-online.rs\/hu\/wp-json\/wp\/v2\/product_brand?post=5359"},{"taxonomy":"product_cat","embeddable":true,"href":"https:\/\/apotekar-online.rs\/hu\/wp-json\/wp\/v2\/product_cat?post=5359"},{"taxonomy":"product_tag","embeddable":true,"href":"https:\/\/apotekar-online.rs\/hu\/wp-json\/wp\/v2\/product_tag?post=5359"}],"curies":[{"name":"wp","href":"https:\/\/api.w.org\/{rel}","templated":true}]}}