{"id":5365,"date":"2023-12-29T11:47:03","date_gmt":"2023-12-29T13:47:03","guid":{"rendered":"https:\/\/apotekar-online.rs\/?post_type=product&#038;p=5365"},"modified":"2026-03-05T08:35:03","modified_gmt":"2026-03-05T10:35:03","slug":"oligovit-q10-30-kapszula","status":"publish","type":"product","link":"https:\/\/apotekar-online.rs\/hu\/p\/oligovit-q10-30-kapsula\/","title":{"rendered":"Oligovit Q10 30 kapszula"},"content":{"rendered":"","protected":false},"excerpt":{"rendered":"<p>Az Oligovit\u00ae Q10 egy di\u00e9t\u00e1s term\u00e9k, amely Q10 koenzimet tartalmaz C- \u00e9s E-vitaminnal kombin\u00e1lva.<\/p>\n<div>A Q10 koenzim (ubikinon) fontos szerepet j\u00e1tszik az anyagcser\u00e9ben, mivel r\u00e9szt vesz a sejtek energiatermel\u00e9s\u00e9ben. A Q10 koenzim egy er\u0151s antioxid\u00e1ns, amely megv\u00e9di a sejtmembr\u00e1nokat a szabad gy\u00f6k\u00f6k okozta k\u00e1rosod\u00e1st\u00f3l. N\u00e9lk\u00fcl\u00f6zhetetlen a sz\u00edvizom norm\u00e1l m\u0171k\u00f6d\u00e9s\u00e9hez, \u00e9s pozit\u00edv hat\u00e1ssal van az immunrendszerre.<\/div>\n<div><\/div>\n<div><\/div>\n<div>\n<div class=\"way_use_Wrapper\">\n<p class=\"mainTitle oswald\"><strong>A felhaszn\u00e1l\u00e1s m\u00f3dja<\/strong><\/p>\n<div class=\"text\">Napi egy kapszula.<\/div>\n<\/div>\n<div class=\"composition_Wrapper\">\n<p class=\"mainTitle oswald\"><strong>Fogalmaz\u00e1s<\/strong><\/p>\n<div class=\"text\">Koenzim Q10 100mg; C-vitamin 100 mg; E-vitamin 25mgTE<\/div>\n<\/div>\n<\/div>","protected":false},"featured_media":5366,"template":"","meta":[],"product_brand":[],"product_cat":[78,79],"product_tag":[737,2092,359,245,209],"class_list":{"0":"post-5365","1":"product","2":"type-product","3":"status-publish","4":"has-post-thumbnail","6":"product_cat-vitamini-i-minerali","7":"product_cat-srce-krvni-sudovi-i-holesterol","8":"product_tag-koenzim-q10","9":"product_tag-srcani-misic","10":"product_tag-super-petak","11":"product_tag-vitamin-c","12":"product_tag-vitamin-e","13":"pa_brend-galenika","15":"first","16":"instock","17":"shipping-taxable","18":"product-type-simple"},"ams_default_variation_id":0,"ams_product_points_reward":[],"ams_product_discount_percentage":0,"ams_price_to_display":0,"ams_acf":[],"jetpack_sharing_enabled":true,"_links":{"self":[{"href":"https:\/\/apotekar-online.rs\/hu\/wp-json\/wp\/v2\/product\/5365","targetHints":{"allow":["GET"]}}],"collection":[{"href":"https:\/\/apotekar-online.rs\/hu\/wp-json\/wp\/v2\/product"}],"about":[{"href":"https:\/\/apotekar-online.rs\/hu\/wp-json\/wp\/v2\/types\/product"}],"wp:featuredmedia":[{"embeddable":true,"href":"https:\/\/apotekar-online.rs\/hu\/wp-json\/wp\/v2\/media\/5366"}],"wp:attachment":[{"href":"https:\/\/apotekar-online.rs\/hu\/wp-json\/wp\/v2\/media?parent=5365"}],"wp:term":[{"taxonomy":"product_brand","embeddable":true,"href":"https:\/\/apotekar-online.rs\/hu\/wp-json\/wp\/v2\/product_brand?post=5365"},{"taxonomy":"product_cat","embeddable":true,"href":"https:\/\/apotekar-online.rs\/hu\/wp-json\/wp\/v2\/product_cat?post=5365"},{"taxonomy":"product_tag","embeddable":true,"href":"https:\/\/apotekar-online.rs\/hu\/wp-json\/wp\/v2\/product_tag?post=5365"}],"curies":[{"name":"wp","href":"https:\/\/api.w.org\/{rel}","templated":true}]}}