{"id":5418,"date":"2024-01-08T10:49:06","date_gmt":"2024-01-08T12:49:06","guid":{"rendered":"https:\/\/apotekar-online.rs\/?post_type=product&#038;p=5418"},"modified":"2026-03-05T08:10:13","modified_gmt":"2026-03-05T10:10:13","slug":"aleract-30-tabletta","status":"publish","type":"product","link":"https:\/\/apotekar-online.rs\/hu\/p\/aleract-30-tableta\/","title":{"rendered":"ALERACT 30 tabletta"},"content":{"rendered":"","protected":false},"excerpt":{"rendered":"<p><strong>Aleract\u00ae,<\/strong>\u00a0egy alfa-liponsav, magn\u00e9zium \u00e9s B6 vitamin alap\u00fa di\u00e9t\u00e1s term\u00e9k, amely\u00a0<strong>A m\u00e9h stabil \u00e1llapot\u00e1nak fenntart\u00e1s\u00e1ra szolg\u00e1l a terhess\u00e9g alatt, valamint dysmenorrhoea \u00e9s premenstru\u00e1ci\u00f3s szindr\u00f3ma eset\u00e9n.<\/strong><\/p>\n<p><strong>Az ALERACT a k\u00f6vetkez\u0151kh\u00f6z haszn\u00e1latos:<\/strong><\/p>\n<p>\u00b7 A spont\u00e1n vet\u00e9l\u00e9s \u00e9s a korasz\u00fcl\u00e9s megel\u0151z\u00e9se<\/p>\n<p>\u00b7 A m\u00e9h\u00f6sszeh\u00faz\u00f3d\u00e1sok \u00e9s a m\u00e9hnyak id\u0151 el\u0151tti t\u00e1gul\u00e1s\u00e1nak megel\u0151z\u00e9se<\/p>\n<p>\u00b7 Invaz\u00edv prenat\u00e1lis diagnosztikai elj\u00e1r\u00e1sok el\u0151k\u00e9sz\u00edt\u00e9se<\/p>\n<p>\u00b7 Terhess\u00e9g fenntart\u00e1sa tokol\u00edzis ut\u00e1n<\/p>\n<p>\u00b7 Dysmenorrhoea \u00e9s premenstru\u00e1ci\u00f3s szindr\u00f3ma kezel\u00e9se<\/p>\n<p><strong>Javasolt adagol\u00e1s:<\/strong>\u00a0Napi 1-2 tabletta (\u00e9tkez\u00e9s el\u0151tt f\u00e9l \u00f3r\u00e1val vagy \u00e9tkez\u00e9s ut\u00e1n 2 \u00f3r\u00e1val)<\/p>\n<p><strong>1 tabletta \u00f6sszet\u00e9tele:<\/strong><\/p>\n<p>\u00b7 Alfa-liponsav 300 mg<\/p>\n<p>\u00b7 Magn\u00e9zium 225 mg<\/p>\n<p>\u00b7 B6-vitamin 1,3 mg<\/p>","protected":false},"featured_media":5419,"template":"","meta":[],"product_brand":[],"product_cat":[89,78],"product_tag":[591,323,2115,2114,2116,2117,263,232],"class_list":{"0":"post-5418","1":"product","2":"type-product","3":"status-publish","4":"has-post-thumbnail","6":"product_cat-trudnoca-i-dojenje","7":"product_cat-vitamini-i-minerali","8":"product_tag-alfa-lipoinska-kiselina","9":"product_tag-magnezijum","10":"product_tag-materica","11":"product_tag-odrzavanje-trudnoce","12":"product_tag-prementrualni-sindrom","13":"product_tag-prevencija-pobacaja","14":"product_tag-trudnoca","15":"product_tag-vitamin-b6","16":"pa_brend-lo-li-pharma","18":"first","19":"instock","20":"shipping-taxable","21":"purchasable","22":"product-type-simple"},"ams_default_variation_id":0,"ams_product_points_reward":[],"ams_product_discount_percentage":0,"ams_price_to_display":1742.4,"ams_acf":[],"jetpack_sharing_enabled":true,"_links":{"self":[{"href":"https:\/\/apotekar-online.rs\/hu\/wp-json\/wp\/v2\/product\/5418","targetHints":{"allow":["GET"]}}],"collection":[{"href":"https:\/\/apotekar-online.rs\/hu\/wp-json\/wp\/v2\/product"}],"about":[{"href":"https:\/\/apotekar-online.rs\/hu\/wp-json\/wp\/v2\/types\/product"}],"wp:featuredmedia":[{"embeddable":true,"href":"https:\/\/apotekar-online.rs\/hu\/wp-json\/wp\/v2\/media\/5419"}],"wp:attachment":[{"href":"https:\/\/apotekar-online.rs\/hu\/wp-json\/wp\/v2\/media?parent=5418"}],"wp:term":[{"taxonomy":"product_brand","embeddable":true,"href":"https:\/\/apotekar-online.rs\/hu\/wp-json\/wp\/v2\/product_brand?post=5418"},{"taxonomy":"product_cat","embeddable":true,"href":"https:\/\/apotekar-online.rs\/hu\/wp-json\/wp\/v2\/product_cat?post=5418"},{"taxonomy":"product_tag","embeddable":true,"href":"https:\/\/apotekar-online.rs\/hu\/wp-json\/wp\/v2\/product_tag?post=5418"}],"curies":[{"name":"wp","href":"https:\/\/api.w.org\/{rel}","templated":true}]}}