{"id":5422,"date":"2024-01-08T11:05:41","date_gmt":"2024-01-08T13:05:41","guid":{"rendered":"https:\/\/apotekar-online.rs\/?post_type=product&#038;p=5422"},"modified":"2026-03-05T08:10:13","modified_gmt":"2026-03-05T10:10:13","slug":"ferroglobin-b12-30-kapszula","status":"publish","type":"product","link":"https:\/\/apotekar-online.rs\/hu\/p\/feroglobin-b12-30-kapsula\/","title":{"rendered":"Ferroglobin B12 30 kapszula"},"content":{"rendered":"","protected":false},"excerpt":{"rendered":"<p>A ferroglobin egy egyed\u00fcl\u00e1ll\u00f3 vasformula, amelyet a v\u00e9rk\u00e9p szab\u00e1lyoz\u00e1s\u00e1ra, az eg\u00e9szs\u00e9g meg\u0151rz\u00e9s\u00e9re, valamint a szervezet vitalit\u00e1s\u00e1nak \u00e9s ellen\u00e1ll\u00f3 k\u00e9pess\u00e9g\u00e9nek n\u00f6vel\u00e9s\u00e9re tervezt\u00e9k.<\/p>\n<p>A ferroglobin biztos\u00edtja az optim\u00e1lis mennyis\u00e9g\u0171 vasat, vitaminokat \u00e9s \u00e1sv\u00e1nyi anyagokat, amelyek a hemoglobin szint\u00e9zis\u00e9hez \u00e9s a v\u00e9rsejtek k\u00e9pz\u0151d\u00e9s\u00e9hez sz\u00fcks\u00e9gesek. M\u00e9ztartalm\u00e1nak, term\u00e9szetes gy\u00fcm\u00f6lcskivonatainak \u00e9s az \u00faj, szab\u00e1lyozott felszabadul\u00e1s\u00fa formul\u00e1nak k\u00f6sz\u00f6nhet\u0151en gyeng\u00e9den hat a gyomorra.<br \/>\nAj\u00e1nlott:<br \/>\n- A gyermekek megfelel\u0151 n\u00f6veked\u00e9s\u00e9hez<br \/>\n- A menstru\u00e1ci\u00f3s ciklus alatt - az elvesztett vasmennyis\u00e9g p\u00f3tl\u00e1s\u00e1ra;<br \/>\n- Terhess\u00e9g el\u0151tt \u00e9s alatt - a j\u00f3 toler\u00e1lhat\u00f3s\u00e1g miatt;<br \/>\n\u2013 Betegeknek, l\u00e1badoz\u00f3knak \u00e9s legyeng\u00fclt immunit\u00e1s\u00fa szem\u00e9lyeknek;<br \/>\n- Sportol\u00f3k - az energia \u00e9s az \u00e1ll\u00f3k\u00e9pess\u00e9g n\u00f6vel\u00e9s\u00e9re;<br \/>\n- Veget\u00e1ri\u00e1nusoknak \u2013 akik gyakran szenvednek vas- \u00e9s B-vitamin-hi\u00e1nyban.<\/p>\n<p><strong>A ... haszna<\/strong>: Igyon meg egy kapszul\u00e1t naponta a f\u0151\u00e9tkez\u00e9s k\u00f6zben vagy k\u00f6zvetlen\u00fcl ut\u00e1na, egy poh\u00e1r v\u00edzzel. Csak teli gyomorral szabad bevenni. A Ferroglobin B12 kapszul\u00e1k mindaddig haszn\u00e1lhat\u00f3k, ameddig sz\u00fcks\u00e9ges, rendszeres v\u00e9rk\u00e9p-ellen\u0151rz\u00e9s mellett. Ne l\u00e9pje t\u00fal az aj\u00e1nlott adagot.<\/p>\n<p><strong>Fogalmaz\u00e1s<\/strong>: vas (fumar\u00e1t form\u00e1j\u00e1ban) - 24 mg, cink - 12 mg, r\u00e9z - 2 mg, folacin (folsav form\u00e1j\u00e1ban) - 500 \u00b5g, B12-vitamin - 10 \u00b5g, B6-vitamin - 5 mg.<\/p>","protected":false},"featured_media":5423,"template":"","meta":[],"product_brand":[],"product_cat":[83],"product_tag":[186,185,2122,262,1589,2121,2120,273,2123,291,232],"class_list":{"0":"post-5422","1":"product","2":"type-product","3":"status-publish","4":"has-post-thumbnail","6":"product_cat-preparati-za-anemiju","7":"product_tag-bakar","8":"product_tag-cink","9":"product_tag-folacin","10":"product_tag-gvozdje","11":"product_tag-hemoglobin","12":"product_tag-mentrualni-ciklus","13":"product_tag-pravilan-rast","14":"product_tag-sportisti","15":"product_tag-vegetarijance","16":"product_tag-vitamin-b12","17":"product_tag-vitamin-b6","18":"pa_brend-vitabiotics","20":"first","21":"instock","22":"shipping-taxable","23":"purchasable","24":"product-type-simple"},"ams_default_variation_id":0,"ams_product_points_reward":[],"ams_product_discount_percentage":0,"ams_price_to_display":1445.4,"ams_acf":[],"jetpack_sharing_enabled":true,"_links":{"self":[{"href":"https:\/\/apotekar-online.rs\/hu\/wp-json\/wp\/v2\/product\/5422","targetHints":{"allow":["GET"]}}],"collection":[{"href":"https:\/\/apotekar-online.rs\/hu\/wp-json\/wp\/v2\/product"}],"about":[{"href":"https:\/\/apotekar-online.rs\/hu\/wp-json\/wp\/v2\/types\/product"}],"wp:featuredmedia":[{"embeddable":true,"href":"https:\/\/apotekar-online.rs\/hu\/wp-json\/wp\/v2\/media\/5423"}],"wp:attachment":[{"href":"https:\/\/apotekar-online.rs\/hu\/wp-json\/wp\/v2\/media?parent=5422"}],"wp:term":[{"taxonomy":"product_brand","embeddable":true,"href":"https:\/\/apotekar-online.rs\/hu\/wp-json\/wp\/v2\/product_brand?post=5422"},{"taxonomy":"product_cat","embeddable":true,"href":"https:\/\/apotekar-online.rs\/hu\/wp-json\/wp\/v2\/product_cat?post=5422"},{"taxonomy":"product_tag","embeddable":true,"href":"https:\/\/apotekar-online.rs\/hu\/wp-json\/wp\/v2\/product_tag?post=5422"}],"curies":[{"name":"wp","href":"https:\/\/api.w.org\/{rel}","templated":true}]}}