{"id":5500,"date":"2024-01-31T10:39:09","date_gmt":"2024-01-31T12:39:09","guid":{"rendered":"https:\/\/apotekar-online.rs\/?post_type=product&#038;p=5500"},"modified":"2026-03-05T08:09:38","modified_gmt":"2026-03-05T10:09:38","slug":"beviplex-b-30-tabletta-2","status":"publish","type":"product","link":"https:\/\/apotekar-online.rs\/hu\/p\/beviplex-b-30-tableta-2\/","title":{"rendered":"Beviplex B 30 tabletta"},"content":{"rendered":"","protected":false},"excerpt":{"rendered":"<p>B-vitamin csoport hi\u00e1nya eset\u00e9n.<br \/>\nA Beviplex N drazs\u00e9k a B csoportba tartoz\u00f3 vitaminok, magas biol\u00f3giai \u00e9rt\u00e9k\u0171 faktorok kombin\u00e1ci\u00f3j\u00e1t tartalmazz\u00e1k, amelyek fiziol\u00f3giai \u00e9rtelemben funkcion\u00e1lis eg\u00e9szet alkotnak.<\/p>\n<p>Szerepe a szervezet norm\u00e1lis m\u0171k\u00f6d\u00e9s\u00e9hez sz\u00fcks\u00e9ges anyagcsere-, k\u00e9miai \u00e9s \u00e9lettani folyamatok fenntart\u00e1s\u00e1ban t\u00fckr\u00f6z\u0151dik. K\u00fcl\u00f6n\u00f6sen j\u00f3t\u00e9kony hat\u00e1ssal vannak az idegrendszerre, valamint hozz\u00e1j\u00e1rulnak a b\u0151r v\u00e9rkering\u00e9s\u00e9nek jav\u00edt\u00e1s\u00e1hoz, megakad\u00e1lyozz\u00e1k annak kisz\u00e1rad\u00e1s\u00e1t, valamint felt\u00e9teleket teremtenek a regener\u00e1ci\u00f3 serkent\u00e9s\u00e9hez \u00e9s a faggy\u00famirigyek norm\u00e1l m\u0171k\u00f6d\u00e9s\u00e9hez.<\/p>\n<p>A Beviplex N drazs\u00e9k a megfelel\u0151 n\u00f6veked\u00e9s \u00e9s fejl\u0151d\u00e9s \u00e9rdek\u00e9ben gyermekeknek, fokozott B-vitamin-ig\u00e9ny\u0171eknek (gyerekeknek, l\u00e1badoz\u00f3knak, akut \u00e9s kr\u00f3nikus betegs\u00e9geknek), fizikai \u00e9s szellemi megterhel\u00e9snek kitetteknek (sportol\u00f3knak, szabadid\u0151s j\u00e1t\u00e9kosoknak, di\u00e1koknak), valamint szenved\u0151knek k\u00e9sz\u00fcltek. gyenge \u00e9tv\u00e1gy, alkoholfogyaszt\u00f3k, b\u0151rprobl\u00e9m\u00e1kkal k\u00fczd\u0151k, hosszan tart\u00f3 antibiotikum-haszn\u00e1lat ut\u00e1n, id\u0151sek.<\/p>\n<p class=\"mainTitle oswald\"><strong>Fogalmaz\u00e1s<\/strong><\/p>\n<div class=\"text\">\n<p>- niacin,<br \/>\n- pantot\u00e9nsav,<br \/>\n- B1 vitamin,<br \/>\n- B2 vitamin,<br \/>\n- B6 vitamin,<br \/>\n- B12 vitamin<\/p>\n<p class=\"mainTitle oswald\"><strong>A felhaszn\u00e1l\u00e1s m\u00f3dja<\/strong><\/p>\n<div class=\"text\">\n<p>Gyermekek \u00e9s feln\u0151ttek: 1 tabletta naponta.<\/p>\n<\/div>\n<\/div>","protected":false},"featured_media":5501,"template":"","meta":[],"product_brand":[3081],"product_cat":[78],"product_tag":[2158,706,322,504],"class_list":{"0":"post-5500","1":"product","2":"type-product","3":"status-publish","4":"has-post-thumbnail","6":"product_brand-galenika","7":"product_cat-vitamini-i-minerali","8":"product_tag-fizicki-napor","9":"product_tag-kompleks-b-vitamina","10":"product_tag-nervni-sistem","11":"product_tag-vitamin-b","12":"pa_brend-galenika","14":"first","15":"instock","16":"shipping-taxable","17":"purchasable","18":"product-type-simple"},"ams_default_variation_id":0,"ams_product_points_reward":[],"ams_product_discount_percentage":0,"ams_price_to_display":336,"ams_acf":[],"jetpack_sharing_enabled":true,"_links":{"self":[{"href":"https:\/\/apotekar-online.rs\/hu\/wp-json\/wp\/v2\/product\/5500","targetHints":{"allow":["GET"]}}],"collection":[{"href":"https:\/\/apotekar-online.rs\/hu\/wp-json\/wp\/v2\/product"}],"about":[{"href":"https:\/\/apotekar-online.rs\/hu\/wp-json\/wp\/v2\/types\/product"}],"wp:featuredmedia":[{"embeddable":true,"href":"https:\/\/apotekar-online.rs\/hu\/wp-json\/wp\/v2\/media\/5501"}],"wp:attachment":[{"href":"https:\/\/apotekar-online.rs\/hu\/wp-json\/wp\/v2\/media?parent=5500"}],"wp:term":[{"taxonomy":"product_brand","embeddable":true,"href":"https:\/\/apotekar-online.rs\/hu\/wp-json\/wp\/v2\/product_brand?post=5500"},{"taxonomy":"product_cat","embeddable":true,"href":"https:\/\/apotekar-online.rs\/hu\/wp-json\/wp\/v2\/product_cat?post=5500"},{"taxonomy":"product_tag","embeddable":true,"href":"https:\/\/apotekar-online.rs\/hu\/wp-json\/wp\/v2\/product_tag?post=5500"}],"curies":[{"name":"wp","href":"https:\/\/api.w.org\/{rel}","templated":true}]}}