{"id":5520,"date":"2024-02-01T10:15:19","date_gmt":"2024-02-01T12:15:19","guid":{"rendered":"https:\/\/apotekar-online.rs\/?post_type=product&#038;p=5520"},"modified":"2026-05-01T00:00:05","modified_gmt":"2026-05-01T02:00:05","slug":"beviplex-neuro-30-tabletta","status":"publish","type":"product","link":"https:\/\/apotekar-online.rs\/hu\/p\/beviplex-neuro-30-tableta\/","title":{"rendered":"Beviplex\u00ae neuro, 30 tabletta"},"content":{"rendered":"","protected":false},"excerpt":{"rendered":"<div class=\"product attribute description text-page\">\n<div class=\"value\">\n<p align=\"justify\">A Beviplex\u00aeneuro tabletta alfa-liponsav, uridin-monofoszf\u00e1t, citidin-monofoszf\u00e1t \u00e9s B-csoport vitaminjain alapul\u00f3 \u00e9trend-kieg\u00e9sz\u00edt\u0151. A Beviplex\u00aeneuro hozz\u00e1j\u00e1rul az idegrendszer norm\u00e1l m\u0171k\u00f6d\u00e9s\u00e9hez, k\u00fcl\u00f6n\u00f6sen az oxidat\u00edv stresszel szembeni fokozott v\u00e9delem ir\u00e1nti ig\u00e9ny eset\u00e9n.<br \/>\nA tiamin, a niacin, a B2, B6 \u00e9s B12 vitaminok hozz\u00e1j\u00e1rulnak az idegrendszer norm\u00e1l m\u0171k\u00f6d\u00e9s\u00e9hez. A B2-vitamin hozz\u00e1j\u00e1rul a sejtek oxidat\u00edv stresszel szembeni v\u00e9delm\u00e9hez \u00e9s a norm\u00e1l l\u00e1t\u00e1s fenntart\u00e1s\u00e1hoz.<\/p>\n<p align=\"justify\">Beviplex\u00aeneuro Hozz\u00e1j\u00e1rul a f\u00e1jdalom intenzit\u00e1s\u00e1nak cs\u00f6kkent\u00e9s\u00e9hez cukorbetegs\u00e9gben \u00e9s kompresszi\u00f3s neurop\u00e1ti\u00e1ban szenved\u0151 betegekn\u00e9l, seg\u00edt a neuralgi\u00e1ban \u00e9s a neurop\u00e1ti\u00e1s f\u00e1jdalom megnyilv\u00e1nul\u00e1saiban, k\u00fcl\u00f6n\u00f6sen a gerincoszlop als\u00f3 r\u00e9sz\u00e9ben<br \/>\nHozz\u00e1j\u00e1rul a neuroregener\u00e1ci\u00f3hoz<\/p>\n<p align=\"justify\"><strong>A ... haszna<\/strong>: Feln\u0151ttek \u00e9s 12 \u00e9v feletti gyermekek: Naponta egyszer 1 filmtabletta kev\u00e9s v\u00edzzel.<\/p>\n<p align=\"justify\"><strong>Fogalmaz\u00e1s<\/strong>: alfa-liponsav 300 mg **<br \/>\nUridin-monofoszf\u00e1t 50 mg**<br \/>\nCitidin-monofoszf\u00e1t 5 mg**<br \/>\nB1-vitamin (tiamin-hidroklorid form\u00e1j\u00e1ban) 3 mg 273%<br \/>\nB2-vitamin (riboflavin form\u00e1j\u00e1ban) 3,4 mg 243%<br \/>\nNiacin (nikotinamid form\u00e1j\u00e1ban) 25 mg 156%<br \/>\nB5-vitamin (D-kalcium-pantoten\u00e1t form\u00e1j\u00e1ban) 5 mg 83%<br \/>\nB6-vitamin (piridoxin-hidroklorid form\u00e1j\u00e1ban) 2 mg 143%<br \/>\nB12-vitamin (metilkobalamin form\u00e1j\u00e1ban) 1 \u00b5g 40%<\/p>\n<\/div>\n<\/div>","protected":false},"featured_media":5521,"template":"","meta":[],"product_brand":[3081],"product_cat":[78,3054],"product_tag":[568,591,1709,2161,322,2160,504],"class_list":{"0":"post-5520","1":"product","2":"type-product","3":"status-publish","4":"has-post-thumbnail","6":"product_brand-galenika","7":"product_cat-vitamini-i-minerali","8":"product_cat-akcija","9":"product_tag-akcija","10":"product_tag-alfa-lipoinska-kiselina","11":"product_tag-betty","12":"product_tag-citidin-monofosfat","13":"product_tag-nervni-sistem","14":"product_tag-uridin-monofosfat","15":"product_tag-vitamin-b","16":"pa_brend-galenika","18":"first","19":"instock","20":"sale","21":"shipping-taxable","22":"purchasable","23":"product-type-simple"},"ams_default_variation_id":0,"ams_product_points_reward":[],"ams_product_discount_percentage":10,"ams_price_to_display":1552.5,"ams_acf":[],"jetpack_sharing_enabled":true,"_links":{"self":[{"href":"https:\/\/apotekar-online.rs\/hu\/wp-json\/wp\/v2\/product\/5520","targetHints":{"allow":["GET"]}}],"collection":[{"href":"https:\/\/apotekar-online.rs\/hu\/wp-json\/wp\/v2\/product"}],"about":[{"href":"https:\/\/apotekar-online.rs\/hu\/wp-json\/wp\/v2\/types\/product"}],"wp:featuredmedia":[{"embeddable":true,"href":"https:\/\/apotekar-online.rs\/hu\/wp-json\/wp\/v2\/media\/5521"}],"wp:attachment":[{"href":"https:\/\/apotekar-online.rs\/hu\/wp-json\/wp\/v2\/media?parent=5520"}],"wp:term":[{"taxonomy":"product_brand","embeddable":true,"href":"https:\/\/apotekar-online.rs\/hu\/wp-json\/wp\/v2\/product_brand?post=5520"},{"taxonomy":"product_cat","embeddable":true,"href":"https:\/\/apotekar-online.rs\/hu\/wp-json\/wp\/v2\/product_cat?post=5520"},{"taxonomy":"product_tag","embeddable":true,"href":"https:\/\/apotekar-online.rs\/hu\/wp-json\/wp\/v2\/product_tag?post=5520"}],"curies":[{"name":"wp","href":"https:\/\/api.w.org\/{rel}","templated":true}]}}