{"id":5553,"date":"2024-02-02T07:47:17","date_gmt":"2024-02-02T09:47:17","guid":{"rendered":"https:\/\/apotekar-online.rs\/?post_type=product&#038;p=5553"},"modified":"2026-03-05T08:09:36","modified_gmt":"2026-03-05T10:09:36","slug":"dr-theiss-ibesan-forte-caps-a60","status":"publish","type":"product","link":"https:\/\/apotekar-online.rs\/hu\/p\/dr-theiss-ibesan-forte-caps-a60\/","title":{"rendered":"dr. Theiss Ibesan Forte sapk\u00e1k a60"},"content":{"rendered":"","protected":false},"excerpt":{"rendered":"<p>Gyorsan enyh\u00edti a hasi f\u00e1jdalmat, a sz\u00e9kletzavarokat, a hasmen\u00e9st, a sz\u00e9kreked\u00e9st \u00e9s a hasi puffad\u00e1st.<\/p>\n<ul>\n<li>Gyors enyh\u00fcl\u00e9s a hasi f\u00e1jdalomt\u00f3l<\/li>\n<li>sz\u00e9kletzavarok - hasmen\u00e9s<\/li>\n<li>sz\u00e9kreked\u00e9s \u00e9s hasi puffad\u00e1s 240 mg BUTIR\u00c1T EGY KAPSZUL\u00c1BAN<\/li>\n<\/ul>\n<p><strong>A VAJSAV SZEREPE TEST\u00dcNKBEN<\/strong><\/p>\n<ul>\n<li>Fiziol\u00f3giailag a szervezet\u00fcnkben tal\u00e1lhat\u00f3<\/li>\n<li>Biztos\u00edtja a belek integrit\u00e1s\u00e1t \u00e9s m\u0171k\u00f6d\u0151k\u00e9pess\u00e9g\u00e9t<\/li>\n<li>Felgyors\u00edtja a b\u00e9lrendszer gy\u00f3gyul\u00e1s\u00e1t \u00e9s regener\u00e1l\u00f3d\u00e1s\u00e1t<\/li>\n<li>A b\u00e9l perisztaltik\u00e1j\u00e1t szab\u00e1lyozza<\/li>\n<li>Gyullad\u00e1scs\u00f6kkent\u0151 hat\u00e1s<\/li>\n<\/ul>\n<p>60 CPS CSOMAG.<br \/>\nK\u00c9T H\u00d3NAPON \u00e1t NAPI EGYSZER.<\/p>","protected":false},"featured_media":5554,"template":"","meta":[],"product_brand":[],"product_cat":[126],"product_tag":[2186,2185,331],"class_list":{"0":"post-5553","1":"product","2":"type-product","3":"status-publish","4":"has-post-thumbnail","6":"product_cat-preparati-za-gorusicu-i-otezano-varenje","7":"product_tag-buterna-kiselina","8":"product_tag-digestivni-sistem","9":"product_tag-varenje","10":"pa_brend-dr-theiss","12":"first","13":"instock","14":"shipping-taxable","15":"purchasable","16":"product-type-simple"},"ams_default_variation_id":0,"ams_product_points_reward":[],"ams_product_discount_percentage":0,"ams_price_to_display":1536,"ams_acf":[],"jetpack_sharing_enabled":true,"_links":{"self":[{"href":"https:\/\/apotekar-online.rs\/hu\/wp-json\/wp\/v2\/product\/5553","targetHints":{"allow":["GET"]}}],"collection":[{"href":"https:\/\/apotekar-online.rs\/hu\/wp-json\/wp\/v2\/product"}],"about":[{"href":"https:\/\/apotekar-online.rs\/hu\/wp-json\/wp\/v2\/types\/product"}],"wp:featuredmedia":[{"embeddable":true,"href":"https:\/\/apotekar-online.rs\/hu\/wp-json\/wp\/v2\/media\/5554"}],"wp:attachment":[{"href":"https:\/\/apotekar-online.rs\/hu\/wp-json\/wp\/v2\/media?parent=5553"}],"wp:term":[{"taxonomy":"product_brand","embeddable":true,"href":"https:\/\/apotekar-online.rs\/hu\/wp-json\/wp\/v2\/product_brand?post=5553"},{"taxonomy":"product_cat","embeddable":true,"href":"https:\/\/apotekar-online.rs\/hu\/wp-json\/wp\/v2\/product_cat?post=5553"},{"taxonomy":"product_tag","embeddable":true,"href":"https:\/\/apotekar-online.rs\/hu\/wp-json\/wp\/v2\/product_tag?post=5553"}],"curies":[{"name":"wp","href":"https:\/\/api.w.org\/{rel}","templated":true}]}}