{"id":5557,"date":"2024-02-02T08:01:34","date_gmt":"2024-02-02T10:01:34","guid":{"rendered":"https:\/\/apotekar-online.rs\/?post_type=product&#038;p=5557"},"modified":"2026-05-03T09:10:24","modified_gmt":"2026-05-03T11:10:24","slug":"bepanthol-szemcsepp-10-ml-2","status":"publish","type":"product","link":"https:\/\/apotekar-online.rs\/hu\/p\/bepanthol-kapi-za-oci-10ml-2\/","title":{"rendered":"BEPANTHOL szemcsepp 10 ml"},"content":{"rendered":"","protected":false},"excerpt":{"rendered":"<p><strong>Prodaja ovog leka\u00a0 zabranjena je putem interneta zakonom Republike Srbije, dok je ogla\u0161avanje istog putem interneta dozvoljeno isklju\u010divo<\/strong>\u00a0<strong>eml\u00e9keztet\u0151\u00fcl \u00e9s t\u00e1j\u00e9koztat\u00e1si c\u00e9llal.<\/strong><\/p>\n<p>N\u00e1trium-hialuron\u00e1t (0,15%) + dexpanthenol (2%)<\/p>\n<p>A Bepanthol palack sz\u00e1mos el\u0151nnyel j\u00e1r:<\/p>\n<ul>\n<li>Felbont\u00e1s ut\u00e1n felhaszn\u00e1lhat\u00f3 12 h\u00f3nap<\/li>\n<li>Innovat\u00edv OSD rendszer<\/li>\n<li>K\u00f6nny\u0171 adagol\u00e1s a puha \u00fcvegnek k\u00f6sz\u00f6nhet\u0151en<\/li>\n<li>Citr\u00e1t puffer<\/li>\n<li>Tart\u00f3s\u00edt\u00f3szer-mentes<\/li>\n<\/ul>","protected":false},"featured_media":5558,"template":"","meta":[],"product_brand":[3094],"product_cat":[139,3054],"product_tag":[1709,501,1403,2071,2188],"class_list":{"0":"post-5557","1":"product","2":"type-product","3":"status-publish","4":"has-post-thumbnail","6":"product_brand-bayer","7":"product_cat-vitamini-za-oci-i-vestacke-suze","8":"product_cat-akcija","9":"product_tag-betty","10":"product_tag-bez-konzervansa","11":"product_tag-dekspantenol","12":"product_tag-natrijum-hijaluronat","13":"product_tag-vestacke-suze","14":"pa_brend-bayer-health-care","16":"first","17":"instock","18":"sale","19":"shipping-taxable","20":"purchasable","21":"product-type-simple"},"ams_default_variation_id":0,"ams_product_points_reward":[],"ams_product_discount_percentage":15,"ams_price_to_display":1597.62,"ams_acf":[],"jetpack_sharing_enabled":true,"_links":{"self":[{"href":"https:\/\/apotekar-online.rs\/hu\/wp-json\/wp\/v2\/product\/5557","targetHints":{"allow":["GET"]}}],"collection":[{"href":"https:\/\/apotekar-online.rs\/hu\/wp-json\/wp\/v2\/product"}],"about":[{"href":"https:\/\/apotekar-online.rs\/hu\/wp-json\/wp\/v2\/types\/product"}],"wp:featuredmedia":[{"embeddable":true,"href":"https:\/\/apotekar-online.rs\/hu\/wp-json\/wp\/v2\/media\/5558"}],"wp:attachment":[{"href":"https:\/\/apotekar-online.rs\/hu\/wp-json\/wp\/v2\/media?parent=5557"}],"wp:term":[{"taxonomy":"product_brand","embeddable":true,"href":"https:\/\/apotekar-online.rs\/hu\/wp-json\/wp\/v2\/product_brand?post=5557"},{"taxonomy":"product_cat","embeddable":true,"href":"https:\/\/apotekar-online.rs\/hu\/wp-json\/wp\/v2\/product_cat?post=5557"},{"taxonomy":"product_tag","embeddable":true,"href":"https:\/\/apotekar-online.rs\/hu\/wp-json\/wp\/v2\/product_tag?post=5557"}],"curies":[{"name":"wp","href":"https:\/\/api.w.org\/{rel}","templated":true}]}}