{"id":5565,"date":"2024-02-02T08:38:30","date_gmt":"2024-02-02T10:38:30","guid":{"rendered":"https:\/\/apotekar-online.rs\/?post_type=product&#038;p=5565"},"modified":"2026-03-05T08:09:35","modified_gmt":"2026-03-05T10:09:35","slug":"liposzoma-cink-30-kapszula","status":"publish","type":"product","link":"https:\/\/apotekar-online.rs\/hu\/p\/lipozomalni-cink-30-kapsula\/","title":{"rendered":"LIPOSOM\u00c1LIS CINK 30 kapszula"},"content":{"rendered":"","protected":false},"excerpt":{"rendered":"<p><strong>SZUPER P\u00c9NTEK<\/strong><\/p>\n<p>A liposz\u00f3m\u00e1lis cink mind\u00f6ssze 1 kapszul\u00e1ban biztos\u00edtja a szervezet napi cink- \u00e9s C-vitamin-sz\u00fcks\u00e9glet\u00e9t.<\/p>\n<p>M\u0171velet:<br \/>\nEl\u0151seg\u00edti az immunit\u00e1st \u00e9s a fert\u0151z\u00e9sekkel szembeni ellen\u00e1ll\u00f3 k\u00e9pess\u00e9get, hozz\u00e1j\u00e1rul a csontok norm\u00e1l fenntart\u00e1s\u00e1hoz, seg\u00edti a b\u0151r, a haj \u00e9s a k\u00f6r\u00f6m eg\u00e9szs\u00e9g\u00e9t, sz\u00fcks\u00e9ges a feh\u00e9rj\u00e9k \u00e9s a DNS szint\u00e9zis\u00e9hez, fontos a term\u00e9kenys\u00e9ghez \u00e9s a szaporod\u00e1shoz, valamint jav\u00edtja a kognit\u00edv funkci\u00f3kat.<\/p>\n<p>Fogalmaz\u00e1s:<br \/>\nLiposz\u00f3m\u00e1lis cink 21,28 mg \u00e9s C-vitamin 100 mg.<\/p>\n<p>Alkalmaz\u00e1s m\u00f3dja:<br \/>\nFeln\u0151ttek \u00e9s 3 \u00e9vesn\u00e9l id\u0151sebb gyermekek: 1 kapszula naponta egyszer.<\/p>\n<p>Kiszerel\u00e9s: 30 kapszula<\/p>","protected":false},"featured_media":5566,"template":"","meta":[],"product_brand":[],"product_cat":[78],"product_tag":[179,286,2192,245],"class_list":{"0":"post-5565","1":"product","2":"type-product","3":"status-publish","4":"has-post-thumbnail","6":"product_cat-vitamini-i-minerali","7":"product_tag-imunitet","8":"product_tag-koza","9":"product_tag-lipozomalni-cin","10":"product_tag-vitamin-c","11":"pa_brend-abela-pharm","13":"first","14":"instock","15":"shipping-taxable","16":"purchasable","17":"product-type-simple"},"ams_default_variation_id":0,"ams_product_points_reward":[],"ams_product_discount_percentage":0,"ams_price_to_display":438.01,"ams_acf":[],"jetpack_sharing_enabled":true,"_links":{"self":[{"href":"https:\/\/apotekar-online.rs\/hu\/wp-json\/wp\/v2\/product\/5565","targetHints":{"allow":["GET"]}}],"collection":[{"href":"https:\/\/apotekar-online.rs\/hu\/wp-json\/wp\/v2\/product"}],"about":[{"href":"https:\/\/apotekar-online.rs\/hu\/wp-json\/wp\/v2\/types\/product"}],"wp:featuredmedia":[{"embeddable":true,"href":"https:\/\/apotekar-online.rs\/hu\/wp-json\/wp\/v2\/media\/5566"}],"wp:attachment":[{"href":"https:\/\/apotekar-online.rs\/hu\/wp-json\/wp\/v2\/media?parent=5565"}],"wp:term":[{"taxonomy":"product_brand","embeddable":true,"href":"https:\/\/apotekar-online.rs\/hu\/wp-json\/wp\/v2\/product_brand?post=5565"},{"taxonomy":"product_cat","embeddable":true,"href":"https:\/\/apotekar-online.rs\/hu\/wp-json\/wp\/v2\/product_cat?post=5565"},{"taxonomy":"product_tag","embeddable":true,"href":"https:\/\/apotekar-online.rs\/hu\/wp-json\/wp\/v2\/product_tag?post=5565"}],"curies":[{"name":"wp","href":"https:\/\/api.w.org\/{rel}","templated":true}]}}