{"id":5567,"date":"2024-02-02T08:56:00","date_gmt":"2024-02-02T10:56:00","guid":{"rendered":"https:\/\/apotekar-online.rs\/?post_type=product&#038;p=5567"},"modified":"2026-04-05T18:07:28","modified_gmt":"2026-04-05T20:07:28","slug":"operil-p-orrspray-gyerekeknek-10ml","status":"publish","type":"product","link":"https:\/\/apotekar-online.rs\/hu\/p\/operil-p-spej-za-nos-za-decu-10ml\/","title":{"rendered":"Operil P orrspray gyerekeknek 10ml"},"content":{"rendered":"","protected":false},"excerpt":{"rendered":"<h4><b>Ennek a szernek az interneten t\u00f6rt\u00e9n\u0151 terjeszt\u00e9s\u00e9t szigor\u00faan tilos \u00e9s a Szerb K\u00f6zt\u00e1rsas\u00e1g t\u00f6rv\u00e9nyei szab\u00e1lyozz\u00e1k, m\u00edg az interneten t\u00f6rt\u00e9n\u0151 bemutat\u00e1sa megengedett, kiz\u00e1r\u00f3lag abb\u00f3l a c\u00e9lb\u00f3l, hogy a nagyk\u00f6z\u00f6ns\u00e9get \u00e9s a szakmai k\u00f6zv\u00e9lem\u00e9nyt t\u00e1j\u00e9koztass\u00e1k a c\u00e9lr\u00f3l, \u00e9s jobban megismerj\u00e9k a gy\u00f3gyszert. mag\u00e1nak a gy\u00f3gyszernek az alapvet\u0151 jellemz\u0151i.<\/b><\/h4>\n<p>A GY\u00d3GYSZERREKEZD\u00c9S M\u00d3DJ\u00c1R\u00d3L SZ\u00d3L\u00d3 RENDELETET MEGTEKINHET\u0150, GY\u00d3GYSZERRE VONATKOZ\u00d3AN (&quot;Sl. Gl. RS&quot;, 79\/2010. sz.)\u00a0<a href=\"http:\/\/www.alims.gov.rs\/ciril\/files\/2012\/06\/p-oglasavanje-79-2010.pdf\">ITT<\/a>.<\/p>\n<p><b>Olvassa el figyelmesen ezt a k\u00e9zik\u00f6nyvet, mert az \u00d6n sz\u00e1m\u00e1ra fontos inform\u00e1ci\u00f3kat tartalmaz.<\/b><b><br \/>\n<\/b>Ezt a gy\u00f3gyszert orvosi rendelv\u00e9ny n\u00e9lk\u00fcl is megv\u00e1s\u00e1rolhatja, enyhe betegs\u00e9gek kezel\u00e9s\u00e9re orvosa seg\u00edts\u00e9ge n\u00e9lk\u00fcl.<br \/>\nEzenk\u00edv\u00fcl \u00f3vatosan kell alkalmaznia ezt a gy\u00f3gyszert, hogy a legjobb eredm\u00e9nyeket \u00e9rje el. Ha tov\u00e1bbi inform\u00e1ci\u00f3ra vagy tan\u00e1csra van sz\u00fcks\u00e9ge, forduljon orvos\u00e1hoz vagy gy\u00f3gyszer\u00e9sz\u00e9hez. Ha t\u00fcnetei rosszabbodnak, vagy nem \u00e9rzi jobban mag\u00e1t, felt\u00e9tlen\u00fcl keresse fel orvos\u00e1t.<\/p>\n<p><b>Mi az Operil P gy\u00f3gyszer \u00e9s mire szolg\u00e1l:<\/b><b><br \/>\n<\/b>Az Operil P csak 6 \u00e9s 12 \u00e9v k\u00f6z\u00f6tti gyermekek sz\u00e1m\u00e1ra k\u00e9sz\u00fclt.<br \/>\nFeln\u0151tteknek \u00e9s 12 \u00e9v feletti gyermekeknek megfelel\u0151 az Operil orrspray, 500mcg\/ml.<br \/>\nAz Operil P oximetazolint tartalmaz. Az oximetazolint orrdugul\u00e1scs\u00f6kkent\u0151k\u00e9nt haszn\u00e1lj\u00e1k. \u00dagy fejti ki hat\u00e1s\u00e1t, hogy sz\u0171k\u00edti az orrny\u00e1lkah\u00e1rtya ereit, ami cs\u00f6kkenti az orrny\u00e1lkah\u00e1rtya duzzanat\u00e1t. Ennek a hat\u00e1snak a k\u00f6vetkezm\u00e9nye az orrdugul\u00e1s \u00e9rz\u00e9s\u00e9nek cs\u00f6kken\u00e9se \u00e9s a v\u00e1lad\u00e9k jobb elt\u00e1vol\u00edt\u00e1sa az orrb\u00f3l. Az Operil\u00ae P n\u00e9h\u00e1ny percen bel\u00fcl hatni kezd, \u00e9s hat\u00e1sa ak\u00e1r 12 \u00f3r\u00e1n \u00e1t tart. Ezenk\u00edv\u00fcl az oximetazolin gyullad\u00e1scs\u00f6kkent\u0151 \u00e9s antioxid\u00e1ns hat\u00e1ssal rendelkezik.<br \/>\nAz Operil P v\u00edrusellenes hat\u00e1ssal b\u00edr bizonyos v\u00edrusokra, amelyek els\u0151sorban l\u00e9g\u00fati megbeteged\u00e9seket okoznak.<\/p>\n<p><b>Az Operil P haszn\u00e1latos:<\/b><\/p>\n<ul>\n<li>az orrdugul\u00e1s \u00e9rz\u00e9s\u00e9nek cs\u00f6kkent\u00e9s\u00e9re az orrny\u00e1lkah\u00e1rtya akut gyullad\u00e1saiban megf\u00e1z\u00e1s, allergi\u00e1s vagy vazomotoros t\u00fcssz\u00f6g\u00e9s (n\u00e1tha) eset\u00e9n<\/li>\n<li>a k\u00f6z\u00e9pf\u00fcl gyullad\u00e1s\u00e1ban<\/li>\n<li>az orrm\u0171t\u00e9t ut\u00e1ni orrl\u00e9gz\u00e9s megk\u00f6nny\u00edt\u00e9s\u00e9re<\/li>\n<\/ul>\n<p><b>Tudnival\u00f3k az Operil P gy\u00f3gyszer szed\u00e9se el\u0151tt:<br \/>\nAz Operil P nem haszn\u00e1lhat\u00f3:<\/b><\/p>\n<ul>\n<li>ha allergi\u00e1s (t\u00fal\u00e9rz\u00e9keny) az oximetazolinra vagy az Operil P b\u00e1rmely egy\u00e9b \u00f6sszetev\u0151j\u00e9re<\/li>\n<li>ha az orrny\u00e1lkah\u00e1rtya sz\u00e1raz gyullad\u00e1sa van sebekkel \u00e9s varasod\u00e1sokkal<\/li>\n<li>2 \u00e9vn\u00e9l fiatalabb gyermekekn\u00e9l<\/li>\n<\/ul>\n<p><b>Az Operil P szed\u00e9se sor\u00e1n legyen k\u00fcl\u00f6n\u00f6sen \u00f3vatos:<\/b><br \/>\nA k\u00f6vetkez\u0151 sz\u00f6vegben le\u00edrjuk, hogy mikor haszn\u00e1lhatja az Operil P-t t\u00fcsszent\u00e9sre, csak bizonyos felt\u00e9telek mellett \u00e9s k\u00fcl\u00f6nleges \u00f3vint\u00e9zked\u00e9sekkel. K\u00e9rdezze meg kezel\u0151orvos\u00e1t ezekr\u0151l. Ez akkor is \u00e9rv\u00e9nyes, ha ezek az \u00e1ll\u00edt\u00e1sok a m\u00faltban vonatkoztak \u00d6nre.<\/p>\n<ul>\n<li>ha monoamin-oxid\u00e1z-g\u00e1tl\u00f3kat (MAOI-kat) (a Parkinson-k\u00f3r \u00e9s a depresszi\u00f3 kezel\u00e9s\u00e9re haszn\u00e1lt gy\u00f3gyszereket) szed (vagy szedett az elm\u00falt k\u00e9t h\u00e9tben) vagy egy\u00e9b olyan gy\u00f3gyszereket, amelyek v\u00e9rnyom\u00e1s-emelked\u00e9shez vezethetnek.<\/li>\n<li>ha emelkedett szemnyom\u00e1sa van, k\u00fcl\u00f6n\u00f6sen z\u00e1rt sz\u00f6g\u0171 glauk\u00f3m\u00e1ja<\/li>\n<li>ha s\u00falyos sz\u00edv- \u00e9s \u00e9rrendszeri betegs\u00e9gben szenved (pl. sz\u00edvkoszor\u00fa\u00e9r-betegs\u00e9g, magas v\u00e9rnyom\u00e1s), akut sz\u00edvbetegs\u00e9gben vagy sz\u00edvbetegs\u00e9g okozta asztm\u00e1ban (sz\u00edvasztma)<\/li>\n<li>ha mell\u00e9kvesevel\u0151 daganata (phaeochromocytoma) van<\/li>\n<li>ha porf\u00edri\u00e1ban szenved (\u00f6r\u00f6kletes v\u00e9rbetegs\u00e9g, melynek t\u00fcnetei a b\u0151r fokozott f\u00e9ny\u00e9rz\u00e9kenys\u00e9ge, p\u00f6rk\u00f6k megjelen\u00e9se, v\u00e9rz\u00e9s a b\u0151r\u00f6n, a b\u0151r s\u00f6t\u00e9t elsz\u00ednez\u0151d\u00e9se, fokozott letargia, a vizelet s\u00f6t\u00e9tv\u00f6r\u00f6s elsz\u00ednez\u0151d\u00e9se, n\u00e9ha idegk\u00e1rosod\u00e1ssal \u00e9s r\u00e9szleges vagy teljes vesztes\u00e9g)<\/li>\n<li>ha m\u0171t\u00e9ten esett \u00e1t agyalapi mirigye (apof\u00edzis) elt\u00e1vol\u00edt\u00e1s\u00e1ra<\/li>\n<li>ha anyagcserezavarai vannak (pl. pajzsmirigy-t\u00falm\u0171k\u00f6d\u00e9s, cukorbetegs\u00e9g)<\/li>\n<li>ha megnagyobbodott a prosztata (prosztata hipertr\u00f3fi\u00e1ja)<\/li>\n<\/ul>\n<p>Az Operil P orrsprayt legfeljebb 7 napig kell folyamatosan alkalmazni.<br \/>\nKer\u00fclni kell az Operil P hosszan tart\u00f3 vagy t\u00falzott m\u00e9rt\u00e9k\u0171 haszn\u00e1lat\u00e1t, mivel a ter\u00e1pi\u00e1s hat\u00e1s cs\u00f6kkenhet; el\u0151fordulhat az orrny\u00e1lkah\u00e1rtya rebound pang\u00e1sa (rebound jelens\u00e9g), ami miatt a beteg gyakrabban haszn\u00e1lja a gy\u00f3gyszert, ami kr\u00f3nikus haszn\u00e1lathoz vezet. Ez a haszn\u00e1lat kr\u00f3nikus duzzanatot (rhinitis medicamentosa) okoz, amely az orrny\u00e1lkah\u00e1rtya sorvad\u00e1s\u00e1hoz vezet.<br \/>\nEnyh\u00e9bb esetekben c\u00e9lszer\u0171 abbahagyni a gy\u00f3gyszer bead\u00e1s\u00e1t el\u0151sz\u00f6r az egyik orrlyukba, majd a t\u00fcnetek enyh\u00fcl\u00e9se ut\u00e1n a m\u00e1sikba, hogy az orrl\u00e9gz\u00e9st legal\u00e1bb r\u00e9szben meg\u0151rizz\u00fck.<\/p>\n<p><b>Egy\u00e9b gy\u00f3gyszerek alkalmaz\u00e1sa:<\/b><b><br \/>\n<\/b>Felt\u00e9tlen\u00fcl t\u00e1j\u00e9koztassa kezel\u0151orvos\u00e1t vagy gy\u00f3gyszer\u00e9sz\u00e9t a jelenleg vagy nemr\u00e9giben szedett egy\u00e9b gy\u00f3gyszereir\u0151l, bele\u00e9rtve a v\u00e9ny n\u00e9lk\u00fcl kaphat\u00f3kat is.<\/p>\n<p><b>Mondja el kezel\u0151orvos\u00e1nak, ha az al\u00e1bbi gy\u00f3gyszerek b\u00e1rmelyik\u00e9t szedi:<\/b><\/p>\n<ul>\n<li>monoamin-oxid\u00e1z inhibitorok (MAOI-k) (a Parkinson-k\u00f3r \u00e9s a depresszi\u00f3 kezel\u00e9s\u00e9re haszn\u00e1lt gy\u00f3gyszerek). Ne alkalmazza az Operil P-t, ha az el\u0151z\u0151 k\u00e9t h\u00e9tben MAOI-t szedett, mert magas v\u00e9rnyom\u00e1sos kr\u00edzisek l\u00e9phetnek fel (180\/110 Hgmm-n\u00e9l nagyobb v\u00e9rnyom\u00e1s, fejf\u00e1j\u00e1s, mellkasi f\u00e1jdalom, l\u00e9gszomj, duzzanat).<\/li>\n<li>depresszi\u00f3 kezel\u00e9s\u00e9re haszn\u00e1lt gy\u00f3gyszerek (maprotilin triciklusos antidepressz\u00e1nsok, p\u00e9ld\u00e1ul amitriptilin \u00e9s imipramin)<\/li>\n<li>magas v\u00e9rnyom\u00e1s kezel\u00e9s\u00e9re szolg\u00e1l\u00f3 gy\u00f3gyszerek. A gy\u00f3gyszer alkalmaz\u00e1sa el\u0151tt t\u00e1j\u00e9koztassa kezel\u0151orvos\u00e1t, ha betanidint, debrizokint \u00e9s guanetidint szed, mert ezeknek a gy\u00f3gyszereknek a hat\u00e1sa cs\u00f6kkenhet.<\/li>\n<li>Parkinson-k\u00f3r kezel\u00e9s\u00e9re szolg\u00e1l\u00f3 gy\u00f3gyszerek (br\u00f3mkriptin). Ezek a gy\u00f3gyszerek egyidej\u0171 alkalmaz\u00e1sa eset\u00e9n befoly\u00e1solhatj\u00e1k az Operil P ter\u00e1pia hat\u00e9konys\u00e1g\u00e1t.<\/li>\n<\/ul>\n<p><b>Az Operil P egyidej\u0171 bev\u00e9tele \u00e9tellel vagy itallal:<\/b><br \/>\nAz Operil P \u00e9tkez\u00e9st\u0151l f\u00fcggetlen\u00fcl is haszn\u00e1lhat\u00f3.<\/p>\n<p><b>Az Operil P alkalmaz\u00e1sa terhess\u00e9g \u00e9s szoptat\u00e1s alatt:<\/b><b><br \/>\n<\/b>Miel\u0151tt b\u00e1rmilyen gy\u00f3gyszert elkezdene szedni, konzult\u00e1ljon orvos\u00e1val vagy gy\u00f3gyszer\u00e9sz\u00e9vel.<br \/>\nAz Operil P alkalmaz\u00e1sa terhess\u00e9g \u00e9s szoptat\u00e1s ideje alatt nem javasolt, kiv\u00e9ve az orvos tan\u00e1cs\u00e1ra.<\/p>\n<p><b>Az Operil P gy\u00f3gyszer hat\u00e1sa a g\u00e9pj\u00e1rm\u0171vezet\u00e9sre \u00e9s a g\u00e9pek kezel\u00e9s\u00e9re:<\/b><br \/>\nFelt\u00e9ve, hogy az aj\u00e1nlott adagokban alkalmazz\u00e1k, az Operil P nem befoly\u00e1solja a g\u00e9pj\u00e1rm\u0171vezet\u00e9shez \u00e9s a g\u00e9pek kezel\u00e9s\u00e9hez sz\u00fcks\u00e9ges k\u00e9pess\u00e9geket.<br \/>\nFontos inform\u00e1ci\u00f3k az Operil P egyes \u00f6sszetev\u0151ir\u0151l<br \/>\nA benzalk\u00f3nium-klorid, mint tart\u00f3s\u00edt\u00f3szer tartalma miatt, amely b\u0151rreakci\u00f3kat \u00e9s a l\u00e9gutak sz\u0171k\u00fclet\u00e9t (h\u00f6rg\u0151g\u00f6rcs) okozhatja, az Operil P t\u00fcssz\u00f6g\u00e9s elleni orrspray nem haszn\u00e1lhat\u00f3 az anyaggal szembeni meg\u00e1llap\u00edtott t\u00fal\u00e9rz\u00e9kenys\u00e9g eset\u00e9n.<\/p>\n<p><b>Az Operil p haszn\u00e1lata:<\/b><b><br \/>\n<\/b>Az Operil P-t mindig az orvos \u00e1ltal elmondottaknak megfelel\u0151en szedje. Ha nem biztos benne, k\u00e9rdezze meg kezel\u0151orvos\u00e1t vagy gy\u00f3gyszer\u00e9sz\u00e9t.<br \/>\n<u>6 \u00e9s 12 \u00e9v k\u00f6z\u00f6tti gyermekek:<\/u>\u00a01-2 bef\u00faj\u00e1s Operil P-vel mindk\u00e9t orrlyukba naponta k\u00e9tszer-h\u00e1romszor;<br \/>\nAz Operil P gy\u00f3gyszert nem szabad 5-7 napn\u00e1l tov\u00e1bb folyamatosan haszn\u00e1lni. Ha a t\u00fcnetek nem enyh\u00fclnek, forduljon orvoshoz, aki hosszabb kezel\u00e9st \u00edrhat el\u0151. Az orvos \u00e1ltal fel\u00edrhat\u00f3 ter\u00e1pia maxim\u00e1lis id\u0151tartama k\u00e9t-h\u00e1rom h\u00e9t megszak\u00edt\u00e1s n\u00e9lk\u00fcl.<br \/>\nAz orrcseppek csak egy szem\u00e9ly sz\u00e1m\u00e1ra k\u00e9sz\u00fcltek. Ha t\u00f6bb beteg haszn\u00e1lja ugyanazt az injekci\u00f3s \u00fcveget, akkor val\u00f3sz\u00edn\u0171, hogy a fert\u0151z\u00e9s tov\u00e1bbterjed. Haszn\u00e1lat ut\u00e1n t\u00f6r\u00f6lje le a cseppent\u0151t egy tiszta kend\u0151vel.<\/p>\n<p><b>Ha az el\u0151\u00edrtn\u00e1l t\u00f6bb Operil P-t vett be:<\/b><br \/>\nHa nagyobb adag Operil P-t vett be, azonnal forduljon kezel\u0151orvos\u00e1hoz vagy gy\u00f3gyszer\u00e9sz\u00e9hez<br \/>\nT\u00falzott adagok bead\u00e1sa ut\u00e1n \u00e1tmeneti \u00e9g\u0151 \u00e9rz\u00e9s az orrban, az orrny\u00e1lkah\u00e1rtya kisz\u00e1rad\u00e1sa \u00e9s t\u00fcssz\u00f6g\u00e9s l\u00e9phet fel. \u00c1lmatlans\u00e1g, fejf\u00e1j\u00e1s, pupillasz\u0171k\u00fclet, v\u00e9rnyom\u00e1szavar, tachycardia vagy bradycardia (gyors vagy lass\u00fa sz\u00edvver\u00e9s), nithermia (testh\u0151m\u00e9rs\u00e9klet-cs\u00f6kken\u00e9s) \u00e9s tudatzavar is el\u0151fordulhat, ezek a t\u00fcnetek a sz\u00edvritmus cs\u00f6kkent\u00e9s\u00e9t k\u00f6vet\u0151en 12-36 \u00f3r\u00e1n bel\u00fcl elm\u00falnak. d\u00f3zis.<br \/>\nHa \u00d6n vagy gyermeke v\u00e9letlen\u00fcl lenyeli ezt a gy\u00f3gyszert, azonnal forduljon orvoshoz.<\/p>\n<p><b>Ha elfelejtette bevenni az Operil P-t:<br \/>\n<\/b>Soha ne vegyen be dupla adagot a kihagyott adag p\u00f3tl\u00e1s\u00e1ra!<\/p>\n<p><b>Ha elfelejtette beadni az Operil P-t:<\/b><br \/>\nJavasoljuk, hogy a lehet\u0151 leghamarabb vegye be.<br \/>\nHa m\u00e1r majdnem elj\u00f6tt a m\u00e1sodik adag bev\u00e9tel\u00e9nek ideje, hagyja ki azt, amelyet kihagyott, \u00e9s t\u00e9rjen vissza a szok\u00e1sos adagol\u00e1si rendhez.<\/p>\n<p><b>Ha hirtelen abbahagyja az Operil P szed\u00e9s\u00e9t:<\/b><br \/>\nRitka esetekben \u00e1tmeneti orrdugul\u00e1s l\u00e9phet fel.<br \/>\nHa b\u00e1rmilyen tov\u00e1bbi k\u00e9rd\u00e9se van a gy\u00f3gyszer alkalmaz\u00e1s\u00e1val kapcsolatban, k\u00e9rdezze meg kezel\u0151orvos\u00e1t vagy gy\u00f3gyszer\u00e9sz\u00e9t.<\/p>\n<p><b>Lehets\u00e9ges mell\u00e9khat\u00e1sok:<\/b><br \/>\nAz Opera P gy\u00f3gyszer m\u00e1s gy\u00f3gyszerekhez hasonl\u00f3an mell\u00e9khat\u00e1sokkal is j\u00e1rhat, b\u00e1r nem felt\u00e9tlen\u00fcl mindenkin\u00e9l jelentkeznek.<\/p>\n<p><b>A mell\u00e9khat\u00e1sok \u00e9rt\u00e9kel\u00e9se a k\u00f6vetkez\u0151 gyakoris\u00e1gi inform\u00e1ci\u00f3kon alapul:<\/b><\/p>\n<ul>\n<li>Nagyon gyakori (10 kezelt betegb\u0151l t\u00f6bb mint 1-n\u00e9l fordul el\u0151)<\/li>\n<li>Gyakori (10 kezelt betegb\u0151l kevesebb mint 1-n\u00e9l, de 100 kezelt betegb\u0151l t\u00f6bb mint 1-n\u00e9l jelentkezik)<\/li>\n<li>Nem gyakori (100 kezelt betegb\u0151l kevesebb mint 1-n\u00e9l, de 1000 kezelt betegb\u0151l t\u00f6bb mint 1-n\u00e9l jelentkezik)<\/li>\n<li>Ritka (1000 kezelt betegb\u0151l kevesebb mint 1-n\u00e9l, de 10000 kezelt betegb\u0151l t\u00f6bb mint 1-n\u00e9l fordul el\u0151)<\/li>\n<li>Nagyon ritka (10 000 betegb\u0151l kevesebb, mint 1-n\u00e9l fordul el\u0151), gyakoris\u00e1ga nem ismert<\/li>\n<\/ul>\n<p><b>Sz\u00edv- \u00e9s \u00e9rrendszeri rendelleness\u00e9gek esetenk\u00e9nt: lassabb sz\u00edvver\u00e9s<br \/>\n<\/b><b>Ritk\u00e1n:<\/b>\u00a0megn\u00f6vekedett pulzussz\u00e1m, emelkedett v\u00e9rnyom\u00e1s, rendellenes sz\u00edvver\u00e9s \u00e9rz\u00e9se (palpit\u00e1ci\u00f3)<br \/>\nAz idegrendszer zavarai<br \/>\n<b>Ritk\u00e1n:<\/b><span style=\"color: #444349; font-family: Roboto;\">\u00a0<\/span>sz\u00e9d\u00fcl\u00e9s, \u00e1lmoss\u00e1g, izgatotts\u00e1g, ingerl\u00e9kenys\u00e9g, alv\u00e1szavar gyermekekn\u00e9l, \u00e1lmatlans\u00e1g<br \/>\nA l\u00e9gz\u0151rendszer rendelleness\u00e9gei<br \/>\n<b>Id\u0151szakosan:<\/b>\u00a0t\u00fcssz\u00f6g\u00e9s, az orrny\u00e1lkah\u00e1rtya, a sz\u00e1j \u00e9s a torok sz\u00e1razs\u00e1ga \u00e9s irrit\u00e1ci\u00f3ja<br \/>\nHosszan tart\u00f3 haszn\u00e1lat eset\u00e9n az orrny\u00e1lkah\u00e1rtya reakt\u00edv niper\u00e9mi\u00e1ja (gy\u00f3gyszeres rhinitis) alakulhat ki.<br \/>\nA gyakoris\u00e1g nem ismert.<\/p>\n<p><b>\u00c1ltal\u00e1nos rendelleness\u00e9gek:<\/b><br \/>\n<b>Ritk\u00e1n:\u00a0<\/b>\u00e1tmeneti b\u0151rp\u00edr a gy\u00f3gyszer alkalmaz\u00e1s\u00e1nak hely\u00e9n (reakt\u00edv hiper\u00e9mia), fejf\u00e1j\u00e1s, h\u00e1nyinger, b\u0151rki\u00fct\u00e9s \u00e9s l\u00e1t\u00e1szavarok.<br \/>\nA gy\u00f3gyszer javasoltn\u00e1l hosszabb ideig t\u00f6rt\u00e9n\u0151 alkalmaz\u00e1sa a gy\u00f3gyszer hat\u00e1s\u00e1nak cs\u00f6kken\u00e9s\u00e9hez \u00e9s\/vagy ism\u00e9telt orrdugul\u00e1shoz (orrdugul\u00e1shoz) vezethet.<br \/>\nHa b\u00e1rmely mell\u00e9khat\u00e1s s\u00falyoss\u00e1 v\u00e1lik, vagy olyan mell\u00e9khat\u00e1st \u00e9szlel, amely nem szerepel ebben az \u00fatmutat\u00f3ban, k\u00e9rj\u00fck, \u00e9rtes\u00edtse orvos\u00e1t vagy gy\u00f3gyszer\u00e9sz\u00e9t.<\/p>\n<p><b>Hogyan kell az Operil p-t t\u00e1rolni:<\/b><br \/>\nGyermekek el\u0151l elz\u00e1rva tartand\u00f3!<\/p>\n<p>Mit tartalmaz az Operil P:<br \/>\n<b>A hat\u00f3anyag a k\u00f6vetkez\u0151:<\/b>\u00a0oximefazolin.<br \/>\nEgy milliliter Operil p 0,25 mg oximetazolin-hidrokloridot (0,025% oldat) tartalmaz.<br \/>\n<b>Tov\u00e1bbi \u00f6sszetev\u0151k:<\/b><\/p>\n<ul>\n<li>Benzalk\u00f3nium-klorid<\/li>\n<li>N\u00e1trium-hidroxid<\/li>\n<li>N\u00e1trium-dihidrog\u00e9n-foszf\u00e1t, dihidr\u00e1t Din\u00e1trium-foszf\u00e1t, dihidr\u00e1t<\/li>\n<li>V\u00edz, tiszt\u00edtott<\/li>\n<\/ul>\n<p><b>Milyen az Operil P k\u00fclleme \u00e9s mit tartalmaz a csomagol\u00e1s?<\/b><b><br \/>\n<\/b>Tiszta, sz\u00edntelen oldat.<br \/>\nAz Operil P gy\u00f3gyszer 10 ml oldatot tartalmaz.<br \/>\n<b><br \/>\nCsomagol\u00e1s:\u00a0<\/b>M\u0171anyag spray palack.<\/p>\n<p><b>A permetez\u00e9si elj\u00e1r\u00e1s:<\/b><br \/>\nA helyes alkalmaz\u00e1s cs\u00f6kkenti a mell\u00e9khat\u00e1sok lehet\u0151s\u00e9g\u00e9t \u00e9s jav\u00edtja a hat\u00e9konys\u00e1got.<br \/>\n1. El\u0151sz\u00f6r alaposan tiszt\u00edtsa meg az orr\u00e1t.<br \/>\n2. Vegye le a v\u00e9d\u0151kupakot.<br \/>\n3. \u00daj \u00fcveg gy\u00f3gyszer els\u0151 haszn\u00e1lata el\u0151tt pump\u00e1ljon egy kis mennyis\u00e9g\u0171 gy\u00f3gyszert a leveg\u0151be; t\u00f6bbsz\u00f6r pump\u00e1lja (lenyomva), am\u00edg finom permet nem jelenik meg.<br \/>\n4. Hajl\u00edtsa el\u0151re a fej\u00e9t, hogy l\u00e1ssa a l\u00e1bujjait. Jobb kez\u00e9vel helyezze a f\u00fav\u00f3k\u00e1t a bal orrlyukba az orr k\u00fcls\u0151 fala ir\u00e1ny\u00e1ba.<br \/>\n5. Nyomja le a palack pump\u00e1j\u00e1t, hogy az adag kiszabaduljon, \u00e9s l\u00e9legezze be az orron kereszt\u00fcl.<br \/>\n6. Ezt k\u00f6vet\u0151en helyezze be a f\u00fav\u00f3k\u00e1t bal k\u00e9zzel a jobb orrlyukba, ir\u00e1ny\u00edtsa az orrlyuk k\u00fcls\u0151 fala fel\u00e9, engedje el az adagot \u00e9s l\u00e9legezze be az orron kereszt\u00fcl.<br \/>\n7. Haszn\u00e1lat ut\u00e1n t\u00f6r\u00f6lje le a f\u00fav\u00f3k\u00e1t egy tiszta kend\u0151vel, \u00e9s helyezze vissza a v\u00e9d\u0151kupakot.<\/p>","protected":false},"featured_media":5568,"template":"","meta":[],"product_brand":[],"product_cat":[340,148],"product_tag":[180,181,374],"class_list":{"0":"post-5567","1":"product","2":"type-product","3":"status-publish","4":"has-post-thumbnail","6":"product_cat-deciji-program","7":"product_cat-preparati-za-prehladu-i-kasalj-kod-dece","8":"product_tag-deca","9":"product_tag-prehlada","10":"product_tag-sprej-za-nos","12":"first","13":"instock","14":"shipping-taxable","15":"product-type-simple"},"ams_default_variation_id":0,"ams_product_points_reward":[],"ams_product_discount_percentage":0,"ams_price_to_display":0,"ams_acf":[],"jetpack_sharing_enabled":true,"_links":{"self":[{"href":"https:\/\/apotekar-online.rs\/hu\/wp-json\/wp\/v2\/product\/5567","targetHints":{"allow":["GET"]}}],"collection":[{"href":"https:\/\/apotekar-online.rs\/hu\/wp-json\/wp\/v2\/product"}],"about":[{"href":"https:\/\/apotekar-online.rs\/hu\/wp-json\/wp\/v2\/types\/product"}],"wp:featuredmedia":[{"embeddable":true,"href":"https:\/\/apotekar-online.rs\/hu\/wp-json\/wp\/v2\/media\/5568"}],"wp:attachment":[{"href":"https:\/\/apotekar-online.rs\/hu\/wp-json\/wp\/v2\/media?parent=5567"}],"wp:term":[{"taxonomy":"product_brand","embeddable":true,"href":"https:\/\/apotekar-online.rs\/hu\/wp-json\/wp\/v2\/product_brand?post=5567"},{"taxonomy":"product_cat","embeddable":true,"href":"https:\/\/apotekar-online.rs\/hu\/wp-json\/wp\/v2\/product_cat?post=5567"},{"taxonomy":"product_tag","embeddable":true,"href":"https:\/\/apotekar-online.rs\/hu\/wp-json\/wp\/v2\/product_tag?post=5567"}],"curies":[{"name":"wp","href":"https:\/\/api.w.org\/{rel}","templated":true}]}}