{"id":5587,"date":"2024-02-02T09:54:35","date_gmt":"2024-02-02T11:54:35","guid":{"rendered":"https:\/\/apotekar-online.rs\/?post_type=product&#038;p=5587"},"modified":"2026-04-26T16:55:48","modified_gmt":"2026-04-26T18:55:48","slug":"rupurut-ragotabletta-a20","status":"publish","type":"product","link":"https:\/\/apotekar-online.rs\/hu\/p\/rupurut-tablete-za-zvakanje-a20\/","title":{"rendered":"Rupurut r\u00e1g\u00f3tabletta a20"},"content":{"rendered":"","protected":false},"excerpt":{"rendered":"<p style=\"font-weight: 400;\"><b><strong>Ennek a szernek az interneten t\u00f6rt\u00e9n\u0151 terjeszt\u00e9s\u00e9t szigor\u00faan tilos \u00e9s a Szerb K\u00f6zt\u00e1rsas\u00e1g t\u00f6rv\u00e9nyei szab\u00e1lyozz\u00e1k, m\u00edg az interneten t\u00f6rt\u00e9n\u0151 bemutat\u00e1sa megengedett, kiz\u00e1r\u00f3lag abb\u00f3l a c\u00e9lb\u00f3l, hogy a nagyk\u00f6z\u00f6ns\u00e9get \u00e9s a szakmai k\u00f6zv\u00e9lem\u00e9nyt t\u00e1j\u00e9koztass\u00e1k a c\u00e9lr\u00f3l, \u00e9s jobban megismerj\u00e9k a gy\u00f3gyszert. mag\u00e1nak a gy\u00f3gyszernek az alapvet\u0151 jellemz\u0151i.<\/strong><\/b><\/p>\n<p style=\"font-weight: 400;\"><b><strong><br \/>\nA GY\u00d3GYSZERREKEZD\u00c9S M\u00d3DJ\u00c1R\u00d3L SZ\u00d3L\u00d3 RENDELETET MEGTEKINHET\u0150, GY\u00d3GYSZERRE VONATKOZ\u00d3AN (&quot;Sl. Gl. RS&quot;, 79\/2010. sz.)\u00a0<a href=\"http:\/\/www.alims.gov.rs\/ciril\/files\/2012\/06\/p-oglasavanje-79-2010.pdf\">ITT<\/a>.<\/strong><\/b><\/p>\n<p style=\"font-weight: 400;\"><b><strong>Olvassa el figyelmesen ezt a k\u00e9zik\u00f6nyvet, mert az \u00d6n sz\u00e1m\u00e1ra fontos inform\u00e1ci\u00f3kat tartalmaz.<\/strong><\/b><br \/>\nEzt a gy\u00f3gyszert orvosi rendelv\u00e9ny n\u00e9lk\u00fcl is megv\u00e1s\u00e1rolhatja, enyhe betegs\u00e9gek kezel\u00e9s\u00e9re orvosa seg\u00edts\u00e9ge n\u00e9lk\u00fcl. Ezenk\u00edv\u00fcl \u00f3vatosan kell alkalmaznia ezt a gy\u00f3gyszert, hogy a legjobb eredm\u00e9nyeket \u00e9rje el.<br \/>\nMentse el az utas\u00edt\u00e1sokat. Lehet, hogy \u00fajra el szeretn\u00e9 olvasni.<br \/>\nHa tov\u00e1bbi inform\u00e1ci\u00f3ra vagy tan\u00e1csra van sz\u00fcks\u00e9ge, forduljon orvos\u00e1hoz vagy gy\u00f3gyszer\u00e9sz\u00e9hez.<br \/>\nHa t\u00fcnetei s\u00falyosbodnak, vagy 7 nap eltelt\u00e9vel sem \u00e9rzi jobban mag\u00e1t, felt\u00e9tlen\u00fcl keresse fel orvos\u00e1t!<\/p>\n<p style=\"font-weight: 400;\">Szabadalmaztatott gy\u00f3gyszer neve, er\u0151ss\u00e9ge, gy\u00f3gyszerforma: RUPURUT\u00ae, 500 mg-os r\u00e1g\u00f3tabletta<br \/>\nNem v\u00e9dett, \u00e1ltal\u00e1nos n\u00e9v: hidrotalcit<\/p>\n<p style=\"font-weight: 400;\">Hat\u00f3anyag-tartalom: Minden Rupurut\u00ae r\u00e1g\u00f3tabletta 500 mg hidrotalcitot tartalmaz.<br \/>\nSeg\u00e9danyag tartalom: Seg\u00e9danyagok: mannit, kukoricakem\u00e9ny\u00edt\u0151, magn\u00e9zium-sztear\u00e1t, n\u00e1trium-szacharin, ban\u00e1n aroma, borsmenta aroma.<\/p>\n<p style=\"font-weight: 400;\">A forgalomba hozatali enged\u00e9ly jogosultj\u00e1nak neve \u00e9s c\u00edme: Bayer doo, Omladinskih brigada 88b, 11070 Belgr\u00e1d<br \/>\nA gy\u00e1rt\u00f3 neve \u00e9s c\u00edme: Bayer Bitterfeld GmbH, OT Greppin, Salegaster Chaussee 1, Bitterfeld-Wolfen, N\u00e9metorsz\u00e1g<\/p>\n<ol>\n<li style=\"font-weight: 400;\"><b><strong> MILYEN T\u00cdPUS\u00da GY\u00d3GYSZER A RUPURUT\u00ae \u00c9S MIRE SZ\u00d3L\u00d3?<\/strong><\/b><\/li>\n<\/ol>\n<p style=\"font-weight: 400;\"><b><strong>FOGALMAZ\u00c1S:<\/strong><\/b><br \/>\nEgy Rupurut\u00ae r\u00e1g\u00f3tabletta 500 mg hidrotalcitot tartalmaz, ami legal\u00e1bb 13 mEq s\u00f3sav semleges\u00edt\u00e9si kapacit\u00e1s\u00e1nak felel meg.<\/p>\n<p style=\"font-weight: 400;\">Gy\u00f3gyszerforma \u00e9s tartalom: r\u00e1g\u00f3tabletta, hidrotaicit 500 mg<\/p>\n<p><b><strong>CSOMAGOL\u00c1S:<\/strong><\/b><br \/>\nA Rupurut\u00ae r\u00e1g\u00f3tabletta 20 tablett\u00e1t tartalmaz\u00f3 dobozban kaphat\u00f3.<\/p>\n<p style=\"font-weight: 400;\">20 db r\u00e1g\u00f3tabletta - hat\u00e1rozat sz\u00e1ma \u00e9s kelte: 484\/2007\/12 2007.02.07-t\u0151l.<\/p>\n<p style=\"font-weight: 400;\"><b><strong>HOGYAN M\u0170K\u00d6DIK A RUPURUT\u00ae?<\/strong><\/b><br \/>\nA Rupurut\u00ae egy olyan gy\u00f3gyszer, amely a s\u00f3sav semleges\u00edt\u00e9s\u00e9vel cs\u00f6kkenti a gyomornedv savass\u00e1g\u00e1t. Ez egy modern savlek\u00f6t\u0151, amely hidrotalcitot tartalmaz.<\/p>\n<p style=\"font-weight: 400;\"><b><strong>MIKOR ALKALMAZHAT\u00d3 A RUPURUT\u00ae?<\/strong><\/b><br \/>\nA Rupurut\u00ae r\u00e1g\u00f3tablett\u00e1k a gyomor savass\u00e1g\u00e1nak cs\u00f6kkent\u00e9s\u00e9t ig\u00e9nyl\u0151 rendelleness\u00e9gek panaszainak enyh\u00edt\u00e9s\u00e9re szolg\u00e1lnak:<br \/>\n- Fek\u00e9lyek a gyomorban \u00e9s a nyomb\u00e9lben<br \/>\n- Sav okozta gyomor\u00e9g\u00e9s \u00e9s gyomorpanaszok<\/p>\n<ol start=\"2\">\n<li style=\"font-weight: 400;\"><b><strong> MIT KELL OLVASNI A GY\u00d3GYSZER ALKALMAZ\u00c1SA EL\u0150TT?<\/strong><\/b><br \/>\nFigyelmeztesse orvos\u00e1t, ha m\u00e1s gy\u00f3gyszert szed, kr\u00f3nikus betegs\u00e9ge, anyagcserezavara van, t\u00fal\u00e9rz\u00e9keny a gy\u00f3gyszerekre, vagy ha allergi\u00e1s reakci\u00f3i voltak, mint amilyen a fent eml\u00edtett.<\/li>\n<\/ol>\n<p style=\"font-weight: 400;\"><b><strong>AMIKOR NE SZEDHET\u0150 A GY\u00d3GYSZERT:<\/strong><\/b><br \/>\nA Rupurut\u00ae r\u00e1g\u00f3tablett\u00e1t nem szabad haszn\u00e1lni:<br \/>\n- Ha t\u00fal\u00e9rz\u00e9keny a hidrotalcitra vagy a gy\u00f3gyszer b\u00e1rmely m\u00e1s \u00f6sszetev\u0151j\u00e9re.<br \/>\n- K\u00e1rosodott vesem\u0171k\u00f6d\u00e9s\u0171 (kreatinin-clearance &lt;30 ml\/perc) betegek csak akkor haszn\u00e1lhatj\u00e1k a Rupurut\u00ae r\u00e1g\u00f3tablett\u00e1t, ha a sz\u00e9rum magn\u00e9zium- \u00e9s alum\u00edniumszintj\u00e9t rendszeresen ellen\u0151rzik.<br \/>\n- Azok a betegek, akikn\u00e9l cs\u00f6kkent a v\u00e9r foszf\u00e1tkoncentr\u00e1ci\u00f3ja (hipofoszfat\u00e9mia), nem haszn\u00e1lhatj\u00e1k a Rupurut\u00ae r\u00e1g\u00f3tablett\u00e1t az orvossal folytatott el\u0151zetes konzult\u00e1ci\u00f3 n\u00e9lk\u00fcl.<\/p>\n<p style=\"font-weight: 400;\"><b><strong>FIGYELMEZTET\u00c9SEK \u00c9S \u00d3VINT\u00c9ZKED\u00c9SEK:<\/strong><\/b><\/p>\n<p style=\"font-weight: 400;\">Ha a gyomorpanaszok tart\u00f3sak \u00e9s folyamatosan jelen vannak, az s\u00falyos \u00e1llapot, p\u00e9ld\u00e1ul gyomor- vagy nyomb\u00e9lfek\u00e9ly jele lehet. Ez\u00e9rt a Rupurut\u00ae r\u00e1g\u00f3tablett\u00e1val v\u00e9gzett kezel\u00e9s nem tarthat tov\u00e1bb 14 napn\u00e1l orvosi vizsg\u00e1lat n\u00e9lk\u00fcl.<\/p>\n<p style=\"font-weight: 400;\">Azonnal forduljon orvoshoz, ha k\u00e1tr\u00e1nyos sz\u00e9klet, v\u00e9res sz\u00e9klet vagy h\u00e1ny\u00e1s jelentkezik.<\/p>\n<p style=\"font-weight: 400;\">A Rupurut\u00ae r\u00e1g\u00f3tablett\u00e1k hossz\u00fa t\u00e1v\u00fa alkalmaz\u00e1sa megk\u00f6veteli a betegek alum\u00edniumszintj\u00e9nek rendszeres ellen\u0151rz\u00e9s\u00e9t. Az alum\u00ednium szintje nem haladhatja meg a 40 pg\/l-t.<\/p>\n<p style=\"font-weight: 400;\">K\u00e1rosodott vesem\u0171k\u00f6d\u00e9s\u0171 betegekn\u00e9l, bele\u00e9rtve a hemodializ\u00e1lt betegeket, \u00e9s nagyobb d\u00f3zisok tart\u00f3s alkalmaz\u00e1sa eset\u00e9n a szervezet magn\u00e9zium- \u00e9s alum\u00edniumszintje megemelkedhet.<\/p>\n<p style=\"font-weight: 400;\">Emiatt a k\u00e1rosodott vesem\u0171k\u00f6d\u00e9s\u0171 betegeknek ker\u00fclni\u00fck kell a hossz\u00fa t\u00e1v\u00fa alkalmaz\u00e1st \u00e9s a nagyobb adagokat. A nagy d\u00f3zisok hossz\u00fa t\u00e1v\u00fa alkalmaz\u00e1sa, a t\u00e1panyagok felsz\u00edv\u00f3d\u00e1si zavara a belekben \u00e9s az alacsony foszf\u00e1ttartalm\u00fa \u00e9trend (p\u00e9ld\u00e1ul rossz t\u00e1pl\u00e1lkoz\u00e1s vagy alult\u00e1pl\u00e1lts\u00e1g) foszf\u00e1tcs\u00f6kken\u00e9st okozhat, ami az el\u00e9gtelen \u00e1sv\u00e1nyianyag-be\u00e9p\u00fcl\u00e9s miatti csontleboml\u00e1s kock\u00e1zat\u00e1t okozhatja (osteomalacia).<\/p>\n<p style=\"font-weight: 400;\">A Rupurut\u00ae r\u00e1g\u00f3tablett\u00e1t nem szabad 14 \u00e9v alatti gyermekekn\u00e9l alkalmazni, mivel nincs elegend\u0151 tapasztalat ebben a korcsoportban.<\/p>\n<p style=\"font-weight: 400;\"><b><strong>A RUPURUT \u00c9TELEKKEL VAGY ITALOKKAL SZED\u00c9SE:<\/strong><\/b><br \/>\n- A Rupurut\u00ae r\u00e1g\u00f3tabletta \u00e9s savas italok (p\u00e9ld\u00e1ul gy\u00fcm\u00f6lcslevek, bor) egyidej\u0171 alkalmaz\u00e1sa az alum\u00ednium b\u00e9lb\u0151l t\u00f6rt\u00e9n\u0151 felsz\u00edv\u00f3d\u00e1s\u00e1nak nemk\u00edv\u00e1natos n\u00f6veked\u00e9s\u00e9hez vezet.<br \/>\n- A pezsg\u0151tablett\u00e1k gy\u00fcm\u00f6lcssavakat is tartalmaznak, amelyek fokozhatj\u00e1k az alum\u00ednium felsz\u00edv\u00f3d\u00e1s\u00e1t.<\/p>\n<p style=\"font-weight: 400;\"><b><strong>ALKALMAZ\u00c1S TERHESS\u00c9G \u00c9S SZOPTAT\u00c1S SOR\u00c1N:<\/strong><\/b><\/p>\n<p style=\"font-weight: 400;\">Miel\u0151tt b\u00e1rmilyen gy\u00f3gyszert elkezdene szedni, konzult\u00e1ljon orvos\u00e1val vagy gy\u00f3gyszer\u00e9sz\u00e9vel.<\/p>\n<p style=\"font-weight: 400;\">Terhess\u00e9g \u00e9s szoptat\u00e1s alatt a hidrotalcit csak r\u00f6vid ideig haszn\u00e1lhat\u00f3, hogy elker\u00fclj\u00fck a megn\u00f6vekedett alum\u00edniummennyis\u00e9g megjelen\u00e9s\u00e9t gyermekekn\u00e9l.<\/p>\n<p style=\"font-weight: 400;\">Az alum\u00ednium \u00e9s magn\u00e9zium komponensek bejutnak a magzatba, \u00e9s a tejben is megtal\u00e1lhat\u00f3k, \u00edgy nem kiz\u00e1rt, hogy a hosszan tart\u00f3 haszn\u00e1lat alum\u00ednium \u00e9s magn\u00e9zium felhalmoz\u00f3d\u00e1s\u00e1hoz vezethet a magzat \u00e9s az \u00fajsz\u00fcl\u00f6tt sz\u00f6veteiben. Az \u00fajsz\u00fcl\u00f6tt kock\u00e1zata nem val\u00f3sz\u00edn\u0171, mert csak kis mennyis\u00e9gben sz\u00edv\u00f3dik fel.<\/p>\n<p style=\"font-weight: 400;\">Nincsenek publik\u00e1lt jelent\u00e9sek a hidrotalcit terhess\u00e9g vagy szoptat\u00e1s alatti k\u00e1ros hat\u00e1sair\u00f3l. A terhess\u00e9g vagy szoptat\u00e1s alatt hidrotalcitot alkalmaz\u00f3 any\u00e1k gyermekein azonban nincsenek specifikus vizsg\u00e1latok, amelyek kiz\u00e1rhatn\u00e1k a k\u00e1ros hat\u00e1sokat.<\/p>\n<p style=\"font-weight: 400;\"><b><strong>G\u00c9PJ\u00c1RM\u0170 \u00c9S G\u00c9P VEZET\u00c9S\u00c9NEK PSZICHO-FIZIKAI K\u00c9PESS\u00c9GEIRE VAL\u00d3 HAT\u00c1S:<\/strong><\/b><br \/>\nA Rupurut\u00ae nincs hat\u00e1ssal a pszichofizikai k\u00e9pess\u00e9gekre g\u00e9pj\u00e1rm\u0171vezet\u00e9s \u00e9s g\u00e9pek vezet\u00e9se k\u00f6zben.<\/p>\n<p style=\"font-weight: 400;\"><b><strong>MIRE KELL FIGYELNI, HA M\u00c1S GY\u00d3GYSZERT SZED?<\/strong><\/b><\/p>\n<p style=\"font-weight: 400;\">Felh\u00edvjuk figyelm\u00e9t, hogy ezek az inform\u00e1ci\u00f3k azokra a gy\u00f3gyszerekre is vonatkozhatnak, amelyeket m\u00e1r nem szed, valamint azokra a gy\u00f3gyszerekre, amelyeket a j\u00f6v\u0151ben szedni tervez. Felt\u00e9tlen\u00fcl t\u00e1j\u00e9koztassa kezel\u0151orvos\u00e1t vagy gy\u00f3gyszer\u00e9sz\u00e9t a jelenleg vagy nemr\u00e9giben szedett egy\u00e9b gy\u00f3gyszereir\u0151l, bele\u00e9rtve a v\u00e9ny n\u00e9lk\u00fcl kaphat\u00f3 k\u00e9sz\u00edtm\u00e9nyeket is.<\/p>\n<p style=\"font-weight: 400;\">A Rupurut\u00ae r\u00e1g\u00f3tabletta befoly\u00e1solhatja m\u00e1s anyagok felsz\u00edv\u00f3d\u00e1s\u00e1t \u00e9s ez\u00e1ltal hat\u00e9konys\u00e1g\u00e1t. A dikumarol felsz\u00edv\u00f3d\u00e1s\u00e1nak sebess\u00e9ge n\u0151. A reszorpci\u00f3 jelent\u0151s cs\u00f6kken\u00e9s\u00e9t \u00edrt\u00e1k le bizonyos antibiotikumok (p\u00e9ld\u00e1ul tetraciklin \u00e9s kinolon sz\u00e1rmaz\u00e9kok, mint a ciprofloxacin, ofloxacin \u00e9s norfloxacin), sz\u00edvm\u0171k\u00f6d\u00e9st jav\u00edt\u00f3 anyagok (kardiotoni\u00e1s glikozidok), valamint ketokonazol, klorokin, kl\u00f3rpromazin, izoniazmazin, rifampicin eset\u00e9ben. . Az indometacin, a vass\u00f3k, a vitaminok, a kaptopril, a fenitoin, a pajzsmirigyhormonok stb. felsz\u00edv\u00f3d\u00e1sa is zavart okoz.<\/p>\n<p style=\"font-weight: 400;\">Vigy\u00e1zni kell arra is, hogy a Rupurut\u00ae r\u00e1g\u00f3tabletta milyen hat\u00e1ssal lehet a vizelettel \u00fcr\u00fcl\u0151 gy\u00f3gyszerek, pl. szalicil\u00e1tok vagy kinidin.<\/p>\n<p style=\"font-weight: 400;\">Ez\u00e9rt m\u00e1s k\u00e9sz\u00edtm\u00e9nyeket mindig 2-3 \u00f3r\u00e1val a Rupurut\u00ae r\u00e1g\u00f3tabletta bev\u00e9tele el\u0151tt vagy ut\u00e1n kell bevenni.<\/p>\n<p style=\"font-weight: 400;\"><b><strong>3. HOGYAN ALKALMAZHAT\u00d3 A RUPURUT\u00ae?<\/strong><\/b><\/p>\n<p style=\"font-weight: 400;\">Ha \u00fagy gondolja, hogy a Rupuruf t\u00fal gyeng\u00e9n vagy er\u0151sen hat az \u00d6n szervezet\u00e9re, forduljon orvos\u00e1hoz vagy gy\u00f3gyszer\u00e9sz\u00e9hez.<\/p>\n<p style=\"font-weight: 400;\">A gy\u00f3gyszert a jelen utas\u00edt\u00e1sban le\u00edrtak szerint kell bevenni (hacsak kezel\u0151orvosa m\u00e1sk\u00e9nt nem rendelte). Ha nem k\u00f6veti az utas\u00edt\u00e1sokat, a gy\u00f3gyszer nem fog megfelel\u0151en hatni.<\/p>\n<p style=\"font-weight: 400;\"><b><strong>Feln\u0151ttek \u00e9s 14 \u00e9v feletti gyermekek:<\/strong><\/b><\/p>\n<p style=\"font-weight: 400;\">Egy-k\u00e9t tabletta (500 mg - 1000 mg hidrotalcit), naponta h\u00e1romszor-n\u00e9gyszer egy-k\u00e9t \u00f3r\u00e1val \u00e9tkez\u00e9s ut\u00e1n, lefekv\u00e9s el\u0151tt vagy gyomorpanasz eset\u00e9n.<\/p>\n<p style=\"font-weight: 400;\">A napi adag nem haladhatja meg a 12 r\u00e1g\u00f3tablett\u00e1t, ami 6000 mg hidrotalcitnak felel meg.<\/p>\n<p style=\"font-weight: 400;\">M\u00e1s k\u00e9sz\u00edtm\u00e9nyeket mindig 2-3 \u00f3r\u00e1val a Rupurut\u00ae r\u00e1g\u00f3tabletta bev\u00e9tele el\u0151tt vagy ut\u00e1n kell bevenni.<\/p>\n<p style=\"font-weight: 400;\">A kezel\u00e9s id\u0151tartama a rendelleness\u00e9g t\u00edpus\u00e1t\u00f3l, s\u00falyoss\u00e1g\u00e1t\u00f3l \u00e9s lefoly\u00e1s\u00e1t\u00f3l f\u00fcgg.<\/p>\n<p style=\"font-weight: 400;\">Ha a t\u00fcnetek 2 hetes kezel\u00e9sn\u00e9l tov\u00e1bb tartanak, orvoshoz kell fordulni.<\/p>\n<p style=\"font-weight: 400;\"><b><strong>HA T\u00d6BB GY\u00d3GYSZERT VETT BE A KELLETTN\u00c9L:<\/strong><\/b><br \/>\nHa az el\u0151\u00edrtn\u00e1l nagyobb adag Rupurut\u00ae-ot vett be, azonnal forduljon kezel\u0151orvos\u00e1hoz vagy gy\u00f3gyszer\u00e9sz\u00e9hez! A Rupurut\u00ae r\u00e1g\u00f3tablett\u00e1val val\u00f3 m\u00e9rgez\u00e9s nem val\u00f3sz\u00edn\u0171 az alum\u00ednium \u00e9s a magn\u00e9zium rossz felsz\u00edv\u00f3d\u00e1sa miatt. A t\u00falzott adagok megv\u00e1ltoztathatj\u00e1k a sz\u00e9klet jellemz\u0151it, p\u00e9ld\u00e1ul l\u00e1gy sz\u00e9kletet vagy megn\u00f6vekedett gyakoris\u00e1got. Ilyen esetekben \u00e1ltal\u00e1ban nincs sz\u00fcks\u00e9g ter\u00e1pi\u00e1s int\u00e9zked\u00e9sekre.<\/p>\n<p style=\"font-weight: 400;\"><b><strong>HA ELFELEJTE BESZEDNI A RUPURUT-T:<\/strong><\/b><\/p>\n<p style=\"font-weight: 400;\">Soha ne vegyen be dupla adagot a kihagyott adag p\u00f3tl\u00e1s\u00e1ra<\/p>\n<p style=\"font-weight: 400;\"><b><strong>MI T\u00d6RT\u00c9NIK, HA HIRTELEN HASZN\u00c1LJA A RUPURUT\u00ae SZED\u00c9ST?<\/strong><\/b><br \/>\nMindig konzult\u00e1ljon orvos\u00e1val, miel\u0151tt \u00fagy d\u00f6nt, hogy abbahagyja a kezel\u00e9st vagy abbahagyja a Rupurut\u00ae r\u00e1g\u00f3tabletta szed\u00e9s\u00e9t, p\u00e9ld\u00e1ul mell\u00e9khat\u00e1sok miatt.<\/p>\n<p style=\"font-weight: 400;\"><b><strong>4. A GY\u00d3GYSZER MELL\u00c9KHAT\u00c1SAI:<\/strong><\/b><\/p>\n<p style=\"font-weight: 400;\">Nagy adagok l\u00e1gy vagy gyakoribb sz\u00e9kletet okozhatnak. Ezek a jelek azonban nem val\u00f3sz\u00edn\u0171ek az aj\u00e1nlott adagok mellett. S\u00falyos vesem\u0171k\u00f6d\u00e9si zavarban szenved\u0151 betegekn\u00e9l, bele\u00e9rtve a hemodializ\u00e1lt betegeket is, a magn\u00e9ziumot \u00e9s alum\u00edniumot tartalmaz\u00f3 term\u00e9kek, p\u00e9ld\u00e1ul a Rupurut\u00ae r\u00e1g\u00f3tabletta haszn\u00e1lata a v\u00e9r magn\u00e9zium- \u00e9s alum\u00edniumszintj\u00e9nek emelked\u00e9s\u00e9t okozhatja. Azok a veseel\u00e9gtelens\u00e9gben szenved\u0151 betegek, akik hossz\u00fa ideig nagy adagokat szednek, \u00e9rz\u00e9kenyek lehetnek az alum\u00ednium lerak\u00f3d\u00e1s\u00e1ra, k\u00fcl\u00f6n\u00f6sen az agym\u0171k\u00f6d\u00e9si zavarokkal (encephalopathia \u00e9s demencia) j\u00e1r\u00f3 idegsz\u00f6vetekben, valamint a csontok l\u00e1gyul\u00e1s\u00e1val (osteomalacia) \u00e9s ennek k\u00f6vetkezt\u00e9ben vesek\u0151k\u00e9pz\u0151d\u00e9ssel j\u00e1r\u00f3 csontokban. . A magn\u00e9zium felhalmoz\u00f3d\u00e1sa toxikus hat\u00e1shoz vezet nyom\u00e1scs\u00f6kken\u00e9ssel, sz\u00edvritmuszavarral, ment\u00e1lis depresszi\u00f3val \u00e9s l\u00e9gz\u00e9si rendelleness\u00e9ggel j\u00e1r\u00f3 sz\u00edvm\u0171k\u00f6d\u00e9s lassul\u00e1s\u00e1hoz.<\/p>\n<p style=\"font-weight: 400;\">Emiatt a Rupurut\u00ae r\u00e1g\u00f3tablett\u00e1t hossz\u00fa ideig haszn\u00e1l\u00f3 veseel\u00e9gtelens\u00e9gben szenved\u0151 betegeknek rendszeresen ellen\u0151rizni\u00fck kell alum\u00edniumszintj\u00fcket.<\/p>\n<p style=\"font-weight: 400;\">A gy\u00f3gyszer komponenseinek a b\u00e9lben t\u00f6rt\u00e9n\u0151 reakci\u00f3ja miatt az \u00e9lelmiszerb\u0151l sz\u00e1rmaz\u00f3 foszf\u00e1tokkal, nagyobb d\u00f3zisok hossz\u00fa t\u00e1v\u00fa alkalmaz\u00e1sa, a foszf\u00e1tok cs\u00f6kkent t\u00e1pl\u00e1l\u00e9kfelv\u00e9tele vagy k\u00e1rosodott felsz\u00edv\u00f3d\u00e1sa a b\u00e9lben, cs\u00f6kkenhet a a foszf\u00e1t mennyis\u00e9ge a szervezetben, ha fenn\u00e1ll a csontbont\u00e1s (osteomalacia) \u00e9s a kalcium fokozott felsz\u00edv\u00f3d\u00e1s\u00e1nak vesz\u00e9lye.<\/p>\n<p style=\"font-weight: 400;\">Ha olyan t\u00fcnetet \u00e9szlel, amely a Rupurut\u00ae gy\u00f3gyszer mell\u00e9khat\u00e1sa lehet, \u00e9s nem szerepel ebben az utas\u00edt\u00e1sban, azonnal \u00e9rtes\u00edtse orvos\u00e1t vagy gy\u00f3gyszer\u00e9sz\u00e9t.<\/p>\n<p style=\"font-weight: 400;\">Forduljon orvoshoz, ha a Rupurut\u00ae r\u00e1g\u00f3tablett\u00e1val v\u00e9gzett kezel\u00e9s sor\u00e1n hasmen\u00e9s l\u00e9p fel. Az adag cs\u00f6kkent\u00e9se \u00e1ltal\u00e1ban javul\u00e1shoz vezet.<\/p>\n<p style=\"font-weight: 400;\"><b><strong>5. T\u00c1ROL\u00c1S \u00c9S LEJ\u00c1RATI ID\u0150 T\u00c1ROL\u00c1S:<\/strong><\/b><br \/>\nA Rupuruf gy\u00f3gyszert tartsa t\u00e1vol a decelt\u0151l. Nincsenek k\u00fcl\u00f6nleges t\u00e1rol\u00e1si felt\u00e9telek.<\/p>\n<p style=\"font-weight: 400;\"><b><strong>LEJ\u00c1RATI D\u00c1TUM:\u00a0<\/strong><\/b><br \/>\n5 \u00e9v.<br \/>\nA lej\u00e1rati id\u0151 a csomagol\u00e1son van felt\u00fcntetve.<br \/>\nA gy\u00f3gyszert a csomagol\u00e1son felt\u00fcntetett lej\u00e1rati id\u0151 ut\u00e1n nem szabad felhaszn\u00e1lni!<\/p>\n<p style=\"font-weight: 400;\"><b><strong>A GY\u00d3GYSZER KIAD\u00c1S\u00c1NAK M\u00d3DJA:<\/strong><\/b><br \/>\nA gy\u00f3gyszer v\u00e9ny n\u00e9lk\u00fcl is kiadhat\u00f3.<\/p>\n<p style=\"font-weight: 400;\"><b><strong>K\u00dcL\u00d6NLEGES INT\u00c9ZKED\u00c9SEK A FEL NEM HASZN\u00c1LT GY\u00d3GYSZEREK VAGY A GY\u00d3GYSZERMARAD\u00c9KOK MEGSEMMIS\u00cdT\u00c9S\u00c9RE:<\/strong><\/b><br \/>\nA hat\u00e1lyos el\u0151\u00edr\u00e1soknak megfelel\u0151en.<\/p>\n<p style=\"font-weight: 400;\"><b><strong>AZ UTAS\u00cdT\u00c1SOK SZ\u00d6VEG\u00c9NEK UTOLS\u00d3 FEL\u00dcLVIZSG\u00c1LAT\u00c1NAK D\u00c1TUMA:<\/strong><\/b><br \/>\n2010. \u00e1prilis<\/p>\n<p style=\"font-weight: 400;\"><b><strong>TOV\u00c1BBI INFORM\u00c1CI\u00d3:<\/strong><\/b><\/p>\n<p style=\"font-weight: 400;\">Kedves betegek!<\/p>\n<p style=\"font-weight: 400;\">Az al\u00e1bbiak a gyomorpanaszokkal kapcsolatos inform\u00e1ci\u00f3k:<\/p>\n<p style=\"font-weight: 400;\">Milyen t\u00fcnetei vannak a gyomor (pl. sav \u00e1ltal kiv\u00e1ltott) rendelleness\u00e9geknek?<\/p>\n<p style=\"font-weight: 400;\"><b><strong>A k\u00f6vetkez\u0151 t\u00fcnetek jelentkezhetnek:<\/strong><\/b><br \/>\n\u2013 Gyomor\u00e9g\u00e9s, savany\u00fa b\u00f6f\u00f6g\u00e9s<br \/>\n- Nyom\u00e1s a gyomorban<br \/>\n- F\u00e1j a hasam<\/p>\n<p style=\"font-weight: 400;\">Mi okozza ezeket a t\u00fcneteket?<\/p>\n<p style=\"font-weight: 400;\">Okozhatom \u0151ket pl.<br \/>\n- Stressz<br \/>\n- Rossz \u00e9tkez\u00e9si szok\u00e1sok<br \/>\n- Nikotin, koffein \u00e9s\/vagy alkoholos italok t\u00falzott fogyaszt\u00e1sa<br \/>\n- \u00c9s n\u00e9h\u00e1ny gy\u00f3gyszert<\/p>\n<p style=\"font-weight: 400;\"><b><strong>Hogyan m\u0171k\u00f6dik a Rupurut\u00ae r\u00e1g\u00f3tabletta?<\/strong><\/b><\/p>\n<p style=\"font-weight: 400;\">A Rupurut\u00ae r\u00e1g\u00f3tabletta gyorsan hat, \u00e9s megk\u00f6nnyebb\u00fcl\u00e9st eredm\u00e9nyez:<br \/>\n\u2013 A Rupurut\u00ae r\u00e1g\u00f3tabletta gyorsan semleges\u00edti a gyomorsavat<br \/>\n\u2013 A Rupurut\u00ae r\u00e1g\u00f3tabletta hossz\u00fa t\u00e1von megk\u00f6ti a pepszint \u00e9s az epesavakat, amelyek k\u00e1ros\u00edthatj\u00e1k a gyomrot<br \/>\n\u2013 A Rupurut\u00ae r\u00e1g\u00f3tabletta er\u0151s\u00edti a gyomorny\u00e1lkah\u00e1rtya v\u00e9d\u0151faktorait<\/p>\n<p style=\"font-weight: 400;\"><b><strong>Haszn\u00e1lat el\u0151tt olvassa el r\u00e9szletesen a haszn\u00e1lati utas\u00edt\u00e1st! Az indik\u00e1ci\u00f3kkal, \u00f3vint\u00e9zked\u00e9sekkel \u00e9s a gy\u00f3gyszermell\u00e9khat\u00e1sokkal kapcsolatban forduljon orvos\u00e1hoz vagy gy\u00f3gyszer\u00e9sz\u00e9hez!<\/strong><\/b><\/p>","protected":false},"featured_media":5588,"template":"","meta":[],"product_brand":[3094],"product_cat":[126],"product_tag":[341,2101,2199,2168],"class_list":{"0":"post-5587","1":"product","2":"type-product","3":"status-publish","4":"has-post-thumbnail","6":"product_brand-bayer","7":"product_cat-preparati-za-gorusicu-i-otezano-varenje","8":"product_tag-gorusica","9":"product_tag-kiselina","10":"product_tag-otezanjo-varenje","11":"product_tag-tablete-za-zvakanje","13":"first","14":"instock","15":"shipping-taxable","16":"product-type-simple"},"ams_default_variation_id":0,"ams_product_points_reward":[],"ams_product_discount_percentage":0,"ams_price_to_display":0,"ams_acf":[],"jetpack_sharing_enabled":true,"_links":{"self":[{"href":"https:\/\/apotekar-online.rs\/hu\/wp-json\/wp\/v2\/product\/5587","targetHints":{"allow":["GET"]}}],"collection":[{"href":"https:\/\/apotekar-online.rs\/hu\/wp-json\/wp\/v2\/product"}],"about":[{"href":"https:\/\/apotekar-online.rs\/hu\/wp-json\/wp\/v2\/types\/product"}],"wp:featuredmedia":[{"embeddable":true,"href":"https:\/\/apotekar-online.rs\/hu\/wp-json\/wp\/v2\/media\/5588"}],"wp:attachment":[{"href":"https:\/\/apotekar-online.rs\/hu\/wp-json\/wp\/v2\/media?parent=5587"}],"wp:term":[{"taxonomy":"product_brand","embeddable":true,"href":"https:\/\/apotekar-online.rs\/hu\/wp-json\/wp\/v2\/product_brand?post=5587"},{"taxonomy":"product_cat","embeddable":true,"href":"https:\/\/apotekar-online.rs\/hu\/wp-json\/wp\/v2\/product_cat?post=5587"},{"taxonomy":"product_tag","embeddable":true,"href":"https:\/\/apotekar-online.rs\/hu\/wp-json\/wp\/v2\/product_tag?post=5587"}],"curies":[{"name":"wp","href":"https:\/\/api.w.org\/{rel}","templated":true}]}}