{"id":5651,"date":"2024-02-19T10:53:45","date_gmt":"2024-02-19T12:53:45","guid":{"rendered":"https:\/\/apotekar-online.rs\/?post_type=product&#038;p=5651"},"modified":"2026-03-05T08:09:32","modified_gmt":"2026-03-05T10:09:32","slug":"nuk-palack-muanyag-szilikon-homersekletjelzo-oroszlankiraly","status":"publish","type":"product","link":"https:\/\/apotekar-online.rs\/hu\/p\/nuk-flasica-plasticna-silikon-sa-indikatorom-temperature-lion-king\/","title":{"rendered":"Nuk m\u0171anyag szilikon palack h\u0151m\u00e9rs\u00e9kletjelz\u0151vel Oroszl\u00e1nkir\u00e1ly"},"content":{"rendered":"<p>NUK PALAK H\u0150M\u00c9RS\u00c9KLETSZAB\u00c1LYOZ\u00c1SSAL<\/p>\n<p>NUK fla\u0161ica sa indikatorom temperature spre\u010dava da detetu date vru\u0107u hranu.<\/p>\n<p>Ukoliko je sadr\u017eaj fla\u0161ice previ\u0161e vru\u0107, indikator \u0107e promeniti boju u belu.<\/p>\n<p>Uvek proverite temperaturu sadr\u017eaja fla\u0161ice pre hranjenja deteta.<\/p>\n<p>NUK fla\u0161ice su decenijama sastavni deo brojnih sre\u0107nih porodica.<\/p>\n<p>Bez obzira da li su staklene ili plasti\u010dne, velike ili male, sa kau\u010duk ili silikonskom cuclom, NUK fla\u0161ice su uvek proizvodi vrhunskog kvaliteta.<\/p>\n<p>Bogat izbor \u0161arenih crte\u017ea pru\u017ea majkama celog sveta mogu\u0107nost da izaberu najlep\u0161i dizajn za svoje voljene mali\u0161ane.<\/p>\n<p>Orginalna NUK cucla je napravljena po uzoru na maj\u010dinu bradavicu i vrh silikonske cucle sa svojom mekom zonom optimalno se uklapa u nepce va\u0161e bebe stvaraju\u0107i prirodan ose\u0107aj.<\/p>\n<p>Za sre\u0107an mali bebin stoma\u010dic bez gr\u010deva, NUK Anti-Colik Air sistem obezbe\u0111uje prirodan protok te\u010dnosti i vazduha koji poma\u017ee va\u0161oj bebi da pije bez gutanja vazduha. Klini\u010dki testirano.<\/p>\n<p>NUK fla\u0161ice se lako pune i \u010diste zbog \u0161irokog otvora.<\/p>\n<p>Napravljene su od visokokvalitetnih materijala , bez prisustva BPA i \u0161tetnih materija.<\/p>\n<p>NUK fla\u0161ice za bebe su u skladu sa evropskim bezbednosnim \u00a0standardom EN14350<\/p>\n<p>Uzrast: 6-18 meseci<\/p>","protected":false},"excerpt":{"rendered":"<p>NUK FLA\u0160ICA SA KONTROLOM TEMPERATURE NUK fla\u0161ica sa indikatorom temperature spre\u010dava da detetu date vru\u0107u hranu. Ukoliko je sadr\u017eaj fla\u0161ice previ\u0161e vru\u0107, indikator \u0107e promeniti boju u belu. Uvek proverite temperaturu sadr\u017eaja fla\u0161ice pre hranjenja deteta. NUK fla\u0161ice su decenijama sastavni deo brojnih sre\u0107nih porodica. Bez obzira da li su staklene ili plasti\u010dne, velike ili [&hellip;]<\/p>\n","protected":false},"featured_media":5652,"template":"","meta":[],"product_brand":[],"product_cat":[385,340],"product_tag":[418,389,1845],"class_list":{"0":"post-5651","1":"product","2":"type-product","3":"status-publish","4":"has-post-thumbnail","6":"product_cat-bebi-oprema","7":"product_cat-deciji-program","8":"product_tag-decija-oprema","9":"product_tag-flasica","10":"product_tag-nuk","11":"pa_brend-nuk","13":"first","14":"instock","15":"shipping-taxable","16":"purchasable","17":"product-type-simple"},"ams_default_variation_id":0,"ams_product_points_reward":[],"ams_product_discount_percentage":0,"ams_price_to_display":1167.66,"ams_acf":[],"jetpack_sharing_enabled":true,"_links":{"self":[{"href":"https:\/\/apotekar-online.rs\/hu\/wp-json\/wp\/v2\/product\/5651","targetHints":{"allow":["GET"]}}],"collection":[{"href":"https:\/\/apotekar-online.rs\/hu\/wp-json\/wp\/v2\/product"}],"about":[{"href":"https:\/\/apotekar-online.rs\/hu\/wp-json\/wp\/v2\/types\/product"}],"wp:featuredmedia":[{"embeddable":true,"href":"https:\/\/apotekar-online.rs\/hu\/wp-json\/wp\/v2\/media\/5652"}],"wp:attachment":[{"href":"https:\/\/apotekar-online.rs\/hu\/wp-json\/wp\/v2\/media?parent=5651"}],"wp:term":[{"taxonomy":"product_brand","embeddable":true,"href":"https:\/\/apotekar-online.rs\/hu\/wp-json\/wp\/v2\/product_brand?post=5651"},{"taxonomy":"product_cat","embeddable":true,"href":"https:\/\/apotekar-online.rs\/hu\/wp-json\/wp\/v2\/product_cat?post=5651"},{"taxonomy":"product_tag","embeddable":true,"href":"https:\/\/apotekar-online.rs\/hu\/wp-json\/wp\/v2\/product_tag?post=5651"}],"curies":[{"name":"wp","href":"https:\/\/api.w.org\/{rel}","templated":true}]}}