{"id":5656,"date":"2024-02-19T11:53:18","date_gmt":"2024-02-19T13:53:18","guid":{"rendered":"https:\/\/apotekar-online.rs\/?post_type=product&#038;p=5656"},"modified":"2026-03-05T08:09:32","modified_gmt":"2026-03-05T10:09:32","slug":"piszoar-expressz-ph-6-taska","status":"publish","type":"product","link":"https:\/\/apotekar-online.rs\/hu\/p\/urinal-express-ph-6-kesica\/","title":{"rendered":"Urinal Express pH 6 tasak"},"content":{"rendered":"","protected":false},"excerpt":{"rendered":"<p>Az Urinal Express pH gyorsan \u00e9s biztons\u00e1gosan semleges\u00edti a savas vizelet pH-\u00e9rt\u00e9k\u00e9t, amely felel\u0151s az \u00e9g\u0151 \u00e9s sz\u00far\u00f3 \u00e9rz\u00e9s\u00e9rt.<\/p>\n<div>Sz\u00e1r\u00edtott kanadai \u00e1fonyal\u00e9 por\u00e1t, k\u00e1lium-citr\u00e1tot, n\u00e1trium-citr\u00e1tot \u00e9s ny\u00edrfalev\u00e9l-kivonatot tartalmaz, amely k\u00e9nyelmet biztos\u00edt \u00e9s helyre\u00e1ll\u00edtja a komfort\u00e9rzetet az\u00e1ltal, hogy megsz\u00fcnteti az olyan kellemetlen panaszokat, mint az \u00e9g\u00e9s \u00e9s a sz\u00far\u00e1s. Gyors enyh\u00fcl\u00e9st biztos\u00edt \u00e9s helyre\u00e1ll\u00edtja a k\u00e9nyelmet az els\u0151 2 napban.<\/div>\n<div><\/div>\n<div>\n<div class=\"way_use_Wrapper\">\n<p class=\"mainTitle oswald\"><strong>A felhaszn\u00e1l\u00e1s m\u00f3dja<\/strong><\/p>\n<div class=\"text\">Feln\u0151ttek \u00e9s 12 \u00e9v feletti gyermekek: Naponta h\u00e1romszor egy tasak tartalm\u00e1t 200 ml v\u00edzben, meleg vagy hideg italban oldjuk fel, \u00e9s igyunk. Ne haszn\u00e1lja folyamatosan 2 napn\u00e1l tov\u00e1bb.<\/div>\n<\/div>\n<div class=\"composition_Wrapper\">\n<p class=\"mainTitle oswald\"><strong>Fogalmaz\u00e1s<\/strong><\/p>\n<div class=\"text\">k\u00e1lium-citr\u00e1t 1109,20 mg; n\u00e1trium-citr\u00e1t 934,18 mg; \u00c1fonya (Vaccinium macrocarpon) 620 mg<\/div>\n<\/div>\n<\/div>","protected":false},"featured_media":5657,"template":"","meta":[],"product_brand":[],"product_cat":[132],"product_tag":[1012,1921,2215,2214,2216,1797,2213,1808],"class_list":{"0":"post-5656","1":"product","2":"type-product","3":"status-publish","4":"has-post-thumbnail","6":"product_cat-preparati-za-urinarne-infekcije-i-kamen-u-bubregu","7":"product_tag-breza","8":"product_tag-ispiranje-mokracne-puteve","9":"product_tag-kalijum-citrat","10":"product_tag-kanadska-brusnica","11":"product_tag-natrijum-hidrat","12":"product_tag-peckanje","13":"product_tag-ph-vrednost","14":"product_tag-urinarne-infekcije","15":"pa_brend-hemofarm","17":"first","18":"instock","19":"shipping-taxable","20":"purchasable","21":"product-type-simple"},"ams_default_variation_id":0,"ams_product_points_reward":[],"ams_product_discount_percentage":0,"ams_price_to_display":864,"ams_acf":[],"jetpack_sharing_enabled":true,"_links":{"self":[{"href":"https:\/\/apotekar-online.rs\/hu\/wp-json\/wp\/v2\/product\/5656","targetHints":{"allow":["GET"]}}],"collection":[{"href":"https:\/\/apotekar-online.rs\/hu\/wp-json\/wp\/v2\/product"}],"about":[{"href":"https:\/\/apotekar-online.rs\/hu\/wp-json\/wp\/v2\/types\/product"}],"wp:featuredmedia":[{"embeddable":true,"href":"https:\/\/apotekar-online.rs\/hu\/wp-json\/wp\/v2\/media\/5657"}],"wp:attachment":[{"href":"https:\/\/apotekar-online.rs\/hu\/wp-json\/wp\/v2\/media?parent=5656"}],"wp:term":[{"taxonomy":"product_brand","embeddable":true,"href":"https:\/\/apotekar-online.rs\/hu\/wp-json\/wp\/v2\/product_brand?post=5656"},{"taxonomy":"product_cat","embeddable":true,"href":"https:\/\/apotekar-online.rs\/hu\/wp-json\/wp\/v2\/product_cat?post=5656"},{"taxonomy":"product_tag","embeddable":true,"href":"https:\/\/apotekar-online.rs\/hu\/wp-json\/wp\/v2\/product_tag?post=5656"}],"curies":[{"name":"wp","href":"https:\/\/api.w.org\/{rel}","templated":true}]}}