{"id":5687,"date":"2024-02-22T07:52:46","date_gmt":"2024-02-22T09:52:46","guid":{"rendered":"https:\/\/apotekar-online.rs\/?post_type=product&#038;p=5687"},"modified":"2026-03-05T08:09:31","modified_gmt":"2026-03-05T10:09:31","slug":"osteocare-30-ragotabletta","status":"publish","type":"product","link":"https:\/\/apotekar-online.rs\/hu\/p\/osteocare-30-tableta-za-zvakanje\/","title":{"rendered":"Osteocare 30 r\u00e1g\u00f3tabletta"},"content":{"rendered":"","protected":false},"excerpt":{"rendered":"<p><strong>Osteocare\u00a0<\/strong>a j\u00f3 csontszerkezet \u00e9rdek\u00e9ben.<br \/>\n<strong>Osteocare\u00a0<\/strong>Anglia legn\u00e9pszer\u0171bb \u00e9trend-kieg\u00e9sz\u00edt\u0151je, amely pontosan az aj\u00e1nlott napi adag kalciumot, magn\u00e9ziumot, cinket, D-vitamint \u00e9s a csontok \u00e9s fogak meg\u0151rz\u00e9s\u00e9t \u00e9s regener\u00e1ci\u00f3j\u00e1t seg\u00edt\u0151 esszenci\u00e1lis kofaktorokat tartalmazza.<\/p>\n<p>&nbsp;<\/p>\n<p>Nyel\u00e9si neh\u00e9zs\u00e9gekkel k\u00fczd\u0151k sz\u00e1m\u00e1ra k\u00e9sz\u00fclt, kellemes narancs \u00e9s borsmenta \u00edz\u0171.<\/p>\n<div class=\"way_use_Wrapper\">\n<p class=\"mainTitle oswald\"><strong>A felhaszn\u00e1l\u00e1s m\u00f3dja<\/strong><\/p>\n<div class=\"text\">\n<p>Alkalmaz\u00e1sa: naponta 2 tablett\u00e1t r\u00e1gjon el. 4-12 \u00e9ves gyermekek: naponta 1 tablett\u00e1t r\u00e1gjanak el.<\/p>\n<\/div>\n<\/div>\n<div class=\"composition_Wrapper\">\n<p class=\"mainTitle oswald\"><strong>Fogalmaz\u00e1s<\/strong><\/p>\n<div class=\"text\">\n<p>A gondosan kiegyens\u00falyozott kalcium-, magn\u00e9zium-, D3-vitamin- \u00e9s cink-adagok mellett az Osteocare r\u00e1g\u00f3tablett\u00e1k a k\u00f6vetkez\u0151ket is tartalmazz\u00e1k:<br \/>\na mang\u00e1n, amely r\u00e9szt vesz a porck\u00e9pz\u0151d\u00e9sben,<br \/>\nA b\u00f3r, amely cs\u00f6kkenti a Ca \u00e9s Mg ves\u00e9n kereszt\u00fcli kiv\u00e1laszt\u00e1s\u00e1t,<br \/>\nSzel\u00e9n \u00e9s r\u00e9z, amelyek emellett t\u00e1mogatj\u00e1k a csontok k\u00e9pz\u0151d\u00e9s\u00e9t.<\/p>\n<\/div>\n<\/div>","protected":false},"featured_media":5688,"template":"","meta":[],"product_brand":[],"product_cat":[82],"product_tag":[348,185,2251,333,267,323,246],"class_list":{"0":"post-5687","1":"product","2":"type-product","3":"status-publish","4":"has-post-thumbnail","6":"product_cat-kosti-zglobovi-i-neuropatski-bol","7":"product_tag-bol","8":"product_tag-cink","9":"product_tag-hrskavice","10":"product_tag-kalcijum","11":"product_tag-kosti","12":"product_tag-magnezijum","13":"product_tag-vitamin-d","14":"pa_brend-vitabiotics","16":"first","17":"instock","18":"shipping-taxable","19":"product-type-simple"},"ams_default_variation_id":0,"ams_product_points_reward":[],"ams_product_discount_percentage":0,"ams_price_to_display":0,"ams_acf":[],"jetpack_sharing_enabled":true,"_links":{"self":[{"href":"https:\/\/apotekar-online.rs\/hu\/wp-json\/wp\/v2\/product\/5687","targetHints":{"allow":["GET"]}}],"collection":[{"href":"https:\/\/apotekar-online.rs\/hu\/wp-json\/wp\/v2\/product"}],"about":[{"href":"https:\/\/apotekar-online.rs\/hu\/wp-json\/wp\/v2\/types\/product"}],"wp:featuredmedia":[{"embeddable":true,"href":"https:\/\/apotekar-online.rs\/hu\/wp-json\/wp\/v2\/media\/5688"}],"wp:attachment":[{"href":"https:\/\/apotekar-online.rs\/hu\/wp-json\/wp\/v2\/media?parent=5687"}],"wp:term":[{"taxonomy":"product_brand","embeddable":true,"href":"https:\/\/apotekar-online.rs\/hu\/wp-json\/wp\/v2\/product_brand?post=5687"},{"taxonomy":"product_cat","embeddable":true,"href":"https:\/\/apotekar-online.rs\/hu\/wp-json\/wp\/v2\/product_cat?post=5687"},{"taxonomy":"product_tag","embeddable":true,"href":"https:\/\/apotekar-online.rs\/hu\/wp-json\/wp\/v2\/product_tag?post=5687"}],"curies":[{"name":"wp","href":"https:\/\/api.w.org\/{rel}","templated":true}]}}