{"id":5698,"date":"2024-02-24T09:03:14","date_gmt":"2024-02-24T11:03:14","guid":{"rendered":"https:\/\/apotekar-online.rs\/?post_type=product&#038;p=5698"},"modified":"2026-03-05T08:09:31","modified_gmt":"2026-03-05T10:09:31","slug":"serapinn-forte-10-kapszula","status":"publish","type":"product","link":"https:\/\/apotekar-online.rs\/hu\/p\/serapinn-forte-10-kapsula\/","title":{"rendered":"Serapinn forte 10 kapszula"},"content":{"rendered":"","protected":false},"excerpt":{"rendered":"<p>A Serapinn forte kapszula szerapept\u00e1z enzimet tartalmaz, mely er\u0151sen hat a f\u00e1jdalom- \u00e9s gyullad\u00e1sos folyamatokra, ez\u00e9rt a seb\u00e9szet, f\u00fcl-orr-g\u00e9g\u00e9szet, sz\u00fcl\u00e9szet-n\u0151gy\u00f3gy\u00e1szat, ortop\u00e9dia, pulmonol\u00f3gia ter\u00fclet\u00e9n haszn\u00e1lj\u00e1k.<\/p>\n<h5><strong>Adagol\u00e1s \u00e9s alkalmaz\u00e1s m\u00f3dja<\/strong><\/h5>\n<p>Vegyen be egy kapszul\u00e1t naponta k\u00f6r\u00fclbel\u00fcl 200 ml v\u00edzzel, \u00e9tkez\u00e9s el\u0151tt egy \u00f3r\u00e1val vagy \u00e9tkez\u00e9s ut\u00e1n k\u00e9t \u00f3r\u00e1val. A ter\u00e1pia javasolt id\u0151tartama h\u00e9t-t\u00edz nap. Ezt k\u00f6vet\u0151en, ha a p\u00e1ciens az orvossal konzult\u00e1lva \u00fagy \u00edt\u00e9li meg, hogy sz\u00fcks\u00e9g van r\u00e1, \u00e1tt\u00e9rhet a 60 000 SPU er\u0151ss\u00e9g\u0171 Serapinn kapszul\u00e1kkal v\u00e9gzett ter\u00e1pi\u00e1ra.<\/p>\n<p><strong>Fogalmaz\u00e1s<\/strong><\/p>\n<p>Szerrapept\u00e1z 60 mg (120 000 SPU, szerrapept\u00e1z egys\u00e9g)<\/p>","protected":false},"featured_media":5699,"template":"","meta":[],"product_brand":[],"product_cat":[81],"product_tag":[1322,632,297,1252,1156],"class_list":{"0":"post-5698","1":"product","2":"type-product","3":"status-publish","4":"has-post-thumbnail","6":"product_cat-probiotici-i-enzimi","7":"product_tag-edem","8":"product_tag-enzim","9":"product_tag-otok","10":"product_tag-serapeptaza","11":"product_tag-zapaljenje","12":"pa_brend-innventa","14":"first","15":"instock","16":"shipping-taxable","17":"purchasable","18":"product-type-simple"},"ams_default_variation_id":0,"ams_product_points_reward":[],"ams_product_discount_percentage":0,"ams_price_to_display":1135.2,"ams_acf":[],"jetpack_sharing_enabled":true,"_links":{"self":[{"href":"https:\/\/apotekar-online.rs\/hu\/wp-json\/wp\/v2\/product\/5698","targetHints":{"allow":["GET"]}}],"collection":[{"href":"https:\/\/apotekar-online.rs\/hu\/wp-json\/wp\/v2\/product"}],"about":[{"href":"https:\/\/apotekar-online.rs\/hu\/wp-json\/wp\/v2\/types\/product"}],"wp:featuredmedia":[{"embeddable":true,"href":"https:\/\/apotekar-online.rs\/hu\/wp-json\/wp\/v2\/media\/5699"}],"wp:attachment":[{"href":"https:\/\/apotekar-online.rs\/hu\/wp-json\/wp\/v2\/media?parent=5698"}],"wp:term":[{"taxonomy":"product_brand","embeddable":true,"href":"https:\/\/apotekar-online.rs\/hu\/wp-json\/wp\/v2\/product_brand?post=5698"},{"taxonomy":"product_cat","embeddable":true,"href":"https:\/\/apotekar-online.rs\/hu\/wp-json\/wp\/v2\/product_cat?post=5698"},{"taxonomy":"product_tag","embeddable":true,"href":"https:\/\/apotekar-online.rs\/hu\/wp-json\/wp\/v2\/product_tag?post=5698"}],"curies":[{"name":"wp","href":"https:\/\/api.w.org\/{rel}","templated":true}]}}