{"id":5712,"date":"2024-02-26T09:22:22","date_gmt":"2024-02-26T11:22:22","guid":{"rendered":"https:\/\/apotekar-online.rs\/?post_type=product&#038;p=5712"},"modified":"2026-03-05T08:32:46","modified_gmt":"2026-03-05T10:32:46","slug":"panthenol-kremzsele-125ml","status":"publish","type":"product","link":"https:\/\/apotekar-online.rs\/hu\/p\/panthenol-krem-gel-125ml\/","title":{"rendered":"Panthenol kr\u00e9mzsel\u00e9 125ml"},"content":{"rendered":"","protected":false},"excerpt":{"rendered":"<p>A Panthenol kr\u00e9mg\u00e9l a s\u00e9r\u00fclt b\u0151r eg\u00e9szs\u00e9ges \u00e1pol\u00e1s\u00e1ra \u00e9s regener\u00e1l\u00e1s\u00e1ra szolg\u00e1l.<\/p>\n<div class=\"way_use_Wrapper\">\n<div class=\"text\">\n<p>A kr\u00e9mzsel\u00e9, mint modern k\u00e9sz\u00edtm\u00e9nyforma, lehet\u0151v\u00e9 teszi a panthenol jobb bejut\u00e1s\u00e1t a b\u0151rbe.<\/p>\n<p>A panthenol tartalm\u00fa b\u0151r\u00e1pol\u00f3 kr\u00e9m-g\u00e9l az arc, a k\u00e9z \u00e9s a test mindennapos b\u0151r\u00e1pol\u00e1s\u00e1ra, minden gener\u00e1ci\u00f3 sz\u00e1m\u00e1ra aj\u00e1nlott.<\/p>\n<p>A Panthenol kr\u00e9mzsel\u00e9 k\u00f6nny\u0171 text\u00far\u00e1j\u00fa, amely nem zs\u00edrozza tov\u00e1bb a b\u0151rt, \u00edgy minden b\u0151rt\u00edpusra haszn\u00e1lhat\u00f3. Biztons\u00e1gosan kombin\u00e1lhat\u00f3 m\u00e1s kozmetikai term\u00e9kekkel.<\/p>\n<p>A Panthenol kr\u00e9mzsel\u00e9 a mindennapi \u00e1pol\u00e1s mellett a k\u00f6vetkez\u0151 esetekben is aj\u00e1nlott:<\/p>\n<ul>\n<li>a s\u00e9r\u00fclt b\u0151r regener\u00e1l\u00e1sa \u00e9g\u00e9si s\u00e9r\u00fcl\u00e9sek, hegek, h\u00e1ml\u00e1s, b\u0151rkarcol\u00e1sok vagy borotv\u00e1lkoz\u00e1s okozta s\u00e9r\u00fcl\u00e9sek eset\u00e9n<\/li>\n<li>sz\u00e1raz vagy irrit\u00e1lt b\u0151r vegyi anyagok hat\u00e1sa miatt (a b\u0151r irrit\u00e1ci\u00f3ja vagy kisz\u00e1rad\u00e1sa k\u00eds\u00e9ret\u00e9ben), sz\u00e9lnek vagy sz\u00e1raz leveg\u0151nek val\u00f3 kitetts\u00e9g<\/li>\n<li>b\u0151rregener\u00e1ci\u00f3 enyhe le\u00e9g\u00e9s miatt<\/li>\n<li>probl\u00e9m\u00e1s b\u0151r b\u0151rgy\u00f3gy\u00e1szati kezel\u00e9sei ut\u00e1n<\/li>\n<li>a rovarcs\u00edp\u00e9s okozta viszket\u00e9s \u00e9s b\u0151rp\u00edr enyh\u00edt\u00e9se<\/li>\n<li>az ekc\u00e9ma enyh\u00e9bb form\u00e1i<\/li>\n<li>ki\u00fct\u00e9sek \u00e9s b\u0151rirrit\u00e1ci\u00f3k csecsem\u0151kn\u00e9l \u00e9s gyermekekn\u00e9l<\/li>\n<li>mellbimb\u00f3reped\u00e9sek megel\u0151z\u00e9se (szoptat\u00e1s alatt)<\/li>\n<\/ul>\n<p>&nbsp;<\/p>\n<\/div>\n<\/div>\n<div class=\"effect_Wrapper\">\n<p class=\"mainTitle oswald\">Akci\u00f3<\/p>\n<div class=\"text\">\n<p>A panthenol k\u00f6nnyen behatol a b\u0151r szerkezet\u00e9be, ahol megk\u00f6ti \u00e9s megtartja a vizet, ami nedvess\u00e9get, puhas\u00e1got k\u00f6lcs\u00f6n\u00f6z a b\u0151rnek \u00e9s visszaadja rugalmass\u00e1g\u00e1t. Ezenk\u00edv\u00fcl a panthenol enyh\u00edti a gyullad\u00e1s jeleit \u00e9s serkenti a h\u00e1mk\u00e9pz\u0151d\u00e9st.<br \/>\nAz E-vitamin antioxid\u00e1nsk\u00e9nt m\u0171k\u00f6dik - v\u00e9di a b\u0151rsejteket a k\u00fcls\u0151 k\u00f6rnyezet k\u00e1ros hat\u00e1sait\u00f3l, b\u0151rpuh\u00edt\u00f3 \u00e9s nedves\u00edt\u0151szerk\u00e9nt, amely r\u00e1ad\u00e1sul hidrat\u00e1lja a b\u0151rt, puh\u00e1v\u00e1 teszi azt.<\/p>\n<\/div>\n<\/div>\n<div class=\"composition_Wrapper\">\n<p class=\"mainTitle oswald\">Fogalmaz\u00e1s<\/p>\n<div class=\"text\">\n<p>100 g tejsz\u00edn tartalma:<\/p>\n<ul>\n<li>Panthenol 75% \u2013 5g<\/li>\n<li>E-vitamin - 0,5 g<\/li>\n<\/ul>\n<\/div>\n<\/div>\n<div class=\"side_effect_Wrapper\">\n<p class=\"mainTitle oswald\">K\u00e1ros hat\u00e1sa<\/p>\n<div class=\"text\">\n<p>Ne alkalmazza ny\u00edlt sebekre<\/p>\n<\/div>\n<\/div>","protected":false},"featured_media":5713,"template":"","meta":[],"product_brand":[],"product_cat":[547,3054],"product_tag":[2262,907,2263,623,567,1331,227,209],"class_list":{"0":"post-5712","1":"product","2":"type-product","3":"status-publish","4":"has-post-thumbnail","6":"product_cat-kozmetika-i-nega-za-odrasle","7":"product_cat-akcija","8":"product_tag-krem-gel","9":"product_tag-lice","10":"product_tag-noge","11":"product_tag-pantenol","12":"product_tag-regeneracija","13":"product_tag-ruke","14":"product_tag-suva-koza","15":"product_tag-vitamin-e","16":"pa_brend-crystal-derma","18":"first","19":"instock","20":"shipping-taxable","21":"purchasable","22":"product-type-simple"},"ams_default_variation_id":0,"ams_product_points_reward":[],"ams_product_discount_percentage":0,"ams_price_to_display":630,"ams_acf":[],"jetpack_sharing_enabled":true,"_links":{"self":[{"href":"https:\/\/apotekar-online.rs\/hu\/wp-json\/wp\/v2\/product\/5712","targetHints":{"allow":["GET"]}}],"collection":[{"href":"https:\/\/apotekar-online.rs\/hu\/wp-json\/wp\/v2\/product"}],"about":[{"href":"https:\/\/apotekar-online.rs\/hu\/wp-json\/wp\/v2\/types\/product"}],"wp:featuredmedia":[{"embeddable":true,"href":"https:\/\/apotekar-online.rs\/hu\/wp-json\/wp\/v2\/media\/5713"}],"wp:attachment":[{"href":"https:\/\/apotekar-online.rs\/hu\/wp-json\/wp\/v2\/media?parent=5712"}],"wp:term":[{"taxonomy":"product_brand","embeddable":true,"href":"https:\/\/apotekar-online.rs\/hu\/wp-json\/wp\/v2\/product_brand?post=5712"},{"taxonomy":"product_cat","embeddable":true,"href":"https:\/\/apotekar-online.rs\/hu\/wp-json\/wp\/v2\/product_cat?post=5712"},{"taxonomy":"product_tag","embeddable":true,"href":"https:\/\/apotekar-online.rs\/hu\/wp-json\/wp\/v2\/product_tag?post=5712"}],"curies":[{"name":"wp","href":"https:\/\/api.w.org\/{rel}","templated":true}]}}