{"id":5722,"date":"2024-02-26T09:43:12","date_gmt":"2024-02-26T11:43:12","guid":{"rendered":"https:\/\/apotekar-online.rs\/?post_type=product&#038;p=5722"},"modified":"2026-03-05T08:09:30","modified_gmt":"2026-03-05T10:09:30","slug":"mycoseb-sampon-20-mg-g-100ml","status":"publish","type":"product","link":"https:\/\/apotekar-online.rs\/hu\/p\/mycoseb-sampon-20-mg-g-100ml\/","title":{"rendered":"Mycoseb\u00ae, sampon, 20 mg\/g 100 ml"},"content":{"rendered":"","protected":false},"excerpt":{"rendered":"<h4><b>Ennek a szernek az interneten t\u00f6rt\u00e9n\u0151 terjeszt\u00e9s\u00e9t szigor\u00faan tilos \u00e9s a Szerb K\u00f6zt\u00e1rsas\u00e1g t\u00f6rv\u00e9nyei szab\u00e1lyozz\u00e1k, m\u00edg az interneten t\u00f6rt\u00e9n\u0151 bemutat\u00e1sa megengedett, kiz\u00e1r\u00f3lag abb\u00f3l a c\u00e9lb\u00f3l, hogy a nagyk\u00f6z\u00f6ns\u00e9get \u00e9s a szakmai k\u00f6zv\u00e9lem\u00e9nyt t\u00e1j\u00e9koztass\u00e1k a c\u00e9lr\u00f3l, \u00e9s jobban megismerj\u00e9k a gy\u00f3gyszert. mag\u00e1nak a gy\u00f3gyszernek az alapvet\u0151 jellemz\u0151i.<\/b><\/h4>\n<p>A GY\u00d3GYSZERREKEZD\u00c9S M\u00d3DJ\u00c1R\u00d3L SZ\u00d3L\u00d3 RENDELETET MEGTEKINHET\u0150, GY\u00d3GYSZERRE VONATKOZ\u00d3AN (&quot;Sl. Gl. RS&quot;, 79\/2010. sz.)\u00a0<a href=\"http:\/\/www.alims.gov.rs\/ciril\/files\/2012\/06\/p-oglasavanje-79-2010.pdf\">ITT<\/a>.<\/p>\n<p>Mycoseb\u00ae<br \/>\n, sampon, 20 mg\/g<br \/>\nKiszerel\u00e9s: m\u0171anyag flakon, 1 x 100 ml<br \/>\nGy\u00e1rt\u00f3: HEMOFARM AD VR\u0160AC<br \/>\nC\u00edm: Beogradski put bb, Vr\u0161ac<br \/>\nK\u00e9relmez\u0151: HEMOFARM AD VR\u0160AC<br \/>\nC\u00edm: Beogradski put bb, Vr\u0161ac, Szerb K\u00f6zt\u00e1rsas\u00e1g<br \/>\nHat\u00e1rozat sz\u00e1ma: 2015. j\u00fanius 18-\u00e1n kelt 515-01-02705-14-001. a Mycoseb\u00ae gy\u00f3gyszerhez<br \/>\n; sampon; 20 mg\/g; m\u0171anyag flakon, 1x100 ml<br \/>\n2 a 6-b\u00f3l<br \/>\nMycoseb\u00ae<br \/>\n, sampon, 20 mg\/g<br \/>\nINN: ketokonazol<br \/>\nOlvassa el figyelmesen ezt a k\u00e9zik\u00f6nyvet, mert az \u00d6n sz\u00e1m\u00e1ra fontos inform\u00e1ci\u00f3kat tartalmaz.<br \/>\nEz a gy\u00f3gyszer v\u00e9ny n\u00e9lk\u00fcl kaphat\u00f3. A Mycoseb-et azonban \u00f3vatosan kell alkalmazni,<br \/>\nhogy a legjobb eredm\u00e9nyt \u00e9rje el vele.<br \/>\nMentse el az utas\u00edt\u00e1sokat. Lehet, hogy \u00fajra el kell olvasnia.<br \/>\nHa tov\u00e1bbi k\u00e9rd\u00e9se van, k\u00e9rdezze meg gy\u00f3gyszer\u00e9sz\u00e9t.<br \/>\nHa t\u00fcnetei s\u00falyosbodnak, vagy nem \u00e9rzi jobban mag\u00e1t 4 h\u00e9t ut\u00e1n, forduljon orvos\u00e1hoz.<br \/>\nHa b\u00e1rmely mell\u00e9khat\u00e1s s\u00falyoss\u00e1 v\u00e1lik, vagy olyan mell\u00e9khat\u00e1st \u00e9szlel, amely nem szerepel a felsorol\u00e1sban<br \/>\nezt az utas\u00edt\u00e1st, k\u00e9rj\u00fck, t\u00e1j\u00e9koztassa err\u0151l kezel\u0151orvos\u00e1t vagy gy\u00f3gyszer\u00e9sz\u00e9t.<br \/>\nEbben az \u00fatmutat\u00f3ban a k\u00f6vetkez\u0151ket olvashatja:<br \/>\n1. Mi az a Mycoseb gy\u00f3gyszer \u00e9s mire val\u00f3?<br \/>\n2. Tudnival\u00f3k a Mycoseb szed\u00e9se el\u0151tt<br \/>\n3. Hogyan kell alkalmazni a Mycoseb gy\u00f3gyszert<br \/>\n4. Lehets\u00e9ges mell\u00e9khat\u00e1sok<br \/>\n5. Hogyan kell a Mycoseb gy\u00f3gyszert t\u00e1rolni<br \/>\n6. Tov\u00e1bbi inform\u00e1ci\u00f3k<br \/>\nHat\u00e1rozat sz\u00e1ma: 2015. j\u00fanius 18-\u00e1n kelt 515-01-02705-14-001. a Mycoseb\u00ae gy\u00f3gyszerhez<br \/>\n; sampon; 20 mg\/g; m\u0171anyag flakon, 1x100 ml<br \/>\n3 a 6-b\u00f3l<br \/>\n1. MI A MYCOSEB \u00c9S MIRE SZOLG\u00c1LHAT\u00d3?<br \/>\nA Mycoseb sampon hat\u00f3anyaga a ketokonazol. A ketokonazol az \u00fagynevezett gy\u00f3gyszerek csoportj\u00e1ba tartozik<br \/>\ngomb\u00e1s fert\u0151z\u00e9sek kezel\u00e9s\u00e9re haszn\u00e1lt gombaellenes szerek.<br \/>\nA Mycoseb sampont a fej sz\u0151r\u00f6s r\u00e9sz\u00e9nek korp\u00e1sod\u00e1s \u00e9s szeborre\u00e1s dermatitisz megel\u0151z\u00e9s\u00e9re \u00e9s kezel\u00e9s\u00e9re haszn\u00e1lj\u00e1k.<br \/>\n2. TUDNIVAL\u00d3K A MYCOSEB SZED\u00c9SE EL\u0150TT<br \/>\nNe alkalmazza a Mycoseb-et, ha:<br \/>\n- allergi\u00e1s (t\u00fal\u00e9rz\u00e9keny) a ketokonazolra vagy a Mycoseb gy\u00f3gyszer b\u00e1rmely seg\u00e9danyag\u00e1ra<br \/>\nsampont (l\u00e1sd a 6. pontot).<br \/>\nA Mycoseb gy\u00f3gyszer alkalmaz\u00e1sakor k\u00fcl\u00f6n\u00f6s el\u0151vigy\u00e1zatoss\u00e1ggal j\u00e1rjon el:<br \/>\n\u00dcgyelni kell arra, hogy a sampon ne ker\u00fclj\u00f6n szembe. Ha ez megt\u00f6rt\u00e9nik, a szemet v\u00edzzel ki kell mosni.<br \/>\nA gy\u00f3gyszer alkalmaz\u00e1sa el\u0151tt t\u00e1j\u00e9koztassa kezel\u0151orvos\u00e1t vagy gy\u00f3gyszer\u00e9sz\u00e9t:<br \/>\n- ha kortikoszteroidot, p\u00e9ld\u00e1ul betametazont vagy hidrokortizont tartalmaz\u00f3 test\u00e1pol\u00f3t vagy kr\u00e9met haszn\u00e1l.<br \/>\nEbben az esetben a Mycoseb sampon alkalmaz\u00e1sa sor\u00e1n fokozatosan cs\u00f6kkenteni kell az adagokat<br \/>\nkortikoszteroidok 2-3 h\u00e9tig. \u00cdgy megel\u0151zheti betegs\u00e9ge s\u00falyosbod\u00e1s\u00e1t<br \/>\nA Mycoseb sampon nem kezd el hatni.<br \/>\nHa a fejb\u0151r\u00f6n a k\u00edv\u00e1nt ter\u00e1pi\u00e1s hat\u00e1s 4 h\u00e9ten bel\u00fcl nem \u00e9rhet\u0151 el, orvoshoz kell fordulni, ill<br \/>\ngy\u00f3gyszer\u00e9sz.<br \/>\nEgy\u00e9b gy\u00f3gyszerek bead\u00e1sa<br \/>\nFelt\u00e9tlen\u00fcl t\u00e1j\u00e9koztassa kezel\u0151orvos\u00e1t vagy gy\u00f3gyszer\u00e9sz\u00e9t a jelenleg vagy nemr\u00e9giben szedett egy\u00e9b gy\u00f3gyszereir\u0151l, bele\u00e9rtve a<br \/>\namelyeket orvosi rendelv\u00e9ny n\u00e9lk\u00fcl lehet beszerezni.<br \/>\nA ketokonazol helyi alkalmaz\u00e1sakor nincs ismert k\u00f6lcs\u00f6nhat\u00e1s m\u00e1s gy\u00f3gyszerekkel.<br \/>\nA Mycoseb gy\u00f3gyszer alkalmaz\u00e1sa terhess\u00e9g \u00e9s szoptat\u00e1s alatt<br \/>\nMiel\u0151tt b\u00e1rmilyen gy\u00f3gyszert elkezdene szedni, konzult\u00e1ljon orvos\u00e1val vagy gy\u00f3gyszer\u00e9sz\u00e9vel.<br \/>\nHaszn\u00e1lhatja a Mycoseb sampont, ha terhes vagy szoptat. Jelentkez\u00e9s el\u0151tt azonban b\u00e1rmelyik<br \/>\nterhess\u00e9g vagy szoptat\u00e1s alatt milyen gy\u00f3gyszert szed, k\u00e9rjen tan\u00e1csot kezel\u0151orvos\u00e1t\u00f3l.<br \/>\nA Mycoseb hat\u00e1sa a g\u00e9pj\u00e1rm\u0171vezet\u00e9sre \u00e9s g\u00e9pek kezel\u00e9s\u00e9re<br \/>\nA Mycoseb gy\u00f3gyszer nem befoly\u00e1solja a g\u00e9pj\u00e1rm\u0171vezet\u00e9shez \u00e9s a g\u00e9pek kezel\u00e9s\u00e9hez sz\u00fcks\u00e9ges k\u00e9pess\u00e9geket.<br \/>\nHat\u00e1rozat sz\u00e1ma: 2015. j\u00fanius 18-\u00e1n kelt 515-01-02705-14-001. a Mycoseb\u00ae gy\u00f3gyszerhez<br \/>\n; sampon; 20 mg\/g; m\u0171anyag flakon, 1x100 ml<br \/>\n4 a 6-b\u00f3l<br \/>\nFontos inform\u00e1ci\u00f3k a Mycoseb egyes \u00f6sszetev\u0151ir\u0151l<br \/>\nA Mycoseb sampon seg\u00e9danyagk\u00e9nt n\u00e1trium-metil-parahidroxibenzo\u00e1tot tartalmaz, amely<br \/>\nallergi\u00e1s reakci\u00f3k, ak\u00e1r k\u00e9sleltetettek is.<br \/>\n3. HOGYAN KELL ALKALMAZNI A MYCOSEB GY\u00d3GYSZERT<br \/>\nA Mycoseb sampont mindig pontosan az orvos \u00e1ltal elmondottaknak megfelel\u0151en alkalmazza. A Mycoseb sampon az<br \/>\ncsak a b\u0151r\u00f6n vagy a hajon t\u00f6rt\u00e9n\u0151 helyi alkalmaz\u00e1sra szolg\u00e1l. Ha nem biztos benne teljesen, forduljon orvos\u00e1hoz, ill<br \/>\negy gy\u00f3gyszer\u00e9sz.<br \/>\nHelyi alkalmaz\u00e1sra.<br \/>\nFeln\u0151ttek \u00e9s 12 \u00e9v feletti serd\u00fcl\u0151k<br \/>\nA sampont felvissz\u00fck az \u00e9rintett ter\u00fcletre, majd 3-5 perc m\u00falva v\u00edzzel lemossuk.<br \/>\nTer\u00e1pia<br \/>\nMossa meg haj\u00e1t Mycoseb samponnal 3-4 naponta 2-4 h\u00e9ten kereszt\u00fcl.<br \/>\nMegel\u0151z\u00e9s<br \/>\nA korp\u00e1sod\u00e1s \u00e9s a seborrhe\u00e1s dermatitisz ki\u00fajul\u00e1s\u00e1nak megel\u0151z\u00e9se \u00e9rdek\u00e9ben a hajat Mycoseb samponnal mossuk.<br \/>\nhetente egyszer vagy minden m\u00e1sodik h\u00e9ten.<br \/>\nA Mycoseb sampont nem szabad az el\u0151\u00edrtn\u00e1l gyakrabban alkalmazni.<br \/>\nHa lenyelt egy kis mennyis\u00e9g\u0171 Mycoseb sampont<br \/>\nHa v\u00e9letlen\u00fcl lenyeli a sampont, azonnal forduljon orvos\u00e1hoz.<br \/>\nHa elfelejtette alkalmazni a Mycoseb sampont<br \/>\nHa kihagyta a Mycoseb sampon alkalmaz\u00e1s\u00e1t, a lehet\u0151 leghamarabb v\u00e9gezze el a kezel\u00e9st. Ne haszn\u00e1lja<br \/>\ndupla adag gy\u00f3gyszert a kihagyott adag p\u00f3tl\u00e1s\u00e1ra.<br \/>\nHa b\u00e1rmilyen tov\u00e1bbi k\u00e9rd\u00e9se van a gy\u00f3gyszer alkalmaz\u00e1s\u00e1val kapcsolatban, k\u00e9rdezze meg kezel\u0151orvos\u00e1t vagy gy\u00f3gyszer\u00e9sz\u00e9t.<br \/>\n4. LEHETS\u00c9GES MELL\u00c9KHAT\u00c1SOK<br \/>\nA Mycoseb sampon, m\u00e1s gy\u00f3gyszerekhez hasonl\u00f3an, mell\u00e9khat\u00e1sokat okozhat, b\u00e1r ezek nem nyilv\u00e1nulhatnak meg<br \/>\nmindenkivel.<br \/>\nT\u00e1j\u00e9koztassa kezel\u0151orvos\u00e1t vagy gy\u00f3gyszer\u00e9sz\u00e9t, ha az al\u00e1bbi mell\u00e9khat\u00e1sok b\u00e1rmelyik\u00e9t \u00e9szleli vagy gyan\u00edtja<br \/>\nakci\u00f3k:<br \/>\nAlkalmank\u00e9nt fell\u00e9p\u0151 mell\u00e9khat\u00e1sok (100 gy\u00f3gyszert szed\u0151 beteg k\u00f6z\u00fcl legfeljebb 1-n\u00e9l fordulhatnak el\u0151):<br \/>\nhajgy\u00f6k\u00e9r fert\u0151z\u00e9sek, fokozott k\u00f6nnytermel\u00e9s, szokatlan hajhull\u00e1s vagy hajritkul\u00e1s, sz\u00e1raz b\u0151r,<br \/>\nkanyar\u00f3, \u00e9g\u0151 \u00e9rz\u00e9s a b\u0151r\u00f6n, b\u0151rp\u00edr az alkalmaz\u00e1s hely\u00e9n, irrit\u00e1ci\u00f3 az alkalmaz\u00e1s hely\u00e9n, viszket\u00e9s \u00e9s reakci\u00f3k<br \/>\na sampon alkalmaz\u00e1s\u00e1nak hely\u00e9n.<br \/>\nHat\u00e1rozat sz\u00e1ma: 2015. j\u00fanius 18-\u00e1n kelt 515-01-02705-14-001. a Mycoseb\u00ae gy\u00f3gyszerhez<br \/>\n; sampon; 20 mg\/g; m\u0171anyag flakon, 1x100 ml<br \/>\n5 a 6-b\u00f3l<br \/>\nRitka mell\u00e9khat\u00e1sok (1000 gy\u00f3gyszert szed\u0151 beteg k\u00f6z\u00fcl legfeljebb 1-n\u00e9l fordulhat el\u0151):<br \/>\nt\u00fal\u00e9rz\u00e9kenys\u00e9g, \u00edz\u00e9rz\u00e9szavar, szemirrit\u00e1ci\u00f3, akne, b\u0151rgyullad\u00e1s, b\u0151rh\u00e1ml\u00e1s, t\u00fal\u00e9rz\u00e9kenys\u00e9g \u00e9s v\u00e1ltoz\u00e1sok<br \/>\ngennyes tartalommal teli b\u0151r\u00f6n.<br \/>\nIsmeretlen gyakoris\u00e1g\u00fa mell\u00e9khat\u00e1sok (a gyakoris\u00e1g nem becs\u00fclhet\u0151 meg a rendelkez\u00e9sre \u00e1ll\u00f3 adatokb\u00f3l<br \/>\nadatok): erek duzzanata, csal\u00e1nki\u00fct\u00e9s, hajsz\u00edn megv\u00e1ltoz\u00e1sa<br \/>\nA mell\u00e9khat\u00e1sok bejelent\u00e9se<br \/>\nHa b\u00e1rmilyen nemk\u00edv\u00e1natos reakci\u00f3t \u00e9szlel, \u00e9rtes\u00edtse kezel\u0151orvos\u00e1t vagy gy\u00f3gyszer\u00e9sz\u00e9t, ill<br \/>\n\u00e1pol\u00f3. Ez mag\u00e1ban foglalja az ebben az \u00fatmutat\u00f3ban nem szerepl\u0151 esetleges mell\u00e9khat\u00e1sokat is.<br \/>\nA mell\u00e9khat\u00e1sok bejelent\u00e9s\u00e9vel seg\u00edthet a gy\u00f3gyszer biztons\u00e1goss\u00e1g\u00e1nak \u00e9rt\u00e9kel\u00e9s\u00e9ben. K\u00e9ts\u00e9g<br \/>\nA mell\u00e9khat\u00e1sokat bejelentheti a Szerbiai Gy\u00f3gyszer- \u00e9s Orvostechnikai \u00dcgyn\u00f6ks\u00e9gnek (ALIMS):<br \/>\nSzerb Gy\u00f3gyszer- \u00e9s Orvostechnikai \u00dcgyn\u00f6ks\u00e9g<br \/>\nOrsz\u00e1gos Farmakovigilancia K\u00f6zpont<br \/>\nVojvode Stepe 458, 11221 Belgr\u00e1d<br \/>\nSzerb K\u00f6zt\u00e1rsas\u00e1g<br \/>\nWeboldal: www.alims.gov.rs<br \/>\ne-mail: nezeljene.reakcije@alims.gov.rs<br \/>\n5. HOGYAN KELL A MYCOSEBET T\u00c1ROLNI<br \/>\nGyermekek el\u0151l elz\u00e1rva tartand\u00f3!<br \/>\nLej\u00e1rati d\u00e1tum:<br \/>\n2 (k\u00e9t) \u00e9v.<br \/>\nFelhaszn\u00e1lhat\u00f3s\u00e1gi id\u0151tartam az els\u0151 felbont\u00e1s ut\u00e1n: a k\u00e9sz gy\u00f3gyszer lej\u00e1rati idej\u00e9nek v\u00e9g\u00e9ig, ha a gy\u00f3gyszert<br \/>\n30\u00b0C-ig az eredeti csomagol\u00e1sban.<br \/>\nT\u00e1rol\u00e1s:<br \/>\nA f\u00e9nyt\u0151l val\u00f3 v\u00e9delem \u00e9rdek\u00e9ben a gy\u00f3gyszert legfeljebb 30\u00b0C-on t\u00e1rolja az eredeti csomagol\u00e1sban.<br \/>\nA gy\u00f3gyszereket nem szabad a csatorn\u00e1ba vagy a h\u00e1ztart\u00e1si hullad\u00e9kba dobni. K\u00e9rdezze meg gy\u00f3gyszer\u00e9sz\u00e9t, hogyan t\u00e1vol\u00edtsa el azokat a gy\u00f3gyszereket, amelyek<br \/>\nNincs t\u00f6bb\u00e9 sz\u00fcks\u00e9ged r\u00e1juk. Ezek az int\u00e9zked\u00e9sek hozz\u00e1j\u00e1rulnak a k\u00f6rnyezet meg\u0151rz\u00e9s\u00e9hez.<br \/>\nA fel nem haszn\u00e1lt gy\u00f3gyszert a hat\u00e1lyos el\u0151\u00edr\u00e1soknak megfelel\u0151en megsemmis\u00edtj\u00fck.<br \/>\n6. TOV\u00c1BBI INFORM\u00c1CI\u00d3K<br \/>\nMit tartalmaz a Mycoseb<br \/>\nHat\u00f3anyag:<br \/>\nA k\u00e9sz\u00edtm\u00e9ny hat\u00f3anyaga a ketokonazol. Egy gramm sampon 20 mg ketokonazolt tartalmaz.<br \/>\nHat\u00e1rozat sz\u00e1ma: 2015. j\u00fanius 18-\u00e1n kelt 515-01-02705-14-001. a Mycoseb\u00ae gy\u00f3gyszerhez<br \/>\n; sampon; 20 mg\/g; m\u0171anyag flakon, 1x100 ml<br \/>\n6 a 6-b\u00f3l<br \/>\nTov\u00e1bbi \u00f6sszetev\u0151k:<br \/>\nTexapon NSO (n\u00e1trium-laureth-szulf\u00e1t 27%); Texapon SB 3 KC (din\u00e1trium-laureth-szulfoszukcin\u00e1t 40%);<br \/>\nComperlan COD (Cocamide DEA 80,5%); Tagat L2 (PEG-20 gliceril-laur\u00e1t); Lamequat L\/NP (Lauryldimonium Hydroxypropyl Hydrolyzed Collagen 35%); Blue Edition, Dragaco 0256194; Nipagin M n\u00e1trium<br \/>\n(n\u00e1trium-metil-parahidroxibenzo\u00e1t); S\u00f3sav, t\u00f6m\u00e9ny; N\u00e1trium-szulfit, v\u00edzmentes;<br \/>\nN\u00e1trium-citr\u00e1t, pentasesquihidr\u00e1t; Eritrozin E127 CI 45430; V\u00edz, tiszt\u00edtott.<br \/>\nMilyen a Mycoseb k\u00fclleme \u00e9s mit tartalmaz a csomagol\u00e1s<br \/>\nViszk\u00f3zus oldat, r\u00f3zsasz\u00ednes-narancss\u00e1rga sz\u00edn\u0171, enyhe parf\u00fcm szaggal.<br \/>\n100 ml-es m\u0171anyag (HDPE) palack kis s\u0171r\u0171s\u00e9g\u0171 polietil\u00e9nb\u0151l (LDPE) k\u00e9sz\u00fclt csepegtet\u0151vel, m\u0171anyaggal lez\u00e1rva<br \/>\nred\u0151ny. Egy \u00f6sszecsukhat\u00f3 kartondoboz 1 injekci\u00f3s \u00fcveget \u00e9s 1 gy\u00f3gyszeres \u00fatmutat\u00f3t tartalmaz.<\/p>\n<p>Enged\u00e9lyes \u00e9s Gy\u00e1rt\u00f3<br \/>\nEnged\u00e9ly tulajdonosa:<br \/>\nHEMOFARM AD VR\u0160AC, Beogradski put bb, Vr\u0161ac<br \/>\nGy\u00e1rt\u00f3:<br \/>\nHEMOFARM AD VR\u0160AC, Beogradski put bb, Vr\u0161ac, Szerb K\u00f6zt\u00e1rsas\u00e1g<br \/>\nEzt az utas\u00edt\u00e1st legut\u00f3bb j\u00f3v\u00e1hagyt\u00e1k:<br \/>\n2015. m\u00e1rcius<br \/>\nA gy\u00f3gyszer adagol\u00e1si m\u00f3dja:<br \/>\nA gy\u00f3gyszert orvosi rendelv\u00e9ny n\u00e9lk\u00fcl adj\u00e1k ki.<br \/>\nAz enged\u00e9ly sz\u00e1ma \u00e9s d\u00e1tuma:<br \/>\n515-01-02705-14-001 2015.06.18-t\u00f3l.<\/p>","protected":false},"featured_media":5723,"template":"","meta":[],"product_brand":[],"product_cat":[80],"product_tag":[878,887],"class_list":{"0":"post-5722","1":"product","2":"type-product","3":"status-publish","4":"has-post-thumbnail","6":"product_cat-koza-kosa-i-nokti","7":"product_tag-perut","8":"product_tag-protiv-peruti","9":"pa_brend-hemofarm","11":"first","12":"instock","13":"shipping-taxable","14":"product-type-simple"},"ams_default_variation_id":0,"ams_product_points_reward":[],"ams_product_discount_percentage":0,"ams_price_to_display":0,"ams_acf":[],"jetpack_sharing_enabled":true,"_links":{"self":[{"href":"https:\/\/apotekar-online.rs\/hu\/wp-json\/wp\/v2\/product\/5722","targetHints":{"allow":["GET"]}}],"collection":[{"href":"https:\/\/apotekar-online.rs\/hu\/wp-json\/wp\/v2\/product"}],"about":[{"href":"https:\/\/apotekar-online.rs\/hu\/wp-json\/wp\/v2\/types\/product"}],"wp:featuredmedia":[{"embeddable":true,"href":"https:\/\/apotekar-online.rs\/hu\/wp-json\/wp\/v2\/media\/5723"}],"wp:attachment":[{"href":"https:\/\/apotekar-online.rs\/hu\/wp-json\/wp\/v2\/media?parent=5722"}],"wp:term":[{"taxonomy":"product_brand","embeddable":true,"href":"https:\/\/apotekar-online.rs\/hu\/wp-json\/wp\/v2\/product_brand?post=5722"},{"taxonomy":"product_cat","embeddable":true,"href":"https:\/\/apotekar-online.rs\/hu\/wp-json\/wp\/v2\/product_cat?post=5722"},{"taxonomy":"product_tag","embeddable":true,"href":"https:\/\/apotekar-online.rs\/hu\/wp-json\/wp\/v2\/product_tag?post=5722"}],"curies":[{"name":"wp","href":"https:\/\/api.w.org\/{rel}","templated":true}]}}