{"id":5739,"date":"2024-02-27T11:29:24","date_gmt":"2024-02-27T13:29:24","guid":{"rendered":"https:\/\/apotekar-online.rs\/?post_type=product&#038;p=5739"},"modified":"2026-03-05T08:09:30","modified_gmt":"2026-03-05T10:09:30","slug":"imunoglukan-p4h-acute-5-kapsula","status":"publish","type":"product","link":"https:\/\/apotekar-online.rs\/hu\/p\/imunoglukan-p4h-acute-5-kapsula\/","title":{"rendered":"Immunoglucan P4H Acute 5 kapszula"},"content":{"rendered":"","protected":false},"excerpt":{"rendered":"<p>Imunoglukan Acute je prirodan i dokazano efikasan preparat za ja\u010danje imuniteta u akutnoj fazi infekcije za odrasle i decu stariju od 12 godina. Sadr\u017ei trostruku dozu prirodnog polisaharida Imunoglukana (beta-1,3\/1,6-D-glukan) izolovanog iz gljive bukova\u010de (Pleurotus ostreatus), vitamin C kao zna\u010dajan prirodni antioksidans, koji \u0161titi \u0107elije od oksidativnog stresa i cink koji je zna\u010dajan za normalno funkcionisanje i ja\u010danje prirodne otpornosti organizma. Obezbe\u0111uje br\u017ei i trajniji oporavak i spre\u010dava nastajanje sekundarnih infekcija. Ima idealan bezbedonosni profil, jer ne interaguje ni sa jednim lekom i mogu ga koristiti trudnice, dojilje, dijabeti\u010dari i vegeterijanci. Bez alergena, konzervanasa, boje, aditiva.<\/p>\n<div><\/div>\n<div>Obezbe\u0111uje br\u017ei i trajniji oporavak i spre\u010dava nastajanje sekundarnih infekcija.<\/div>\n<div><\/div>\n<div>\n<div class=\"way_use_Wrapper\">\n<p class=\"mainTitle oswald\"><strong>A felhaszn\u00e1l\u00e1s m\u00f3dja<\/strong><\/p>\n<div class=\"text\">Imunoglukan Acute se primenjuje na prazan stomak. Ujutru pola sata pre doru\u010dka ili 2 sata posle ve\u010dere 1 kapsula dnevno tokom 5 -10 dana.<\/div>\n<\/div>\n<div class=\"effect_Wrapper\">\n<p class=\"mainTitle oswald\"><strong>Akci\u00f3<\/strong><\/p>\n<div class=\"text\">A v\u00e9konyb\u00e9lben (Peyer-lemezek) az immungl\u00fck\u00e1n a Dectin-1 receptorokhoz k\u00f6t\u0151dik, \u00e9s aktiv\u00e1lja a specifikus \u00e9s a nem specifikus immunrendszert, ami az immunsejtek nagyobb aktivit\u00e1s\u00e1t \u00e9s az antitestek fokozott termel\u00e9s\u00e9t eredm\u00e9nyezi.<\/div>\n<\/div>\n<div class=\"composition_Wrapper\">\n<p class=\"mainTitle oswald\"><strong>Fogalmaz\u00e1s<\/strong><\/p>\n<div class=\"text\">Imunoglukan 300mg, vitamin C 160mg, cink 10mg<\/div>\n<\/div>\n<div class=\"description_Wrapper\">\n<p class=\"mainTitle oswald\"><strong>Tov\u00e1bbi le\u00edr\u00e1s<\/strong><\/p>\n<div class=\"text\">Kontraindikovan je kod osoba sa transplantiranim organima. Pacijenti koji su na terapiji imunosupresivima mogu uzimati Imunoglukan Acute samo nakon saveta lekara.<\/div>\n<\/div>\n<\/div>","protected":false},"featured_media":5741,"template":"","meta":[],"product_brand":[],"product_cat":[77],"product_tag":[2275,643],"class_list":{"0":"post-5739","1":"product","2":"type-product","3":"status-publish","4":"has-post-thumbnail","6":"product_cat-imunitet","7":"product_tag-imunoglukan","8":"product_tag-jacanje-imuniteta","10":"first","11":"instock","12":"shipping-taxable","13":"product-type-simple"},"ams_default_variation_id":0,"ams_product_points_reward":[],"ams_product_discount_percentage":0,"ams_price_to_display":0,"ams_acf":[],"jetpack_sharing_enabled":true,"_links":{"self":[{"href":"https:\/\/apotekar-online.rs\/hu\/wp-json\/wp\/v2\/product\/5739","targetHints":{"allow":["GET"]}}],"collection":[{"href":"https:\/\/apotekar-online.rs\/hu\/wp-json\/wp\/v2\/product"}],"about":[{"href":"https:\/\/apotekar-online.rs\/hu\/wp-json\/wp\/v2\/types\/product"}],"wp:featuredmedia":[{"embeddable":true,"href":"https:\/\/apotekar-online.rs\/hu\/wp-json\/wp\/v2\/media\/5741"}],"wp:attachment":[{"href":"https:\/\/apotekar-online.rs\/hu\/wp-json\/wp\/v2\/media?parent=5739"}],"wp:term":[{"taxonomy":"product_brand","embeddable":true,"href":"https:\/\/apotekar-online.rs\/hu\/wp-json\/wp\/v2\/product_brand?post=5739"},{"taxonomy":"product_cat","embeddable":true,"href":"https:\/\/apotekar-online.rs\/hu\/wp-json\/wp\/v2\/product_cat?post=5739"},{"taxonomy":"product_tag","embeddable":true,"href":"https:\/\/apotekar-online.rs\/hu\/wp-json\/wp\/v2\/product_tag?post=5739"}],"curies":[{"name":"wp","href":"https:\/\/api.w.org\/{rel}","templated":true}]}}