{"id":5794,"date":"2024-03-07T12:28:24","date_gmt":"2024-03-07T14:28:24","guid":{"rendered":"https:\/\/apotekar-online.rs\/?post_type=product&#038;p=5794"},"modified":"2026-04-05T18:22:13","modified_gmt":"2026-04-05T20:22:13","slug":"livsane-nocna-krema-za-lice-50-ml","status":"publish","type":"product","link":"https:\/\/apotekar-online.rs\/hu\/p\/livsane-nocna-krema-za-lice-50-ml\/","title":{"rendered":"Livsane \u00c9jszakai arckr\u00e9m 50 ml"},"content":{"rendered":"","protected":false},"excerpt":{"rendered":"<p>Livsane\u00a0No\u0107na krema za lice sa bademovim i maslinovim uljem koristi se za negu i regeneraciju svih tipova ko\u017ee tokom no\u0107i. Bademovo i maslinovo ulje hrane, hidriraju i umiruju ko\u017eu, \u010dine\u0107i je glatkom, mekom i elasti\u010dnom. Veoma bogate teksture,\u00a0lako se razmazuje i na ko\u017ei ostavlja prijatan, hranljivi film.<\/p>\n<h5>Adagol\u00e1s \u00e9s alkalmaz\u00e1s m\u00f3dja<\/h5>\n<p>Naneti na \u010distu i suvu ko\u017eu, uve\u010de, pred spavanje.<\/p>\n<h5>Fogalmaz\u00e1s<\/h5>\n<p>Bademovo i maslinovo ulje<\/p>","protected":false},"featured_media":5795,"template":"","meta":[],"product_brand":[3090],"product_cat":[547],"product_tag":[1214,445,966,2290],"class_list":{"0":"post-5794","1":"product","2":"type-product","3":"status-publish","4":"has-post-thumbnail","6":"product_brand-livsane","7":"product_cat-kozmetika-i-nega-za-odrasle","8":"product_tag-bademovo-ulje","9":"product_tag-krema-za-lice","10":"product_tag-maslinovo-ulje","11":"product_tag-nocna","12":"pa_brend-livsane","14":"first","15":"instock","16":"shipping-taxable","17":"purchasable","18":"product-type-simple"},"ams_default_variation_id":0,"ams_product_points_reward":[],"ams_product_discount_percentage":0,"ams_price_to_display":597.54,"ams_acf":[],"jetpack_sharing_enabled":true,"_links":{"self":[{"href":"https:\/\/apotekar-online.rs\/hu\/wp-json\/wp\/v2\/product\/5794","targetHints":{"allow":["GET"]}}],"collection":[{"href":"https:\/\/apotekar-online.rs\/hu\/wp-json\/wp\/v2\/product"}],"about":[{"href":"https:\/\/apotekar-online.rs\/hu\/wp-json\/wp\/v2\/types\/product"}],"wp:featuredmedia":[{"embeddable":true,"href":"https:\/\/apotekar-online.rs\/hu\/wp-json\/wp\/v2\/media\/5795"}],"wp:attachment":[{"href":"https:\/\/apotekar-online.rs\/hu\/wp-json\/wp\/v2\/media?parent=5794"}],"wp:term":[{"taxonomy":"product_brand","embeddable":true,"href":"https:\/\/apotekar-online.rs\/hu\/wp-json\/wp\/v2\/product_brand?post=5794"},{"taxonomy":"product_cat","embeddable":true,"href":"https:\/\/apotekar-online.rs\/hu\/wp-json\/wp\/v2\/product_cat?post=5794"},{"taxonomy":"product_tag","embeddable":true,"href":"https:\/\/apotekar-online.rs\/hu\/wp-json\/wp\/v2\/product_tag?post=5794"}],"curies":[{"name":"wp","href":"https:\/\/api.w.org\/{rel}","templated":true}]}}