{"id":581,"date":"2022-07-12T09:37:12","date_gmt":"2022-07-12T09:37:12","guid":{"rendered":"https:\/\/apotekar-online.rs\/product\/bulardi-probiotik-junior-10-kesica\/"},"modified":"2026-05-03T09:49:18","modified_gmt":"2026-05-03T11:49:18","slug":"bulardi-probiotikus-junior-10-tasak","status":"publish","type":"product","link":"https:\/\/apotekar-online.rs\/hu\/p\/bulardi-probiotik-junior-10-kesica\/","title":{"rendered":"Bulardi Probiotic Junior, 10 tasak"},"content":{"rendered":"","protected":false},"excerpt":{"rendered":"<p>A Bulardi Probiotik Juniort akut \u00e9s kr\u00f3nikus antibiotikus hasmen\u00e9s, valamint antibiotikus hasmen\u00e9s, utaz\u00f3k hasmen\u00e9se eset\u00e9n, a b\u00e9lfl\u00f3ra szab\u00e1lyoz\u00e1s\u00e1ra \u00e9s az immunit\u00e1s er\u0151s\u00edt\u00e9s\u00e9re, gyullad\u00e1sos b\u00e9lbetegs\u00e9gek \u00e9s irrit\u00e1bilis b\u00e9l szindr\u00f3ma kezel\u00e9s\u00e9re, valamint a Clostridium difficile fert\u0151z\u00e9sek ki\u00fajul\u00e1s\u00e1nak megel\u0151z\u00e9s\u00e9re haszn\u00e1lj\u00e1k. , a Helicobacter Pylori standard ter\u00e1pi\u00e1j\u00e1val. A Saccharomyces Boulardii probiotikus gomba 5 milli\u00e1rd \u00e9l\u0151 sejtj\u00e9nek bizony\u00edtottan hat\u00e9kony d\u00f3zisa hozz\u00e1j\u00e1rul az \u00f6sszes gyermek hasmen\u00e9s\u00e9nek meg\u00e1ll\u00edt\u00e1s\u00e1hoz, ha antibiotikummal egyidej\u0171leg alkalmazz\u00e1k. Az a-TECH csomagol\u00e1si technol\u00f3gi\u00e1t a tov\u00e1bbi term\u00e9kv\u00e9delem \u00e9s min\u0151s\u00e9gbiztos\u00edt\u00e1s c\u00e9lj\u00e1b\u00f3l vezett\u00e9k be.<\/p>\n<p><strong>Adagol\u00e1s \u00e9s felhaszn\u00e1l\u00e1si m\u00f3d<\/strong><br \/>\n1-2 tasak naponta.<\/p>\n<p><strong>Jegyzet:<\/strong>\u00a0Arra t\u00f6reksz\u00fcnk, hogy minden term\u00e9k le\u00edr\u00e1s\u00e1n\u00e1l a lehet\u0151 legpontosabbak legy\u00fcnk, de nem tudjuk garant\u00e1lni, hogy minden le\u00edr\u00e1s teljes \u00e9s hibamentes. K\u00f6sz\u00f6n\u00f6m a meg\u00e9rt\u00e9st.<br \/>\nAz oldalon felt\u00fcntetett \u00f6sszes elem k\u00edn\u00e1latunk r\u00e9sz\u00e9t k\u00e9pezi, de ez nem jelenti azt, hogy mindenkor el\u00e9rhet\u0151.<\/p>","protected":false},"featured_media":582,"template":"","meta":[],"product_brand":[3145],"product_cat":[340,3054],"product_tag":[1709,1592,1597],"class_list":{"0":"post-581","1":"product","2":"type-product","3":"status-publish","4":"has-post-thumbnail","6":"product_brand-abela","7":"product_cat-deciji-program","8":"product_cat-akcija","9":"product_tag-betty","10":"product_tag-probiotik-za-decu","11":"product_tag-saccharomyces-boulardii","13":"first","14":"instock","15":"sale","16":"purchasable","17":"product-type-simple"},"ams_default_variation_id":0,"ams_product_points_reward":[],"ams_product_discount_percentage":15,"ams_price_to_display":850.42,"ams_acf":[],"jetpack_sharing_enabled":true,"_links":{"self":[{"href":"https:\/\/apotekar-online.rs\/hu\/wp-json\/wp\/v2\/product\/581","targetHints":{"allow":["GET"]}}],"collection":[{"href":"https:\/\/apotekar-online.rs\/hu\/wp-json\/wp\/v2\/product"}],"about":[{"href":"https:\/\/apotekar-online.rs\/hu\/wp-json\/wp\/v2\/types\/product"}],"wp:featuredmedia":[{"embeddable":true,"href":"https:\/\/apotekar-online.rs\/hu\/wp-json\/wp\/v2\/media\/582"}],"wp:attachment":[{"href":"https:\/\/apotekar-online.rs\/hu\/wp-json\/wp\/v2\/media?parent=581"}],"wp:term":[{"taxonomy":"product_brand","embeddable":true,"href":"https:\/\/apotekar-online.rs\/hu\/wp-json\/wp\/v2\/product_brand?post=581"},{"taxonomy":"product_cat","embeddable":true,"href":"https:\/\/apotekar-online.rs\/hu\/wp-json\/wp\/v2\/product_cat?post=581"},{"taxonomy":"product_tag","embeddable":true,"href":"https:\/\/apotekar-online.rs\/hu\/wp-json\/wp\/v2\/product_tag?post=581"}],"curies":[{"name":"wp","href":"https:\/\/api.w.org\/{rel}","templated":true}]}}