{"id":5871,"date":"2024-03-25T07:03:11","date_gmt":"2024-03-25T09:03:11","guid":{"rendered":"https:\/\/apotekar-online.rs\/?post_type=product&#038;p=5871"},"modified":"2026-03-05T08:08:42","modified_gmt":"2026-03-05T10:08:42","slug":"herbion-szirup-izlandi-zuzmo-150ml","status":"publish","type":"product","link":"https:\/\/apotekar-online.rs\/hu\/p\/herbion-sirup-islandski-lisaj-150ml\/","title":{"rendered":"Herbion szirup izlandi zuzm\u00f3 150ml"},"content":{"rendered":"","protected":false},"excerpt":{"rendered":"<p><strong>Ennek a gy\u00f3gyszernek az interneten kereszt\u00fcli \u00e9rt\u00e9kes\u00edt\u00e9s\u00e9t a Szerb K\u00f6zt\u00e1rsas\u00e1g t\u00f6rv\u00e9nyei tiltj\u00e1k, m\u00edg az interneten kereszt\u00fcli rekl\u00e1moz\u00e1sa csak eml\u00e9keztet\u0151k\u00e9nt enged\u00e9lyezett, \u00e9s t\u00e1j\u00e9koztat\u00f3 jelleg\u0171.<\/strong><\/p>\n<p>&nbsp;<\/p>\n<p>Herbion\uf0d2<br \/>\nIzlandi zuzm\u00f3szirup, szirup<br \/>\nMiel\u0151tt elkezden\u00e9 szedni ezt a gy\u00f3gyszert, olvassa el figyelmesen ezt a betegt\u00e1j\u00e9koztat\u00f3t, mert inform\u00e1ci\u00f3kat tartalmaz<br \/>\namelyek fontosak neked.<br \/>\nEzt a gy\u00f3gyszert mindig pontosan a betegt\u00e1j\u00e9koztat\u00f3ban le\u00edrtaknak vagy az orvos \u00e1ltal elmondottaknak megfelel\u0151en szedje<br \/>\nvagy egy gy\u00f3gyszer\u00e9sz.<br \/>\n\uf02d Mentse el az utas\u00edt\u00e1sokat. Lehet, hogy \u00fajra el kell olvasnia.<br \/>\n\uf02d Ha tov\u00e1bbi k\u00e9rd\u00e9sei vannak, vagy tan\u00e1csra van sz\u00fcks\u00e9ge, forduljon gy\u00f3gyszer\u00e9sz\u00e9hez.<br \/>\n\uf02d Ha \u00d6nn\u00e9l b\u00e1rmilyen mell\u00e9khat\u00e1s jelentkezik, forduljon orvos\u00e1hoz vagy gy\u00f3gyszer\u00e9sz\u00e9hez. Ez<br \/>\ntartalmazza az ebben az \u00fatmutat\u00f3ban fel nem sorolt mell\u00e9khat\u00e1sokat. L\u00e1sd a 4. r\u00e9szt.<br \/>\n\uf02d Ha nem \u00e9rzi jobban mag\u00e1t, vagy rosszabbul \u00e9rzi mag\u00e1t 7 nap ut\u00e1n, forduljon orvos\u00e1hoz.<br \/>\nEbben az \u00fatmutat\u00f3ban a k\u00f6vetkez\u0151ket olvashatja:<br \/>\n1. Mi az izlandi zuzm\u00f3b\u00f3l sz\u00e1rmaz\u00f3 Herbion szirup gy\u00f3gyszer \u00e9s mire val\u00f3<br \/>\n2. Tudnival\u00f3k a Herbion Izlandi zuzm\u00f3szirup gy\u00f3gyszer szed\u00e9se el\u0151tt<br \/>\n3. Hogyan kell szedni az izlandi zuzm\u00f3b\u00f3l sz\u00e1rmaz\u00f3 Herbion szirupot<br \/>\n4. Lehets\u00e9ges mell\u00e9khat\u00e1sok<br \/>\n5. Hogyan kell t\u00e1rolni az izlandi zuzm\u00f3b\u00f3l sz\u00e1rmaz\u00f3 Herbion szirupot<br \/>\n6. A csomag tartalma \u00e9s egy\u00e9b inform\u00e1ci\u00f3k<br \/>\n2 a 4-b\u0151l<br \/>\n1. Mi az izlandi zuzm\u00f3b\u00f3l sz\u00e1rmaz\u00f3 Herbion szirup gy\u00f3gyszer \u00e9s mire val\u00f3<br \/>\nA Herbion Izlandi zuzm\u00f3szirup az izlandi zuzm\u00f3 tallus\u00e1nak l\u00e1gy kivonat\u00e1t tartalmazza.<br \/>\nAz ajak ny\u00e1lkah\u00e1rty\u00e1j\u00e1nak irrit\u00e1ci\u00f3j\u00e1nak t\u00fcneti enyh\u00edt\u00e9s\u00e9re aj\u00e1nlott hagyom\u00e1nyos gy\u00f3gyn\u00f6v\u00e9ny<br \/>\nsinus \u00e9s garat, valamint a k\u00eds\u00e9r\u0151 sz\u00e1raz k\u00f6h\u00f6g\u00e9s.<br \/>\nAz izlandi zuzm\u00f3 kivonat ny\u00e1lkah\u00e1rty\u00e1t tartalmaz, amelynek be kell vonnia, v\u00e9denie \u00e9s hidrat\u00e1lnia kell az ajkak ny\u00e1lkah\u00e1rty\u00e1j\u00e1t<br \/>\n\u00fcregek \u00e9s a garat, \u00edgy enyh\u00edti az irrit\u00e1ci\u00f3t \u00e9s a sz\u00e1raz k\u00f6h\u00f6g\u00e9st.<br \/>\nA felt\u00fcntetett javallatok szerinti alkalmaz\u00e1s kiz\u00e1r\u00f3lag hossz\u00fa t\u00e1v\u00fa tapasztalatokon alapul.<br \/>\nForduljon kezel\u0151orvos\u00e1hoz, ha nem \u00e9rzi jobban mag\u00e1t, vagy ha 7 nap ut\u00e1n rosszabbul \u00e9rzi mag\u00e1t.<br \/>\n2. Tudnival\u00f3k a Herbion Izlandi zuzm\u00f3szirup gy\u00f3gyszer szed\u00e9se el\u0151tt<br \/>\nNem szedhet Lek Herbion szirupot izlandi zuzm\u00f3b\u00f3l:<br \/>\n- ha allergi\u00e1s (t\u00fal\u00e9rz\u00e9keny) az izlandi zuzm\u00f3 kivonat\u00e1ra vagy b\u00e1rmely seg\u00e9danyagra<br \/>\nennek a gy\u00f3gyszernek a szed\u00e9s\u00e9t (a 6. pontban felsorolva).<br \/>\nFigyelmeztet\u00e9sek \u00e9s \u00f3vint\u00e9zked\u00e9sek<br \/>\nA Herbion Iceland Lichen Szirup szed\u00e9se el\u0151tt besz\u00e9ljen kezel\u0151orvos\u00e1val vagy gy\u00f3gyszer\u00e9sz\u00e9vel:<br \/>\n- ha l\u00e9g\u00fati probl\u00e9m\u00e1i vannak, melyeket l\u00e9gz\u00e9si neh\u00e9zs\u00e9g, emelkedett testh\u0151m\u00e9rs\u00e9klet k\u00eds\u00e9r<br \/>\nl\u00e1z, kr\u00f3nikus k\u00f6h\u00f6g\u00e9s vagy v\u00e9r a k\u00f6petben, azonnal forduljon orvoshoz,<br \/>\n- ha a betegs\u00e9g t\u00fcnetei 7 napos kezel\u00e9s ut\u00e1n nem enyh\u00fclnek, vagy a kezel\u00e9s alatt s\u00falyosbodnak<br \/>\norvoshoz kell fordulnia.<br \/>\nGyermekek \u00e9s serd\u00fcl\u0151k<br \/>\nAz izlandi zuzm\u00f3b\u00f3l sz\u00e1rmaz\u00f3 Herbion szirupot feln\u0151tteknek \u00e9s 4 \u00e9vesn\u00e9l id\u0151sebb gyermekeknek sz\u00e1nt\u00e1k.<br \/>\nMiel\u0151tt a gy\u00f3gyszert 2-4 \u00e9ves gyermekekn\u00e9l alkalmazn\u00e1, konzult\u00e1ljon orvos\u00e1val.<br \/>\nEgy\u00e9b gy\u00f3gyszerek \u00e9s a Herbion izlandi zuzm\u00f3szirup<br \/>\nFelt\u00e9tlen\u00fcl t\u00e1j\u00e9koztassa kezel\u0151orvos\u00e1t vagy gy\u00f3gyszer\u00e9sz\u00e9t, ha jelenleg vagy nemr\u00e9giben szedett, vagy szedni fog<br \/>\negy\u00e9b gy\u00f3gyszerek, bele\u00e9rtve azokat is, amelyek orvosi rendelv\u00e9ny n\u00e9lk\u00fcl kaphat\u00f3k.<br \/>\nA ny\u00e1lkatartalom miatt a szirup lelass\u00edthatja a gy\u00f3gyszerek felsz\u00edv\u00f3d\u00e1s\u00e1t, ha egyidej\u0171leg alkalmazz\u00e1k.<br \/>\nEz\u00e9rt a gy\u00f3gyszert m\u00e1s gy\u00f3gyszerek bev\u00e9tele el\u0151tt vagy ut\u00e1n f\u00e9l \u00f3r\u00e1val 1 \u00f3r\u00e1val javasolt bevenni.<br \/>\nKer\u00fclni kell az izlandi zuzm\u00f3b\u00f3l sz\u00e1rmaz\u00f3 Herbion szirup \u00e9s a warfarin (olyan gy\u00f3gyszer, amely<br \/>\nmegakad\u00e1lyozza a v\u00e9ralvad\u00e1st), egy lehets\u00e9ges farmakodin\u00e1mi\u00e1s k\u00f6lcs\u00f6nhat\u00e1s miatt, amely cs\u00f6kken\u00e9shez vezethet<br \/>\na warfarin felsz\u00edv\u00f3d\u00e1sa a gyomor-b\u00e9l traktusb\u00f3l.<br \/>\nTerhess\u00e9g \u00e9s szoptat\u00e1s<br \/>\nHa \u00d6n terhes vagy szoptat, \u00fagy gondolja, hogy terhes vagy teherbe k\u00edv\u00e1n esni, forduljon orvos\u00e1hoz vagy<br \/>\nk\u00e9rjen tan\u00e1csot gy\u00f3gyszer\u00e9sz\u00e9t\u0151l, miel\u0151tt elkezdi szedni ezt a gy\u00f3gyszert.<br \/>\nTerhess\u00e9g \u00e9s szoptat\u00e1s ideje alatt az izlandi zuzm\u00f3b\u00f3l sz\u00e1rmaz\u00f3 Herbion szirup haszn\u00e1lata nem javasolt<br \/>\nel\u00e9gtelen adat az izlandi zuzm\u00f3 kivonat terhes n\u0151kn\u00e9l \u00e9s szoptat\u00f3 any\u00e1kn\u00e1l t\u00f6rt\u00e9n\u0151 alkalmaz\u00e1s\u00e1r\u00f3l.<br \/>\nJ\u00e1rm\u0171vek vezet\u00e9se \u00e9s g\u00e9pek kezel\u00e9se<br \/>\nNem igazolt\u00e1k, hogy az izlandi zuzm\u00f3b\u00f3l sz\u00e1rmaz\u00f3 Herbion szirup befoly\u00e1solja a g\u00e9pj\u00e1rm\u0171vezet\u00e9shez \u00e9s a kezel\u00e9shez sz\u00fcks\u00e9ges k\u00e9pess\u00e9geket.<br \/>\ng\u00e9pek.<br \/>\nAz izlandi zuzm\u00f3b\u00f3l sz\u00e1rmaz\u00f3 Lek Herbion szirup szorbitot, foly\u00e9kony, nem krist\u00e1lyosod\u00f3 (E420) \u00e9s etanolt tartalmaz<br \/>\nAz izlandi zuzm\u00f3b\u00f3l sz\u00e1rmaz\u00f3 Lek Herbion szirup 760 mg szorbitot tartalmaz, foly\u00e9kony, nem krist\u00e1lyosod\u00f3 (E420) egyben<br \/>\nmilliliter. Bizonyos cukrokra val\u00f3 intolerancia eset\u00e9n a gy\u00f3gyszer alkalmaz\u00e1sa el\u0151tt konzult\u00e1ljon orvos\u00e1val.<br \/>\nA szorbit enyhe hashajt\u00f3k\u00e9nt hat. Kal\u00f3ria\u00e9rt\u00e9ke 2,6 kcal\/g szorbit.<br \/>\nEz a gy\u00f3gyszer kis mennyis\u00e9g\u0171 etanolt (alkoholt) tartalmaz, adagonk\u00e9nt kevesebb, mint 100 mg.<br \/>\n4-b\u0151l 3<br \/>\n3. Hogyan kell szedni az izlandi zuzm\u00f3b\u00f3l sz\u00e1rmaz\u00f3 Herbion szirupot<br \/>\nEzt a gy\u00f3gyszert mindig pontosan a betegt\u00e1j\u00e9koztat\u00f3ban le\u00edrtaknak vagy az orvos \u00e1ltal elmondottaknak megfelel\u0151en szedje<br \/>\nvagy egy gy\u00f3gyszer\u00e9sz. Ha nem biztos benne, k\u00e9rdezze meg kezel\u0151orvos\u00e1t vagy gy\u00f3gyszer\u00e9sz\u00e9t.<br \/>\nA szok\u00e1sos adag feln\u0151tteknek \u00e9s 16 \u00e9v feletti serd\u00fcl\u0151knek napi n\u00e9gyszer 15 ml szirup.<br \/>\nA szok\u00e1sos adag 10-16 \u00e9ves gyermekek sz\u00e1m\u00e1ra napi n\u00e9gyszer 10 ml szirup.<br \/>\nA szok\u00e1sos adag 4-10 \u00e9ves gyermekek sz\u00e1m\u00e1ra napi n\u00e9gyszer 5 ml szirup.<br \/>\nSzok\u00e1sos adag 2-4 \u00e9ves gyermekeknek: 2,5 ml szirup naponta n\u00e9gyszer.<br \/>\n2-4 \u00e9ves gyermekek ezt a gy\u00f3gyszert csak orvosi javaslatra haszn\u00e1lhatj\u00e1k.<br \/>\nAz izlandi zuzm\u00f3b\u00f3l sz\u00e1rmaz\u00f3 Herbion szirupot nem 2 \u00e9vesn\u00e9l fiatalabb gyermekek kezel\u00e9s\u00e9re tervezt\u00e9k.<br \/>\nNe egyen vagy igyon azonnal a Herbion Izlandi Lichen Szirup gy\u00f3gyszer bev\u00e9tele ut\u00e1n, mert ez a gy\u00f3gyszer igen<br \/>\nt\u00fal gyorsan tud elt\u00e1vol\u00edtani a sz\u00e1j\u00fcreg \u00e9s a garat ny\u00e1lkah\u00e1rty\u00e1j\u00e1r\u00f3l.<br \/>\nA Herbion szirup gy\u00f3gyszer szed\u00e9se k\u00f6zben aj\u00e1nlott nagy mennyis\u00e9g\u0171 te\u00e1t \u00e9s m\u00e1s forr\u00f3 italokat inni<br \/>\nizlandi zuzm\u00f3, de nem k\u00f6zvetlen\u00fcl a gy\u00f3gyszer bev\u00e9tele ut\u00e1n.<br \/>\nHa a t\u00fcnetek s\u00falyosbodnak, vagy a gy\u00f3gyszer szed\u00e9se ut\u00e1n 7 napon bel\u00fcl nincs javul\u00e1s, forduljon hozz\u00e1nk<br \/>\naz orvoshoz.<br \/>\nHaszn\u00e1lat el\u0151tt r\u00e1zza fel az \u00fcveget.<br \/>\nHa az el\u0151\u00edrtn\u00e1l t\u00f6bb Herbion szirupot vett be<br \/>\nNe vegyen be az aj\u00e1nlottn\u00e1l nagyobb adagokat.<br \/>\nAz aj\u00e1nlottn\u00e1l nagyobb adagok lenyel\u00e9se irrit\u00e1l\u00f3 hat\u00e1ssal lehet a gyomor ny\u00e1lkah\u00e1rty\u00e1j\u00e1ra.<br \/>\nHa elfelejtette bevenni a Herbion Izlandi zuzm\u00f3szirupot<br \/>\nNe vegyen be dupla adagot a kihagyott adag p\u00f3tl\u00e1s\u00e1ra.<br \/>\nHa b\u00e1rmilyen tov\u00e1bbi k\u00e9rd\u00e9se van a gy\u00f3gyszer alkalmaz\u00e1s\u00e1val kapcsolatban, k\u00e9rdezze meg kezel\u0151orvos\u00e1t vagy gy\u00f3gyszer\u00e9sz\u00e9t.<br \/>\n4. Lehets\u00e9ges mell\u00e9khat\u00e1sok<br \/>\nMint minden gy\u00f3gyszer, \u00edgy ez a gy\u00f3gyszer is okozhat mell\u00e9khat\u00e1sokat, amelyek azonban nem mindenkin\u00e9l jelentkeznek.<br \/>\nezt a gy\u00f3gyszert szed\u0151 betegek.<br \/>\nNem ismert gyakoris\u00e1g (a rendelkez\u00e9sre \u00e1ll\u00f3 adatokb\u00f3l nem becs\u00fclhet\u0151 meg):<br \/>\n- t\u00fal\u00e9rz\u00e9kenys\u00e9gi reakci\u00f3, amely viszket\u00e9sben, b\u0151rp\u00edrban vagy l\u00e9gz\u00e9si neh\u00e9zs\u00e9gben nyilv\u00e1nul meg.<br \/>\nHa allergi\u00e1s reakci\u00f3 l\u00e9p fel, hagyja abba a gy\u00f3gyszer szed\u00e9s\u00e9t \u00e9s forduljon orvoshoz.<br \/>\nA mell\u00e9khat\u00e1sok bejelent\u00e9se<br \/>\nHa b\u00e1rmilyen nemk\u00edv\u00e1natos reakci\u00f3t tapasztal, t\u00e1j\u00e9koztassa kezel\u0151orvos\u00e1t vagy gy\u00f3gyszer\u00e9sz\u00e9t.<br \/>\nEz mag\u00e1ban foglalja az ebben az \u00fatmutat\u00f3ban nem szerepl\u0151 esetleges mell\u00e9khat\u00e1sokat is. Regisztr\u00e1ci\u00f3val<br \/>\nmell\u00e9khat\u00e1sok seg\u00edthetnek \u00e9rt\u00e9kelni a gy\u00f3gyszer biztons\u00e1goss\u00e1g\u00e1t. Nem k\u00edv\u00e1nt reakci\u00f3kra gyanakszanak<br \/>\njelentheti a Szerbiai Gy\u00f3gyszer- \u00e9s Orvostechnikai \u00dcgyn\u00f6ks\u00e9gnek (ALIMS):<br \/>\nSzerb Gy\u00f3gyszer- \u00e9s Orvostechnikai \u00dcgyn\u00f6ks\u00e9g<br \/>\nOrsz\u00e1gos Farmakovigilancia K\u00f6zpont<br \/>\nVojvode Stepe 458, 11221 Belgr\u00e1d<br \/>\n4 a 4-b\u0151l<br \/>\nSzerb K\u00f6zt\u00e1rsas\u00e1g<br \/>\nWeboldal: www.alims.gov.rs<br \/>\ne-mail: nezeljene.reakcije@alims.gov.rs<br \/>\n5. Hogyan kell t\u00e1rolni az izlandi zuzm\u00f3b\u00f3l sz\u00e1rmaz\u00f3 Herbion szirupot<br \/>\nA gy\u00f3gyszer gyermekekt\u0151l elz\u00e1rva tartand\u00f3.<br \/>\nNe alkalmazza az izlandi zuzm\u00f3b\u00f3l sz\u00e1rmaz\u00f3 Herbion szirupot a felt\u00fcntetett lej\u00e1rati id\u0151 ut\u00e1n<br \/>\nk\u00fcls\u0151 \u00e9s bels\u0151 csomagol\u00e1s az &quot;\u00c9rv\u00e9nyes:&quot; ut\u00e1n. A lej\u00e1rati id\u0151 az utols\u00f3ra vonatkozik<br \/>\na megadott h\u00f3nap napja.<br \/>\nNe t\u00e1rolja h\u0171t\u0151szekr\u00e9nyben.<br \/>\nFelhaszn\u00e1lhat\u00f3s\u00e1gi id\u0151tartam az els\u0151 felbont\u00e1s ut\u00e1n: 3 h\u00f3nap.<br \/>\nA haszn\u00e1lhatatlan gy\u00f3gyszereket a gy\u00f3gyszert\u00e1rnak adj\u00e1k \u00e1t, ahol a gy\u00f3gyszert\u00e1rban kif\u00fcggesztik az \u00e1tv\u00e9telre vonatkoz\u00f3 \u00e9rtes\u00edt\u00e9st.<br \/>\nhaszn\u00e1lhatatlan gy\u00f3gyszereket a polg\u00e1rokt\u00f3l. A felhaszn\u00e1lhatatlan gy\u00f3gyszereket tilos a csatorn\u00e1ba vagy azzal egy\u00fctt dobni<br \/>\nkommun\u00e1lis hullad\u00e9k. Ezek az int\u00e9zked\u00e9sek seg\u00edtik a k\u00f6rnyezet v\u00e9delm\u00e9t.<br \/>\n6. A csomag tartalma \u00e9s egy\u00e9b inform\u00e1ci\u00f3k<br \/>\nMit tartalmaz az izlandi zuzm\u00f3b\u00f3l sz\u00e1rmaz\u00f3 Herbion szirup<br \/>\n\u2013 A hat\u00f3anyag az izlandi zuzm\u00f3 tallus\u00e1nak l\u00e1gy kivonata. 1 ml szirup 6 mg l\u00e1gy kivonatot tartalmaz<br \/>\nizlandi zuzm\u00f3 (Cetraria islandica (L.) Acharius sl, thallus) tallusza (16-18:1), ami a 96-108.<br \/>\nmg izlandi zuzm\u00f3. Extrakci\u00f3s old\u00f3szer: v\u00edz, tiszt\u00edtott.<br \/>\n- Seg\u00e9danyagok: szorbit, foly\u00e9kony, nem krist\u00e1lyosod\u00f3 (E420); xant\u00e1ngumi (E415); n\u00e1trium benzo\u00e1t<br \/>\n(E211); citromsav, monohidr\u00e1t (E330) \u00e9s citrom aroma (tartalmazza: citromolaj, etanol, v\u00edz,<br \/>\ntiszt\u00edtott, Citral ex. Litsea cubeba). L\u00e1sd a 2. pontot, a Lek Herbion izlandi zuzm\u00f3szirupot tartalmaz<br \/>\nszorbit, foly\u00e9kony, nem krist\u00e1lyosod\u00f3 (E420) \u00e9s etanol.<br \/>\nMilyen a Herbion izlandi zuzm\u00f3szirup gy\u00f3gyszer k\u00fclleme \u00e9s mit tartalmaz a csomagol\u00e1s<br \/>\nA szirup s\u00e1rg\u00e1sbarn\u00e1t\u00f3l barn\u00e1ig terjed\u0151, enyh\u00e9n op\u00e1los folyad\u00e9k, saj\u00e1tos szaggal \u00e9s \u00edzzel. Jelen lehet<br \/>\nterm\u00e9szetes anyagokra jellemz\u0151 diszkr\u00e9t \u00fcled\u00e9k.<br \/>\nA gy\u00f3gyszer bels\u0151 csomagol\u00e1sa egy s\u00f6t\u00e9t \u00fcvegpalack (Ph. Eur. szerint III. t\u00edpus\u00fa hidrolitikus rezisztencia), amely<br \/>\nm\u0171anyag kupakkal \u00e9s adagol\u00f3kan\u00e1llal (a kan\u00e1l f\u00e9lig \u00e1tl\u00e1tsz\u00f3 polipropil\u00e9nb\u0151l, t\u00e9rfogata 5 ml,<br \/>\n1,25 ml-re \u00e9s 2,5 ml-re osztva). A palack 150 ml szirupot tartalmaz.<br \/>\nA gy\u00f3gyszer k\u00fcls\u0151 csomagol\u00e1sa egy \u00f6sszecsukhat\u00f3 kartondoboz, amely egy \u00fcvegpalackot tartalmaz 150 ml sziruppal,<br \/>\nadagol\u00f3kan\u00e1l \u00e9s a gy\u00f3gyszer haszn\u00e1lati utas\u00edt\u00e1sa.<br \/>\nEnged\u00e9ly tulajdonosa \u00e9s gy\u00e1rt\u00f3ja<br \/>\nEnged\u00e9ly birtokosa<br \/>\nKRKA-FARMA DOO BELGRADE, Jurija Gagarina 26\/V\/II, Belgr\u00e1d<br \/>\nGy\u00e1rt\u00f3<br \/>\nKRKA DD, NOVO MESTO, \u0160marje\u0161ka cesta 6, Novo mesto, Szlov\u00e9nia<br \/>\nEzt az utas\u00edt\u00e1st legut\u00f3bb j\u00f3v\u00e1hagyt\u00e1k<br \/>\n2020. \u00e1prilis.<br \/>\nA gy\u00f3gyszer adagol\u00e1si m\u00f3dja:<br \/>\nA gy\u00f3gyszert orvosi rendelv\u00e9ny n\u00e9lk\u00fcl adj\u00e1k ki.<br \/>\nAz enged\u00e9ly sz\u00e1ma \u00e9s d\u00e1tuma:<br \/>\n515-01-02640-19-001 2020.04.16-t\u00f3l<\/p>","protected":false},"featured_media":5872,"template":"","meta":[],"product_brand":[],"product_cat":[151],"product_tag":[524,1541,1060,1713],"class_list":{"0":"post-5871","1":"product","2":"type-product","3":"status-publish","4":"has-post-thumbnail","6":"product_cat-prehlada-i-kasalj","7":"product_tag-bez-secera","8":"product_tag-islandski-lisaj","9":"product_tag-nadrazajni-kasalj","10":"product_tag-suv-kasalj","11":"pa_brend-krka","13":"first","14":"instock","15":"shipping-taxable","16":"product-type-simple"},"ams_default_variation_id":0,"ams_product_points_reward":[],"ams_product_discount_percentage":0,"ams_price_to_display":0,"ams_acf":[],"jetpack_sharing_enabled":true,"_links":{"self":[{"href":"https:\/\/apotekar-online.rs\/hu\/wp-json\/wp\/v2\/product\/5871","targetHints":{"allow":["GET"]}}],"collection":[{"href":"https:\/\/apotekar-online.rs\/hu\/wp-json\/wp\/v2\/product"}],"about":[{"href":"https:\/\/apotekar-online.rs\/hu\/wp-json\/wp\/v2\/types\/product"}],"wp:featuredmedia":[{"embeddable":true,"href":"https:\/\/apotekar-online.rs\/hu\/wp-json\/wp\/v2\/media\/5872"}],"wp:attachment":[{"href":"https:\/\/apotekar-online.rs\/hu\/wp-json\/wp\/v2\/media?parent=5871"}],"wp:term":[{"taxonomy":"product_brand","embeddable":true,"href":"https:\/\/apotekar-online.rs\/hu\/wp-json\/wp\/v2\/product_brand?post=5871"},{"taxonomy":"product_cat","embeddable":true,"href":"https:\/\/apotekar-online.rs\/hu\/wp-json\/wp\/v2\/product_cat?post=5871"},{"taxonomy":"product_tag","embeddable":true,"href":"https:\/\/apotekar-online.rs\/hu\/wp-json\/wp\/v2\/product_tag?post=5871"}],"curies":[{"name":"wp","href":"https:\/\/api.w.org\/{rel}","templated":true}]}}