{"id":5902,"date":"2024-03-28T05:25:32","date_gmt":"2024-03-28T07:25:32","guid":{"rendered":"https:\/\/apotekar-online.rs\/?post_type=product&#038;p=5902"},"modified":"2026-04-30T00:00:03","modified_gmt":"2026-04-30T02:00:03","slug":"waya-biotic-d3-kapi","status":"publish","type":"product","link":"https:\/\/apotekar-online.rs\/hu\/p\/waya-biotic-d3-kapi\/","title":{"rendered":"WAYA Biotic D3 cseppek"},"content":{"rendered":"","protected":false},"excerpt":{"rendered":"<p>Za odgovaraju\u0107i dnevni unos vitamina D<sub>3<\/sub>\u00a0koji je potreban za normalan rast i razvoj kostiju i doprinosi normalnom funkcionisanju imunog sistema.<\/p>\n<p>Jedine kapi sa probiotskom kulturom\u00a0<i>Lactobacillus rhamnosus<\/i>\u00a0GG i vitaminom D<sub>3<\/sub> koje su u uljanoj suspenziji \u0161to smanjuje mogu\u0107nost pojave gr\u010deva.<\/p>\n<div class=\"pharmacy_links\">\n<ul>\n<li>Za odoj\u010dad i decu koja imaju pove\u0107an rizik od nedostatka vitamina D<\/li>\n<li>Vitamin D potreban je za normalan rast i razvoj kostiju dece i doprinosi normalnom funkcionisanju imunog sistema<\/li>\n<li>Za regulisano varenje i ubla\u017eavanje tegoba sa varenjem (proliv, gr\u010devi, gasovi&#8230;) jer kapi sadr\u017ee probiotik<\/li>\n<\/ul>\n<ul>\n<li>7 kapi sadr\u017ei potrebnu dnevnu koli\u010dinu vitamina D prema preporukama pedijatara (400 I. J.)<b><\/b><\/li>\n<li>Ne uzrokuju gr\u010deve kod beba jer jedine sadr\u017ee najistra\u017eeniju zdravu mle\u010dnokiselinsku bakteriju\u00a0<i>Lactobacillus rhamnosus<\/i>\u00a0GG i vitamin D<sub>3<\/sub>\u00a0u uljanoj suspenziji<b><br \/>\n<\/b><\/li>\n<li>D-vitamin<sub>3<\/sub>\u00a0u WAYA Biotic D3 kapima\u00a0nalazi se u uljanoj suspenziji i nisu mu potrebni dodaci (antioksidansi, stabilizatori, konzervansi) koji mogu da izazovu nadimanje i gr\u010deve<\/li>\n<li><span lang=\"SR-LATN-RS\">7 kapi sadr\u017ei najmanje 1,4 milijarde \u0107elija mikroinkapsulirane zdrave mle\u010dnokiselinske bakterije\u00a0<i>Lactobacillus rhamnosus<\/i>\u00a0GG<\/span><\/li>\n<li>Sprovodi se redovna kontrola kvaliteta<\/li>\n<li>Primerene za novoro\u0111en\u010dad, odoj\u010dad i decu<\/li>\n<li>Pogodne su za osobe sa alergijama jer ne sadr\u017ee alergene (mle\u010dne proteine, laktozu, gluten, jaja, ribe, kikiriki, susam, SO2, soju, ko\u0161tunjavo vo\u0107e, sla\u010dicu, celer, rakove)<\/li>\n<li>Primerene su i za vegetarijance jer je vitamin D<sub>3<\/sub>\u00a0biljnog porekla<\/li>\n<li>Neutralnog su mirisa i ukusa<\/li>\n<li>Jednostavne su za doziranje<\/li>\n<li>Nakon otvaranja bo\u010dice kapi su upotrebljive jo\u0161 najmanje mesec dana<\/li>\n<\/ul>\n<ul>\n<li><span lang=\"SR-LATN-RS\">Proizvod ima prirodno prisutan talog pa pre svake upotrebe dobro protresite bo\u010dicu. Posle mu\u0107kanja proizvod postaje prirodno mutan.<\/span><\/li>\n<li><span lang=\"SR-LATN-RS\">WAYA Biotic\u00a0D<sub>3<\/sub>\u00a0kapi upotrebljavajte najmanje dve nedelje. Kapi su primerene i za dugotrajnu primenu.<\/span><\/li>\n<li><span lang=\"SR-LATN-RS\">Najbolje je uzeti kapi samostalno ka\u0161i\u010dicom.<\/span><\/li>\n<li><span lang=\"SR-LATN-RS\">Proizvod je neutralnog mirisa i ukusa.<\/span><\/li>\n<\/ul>\n<p><b>Adagol\u00e1s<\/b><\/p>\n<ul>\n<li>Novoro\u0111en\u010dad, odoj\u010dad i deca do 2. godine: 7 kapi jedanput na dan<\/li>\n<li>Deca od 2. do 6. godine: 10 kapi jedanput na dan<\/li>\n<\/ul>\n<\/div>","protected":false},"featured_media":5903,"template":"","meta":[],"product_brand":[3093],"product_cat":[340,156],"product_tag":[390,180,271,2320,2318,2319,2321,327],"class_list":{"0":"post-5902","1":"product","2":"type-product","3":"status-publish","4":"has-post-thumbnail","6":"product_brand-waya","7":"product_cat-deciji-program","8":"product_cat-grcevi-kod-beba","9":"product_tag-bebe","10":"product_tag-deca","11":"product_tag-grcevi","12":"product_tag-normalan-rast","13":"product_tag-novorodjence","14":"product_tag-odojcad","15":"product_tag-ublazavanje-tegoba-sa-varenjem","16":"product_tag-vitamin-d3","17":"pa_brend-medis","19":"first","20":"instock","21":"shipping-taxable","22":"purchasable","23":"product-type-simple"},"ams_default_variation_id":0,"ams_product_points_reward":[],"ams_product_discount_percentage":0,"ams_price_to_display":1248.55,"ams_acf":[],"jetpack_sharing_enabled":true,"_links":{"self":[{"href":"https:\/\/apotekar-online.rs\/hu\/wp-json\/wp\/v2\/product\/5902","targetHints":{"allow":["GET"]}}],"collection":[{"href":"https:\/\/apotekar-online.rs\/hu\/wp-json\/wp\/v2\/product"}],"about":[{"href":"https:\/\/apotekar-online.rs\/hu\/wp-json\/wp\/v2\/types\/product"}],"wp:featuredmedia":[{"embeddable":true,"href":"https:\/\/apotekar-online.rs\/hu\/wp-json\/wp\/v2\/media\/5903"}],"wp:attachment":[{"href":"https:\/\/apotekar-online.rs\/hu\/wp-json\/wp\/v2\/media?parent=5902"}],"wp:term":[{"taxonomy":"product_brand","embeddable":true,"href":"https:\/\/apotekar-online.rs\/hu\/wp-json\/wp\/v2\/product_brand?post=5902"},{"taxonomy":"product_cat","embeddable":true,"href":"https:\/\/apotekar-online.rs\/hu\/wp-json\/wp\/v2\/product_cat?post=5902"},{"taxonomy":"product_tag","embeddable":true,"href":"https:\/\/apotekar-online.rs\/hu\/wp-json\/wp\/v2\/product_tag?post=5902"}],"curies":[{"name":"wp","href":"https:\/\/api.w.org\/{rel}","templated":true}]}}