{"id":5904,"date":"2024-03-28T05:28:52","date_gmt":"2024-03-28T07:28:52","guid":{"rendered":"https:\/\/apotekar-online.rs\/?post_type=product&#038;p=5904"},"modified":"2026-04-04T16:47:27","modified_gmt":"2026-04-04T18:47:27","slug":"waya-15-kapszula","status":"publish","type":"product","link":"https:\/\/apotekar-online.rs\/hu\/p\/waya-15-kapsula\/","title":{"rendered":"Waya biotic forte 15 kapsula"},"content":{"rendered":"","protected":false},"excerpt":{"rendered":"<p>A Waya forte kapszul\u00e1k egy innovat\u00edv probiotikum, amely a legt\u00f6bbet tesztelt Lactobacillus rhamnosus LGG probiotikus kult\u00far\u00e1t tartalmazza. Hat\u00e9konyan oldj\u00e1k meg az akut hasmen\u00e9st \u00e9s az antibiotikum-haszn\u00e1lat okozta hasmen\u00e9st. Gyermekekn\u00e9l 2 \u00e9ves kort\u00f3l \u00e9s feln\u0151ttekn\u00e9l alkalmazz\u00e1k. Mikrokapszul\u00e1zott, \u00edgy 5x magasabb koncentr\u00e1ci\u00f3t tesz lehet\u0151v\u00e9 a hat\u00e1s hely\u00e9n \u00e9s n\u00f6veli a term\u00e9k hat\u00e9konys\u00e1g\u00e1t. Napi 1 kapszul\u00e1t haszn\u00e1lunk.<\/p>\n<div class=\"way_use_Wrapper\">\n<p class=\"mainTitle oswald\"><strong>A felhaszn\u00e1l\u00e1s m\u00f3dja<\/strong><\/p>\n<div class=\"text\">Gyermekek 2 \u00e9ves kort\u00f3l \u00e9s feln\u0151ttek: 1 kapszula naponta.<\/div>\n<\/div>\n<div class=\"effect_Wrapper\">\n<p class=\"mainTitle oswald\"><strong>Akci\u00f3<\/strong><\/p>\n<div class=\"text\">Szab\u00e1lyozza a b\u00e9l mikrofl\u00f3r\u00e1j\u00e1t, megel\u0151zi a hasmen\u00e9st \u00e9s az antibiotikumok okozta hasmen\u00e9st.<\/div>\n<\/div>\n<div class=\"composition_Wrapper\">\n<p class=\"mainTitle oswald\"><strong>Fogalmaz\u00e1s<\/strong><\/p>\n<div class=\"text\">Lactobacillus rhamnosus GG (\u00f6sszesen 10 milli\u00e1rd LGG egy kapszul\u00e1ban).<\/div>\n<\/div>","protected":false},"featured_media":5905,"template":"","meta":[],"product_brand":[3093],"product_cat":[81,3054,105,107],"product_tag":[2324,1596,1709,2323,255,1595,532,337,2322],"class_list":{"0":"post-5904","1":"product","2":"type-product","3":"status-publish","4":"has-post-thumbnail","6":"product_brand-waya","7":"product_cat-probiotici-i-enzimi","8":"product_cat-akcija","9":"product_cat-dijareja-i-rehidratacija","10":"product_cat-probiotici-za-decu","11":"product_tag-5x-veca-koncentracija","12":"product_tag-antibiotska-terapija","13":"product_tag-betty","14":"product_tag-deca-od-2-godine","15":"product_tag-dijareja","16":"product_tag-lactobacillus-rhamnosus","17":"product_tag-odrasli","18":"product_tag-probiotik","19":"product_tag-waya","20":"pa_brend-medis","22":"first","23":"instock","24":"sale","25":"shipping-taxable","26":"purchasable","27":"product-type-simple"},"ams_default_variation_id":0,"ams_product_points_reward":[],"ams_product_discount_percentage":6.09,"ams_price_to_display":841.1,"ams_acf":[],"jetpack_sharing_enabled":true,"_links":{"self":[{"href":"https:\/\/apotekar-online.rs\/hu\/wp-json\/wp\/v2\/product\/5904","targetHints":{"allow":["GET"]}}],"collection":[{"href":"https:\/\/apotekar-online.rs\/hu\/wp-json\/wp\/v2\/product"}],"about":[{"href":"https:\/\/apotekar-online.rs\/hu\/wp-json\/wp\/v2\/types\/product"}],"wp:featuredmedia":[{"embeddable":true,"href":"https:\/\/apotekar-online.rs\/hu\/wp-json\/wp\/v2\/media\/5905"}],"wp:attachment":[{"href":"https:\/\/apotekar-online.rs\/hu\/wp-json\/wp\/v2\/media?parent=5904"}],"wp:term":[{"taxonomy":"product_brand","embeddable":true,"href":"https:\/\/apotekar-online.rs\/hu\/wp-json\/wp\/v2\/product_brand?post=5904"},{"taxonomy":"product_cat","embeddable":true,"href":"https:\/\/apotekar-online.rs\/hu\/wp-json\/wp\/v2\/product_cat?post=5904"},{"taxonomy":"product_tag","embeddable":true,"href":"https:\/\/apotekar-online.rs\/hu\/wp-json\/wp\/v2\/product_tag?post=5904"}],"curies":[{"name":"wp","href":"https:\/\/api.w.org\/{rel}","templated":true}]}}