{"id":5958,"date":"2024-04-08T18:07:39","date_gmt":"2024-04-08T20:07:39","guid":{"rendered":"https:\/\/apotekar-online.rs\/?post_type=product&#038;p=5958"},"modified":"2026-03-31T00:00:07","modified_gmt":"2026-03-31T02:00:07","slug":"bivits-activa-vitamin-c-1000-acerola-60-tableta","status":"publish","type":"product","link":"https:\/\/apotekar-online.rs\/hu\/p\/bivits-activa-vitamin-c-1000-acerola-60-tableta\/","title":{"rendered":"Bivits Activa C-vitamin 1000 acerola 60 tabletta"},"content":{"rendered":"","protected":false},"excerpt":{"rendered":"<p>Posebna formulacija koja obezbedjuje 1000 mg Vitamina C i ekstrakt acerole koji predstavlja prirodni izvor vitamina C. Kombinacija\u00a0 ekstrakta acerole i vitamina C\u00a0 obezbedjuje\u00a0 bolju apsorpciju i\u00a0 sna\u017ean antioksidativni efekat. BiVits Vitamin C 1000 acerola\u00a0 doprinosi:\u00a0ja\u010danju imuniteta, br\u017eem oporavku nakon infekcije, normalnoj produkciji kolagena, smanjenju ose\u0107aja umora i iscrpljenosti, antioksidativnoj za\u0161titi organizma, boljoj apsorpciji gvo\u017e\u0111a.<\/p>\n<p>1 bo\u010dica 60 tableta<br \/>\nTrajanje:\u00a02 meseca (60 dana)<br \/>\n<strong>Adagol\u00e1s \u00e9s felhaszn\u00e1l\u00e1si m\u00f3d: <\/strong>Samo\u00a01 tableta dnevno<\/p>","protected":false},"featured_media":5959,"template":"","meta":[],"product_brand":[3095],"product_cat":[78,77],"product_tag":[190,2336,643,705,245,304],"class_list":{"0":"post-5958","1":"product","2":"type-product","3":"status-publish","4":"has-post-thumbnail","6":"product_brand-bivits","7":"product_cat-vitamini-i-minerali","8":"product_cat-imunitet","9":"product_tag-acerola","10":"product_tag-bivits","11":"product_tag-jacanje-imuniteta","12":"product_tag-smanjenje-umora-i-iscrpljenosti","13":"product_tag-vitamin-c","14":"product_tag-vitamini","15":"pa_brend-bivits","17":"first","18":"instock","19":"shipping-taxable","20":"purchasable","21":"product-type-simple"},"ams_default_variation_id":0,"ams_product_points_reward":[],"ams_product_discount_percentage":0,"ams_price_to_display":1676.16,"ams_acf":[],"jetpack_sharing_enabled":true,"_links":{"self":[{"href":"https:\/\/apotekar-online.rs\/hu\/wp-json\/wp\/v2\/product\/5958","targetHints":{"allow":["GET"]}}],"collection":[{"href":"https:\/\/apotekar-online.rs\/hu\/wp-json\/wp\/v2\/product"}],"about":[{"href":"https:\/\/apotekar-online.rs\/hu\/wp-json\/wp\/v2\/types\/product"}],"wp:featuredmedia":[{"embeddable":true,"href":"https:\/\/apotekar-online.rs\/hu\/wp-json\/wp\/v2\/media\/5959"}],"wp:attachment":[{"href":"https:\/\/apotekar-online.rs\/hu\/wp-json\/wp\/v2\/media?parent=5958"}],"wp:term":[{"taxonomy":"product_brand","embeddable":true,"href":"https:\/\/apotekar-online.rs\/hu\/wp-json\/wp\/v2\/product_brand?post=5958"},{"taxonomy":"product_cat","embeddable":true,"href":"https:\/\/apotekar-online.rs\/hu\/wp-json\/wp\/v2\/product_cat?post=5958"},{"taxonomy":"product_tag","embeddable":true,"href":"https:\/\/apotekar-online.rs\/hu\/wp-json\/wp\/v2\/product_tag?post=5958"}],"curies":[{"name":"wp","href":"https:\/\/api.w.org\/{rel}","templated":true}]}}