{"id":5978,"date":"2024-04-08T19:33:39","date_gmt":"2024-04-08T21:33:39","guid":{"rendered":"https:\/\/apotekar-online.rs\/?post_type=product&#038;p=5978"},"modified":"2026-03-05T08:08:40","modified_gmt":"2026-03-05T10:08:40","slug":"bivits-activa-brain-level-up-booster-60-kapsula","status":"publish","type":"product","link":"https:\/\/apotekar-online.rs\/hu\/p\/bivits-activa-brain-level-up-booster-60-kapsula\/","title":{"rendered":"BiVits Activa Brain Level Up Booster, 60 kapsula"},"content":{"rendered":"","protected":false},"excerpt":{"rendered":"<p>Brain Level Up pripada novoj generaciji funkcionalnih suplemenata. To je potpuno prirodan proizvod koji kroz svakodnevnu upotrebu doprinosi izo\u0161travanju tvog fokusa i vodi te ka ve\u0107oj produktivnosti u svakodnevnim aktivnostima. Doprinosi: normalnoj kognitivnoj funkciji, antioksidativnoj za\u0161titi \u0107elija, smanjenju umora i iscrpljenosti, boljem raspolo\u017eenju i za\u0161titi od svakodnevnog stresa, smanjenju vremena potrebnog da se utone u san i normalnoj funkciji imunog sistema.<\/p>\n<p>&nbsp;<\/p>\n<p>A csomag 60 kapszul\u00e1t tartalmaz<br \/>\n<strong>Adagol\u00e1s \u00e9s felhaszn\u00e1l\u00e1si m\u00f3d:<\/strong> 1 kapsula dnevno, uve\u010de pre spavanja<br \/>\nStariji od 18 godina<\/p>","protected":false},"featured_media":5979,"template":"","meta":[],"product_brand":[],"product_cat":[77,168],"product_tag":[2336,2339,1905,705],"class_list":{"0":"post-5978","1":"product","2":"type-product","3":"status-publish","4":"has-post-thumbnail","6":"product_cat-imunitet","7":"product_cat-pamcenje-i-koncentracija","8":"product_tag-bivits","9":"product_tag-booster","10":"product_tag-memorija","11":"product_tag-smanjenje-umora-i-iscrpljenosti","12":"pa_brend-bivits","14":"first","15":"instock","16":"shipping-taxable","17":"purchasable","18":"product-type-simple"},"ams_default_variation_id":0,"ams_product_points_reward":[],"ams_product_discount_percentage":0,"ams_price_to_display":5685,"ams_acf":[],"jetpack_sharing_enabled":true,"_links":{"self":[{"href":"https:\/\/apotekar-online.rs\/hu\/wp-json\/wp\/v2\/product\/5978","targetHints":{"allow":["GET"]}}],"collection":[{"href":"https:\/\/apotekar-online.rs\/hu\/wp-json\/wp\/v2\/product"}],"about":[{"href":"https:\/\/apotekar-online.rs\/hu\/wp-json\/wp\/v2\/types\/product"}],"wp:featuredmedia":[{"embeddable":true,"href":"https:\/\/apotekar-online.rs\/hu\/wp-json\/wp\/v2\/media\/5979"}],"wp:attachment":[{"href":"https:\/\/apotekar-online.rs\/hu\/wp-json\/wp\/v2\/media?parent=5978"}],"wp:term":[{"taxonomy":"product_brand","embeddable":true,"href":"https:\/\/apotekar-online.rs\/hu\/wp-json\/wp\/v2\/product_brand?post=5978"},{"taxonomy":"product_cat","embeddable":true,"href":"https:\/\/apotekar-online.rs\/hu\/wp-json\/wp\/v2\/product_cat?post=5978"},{"taxonomy":"product_tag","embeddable":true,"href":"https:\/\/apotekar-online.rs\/hu\/wp-json\/wp\/v2\/product_tag?post=5978"}],"curies":[{"name":"wp","href":"https:\/\/api.w.org\/{rel}","templated":true}]}}