{"id":5987,"date":"2024-04-08T20:12:21","date_gmt":"2024-04-08T22:12:21","guid":{"rendered":"https:\/\/apotekar-online.rs\/?post_type=product&#038;p=5987"},"modified":"2026-03-05T08:08:40","modified_gmt":"2026-03-05T10:08:40","slug":"bivits-activa-beta-karotin-60-tabletta","status":"publish","type":"product","link":"https:\/\/apotekar-online.rs\/hu\/p\/bivits-activa-beta-carotene-60-tableta\/","title":{"rendered":"BiVits Activa Beta-Carotene, 60 tabletta"},"content":{"rendered":"","protected":false},"excerpt":{"rendered":"<p>Ez egy olyan k\u00e9plet, amely 6 mg b\u00e9ta-karotint tartalmaz egy tablett\u00e1ban, az A-vitamin prekurzor\u00e1t (provitaminj\u00e1t), amely sz\u00fcks\u00e9ges a norm\u00e1l l\u00e1t\u00e1s fenntart\u00e1s\u00e1hoz, a b\u0151r \u00e9s a ny\u00e1lkah\u00e1rty\u00e1k v\u00e9delm\u00e9hez \u00e9s eg\u00e9szs\u00e9g\u00e9hez, valamint a norm\u00e1l immunm\u0171k\u00f6d\u00e9shez.<\/p>\n<p>&nbsp;<\/p>\n<p><strong>Beewits<sup>\u00ae<\/sup>\u00a0ACTIVA b\u00e9ta-karotin\u00a0<\/strong>valamihez hozz\u00e1j\u00e1rul:<\/p>\n<ul>\n<li>A b\u0151r antioxid\u00e1ns v\u00e9delme az UV sug\u00e1rz\u00e1s ellen<\/li>\n<li>A b\u0151r \u00e9s a ny\u00e1lkah\u00e1rty\u00e1k eg\u00e9szs\u00e9g\u00e9nek \u00e9s sz\u00e9p megjelen\u00e9s\u00e9nek \u00e9rdek\u00e9ben<\/li>\n<li>A l\u00e1t\u00e1s norm\u00e1lis m\u0171k\u00f6d\u00e9se<\/li>\n<li>Az immunrendszer norm\u00e1l m\u0171k\u00f6d\u00e9se<\/li>\n<\/ul>\n<p>&nbsp;<\/p>\n<p>A csomag 60 tablett\u00e1t tartalmaz<br \/>\n<strong>Adagol\u00e1s \u00e9s felhaszn\u00e1l\u00e1si m\u00f3d:<\/strong> 1 tabletta naponta<br \/>\nA term\u00e9k nem alkalmas 3 \u00e9v alatti gyermekek sz\u00e1m\u00e1ra<\/p>","protected":false},"featured_media":5988,"template":"","meta":[],"product_brand":[],"product_cat":[78,77,80,139],"product_tag":[850,2336,2350,1243,557],"class_list":{"0":"post-5987","1":"product","2":"type-product","3":"status-publish","4":"has-post-thumbnail","6":"product_cat-vitamini-i-minerali","7":"product_cat-imunitet","8":"product_cat-koza-kosa-i-nokti","9":"product_cat-vitamini-za-oci-i-vestacke-suze","10":"product_tag-beta-karoten","11":"product_tag-bivits","12":"product_tag-doprinosi-normalnoj-funkciji-cula-vida","13":"product_tag-vitamini-i-minerali","14":"product_tag-zastita-koze","15":"pa_brend-bivits","17":"first","18":"instock","19":"shipping-taxable","20":"purchasable","21":"product-type-simple"},"ams_default_variation_id":0,"ams_product_points_reward":[],"ams_product_discount_percentage":0,"ams_price_to_display":1485,"ams_acf":[],"jetpack_sharing_enabled":true,"_links":{"self":[{"href":"https:\/\/apotekar-online.rs\/hu\/wp-json\/wp\/v2\/product\/5987","targetHints":{"allow":["GET"]}}],"collection":[{"href":"https:\/\/apotekar-online.rs\/hu\/wp-json\/wp\/v2\/product"}],"about":[{"href":"https:\/\/apotekar-online.rs\/hu\/wp-json\/wp\/v2\/types\/product"}],"wp:featuredmedia":[{"embeddable":true,"href":"https:\/\/apotekar-online.rs\/hu\/wp-json\/wp\/v2\/media\/5988"}],"wp:attachment":[{"href":"https:\/\/apotekar-online.rs\/hu\/wp-json\/wp\/v2\/media?parent=5987"}],"wp:term":[{"taxonomy":"product_brand","embeddable":true,"href":"https:\/\/apotekar-online.rs\/hu\/wp-json\/wp\/v2\/product_brand?post=5987"},{"taxonomy":"product_cat","embeddable":true,"href":"https:\/\/apotekar-online.rs\/hu\/wp-json\/wp\/v2\/product_cat?post=5987"},{"taxonomy":"product_tag","embeddable":true,"href":"https:\/\/apotekar-online.rs\/hu\/wp-json\/wp\/v2\/product_tag?post=5987"}],"curies":[{"name":"wp","href":"https:\/\/api.w.org\/{rel}","templated":true}]}}