{"id":599,"date":"2022-07-12T09:37:34","date_gmt":"2022-07-12T09:37:34","guid":{"rendered":"https:\/\/apotekar-online.rs\/product\/pepto-soda-sa-zasladivacem-20-sumecih-tableta\/"},"modified":"2026-03-05T08:31:02","modified_gmt":"2026-03-05T10:31:02","slug":"pepto-soda-sa-zasladivacem-20-sumecih-tableta","status":"publish","type":"product","link":"https:\/\/apotekar-online.rs\/hu\/p\/pepto-soda-sa-zasladivacem-20-sumecih-tableta\/","title":{"rendered":"Pepto Soda sa zasla\u0111iva\u010dem 20 \u0161ume\u0107ih tableta"},"content":{"rendered":"","protected":false},"excerpt":{"rendered":"<p>Jedinstveni dodatak ishrani na tr\u017ei\u0161tu.Soda bikarbona u obliku \u0161ume\u0107ih tableta. Podr\u017eava optimalnu kiselost u \u017eelucu.Smanjuje goru\u0161icu. Otklanja bol i druge tegobe koje prate prekomerno lu\u010denje \u017eeluda\u010dne kiseline. Prijatan ukus limuna.<\/p>\n<p><strong>Adagol\u00e1s \u00e9s felhaszn\u00e1l\u00e1si m\u00f3d<\/strong><br \/>\nPreporu\u010duje se uzimanje 1 do 2 tablete dnevno, 1-2 sata posle jela ili po potrebi.<br \/>\nTabletu rastvoriti u \u010da\u0161i sa 100 ml vode.<\/p>","protected":false},"featured_media":600,"template":"","meta":[],"product_brand":[3080],"product_cat":[126],"product_tag":[],"class_list":{"0":"post-599","1":"product","2":"type-product","3":"status-publish","4":"has-post-thumbnail","6":"product_brand-goodwill-pharma","7":"product_cat-preparati-za-gorusicu-i-otezano-varenje","8":"pa_brend-agroflora-goodwill","10":"first","11":"instock","12":"purchasable","13":"product-type-simple"},"ams_default_variation_id":0,"ams_product_points_reward":[],"ams_product_discount_percentage":0,"ams_price_to_display":510,"ams_acf":[],"jetpack_sharing_enabled":true,"_links":{"self":[{"href":"https:\/\/apotekar-online.rs\/hu\/wp-json\/wp\/v2\/product\/599","targetHints":{"allow":["GET"]}}],"collection":[{"href":"https:\/\/apotekar-online.rs\/hu\/wp-json\/wp\/v2\/product"}],"about":[{"href":"https:\/\/apotekar-online.rs\/hu\/wp-json\/wp\/v2\/types\/product"}],"wp:featuredmedia":[{"embeddable":true,"href":"https:\/\/apotekar-online.rs\/hu\/wp-json\/wp\/v2\/media\/600"}],"wp:attachment":[{"href":"https:\/\/apotekar-online.rs\/hu\/wp-json\/wp\/v2\/media?parent=599"}],"wp:term":[{"taxonomy":"product_brand","embeddable":true,"href":"https:\/\/apotekar-online.rs\/hu\/wp-json\/wp\/v2\/product_brand?post=599"},{"taxonomy":"product_cat","embeddable":true,"href":"https:\/\/apotekar-online.rs\/hu\/wp-json\/wp\/v2\/product_cat?post=599"},{"taxonomy":"product_tag","embeddable":true,"href":"https:\/\/apotekar-online.rs\/hu\/wp-json\/wp\/v2\/product_tag?post=599"}],"curies":[{"name":"wp","href":"https:\/\/api.w.org\/{rel}","templated":true}]}}