{"id":6030,"date":"2024-04-09T19:45:47","date_gmt":"2024-04-09T21:45:47","guid":{"rendered":"https:\/\/apotekar-online.rs\/?post_type=product&#038;p=6030"},"modified":"2026-03-05T08:08:39","modified_gmt":"2026-03-05T10:08:39","slug":"elmex-anti-caries-fogkrem-75-ml","status":"publish","type":"product","link":"https:\/\/apotekar-online.rs\/hu\/p\/elmex-anti-caries-pasta-za-zube-75-ml\/","title":{"rendered":"Elmex fogszuvasod\u00e1s elleni fogkr\u00e9m, 75 ml"},"content":{"rendered":"","protected":false},"excerpt":{"rendered":"<p>Izuzetno efikasan aminfluorid u pasti za zube Elmex\u00a0Caries\u00a0Protection\u00a0trenutno se kombinuje sa zubnom gle\u0111i\u00a0\u010dinec\u0301i je otpornijom na kiseline. Zbog svoje posebne povr\u0161inske aktivnosti, aminfluorid \u010dvrsto prianja na podlogu i stvara homogeni za\u0161titni sloj na svim povr\u0161inama zuba. Na ovaj na\u010din, zubna pasta Elmex\u00a0Caries\u00a0Protection nudi optimalnu i dugotrajnu za\u0161titu i remineralizaciju karijesa u ranoj fazi formiranja ispod povr\u0161ine zuba. Njegova za\u0161titna svojstva nau\u010dno su dokazana u vi\u0161e od 400 studija. Namenjen je odraslim sa stalnim zubima, za svakodnevnu za\u0161titu od karijesa. Prednosti upotrebe proizvoda: Efikasna za\u0161tita od karijesa sa dugotrajnim efektom zahvaljujuc\u0301i aminfluoridu i remineralizacija po\u010detnog karijesa.<\/p>\n<p><strong>Sastav:<\/strong> Olaflur [3-(N-Heksadecil-N-2-hidroksietilamino) propilbis (2-hidroksietil) amonijum dihidrofluorid]\/(1400 ppm F-), Aqua, Hydrated Silica, Sorbitol, Hydroxyethylcellulose, Olaflur, Aroma, Saccharin, Limonene,CI 77891.<\/p>\n<p><strong>Doziranje i na\u010din upotrebe:\u00a0 <\/strong>Staviti malo\u00a0Elmex paste na \u010detkicu za zube i temeljno trljati zube minimum 5 minuta. Po zavr\u0161etku isperite usta vodom.<\/p>\n","protected":false},"featured_media":6031,"template":"","meta":[],"product_brand":[],"product_cat":[121],"product_tag":[2369,1136,2370],"class_list":{"0":"post-6030","1":"product","2":"type-product","3":"status-publish","4":"has-post-thumbnail","6":"product_cat-higijena-usta-i-zuba","7":"product_tag-elmex","8":"product_tag-pasta-za-zube","9":"product_tag-zastita-od-karijesa","10":"pa_brend-elmex","12":"first","13":"instock","14":"shipping-taxable","15":"purchasable","16":"product-type-simple"},"ams_default_variation_id":0,"ams_product_points_reward":[],"ams_product_discount_percentage":0,"ams_price_to_display":430,"ams_acf":[],"jetpack_sharing_enabled":true,"_links":{"self":[{"href":"https:\/\/apotekar-online.rs\/hu\/wp-json\/wp\/v2\/product\/6030","targetHints":{"allow":["GET"]}}],"collection":[{"href":"https:\/\/apotekar-online.rs\/hu\/wp-json\/wp\/v2\/product"}],"about":[{"href":"https:\/\/apotekar-online.rs\/hu\/wp-json\/wp\/v2\/types\/product"}],"wp:featuredmedia":[{"embeddable":true,"href":"https:\/\/apotekar-online.rs\/hu\/wp-json\/wp\/v2\/media\/6031"}],"wp:attachment":[{"href":"https:\/\/apotekar-online.rs\/hu\/wp-json\/wp\/v2\/media?parent=6030"}],"wp:term":[{"taxonomy":"product_brand","embeddable":true,"href":"https:\/\/apotekar-online.rs\/hu\/wp-json\/wp\/v2\/product_brand?post=6030"},{"taxonomy":"product_cat","embeddable":true,"href":"https:\/\/apotekar-online.rs\/hu\/wp-json\/wp\/v2\/product_cat?post=6030"},{"taxonomy":"product_tag","embeddable":true,"href":"https:\/\/apotekar-online.rs\/hu\/wp-json\/wp\/v2\/product_tag?post=6030"}],"curies":[{"name":"wp","href":"https:\/\/api.w.org\/{rel}","templated":true}]}}