{"id":6100,"date":"2024-04-23T05:31:55","date_gmt":"2024-04-23T07:31:55","guid":{"rendered":"https:\/\/apotekar-online.rs\/?post_type=product&#038;p=6100"},"modified":"2026-03-05T08:08:38","modified_gmt":"2026-03-05T10:08:38","slug":"kollakaros-gyumolcs-izu-500ml","status":"publish","type":"product","link":"https:\/\/apotekar-online.rs\/hu\/p\/collacare-sa-ukusom-voca-500ml\/","title":{"rendered":"Collacare gy\u00fcm\u00f6lcs \u00edz\u0171 500ml"},"content":{"rendered":"","protected":false},"excerpt":{"rendered":"<p>A Collacare term\u00e9k egy gy\u00fcm\u00f6lcs\u00edz\u0171 \u00e9trend-kieg\u00e9sz\u00edt\u0151, amely hidroliz\u00e1lt kollag\u00e9nt, hialuronsavat, valamint vitaminok \u00e9s \u00e1sv\u00e1nyi anyagok kombin\u00e1ci\u00f3j\u00e1t tartalmazza. A kollag\u00e9n az emberi test sz\u00e1mos sz\u00f6vet\u00e9nek szerves r\u00e9sze, bele\u00e9rtve a csontokat, porcokat, b\u0151rt, inakat, v\u00e9rereket, \u00ednyeket \u00e9s fogakat, \u00e9s sz\u00fcks\u00e9ges norm\u00e1l szerkezet\u00fck \u00e9s m\u0171k\u00f6d\u00e9s\u00fck fenntart\u00e1s\u00e1hoz. A hialuronsav a k\u00f6t\u0151sz\u00f6vetek, a h\u00e1msz\u00f6vetek \u00e9s a b\u0151r fontos alkot\u00f3eleme, \u00e9s meg\u0151rzi azok rugalmass\u00e1g\u00e1t. Jelen van az \u00edz\u00fcleti folyad\u00e9kban, amely az \u00edz\u00fcletek ken\u00e9s\u00e9re szolg\u00e1l. A vitaminok \u00e9s \u00e1sv\u00e1nyi anyagok kombin\u00e1ci\u00f3ja gazdag\u00edtja az \u00f6sszet\u00e9telt \u00e9s kieg\u00e9sz\u00edti a term\u00e9k hat\u00e1sait. A C-vitamin hozz\u00e1j\u00e1rul a norm\u00e1l kollag\u00e9n k\u00e9pz\u0151d\u00e9shez a porcok, csontok, erek, b\u0151r, fogak \u00e9s \u00edny norm\u00e1l m\u0171k\u00f6d\u00e9s\u00e9hez. A D-vitamin hozz\u00e1j\u00e1rul a norm\u00e1l csontozat \u00e9s fogazat fenntart\u00e1s\u00e1hoz. A B2-vitamin, a niacin, a biotin \u00e9s a r\u00e9z hozz\u00e1j\u00e1rulnak a b\u0151r norm\u00e1l \u00e1llapot\u00e1nak fenntart\u00e1s\u00e1hoz, valamint az idegrendszer norm\u00e1l m\u0171k\u00f6d\u00e9s\u00e9hez. A cink hozz\u00e1j\u00e1rul a b\u0151r, a csontok, a fogak \u00e9s a k\u00f6rm\u00f6k norm\u00e1l \u00e1llapot\u00e1nak fenntart\u00e1s\u00e1hoz. A r\u00e9z hozz\u00e1j\u00e1rul a norm\u00e1l k\u00f6t\u0151sz\u00f6vet fenntart\u00e1s\u00e1hoz. A C-, A-, D-, B6-vitamin, a cink \u00e9s a r\u00e9z hozz\u00e1j\u00e1rulnak az immunrendszer norm\u00e1l m\u0171k\u00f6d\u00e9s\u00e9hez. A C-, B2-vitamin, a cink \u00e9s a r\u00e9z hozz\u00e1j\u00e1rul a sejtek oxidat\u00edv stresszel szembeni v\u00e9delm\u00e9hez. A C-, B2-, B6-vitamin, a pantot\u00e9nsav hozz\u00e1j\u00e1rul a f\u00e1radts\u00e1g \u00e9s kimer\u00fclts\u00e9g cs\u00f6kkent\u00e9s\u00e9hez.<\/p>\n<p><strong>Adagol\u00e1s \u00e9s felhaszn\u00e1l\u00e1si m\u00f3d<\/strong><\/p>\n<p>Feln\u0151ttek: 1 adag 30 ml naponta egyszer.<br \/>\nFeloldatlan, vagy sz\u00fcks\u00e9g eset\u00e9n f\u00e9l poh\u00e1r v\u00edzben feloldhat\u00f3. Haszn\u00e1lat el\u0151tt j\u00f3l r\u00e1zza fel.<\/p>\n<p><strong>Fogalmaz\u00e1s<\/strong><\/p>\n<p>Egy adag tartalma: 10 000 mg kollag\u00e9n, 80 mg C-vitamin, 50 mg n\u00e1trium-hialuron\u00e1t, 16 mg B3-vitamin 100, cink 10 mg, B5-vitamin 6 mg, B2-vitamin 1,4 mg, B6-vitamin 1,4 mg, r\u00e9z 1 mg, A-vitamin 800 \u03bcg, Biotin 50 \u03bcg, D3-vitamin 5 \u03bcg.<\/p>","protected":false},"featured_media":6101,"template":"","meta":[],"product_brand":[],"product_cat":[82,80],"product_tag":[2392,541,513,267,286,270,2294,2391,304],"class_list":{"0":"post-6100","1":"product","2":"type-product","3":"status-publish","4":"has-post-thumbnail","6":"product_cat-kosti-zglobovi-i-neuropatski-bol","7":"product_cat-koza-kosa-i-nokti","8":"product_tag-desni","9":"product_tag-hijaluronska-kiselina","10":"product_tag-hrskavica","11":"product_tag-kosti","12":"product_tag-koza","13":"product_tag-minerali","14":"product_tag-tecni-kolagen","15":"product_tag-ukusom-voca","16":"product_tag-vitamini","17":"pa_brend-alkaloid","19":"first","20":"instock","21":"shipping-taxable","22":"purchasable","23":"product-type-simple"},"ams_default_variation_id":0,"ams_product_points_reward":[],"ams_product_discount_percentage":0,"ams_price_to_display":4128,"ams_acf":[],"jetpack_sharing_enabled":true,"_links":{"self":[{"href":"https:\/\/apotekar-online.rs\/hu\/wp-json\/wp\/v2\/product\/6100","targetHints":{"allow":["GET"]}}],"collection":[{"href":"https:\/\/apotekar-online.rs\/hu\/wp-json\/wp\/v2\/product"}],"about":[{"href":"https:\/\/apotekar-online.rs\/hu\/wp-json\/wp\/v2\/types\/product"}],"wp:featuredmedia":[{"embeddable":true,"href":"https:\/\/apotekar-online.rs\/hu\/wp-json\/wp\/v2\/media\/6101"}],"wp:attachment":[{"href":"https:\/\/apotekar-online.rs\/hu\/wp-json\/wp\/v2\/media?parent=6100"}],"wp:term":[{"taxonomy":"product_brand","embeddable":true,"href":"https:\/\/apotekar-online.rs\/hu\/wp-json\/wp\/v2\/product_brand?post=6100"},{"taxonomy":"product_cat","embeddable":true,"href":"https:\/\/apotekar-online.rs\/hu\/wp-json\/wp\/v2\/product_cat?post=6100"},{"taxonomy":"product_tag","embeddable":true,"href":"https:\/\/apotekar-online.rs\/hu\/wp-json\/wp\/v2\/product_tag?post=6100"}],"curies":[{"name":"wp","href":"https:\/\/api.w.org\/{rel}","templated":true}]}}