{"id":6373,"date":"2024-05-06T10:15:35","date_gmt":"2024-05-06T12:15:35","guid":{"rendered":"https:\/\/apotekar-online.rs\/?post_type=product&#038;p=6373"},"modified":"2026-03-05T08:07:44","modified_gmt":"2026-03-05T10:07:44","slug":"herbafast-avantgarde-10-kapszula","status":"publish","type":"product","link":"https:\/\/apotekar-online.rs\/hu\/p\/herbafast-avantgarde-10-kapsula\/","title":{"rendered":"Herbafast Avantgarde, 10 kapszula"},"content":{"rendered":"","protected":false},"excerpt":{"rendered":"<p>A Herbafast Avantgarde kapszul\u00e1s \u00e9trend-kieg\u00e9sz\u00edt\u0151 mindenkinek, aki eg\u00e9szs\u00e9gesen szeretn\u00e9 megoldani a t\u00fals\u00faly, a lass\u00fa anyagcsere \u00e9s az \u00e9dess\u00e9g ut\u00e1ni v\u00e1gy probl\u00e9m\u00e1j\u00e1t, mik\u00f6zben meg\u0151rzi az immunit\u00e1st \u00e9s a szervezet biotikus egyens\u00faly\u00e1t. \u00c1sv\u00e1nyi kr\u00f3mot, cinket, C-vitamint, gy\u00f6mb\u00e9rt, paprik\u00e1b\u00f3l sz\u00e1rmaz\u00f3 kapszaicint, csal\u00e1nt \u00e9s Saccharomyces boulardii probiotikumot tartalmaz. Ez a hat\u00f3anyag-kombin\u00e1ci\u00f3 hozz\u00e1j\u00e1rul az \u00e9dess\u00e9g ut\u00e1ni v\u00e1gy cs\u00f6kkent\u00e9s\u00e9hez, gyors\u00edtja az anyagcser\u00e9t, cs\u00f6kkenti a tests\u00falyt \u00e9s elt\u00e1vol\u00edtja a m\u00e9reganyagokat a szervezetb\u0151l. A paprika gy\u00fcm\u00f6lcskivonat \u00e9s a gy\u00f6mb\u00e9r serkenti a termog\u00e9n hat\u00e1st, melynek k\u00f6sz\u00f6nhet\u0151en felgyorsul az anyagcsere \u00e9s fokoz\u00f3dik a zs\u00edrlerak\u00f3d\u00e1sok el\u00e9get\u00e9se. Hozz\u00e1j\u00e1rul a tests\u00faly szab\u00e1lyoz\u00e1s\u00e1hoz, a v\u00e9rcukorszint szab\u00e1lyoz\u00e1s\u00e1hoz, az inzulinrezisztencia szab\u00e1lyoz\u00e1s\u00e1hoz, az \u00e9dess\u00e9g ut\u00e1ni v\u00e1gy szab\u00e1lyoz\u00e1s\u00e1hoz, az oxidat\u00edv stressz elleni v\u00e9dekez\u00e9shez, a felesleges folyad\u00e9k elt\u00e1vol\u00edt\u00e1s\u00e1hoz, a kollag\u00e9n \u00e9s a b\u0151r szerkezet\u00e9nek jobb szint\u00e9zis\u00e9hez, a biotikus egyens\u00falyhoz.<\/p>\n<h5>Adagol\u00e1s \u00e9s alkalmaz\u00e1s m\u00f3dja<\/h5>\n<p>Naponta 1 kapszula \u00e9tkez\u00e9s el\u0151tt<\/p>\n<h5>Fogalmaz\u00e1s<\/h5>\n<p>Csal\u00e1n kivonat, Saccharomyces boulardii probiotikus kult\u00fara, kr\u00f3m, cink, C-vitamin, gy\u00f6mb\u00e9r kivonat, paprika gy\u00fcm\u00f6lcs granul\u00e1tum - kapszaicin<\/p>","protected":false},"featured_media":6374,"template":"","meta":[],"product_brand":[],"product_cat":[154],"product_tag":[2173,2419,2418],"class_list":{"0":"post-6373","1":"product","2":"type-product","3":"status-publish","4":"has-post-thumbnail","6":"product_cat-preparati-za-mrsavljenje-i-anticelulit","7":"product_tag-mrsavljene","8":"product_tag-regulacija-insulinske-rezistencije","9":"product_tag-visak-tecnosti","10":"pa_brend-abela-pharm","12":"first","13":"instock","14":"shipping-taxable","15":"purchasable","16":"product-type-simple"},"ams_default_variation_id":0,"ams_product_points_reward":[],"ams_product_discount_percentage":0,"ams_price_to_display":1530,"ams_acf":[],"jetpack_sharing_enabled":true,"_links":{"self":[{"href":"https:\/\/apotekar-online.rs\/hu\/wp-json\/wp\/v2\/product\/6373","targetHints":{"allow":["GET"]}}],"collection":[{"href":"https:\/\/apotekar-online.rs\/hu\/wp-json\/wp\/v2\/product"}],"about":[{"href":"https:\/\/apotekar-online.rs\/hu\/wp-json\/wp\/v2\/types\/product"}],"wp:featuredmedia":[{"embeddable":true,"href":"https:\/\/apotekar-online.rs\/hu\/wp-json\/wp\/v2\/media\/6374"}],"wp:attachment":[{"href":"https:\/\/apotekar-online.rs\/hu\/wp-json\/wp\/v2\/media?parent=6373"}],"wp:term":[{"taxonomy":"product_brand","embeddable":true,"href":"https:\/\/apotekar-online.rs\/hu\/wp-json\/wp\/v2\/product_brand?post=6373"},{"taxonomy":"product_cat","embeddable":true,"href":"https:\/\/apotekar-online.rs\/hu\/wp-json\/wp\/v2\/product_cat?post=6373"},{"taxonomy":"product_tag","embeddable":true,"href":"https:\/\/apotekar-online.rs\/hu\/wp-json\/wp\/v2\/product_tag?post=6373"}],"curies":[{"name":"wp","href":"https:\/\/api.w.org\/{rel}","templated":true}]}}