{"id":6385,"date":"2024-05-06T11:08:35","date_gmt":"2024-05-06T13:08:35","guid":{"rendered":"https:\/\/apotekar-online.rs\/?post_type=product&#038;p=6385"},"modified":"2026-03-05T08:35:02","modified_gmt":"2026-03-05T10:35:02","slug":"easy-skin-gel-za-negu-iritirane-koze-30g","status":"publish","type":"product","link":"https:\/\/apotekar-online.rs\/hu\/p\/easy-skin-gel-za-negu-iritirane-koze-30g\/","title":{"rendered":"K\u00f6nny\u0171 b\u0151rg\u00e9l irrit\u00e1lt b\u0151r \u00e1pol\u00e1s\u00e1ra 30g"},"content":{"rendered":"","protected":false},"excerpt":{"rendered":"<div>Easy skin gel za negu iritirane ko\u017ee. \u0160titi ko\u017eu glatkom barijerom koja odr\u017eava vla\u017enost ko\u017ee, \u0161titi od trenja i ubla\u017eava neprijatne iritacije ko\u017ee, smanjuje crvenilo nakon brijanja ili depilacije.<\/div>\n<div>\n<div>\u00a0&#8211; Easy skin\u00ae gel naneti u tankom sloju na iritirano podru\u010dje ili podru\u010dje na ko\u017ei koje se \u017eeli<\/div>\n<div>za\u0161tititi. Koristiti po potrebi.<\/div>\n<div>\n<div><\/div>\n<div>Easy skin\u00ae gel se koristiti za svakodnevnu negu iritirane ko\u017ee. Easy skin\u00ae je bezmirisna formula koja se nakon nano\u0161enja su\u0161i do svilenkastog nemasnog premaza i ne ostavlja trag na ode\u0107i.<\/div>\n<div>Easy skin\u00ae gel:<\/div>\n<div>\u00a0&#8211; \u0161titi ko\u017eu glatkom barijerom koja odr\u017eava vla\u017enost ko\u017ee,<\/div>\n<div>\u00a0&#8211; \u0161titi od trenja i ubla\u017eava neprijatne iritacije ko\u017ee,<\/div>\n<div>\u00a0&#8211; smanjuje crvenilo nakon brijanja ili depilacije.<\/div>\n<div>Easy skin\u00ae gel ubla\u017eava ose\u0107aj neprijatnog trenja ko\u017ee osetljivih predela unutra\u0161nje strane butina, bikini zone, pazuha, ispod grudi uzrokovano znojem, toplotom, kretanjem, brijanjem i depilacijom. Sadr\u017ei dimetikon koji stvara glatku barijeru i spre\u010dava isu\u0161ivanje ko\u017ee. Ne ostavlja tragove na ode\u0107i i ne sadr\u017ei miris.<\/div>\n<div><strong>Jegyzet:<\/strong><\/div>\n<div>Samo za spoljnu upotrebu.<\/div>\n<div>Ovaj proizvod nije namenjen za le\u010denje gljivi\u010dnih infekcija.<\/div>\n<div>Ne koristiti na dubokim ili ubodnim ranama, niti na opekotinama.<\/div>\n<div><strong>Fogalmaz\u00e1s:<\/strong> &#8211; Vinil dimetikon krospolimer, dimetikon.<\/div>\n<\/div>\n<\/div>","protected":false},"featured_media":6386,"template":"","meta":[],"product_brand":[],"product_cat":[177],"product_tag":[941,802,2426,2427,2428,359],"class_list":{"0":"post-6385","1":"product","2":"type-product","3":"status-publish","4":"has-post-thumbnail","6":"product_cat-nega-tela","7":"product_tag-crvenilo","8":"product_tag-iritacija","9":"product_tag-nakon-brijanja","10":"product_tag-nakon-depilacije","11":"product_tag-odrzava-vlaznost-koze","12":"product_tag-super-petak","13":"pa_brend-galenika","15":"first","16":"instock","17":"shipping-taxable","18":"product-type-simple"},"ams_default_variation_id":0,"ams_product_points_reward":[],"ams_product_discount_percentage":0,"ams_price_to_display":0,"ams_acf":[],"jetpack_sharing_enabled":true,"_links":{"self":[{"href":"https:\/\/apotekar-online.rs\/hu\/wp-json\/wp\/v2\/product\/6385","targetHints":{"allow":["GET"]}}],"collection":[{"href":"https:\/\/apotekar-online.rs\/hu\/wp-json\/wp\/v2\/product"}],"about":[{"href":"https:\/\/apotekar-online.rs\/hu\/wp-json\/wp\/v2\/types\/product"}],"wp:featuredmedia":[{"embeddable":true,"href":"https:\/\/apotekar-online.rs\/hu\/wp-json\/wp\/v2\/media\/6386"}],"wp:attachment":[{"href":"https:\/\/apotekar-online.rs\/hu\/wp-json\/wp\/v2\/media?parent=6385"}],"wp:term":[{"taxonomy":"product_brand","embeddable":true,"href":"https:\/\/apotekar-online.rs\/hu\/wp-json\/wp\/v2\/product_brand?post=6385"},{"taxonomy":"product_cat","embeddable":true,"href":"https:\/\/apotekar-online.rs\/hu\/wp-json\/wp\/v2\/product_cat?post=6385"},{"taxonomy":"product_tag","embeddable":true,"href":"https:\/\/apotekar-online.rs\/hu\/wp-json\/wp\/v2\/product_tag?post=6385"}],"curies":[{"name":"wp","href":"https:\/\/api.w.org\/{rel}","templated":true}]}}