{"id":6530,"date":"2024-05-30T09:36:18","date_gmt":"2024-05-30T11:36:18","guid":{"rendered":"https:\/\/apotekar-online.rs\/?post_type=product&#038;p=6530"},"modified":"2026-03-05T08:07:39","modified_gmt":"2026-03-05T10:07:39","slug":"sebamed-sun-losion-spf-50-150ml-sebamed-sun-baby-losion-spf-50-200ml","status":"publish","type":"product","link":"https:\/\/apotekar-online.rs\/hu\/p\/sebamed-sun-losion-spf-50-150ml-sebamed-sun-baby-losion-spf-50-200ml\/","title":{"rendered":"Sebamed Sun losion SPF 50+ 150ml + Sebamed Sun Baby losion SPF 50+ 200ml"},"content":{"rendered":"","protected":false},"excerpt":{"rendered":"<p><em><strong>Sebamed Sun losion SPF 50+ 150ml\u00a0<\/strong><\/em>hidrira i \u0161titi ko\u017eu zahvaljuju\u0107i kombinaciji visikog faktora za\u0161tite, vitamina E, inulina i lecitina, koji spre\u010davaju o\u0161te\u0107enje ko\u017ee i pojavu hiperpigmentacija.<\/p>\n<ul>\n<li>Hipoalergen<\/li>\n<li>Vodootporan<\/li>\n<li>Za sve tipove ko\u017ee<\/li>\n<li>Bez ve\u0161ta\u010dkih mirisa i boja<\/li>\n<li>pH 5.5<\/li>\n<li>Klini\u010dki testiran i ispitan<\/li>\n<li><\/li>\n<\/ul>\n<p><em><strong>Sebamed Sun Baby losion SPF 50+ 200ml\u00a0<\/strong><\/em>predstavlja odli\u010dan izbor za za\u0161titu bebine ko\u017ee od UV zra\u010denja. Kombinacija visokog faktora za\u0161tite, vitamina E, inulina i lecitina, spre\u010di\u0107e pojavu hiperpigemntacije i o\u0161te\u0107enja ko\u017ee.<\/p>\n<ul>\n<li>Hipoalergen<\/li>\n<li>Bez sinteti\u010dkih mirisa i boja<\/li>\n<li>Klini\u010dki testiran i ispitan<\/li>\n<li>pH 5.5<\/li>\n<\/ul>","protected":false},"featured_media":6531,"template":"","meta":[],"product_brand":[],"product_cat":[177],"product_tag":[569,568,1851,847],"class_list":{"0":"post-6530","1":"product","2":"type-product","3":"status-publish","4":"has-post-thumbnail","6":"product_cat-nega-tela","7":"product_tag-569","8":"product_tag-akcija","9":"product_tag-seba-med","10":"product_tag-suncanje","11":"pa_brend-sebamed","13":"first","14":"instock","15":"shipping-taxable","16":"purchasable","17":"product-type-simple"},"ams_default_variation_id":0,"ams_product_points_reward":[],"ams_product_discount_percentage":0,"ams_price_to_display":2282.4,"ams_acf":[],"jetpack_sharing_enabled":true,"_links":{"self":[{"href":"https:\/\/apotekar-online.rs\/hu\/wp-json\/wp\/v2\/product\/6530","targetHints":{"allow":["GET"]}}],"collection":[{"href":"https:\/\/apotekar-online.rs\/hu\/wp-json\/wp\/v2\/product"}],"about":[{"href":"https:\/\/apotekar-online.rs\/hu\/wp-json\/wp\/v2\/types\/product"}],"wp:featuredmedia":[{"embeddable":true,"href":"https:\/\/apotekar-online.rs\/hu\/wp-json\/wp\/v2\/media\/6531"}],"wp:attachment":[{"href":"https:\/\/apotekar-online.rs\/hu\/wp-json\/wp\/v2\/media?parent=6530"}],"wp:term":[{"taxonomy":"product_brand","embeddable":true,"href":"https:\/\/apotekar-online.rs\/hu\/wp-json\/wp\/v2\/product_brand?post=6530"},{"taxonomy":"product_cat","embeddable":true,"href":"https:\/\/apotekar-online.rs\/hu\/wp-json\/wp\/v2\/product_cat?post=6530"},{"taxonomy":"product_tag","embeddable":true,"href":"https:\/\/apotekar-online.rs\/hu\/wp-json\/wp\/v2\/product_tag?post=6530"}],"curies":[{"name":"wp","href":"https:\/\/api.w.org\/{rel}","templated":true}]}}