{"id":6534,"date":"2024-05-30T09:46:27","date_gmt":"2024-05-30T11:46:27","guid":{"rendered":"https:\/\/apotekar-online.rs\/?post_type=product&#038;p=6534"},"modified":"2026-03-05T08:07:39","modified_gmt":"2026-03-05T10:07:39","slug":"ferrimore-kapszula-30-db","status":"publish","type":"product","link":"https:\/\/apotekar-online.rs\/hu\/p\/ferrimore-kapsule-30kom\/","title":{"rendered":"Ferrimore kapszula 30 db"},"content":{"rendered":"","protected":false},"excerpt":{"rendered":"<p>A FerriMore kapszula t\u00e1pl\u00e1l\u00e9k-kieg\u00e9sz\u00edt\u0151, amely vas- \u00e9s C-vitamin forr\u00e1st biztos\u00edt.<br \/>\nA szervezetben a vashi\u00e1ny leggyakrabban a k\u00f6vetkez\u0151k miatt fordul el\u0151:<br \/>\n- fokozott vasveszt\u00e9s (hossz\u00fa t\u00e1v\u00fa gyomor-b\u00e9lrendszeri v\u00e9rz\u00e9s, hiatus hernia, divertikul\u00f3zis, em\u00e9szt\u0151rendszeri daganatok, elh\u00faz\u00f3d\u00f3 menstru\u00e1ci\u00f3s v\u00e9rz\u00e9s, kr\u00f3nikus veseel\u00e9gtelens\u00e9g, sug\u00e1rkezel\u00e9s, kemoter\u00e1pia)<br \/>\n- vasfelsz\u00edv\u00f3d\u00e1si zavarok (gyullad\u00e1sos b\u00e9lbetegs\u00e9gek, c\u00f6li\u00e1kia, savlek\u00f6t\u0151k haszn\u00e1lata, fokozott k\u00e1v\u00e9, tannin, korpa, kem\u00e9ny\u00edt\u0151 fogyaszt\u00e1s, b\u00e9lreszekci\u00f3, enterocita hi\u00e1ny)<br \/>\n- fokozott vassz\u00fcks\u00e9glet (terhess\u00e9g, szoptat\u00e1s, sportol\u00f3k, pubert\u00e1s, veget\u00e1ri\u00e1nusok, veg\u00e1nok)<br \/>\n- a vas nem elegend\u0151 t\u00e1pl\u00e1l\u00e9kfelv\u00e9tele<\/p>\n<p><b>M\u0171velet:<\/b><br \/>\nA FerriMore\u00ae kapszul\u00e1k vasat (vas-pirofoszf\u00e1t) tartalmaznak liposz\u00f3m\u00e1lis komplex (liposz\u00f3m\u00e1lis vas) form\u00e1j\u00e1ban. A FerriMore kapszul\u00e1ban l\u00e9v\u0151 vasat foszfolipid kett\u0151s r\u00e9teg (liposz\u00f3ma) veszi k\u00f6r\u00fcl, \u00e9s nem \u00e9rintkezik k\u00f6zvetlen\u00fcl az em\u00e9szt\u0151rendszer ny\u00e1lkah\u00e1rty\u00e1j\u00e1val. Az innovat\u00edv liposz\u00f3m\u00e1s technol\u00f3gia ez\u00e9rt biztos\u00edtja a magas biohasznosul\u00e1st (felhaszn\u00e1lhat\u00f3s\u00e1got), a vas j\u00f3 gasztrointesztin\u00e1lis toler\u00e1lhat\u00f3s\u00e1g\u00e1t (nincs gyomorront\u00e1s, h\u00e1nyinger \u00e9s sz\u00e9kreked\u00e9s), nem \u00e9rezhet\u0151 f\u00e9mes \u00edz a sz\u00e1jban.<br \/>\nHozz\u00e1j\u00e1rulnak a norm\u00e1l v\u00f6r\u00f6sv\u00e9rtest-termel\u00e9shez, a norm\u00e1l kognit\u00edv \u00e9s immunrendszeri m\u0171k\u00f6d\u00e9shez, valamint a f\u00e1radts\u00e1g cs\u00f6kkent\u00e9s\u00e9hez.<\/p>\n<p><b>Alkalmaz\u00e1s m\u00f3dja:<br \/>\n<\/b>Napi 1 kapszul\u00e1t igyon 2 dl v\u00edzzel, \u00e9tkez\u00e9s ut\u00e1n.<\/p>\n<p><b>Fogalmaz\u00e1s:<\/b><br \/>\n1 kapszula tartalmaz<br \/>\nVas (vas-pirofoszf\u00e1t) \u2026\u2026.. 15 mg<br \/>\nC-vitamin \u2026\u2026\u2026\u2026\u2026\u2026\u2026\u2026\u2026\u2026\u2026\u2026\u2026\u2026 60 mg<\/p>\n<p><b>Csomagol\u00e1s:<\/b>\u00a030 kapszula<\/p>","protected":false},"featured_media":6535,"template":"","meta":[],"product_brand":[],"product_cat":[83],"product_tag":[262,2481,245],"class_list":{"0":"post-6534","1":"product","2":"type-product","3":"status-publish","4":"has-post-thumbnail","6":"product_cat-preparati-za-anemiju","7":"product_tag-gvozdje","8":"product_tag-kapsule","9":"product_tag-vitamin-c","10":"pa_brend-hemofarm","12":"first","13":"instock","14":"shipping-taxable","15":"purchasable","16":"product-type-simple"},"ams_default_variation_id":0,"ams_product_points_reward":[],"ams_product_discount_percentage":0,"ams_price_to_display":1320,"ams_acf":[],"jetpack_sharing_enabled":true,"_links":{"self":[{"href":"https:\/\/apotekar-online.rs\/hu\/wp-json\/wp\/v2\/product\/6534","targetHints":{"allow":["GET"]}}],"collection":[{"href":"https:\/\/apotekar-online.rs\/hu\/wp-json\/wp\/v2\/product"}],"about":[{"href":"https:\/\/apotekar-online.rs\/hu\/wp-json\/wp\/v2\/types\/product"}],"wp:featuredmedia":[{"embeddable":true,"href":"https:\/\/apotekar-online.rs\/hu\/wp-json\/wp\/v2\/media\/6535"}],"wp:attachment":[{"href":"https:\/\/apotekar-online.rs\/hu\/wp-json\/wp\/v2\/media?parent=6534"}],"wp:term":[{"taxonomy":"product_brand","embeddable":true,"href":"https:\/\/apotekar-online.rs\/hu\/wp-json\/wp\/v2\/product_brand?post=6534"},{"taxonomy":"product_cat","embeddable":true,"href":"https:\/\/apotekar-online.rs\/hu\/wp-json\/wp\/v2\/product_cat?post=6534"},{"taxonomy":"product_tag","embeddable":true,"href":"https:\/\/apotekar-online.rs\/hu\/wp-json\/wp\/v2\/product_tag?post=6534"}],"curies":[{"name":"wp","href":"https:\/\/api.w.org\/{rel}","templated":true}]}}