{"id":6545,"date":"2024-05-31T04:38:02","date_gmt":"2024-05-31T06:38:02","guid":{"rendered":"https:\/\/apotekar-online.rs\/?post_type=product&#038;p=6545"},"modified":"2026-03-05T08:07:37","modified_gmt":"2026-03-05T10:07:37","slug":"livsane-omega-3-e-vitamin-60-kapszula","status":"publish","type":"product","link":"https:\/\/apotekar-online.rs\/hu\/p\/livsane-omega-3-vitamin-e-60-kapsula\/","title":{"rendered":"Livsane Omega 3 + E vitamin 60 kapszula"},"content":{"rendered":"","protected":false},"excerpt":{"rendered":"<p>Az Omega-3 + E-vitamin kapszula halolajat tartalmaz\u00f3 \u00e9trend-kieg\u00e9sz\u00edt\u0151, amely az omega-3 zs\u00edrsavak \u00e9s az E-vitamin tov\u00e1bbi forr\u00e1sa a sz\u00edv sz\u00e1m\u00e1ra. Az EPA \u00e9s a DHA hozz\u00e1j\u00e1rul a norm\u00e1l sz\u00edvm\u0171k\u00f6d\u00e9shez. Az E-vitamin hozz\u00e1j\u00e1rul a sejtek oxidat\u00edv stresszel szembeni v\u00e9delm\u00e9hez. Az omega-3 zs\u00edrsavak a sejtmembr\u00e1n f\u0151 alkot\u00f3elemei, \u00e9s fontosak az emberi szervezet sz\u00e1m\u00e1ra. A szervezet \u00f6nmag\u00e1ban nem tudja el\u0151\u00e1ll\u00edtani ezeket, hanem t\u00e1pl\u00e1l\u00e9kkal vagy t\u00e1pl\u00e1l\u00e9k-kieg\u00e9sz\u00edt\u0151kkel kell bevenni. Az esszenci\u00e1lis zs\u00edrsavak fontosak a sz\u00edv, a v\u00e9r (pl. tromb\u00f3zis megel\u0151z\u00e9se), a feh\u00e9rjeszint\u00e9zis, a sejtanyagcsere, a gyullad\u00e1sok megel\u0151z\u00e9s\u00e9ben, az endog\u00e9n v\u00e9dekez\u0151k\u00e9pess\u00e9g kialak\u00edt\u00e1s\u00e1ban \u00e9s a fert\u0151z\u0151 betegs\u00e9gek elleni v\u00e9dekez\u00e9sben.<\/p>\n<h5>Adagol\u00e1s \u00e9s alkalmaz\u00e1s m\u00f3dja<\/h5>\n<p>A j\u00f3t\u00e9kony hat\u00e1s legal\u00e1bb napi 250,0 mg EPA \u00e9s DHA bevitel\u00e9vel \u00e9rhet\u0151 el.<\/p>\n<h5>Fogalmaz\u00e1s<\/h5>\n<p>Kapszul\u00e1nk\u00e9nt (% NRV*)<br \/>\nE-vitamin 12 mg \u03b1-TE (100)<br \/>\nHal olaj<br \/>\n- ebb\u0151l eikozapenta\u00e9nsav (EPA)<br \/>\n- ebb\u0151l dokozahexa\u00e9nsav (DHA) 1000 mg<br \/>\n260 mg<br \/>\n170 mg<\/p>","protected":false},"featured_media":6546,"template":"","meta":[],"product_brand":[3090],"product_cat":[79],"product_tag":[2490,2489,2491,339,446,1907,209],"class_list":{"0":"post-6545","1":"product","2":"type-product","3":"status-publish","4":"has-post-thumbnail","6":"product_brand-livsane","7":"product_cat-srce-krvni-sudovi-i-holesterol","8":"product_tag-dha","9":"product_tag-epa","10":"product_tag-funkcije-srca","11":"product_tag-holesterol","12":"product_tag-omega-3","13":"product_tag-trigliceridi","14":"product_tag-vitamin-e","15":"pa_brend-livsane","17":"first","18":"instock","19":"shipping-taxable","20":"purchasable","21":"product-type-simple"},"ams_default_variation_id":0,"ams_product_points_reward":[],"ams_product_discount_percentage":0,"ams_price_to_display":912,"ams_acf":[],"jetpack_sharing_enabled":true,"_links":{"self":[{"href":"https:\/\/apotekar-online.rs\/hu\/wp-json\/wp\/v2\/product\/6545","targetHints":{"allow":["GET"]}}],"collection":[{"href":"https:\/\/apotekar-online.rs\/hu\/wp-json\/wp\/v2\/product"}],"about":[{"href":"https:\/\/apotekar-online.rs\/hu\/wp-json\/wp\/v2\/types\/product"}],"wp:featuredmedia":[{"embeddable":true,"href":"https:\/\/apotekar-online.rs\/hu\/wp-json\/wp\/v2\/media\/6546"}],"wp:attachment":[{"href":"https:\/\/apotekar-online.rs\/hu\/wp-json\/wp\/v2\/media?parent=6545"}],"wp:term":[{"taxonomy":"product_brand","embeddable":true,"href":"https:\/\/apotekar-online.rs\/hu\/wp-json\/wp\/v2\/product_brand?post=6545"},{"taxonomy":"product_cat","embeddable":true,"href":"https:\/\/apotekar-online.rs\/hu\/wp-json\/wp\/v2\/product_cat?post=6545"},{"taxonomy":"product_tag","embeddable":true,"href":"https:\/\/apotekar-online.rs\/hu\/wp-json\/wp\/v2\/product_tag?post=6545"}],"curies":[{"name":"wp","href":"https:\/\/api.w.org\/{rel}","templated":true}]}}