{"id":6559,"date":"2024-05-31T07:10:59","date_gmt":"2024-05-31T09:10:59","guid":{"rendered":"https:\/\/apotekar-online.rs\/?post_type=product&#038;p=6559"},"modified":"2026-03-05T08:07:37","modified_gmt":"2026-03-05T10:07:37","slug":"pic-soffix-med-sterilne-samolepljive-komprese-antibakterijske-10cmx10cm","status":"publish","type":"product","link":"https:\/\/apotekar-online.rs\/hu\/p\/pic-soffix-med-sterilne-samolepljive-komprese-antibakterijske-10cmx10cm\/","title":{"rendered":"Pic Soffix Med steril \u00f6ntapad\u00f3 borogat\u00e1s antibakteri\u00e1lis 10cmx10cm"},"content":{"rendered":"","protected":false},"excerpt":{"rendered":"<p><strong>PIC Soffix Med sterilne samolepljive komprese predstavljaju<\/strong><strong>\u00a0visokoupijaju\u0107e postoperativne flastere<\/strong>.<\/p>\n<p>Napravljeni su od posebnog netkanog materijala koji ne smeta ko\u017ei da nesmetano di\u0161e. Upijaju\u0107e jezgro se ne lepi za ranu \u0161to obezbe\u0111uje lako uklanjanje bez bola.<\/p>\n<p><strong>Haszn\u00e1lat:<\/strong>\u00a0Staviti na prethodno o\u010di\u0161\u0107enu suvu ko\u017eu ne\u017eno pritiskaju\u0107i ivice komprese.<\/p>\n<p>Pakovanje: 5 kompresa dimenzija 10cm x 10cm pojedina\u010dno zapakovanih u unutra\u0161nje pakovanje koje obezbe\u0111uje sterilnost<\/p>","protected":false},"featured_media":6560,"template":"","meta":[],"product_brand":[],"product_cat":[176],"product_tag":[1119,2495,2494,2499,2498],"class_list":{"0":"post-6559","1":"product","2":"type-product","3":"status-publish","4":"has-post-thumbnail","6":"product_cat-medicinska-oprema-i-materijal","7":"product_tag-antibakterijski","8":"product_tag-komprese","9":"product_tag-pic","10":"product_tag-postoperativni-flaster","11":"product_tag-visokoupijajuce","12":"pa_brend-pic","14":"first","15":"instock","16":"shipping-taxable","17":"product-type-simple"},"ams_default_variation_id":0,"ams_product_points_reward":[],"ams_product_discount_percentage":0,"ams_price_to_display":0,"ams_acf":[],"jetpack_sharing_enabled":true,"_links":{"self":[{"href":"https:\/\/apotekar-online.rs\/hu\/wp-json\/wp\/v2\/product\/6559","targetHints":{"allow":["GET"]}}],"collection":[{"href":"https:\/\/apotekar-online.rs\/hu\/wp-json\/wp\/v2\/product"}],"about":[{"href":"https:\/\/apotekar-online.rs\/hu\/wp-json\/wp\/v2\/types\/product"}],"wp:featuredmedia":[{"embeddable":true,"href":"https:\/\/apotekar-online.rs\/hu\/wp-json\/wp\/v2\/media\/6560"}],"wp:attachment":[{"href":"https:\/\/apotekar-online.rs\/hu\/wp-json\/wp\/v2\/media?parent=6559"}],"wp:term":[{"taxonomy":"product_brand","embeddable":true,"href":"https:\/\/apotekar-online.rs\/hu\/wp-json\/wp\/v2\/product_brand?post=6559"},{"taxonomy":"product_cat","embeddable":true,"href":"https:\/\/apotekar-online.rs\/hu\/wp-json\/wp\/v2\/product_cat?post=6559"},{"taxonomy":"product_tag","embeddable":true,"href":"https:\/\/apotekar-online.rs\/hu\/wp-json\/wp\/v2\/product_tag?post=6559"}],"curies":[{"name":"wp","href":"https:\/\/api.w.org\/{rel}","templated":true}]}}