{"id":6567,"date":"2024-05-31T07:30:47","date_gmt":"2024-05-31T09:30:47","guid":{"rendered":"https:\/\/apotekar-online.rs\/?post_type=product&#038;p=6567"},"modified":"2026-03-05T08:07:36","modified_gmt":"2026-03-05T10:07:36","slug":"pic-thermogel-comfort-10x10-cm-es-zseles-parna-hideg-vagy-meleg-kezeleshez-a-fajdalom-csillapitasara","status":"publish","type":"product","link":"https:\/\/apotekar-online.rs\/hu\/p\/pic-termogel-comfort-10x10cm-gel-jastuka-za-topli-ili-hladni-tretman-za-ublazavanje-bolova\/","title":{"rendered":"Pic Termogel Comfort 10x10cm, zsel\u00e9s p\u00e1rna hideg vagy meleg kezel\u00e9sre, f\u00e1jdalomcsillap\u00edt\u00e1sra"},"content":{"rendered":"","protected":false},"excerpt":{"rendered":"<p><strong>Pic Thermogel komfort 10x10cm<\/strong>, t\u00f6bbsz\u00f6r haszn\u00e1lhat\u00f3 g\u00e9lp\u00e1rna meleg vagy hideg kezel\u00e9shez, mely k\u00f6zvetlen\u00fcl a kezelt ter\u00fcletre kenhet\u0151.\u00a0<strong>Pic Thermogel komfort 10x10cm<\/strong>, zsel\u00e9s p\u00e1rna, stabil h\u0151- vagy hideglead\u00e1st biztos\u00edt k\u00e9nyelmes csomagol\u00e1sban, \u00e9s k\u00f6zvetlen\u00fcl a kezel\u00e9st ig\u00e9nyl\u0151 ter\u00fcletre ker\u00fcl. Alkalmas az eg\u00e9sz csal\u00e1dnak, m\u00e9g a legkisebbeknek is.<\/p>\n<p>Hideg form\u00e1ban kisebb z\u00faz\u00f3d\u00e1sok, \u00e9g\u00e9si s\u00e9r\u00fcl\u00e9sek, fejf\u00e1j\u00e1s, rovarcs\u00edp\u00e9s, fogf\u00e1j\u00e1s \u00e9s s\u00e9r\u00fcl\u00e9sek, p\u00e9ld\u00e1ul izomh\u00faz\u00f3d\u00e1sok, ficamok, stb. gy\u00f3gy\u00edt\u00e1s\u00e1ban seg\u00e9deszk\u00f6zk\u00e9nt haszn\u00e1lhat\u00f3.<\/p>\n<p>Meleg form\u00e1ban lumb\u00e1g\u00f3, isi\u00e1sz, izom- \u00e9s gyomorf\u00e1jdalmak (em\u00e9szt\u00e9si zavarok \u00e9s menstru\u00e1ci\u00f3s ciklus), \u00edz\u00fcleti merev \u00e9s reum\u00e1s f\u00e1jdalmak enyh\u00edt\u00e9s\u00e9re haszn\u00e1lhat\u00f3.<\/p>\n<p>A Pic Termogel komfort 10x10 cm-es zsel\u00e9s p\u00e1rna huzata nem sz\u0151tt anyagb\u00f3l k\u00e9sz\u00fclt \u00e9s kellemes tapint\u00e1s\u00fa. Kis m\u00e9ret\u00e9nek k\u00f6sz\u00f6nhet\u0151en k\u00f6nnyen haszn\u00e1lhat\u00f3 a test nagyon meghat\u00e1rozott r\u00e9szein koncentr\u00e1lt f\u00e1jdalom eset\u00e9n.<\/p>\n<p>&nbsp;<\/p>\n<p>A ... haszna:<\/p>\n<p>Hidegkezel\u00e9sn\u00e9l a g\u00e9lt legal\u00e1bb 2 \u00f3r\u00e1ra h\u0171t\u0151be tessz\u00fck, majd a f\u00e1jdalmas testr\u00e9szre helyezz\u00fck.<\/p>\n<p>A meleg kezel\u00e9shez tegye a g\u00e9lt forr\u00f3 v\u00edzbe (max. 60<sup>r\u00f3l r\u0151l<\/sup>, 10 perc) vagy megfelel\u0151 ed\u00e9nybe \u00f6ntj\u00fck forr\u00f3 v\u00edzzel.<\/p>\n<p>&nbsp;<\/p>\n<p>Kiszerel\u00e9s: g\u00e9lp\u00e1rna 10x10cm<\/p>","protected":false},"featured_media":6568,"template":"","meta":[],"product_brand":[],"product_cat":[176],"product_tag":[2506,2504,2494,2502,2505,2503],"class_list":{"0":"post-6567","1":"product","2":"type-product","3":"status-publish","4":"has-post-thumbnail","6":"product_cat-medicinska-oprema-i-materijal","7":"product_tag-gel-jastuk","8":"product_tag-hladni-tretman","9":"product_tag-pic","10":"product_tag-termogel","11":"product_tag-topli-tretman","12":"product_tag-ublazavanje-bolova","13":"pa_brend-pic","15":"first","16":"instock","17":"shipping-taxable","18":"product-type-simple"},"ams_default_variation_id":0,"ams_product_points_reward":[],"ams_product_discount_percentage":0,"ams_price_to_display":0,"ams_acf":[],"jetpack_sharing_enabled":true,"_links":{"self":[{"href":"https:\/\/apotekar-online.rs\/hu\/wp-json\/wp\/v2\/product\/6567","targetHints":{"allow":["GET"]}}],"collection":[{"href":"https:\/\/apotekar-online.rs\/hu\/wp-json\/wp\/v2\/product"}],"about":[{"href":"https:\/\/apotekar-online.rs\/hu\/wp-json\/wp\/v2\/types\/product"}],"wp:featuredmedia":[{"embeddable":true,"href":"https:\/\/apotekar-online.rs\/hu\/wp-json\/wp\/v2\/media\/6568"}],"wp:attachment":[{"href":"https:\/\/apotekar-online.rs\/hu\/wp-json\/wp\/v2\/media?parent=6567"}],"wp:term":[{"taxonomy":"product_brand","embeddable":true,"href":"https:\/\/apotekar-online.rs\/hu\/wp-json\/wp\/v2\/product_brand?post=6567"},{"taxonomy":"product_cat","embeddable":true,"href":"https:\/\/apotekar-online.rs\/hu\/wp-json\/wp\/v2\/product_cat?post=6567"},{"taxonomy":"product_tag","embeddable":true,"href":"https:\/\/apotekar-online.rs\/hu\/wp-json\/wp\/v2\/product_tag?post=6567"}],"curies":[{"name":"wp","href":"https:\/\/api.w.org\/{rel}","templated":true}]}}