{"id":6638,"date":"2024-06-06T11:49:41","date_gmt":"2024-06-06T13:49:41","guid":{"rendered":"https:\/\/apotekar-online.rs\/?post_type=product&#038;p=6638"},"modified":"2026-03-05T07:54:54","modified_gmt":"2026-03-05T09:54:54","slug":"eucerin-ph5-ulje-za-tusiranje-200-ml","status":"publish","type":"product","link":"https:\/\/apotekar-online.rs\/hu\/p\/eucerin-ph5-ulje-za-tusiranje-200-ml\/","title":{"rendered":"Eucerin pH5 zuhanyolaj, 200 ml"},"content":{"rendered":"","protected":false},"excerpt":{"rendered":"<h5><strong>Term\u00e9kle\u00edr\u00e1s<\/strong><\/h5>\n<p>A sz\u00e1raz, \u00e9rz\u00e9keny b\u0151rt k\u00f6nnyen irrit\u00e1lj\u00e1k olyan k\u00fcls\u0151 t\u00e9nyez\u0151k, mint a gyakori mos\u00e1s, a h\u0151m\u00e9rs\u00e9klet-v\u00e1ltoz\u00e1s \u00e9s a szerek hat\u00e1s\u00e1nak kitetts\u00e9ge, \u00edgy m\u00e9g \u00e9rz\u00e9kenyebb\u00e9 v\u00e1lik. Az Eucerin pH5 zuhanyolajat speci\u00e1lis m\u00f3don fejlesztett\u00e9k ki, rendk\u00edv\u00fcl gyeng\u00e9d fel\u00fcletakt\u00edv anyagokkal, amelyek alkalmasak a sz\u00e1raz, \u00e9rz\u00e9keny b\u0151r tiszt\u00edt\u00e1s\u00e1ra. Az egyed\u00fcl\u00e1ll\u00f3 pH-egyens\u00falyi rendszer optim\u00e1lis pH-\u00e9rt\u00e9ket biztos\u00edt a formul\u00e1nak, hogy megv\u00e9dje a b\u0151r term\u00e9szetes v\u00e9dekez\u0151k\u00e9pess\u00e9g\u00e9t \u00e9s meg\u0151rizze ellen\u00e1ll\u00f3 k\u00e9pess\u00e9g\u00e9t. Term\u00e9szetes t\u00e1pl\u00e1l\u00f3 olajokban gazdag, felt\u00f6lti a lipideket, t\u00e1pl\u00e1lt \u00e9s selymesen puh\u00e1v\u00e1 var\u00e1zsolja a b\u0151rt, megakad\u00e1lyozva a kisz\u00e1rad\u00e1st m\u00e9g gyakori haszn\u00e1lat ut\u00e1n is. Ez az olaj 3 \u00e9ves kort\u00f3l alkalmas gyermekek sz\u00e1m\u00e1ra.<\/p>\n<h5><strong>Adagol\u00e1s \u00e9s alkalmaz\u00e1s m\u00f3dja<\/strong><\/h5>\n<p>Vigye fel az olajat a nedves b\u0151rre, d\u00f6rzs\u00f6lje be, majd alaposan \u00f6bl\u00edtse le v\u00edzzel. Ker\u00fclje a szembe jut\u00e1st.<\/p>\n<h5><strong>Fogalmaz\u00e1s<\/strong><\/h5>\n<p>glicin sz\u00f3jaolaj, lauret-4, mipa-laureth-szulf\u00e1t, ricinus communis magolaj, poloxamer 101, parf\u00fcm, v\u00edz, propil\u00e9nglikol, panthenol, tokoferol, citromsav, n\u00e1trium-citr\u00e1t<\/p>","protected":false},"featured_media":6640,"template":"","meta":[],"product_brand":[],"product_cat":[547,80,224,177],"product_tag":[1772,2531,2558,2532],"class_list":{"0":"post-6638","1":"product","2":"type-product","3":"status-publish","4":"has-post-thumbnail","6":"product_cat-kozmetika-i-nega-za-odrasle","7":"product_cat-koza-kosa-i-nokti","8":"product_cat-kozmetika-za-decu","9":"product_cat-nega-tela","10":"product_tag-deca-od-3-godine","11":"product_tag-ulje-za-tusiranje","12":"product_tag-za-odrasle","13":"product_tag-za-suvu-i-osetljivu-kozu","14":"pa_brend-eucerin","16":"first","17":"instock","18":"shipping-taxable","19":"purchasable","20":"product-type-simple"},"ams_default_variation_id":0,"ams_product_points_reward":[],"ams_product_discount_percentage":0,"ams_price_to_display":994,"ams_acf":[],"jetpack_sharing_enabled":true,"_links":{"self":[{"href":"https:\/\/apotekar-online.rs\/hu\/wp-json\/wp\/v2\/product\/6638","targetHints":{"allow":["GET"]}}],"collection":[{"href":"https:\/\/apotekar-online.rs\/hu\/wp-json\/wp\/v2\/product"}],"about":[{"href":"https:\/\/apotekar-online.rs\/hu\/wp-json\/wp\/v2\/types\/product"}],"wp:featuredmedia":[{"embeddable":true,"href":"https:\/\/apotekar-online.rs\/hu\/wp-json\/wp\/v2\/media\/6640"}],"wp:attachment":[{"href":"https:\/\/apotekar-online.rs\/hu\/wp-json\/wp\/v2\/media?parent=6638"}],"wp:term":[{"taxonomy":"product_brand","embeddable":true,"href":"https:\/\/apotekar-online.rs\/hu\/wp-json\/wp\/v2\/product_brand?post=6638"},{"taxonomy":"product_cat","embeddable":true,"href":"https:\/\/apotekar-online.rs\/hu\/wp-json\/wp\/v2\/product_cat?post=6638"},{"taxonomy":"product_tag","embeddable":true,"href":"https:\/\/apotekar-online.rs\/hu\/wp-json\/wp\/v2\/product_tag?post=6638"}],"curies":[{"name":"wp","href":"https:\/\/api.w.org\/{rel}","templated":true}]}}