{"id":6657,"date":"2024-06-07T07:06:42","date_gmt":"2024-06-07T09:06:42","guid":{"rendered":"https:\/\/apotekar-online.rs\/?post_type=product&#038;p=6657"},"modified":"2026-03-05T07:54:53","modified_gmt":"2026-03-05T09:54:53","slug":"probielle-ibsolution-14-kesica","status":"publish","type":"product","link":"https:\/\/apotekar-online.rs\/hu\/p\/probielle-ibsolution-14-kesica\/","title":{"rendered":"Probielle IBSolution 14 tasak"},"content":{"rendered":"","protected":false},"excerpt":{"rendered":"<p>Probielle\u00ae IBSolution otklanja\u00a0simptome iritabilnog kolona, kao \u0161to\u00a0su nadutost, gasovi, bolovi u\u00a0abdomenu, dijareja i konstipacija.\u00a0Ujedno i ja\u010da imunski sistem i\u00a0nadokna\u0111uje dnevne potrebe za\u00a0vitaminom D.<br \/>\nBez laktoze, bez glutena.<\/p>\n<div class=\"way_use_Wrapper\">\n<p class=\"mainTitle oswald\"><strong>A felhaszn\u00e1l\u00e1s m\u00f3dja<\/strong><\/p>\n<div class=\"text\">Za odrasle i decu iznad 3 godine: za najbolje rezultate &#8211; jedna kesica dnevno posle\u00a0doru\u010dka, tokom najmanje 6 nedelja.<\/div>\n<\/div>\n<div class=\"composition_Wrapper\">\n<p class=\"mainTitle oswald\"><strong>Fogalmaz\u00e1s<\/strong><\/p>\n<div class=\"text\">Lactobacillus plantarum CECT 7484<br \/>\nLactobacillus plantarum CECT 7485<br \/>\nPediococcus acidilactici CECT 7483<br \/>\n\u2265 3 mlrd. CFU \/ caps<br \/>\nVitamin D3 400IU<\/div>\n<\/div>","protected":false},"featured_media":6658,"template":"","meta":[],"product_brand":[],"product_cat":[81],"product_tag":[255,2576,264],"class_list":{"0":"post-6657","1":"product","2":"type-product","3":"status-publish","4":"has-post-thumbnail","6":"product_cat-probiotici-i-enzimi","7":"product_tag-dijareja","8":"product_tag-iritabilna-creva","9":"product_tag-nadutost","10":"pa_brend-ivancic-i-sinovi","12":"first","13":"instock","14":"shipping-taxable","15":"purchasable","16":"product-type-simple"},"ams_default_variation_id":0,"ams_product_points_reward":[],"ams_product_discount_percentage":0,"ams_price_to_display":1224,"ams_acf":[],"jetpack_sharing_enabled":true,"_links":{"self":[{"href":"https:\/\/apotekar-online.rs\/hu\/wp-json\/wp\/v2\/product\/6657","targetHints":{"allow":["GET"]}}],"collection":[{"href":"https:\/\/apotekar-online.rs\/hu\/wp-json\/wp\/v2\/product"}],"about":[{"href":"https:\/\/apotekar-online.rs\/hu\/wp-json\/wp\/v2\/types\/product"}],"wp:featuredmedia":[{"embeddable":true,"href":"https:\/\/apotekar-online.rs\/hu\/wp-json\/wp\/v2\/media\/6658"}],"wp:attachment":[{"href":"https:\/\/apotekar-online.rs\/hu\/wp-json\/wp\/v2\/media?parent=6657"}],"wp:term":[{"taxonomy":"product_brand","embeddable":true,"href":"https:\/\/apotekar-online.rs\/hu\/wp-json\/wp\/v2\/product_brand?post=6657"},{"taxonomy":"product_cat","embeddable":true,"href":"https:\/\/apotekar-online.rs\/hu\/wp-json\/wp\/v2\/product_cat?post=6657"},{"taxonomy":"product_tag","embeddable":true,"href":"https:\/\/apotekar-online.rs\/hu\/wp-json\/wp\/v2\/product_tag?post=6657"}],"curies":[{"name":"wp","href":"https:\/\/api.w.org\/{rel}","templated":true}]}}