{"id":6749,"date":"2024-06-07T20:30:52","date_gmt":"2024-06-07T22:30:52","guid":{"rendered":"https:\/\/apotekar-online.rs\/?post_type=product&#038;p=6749"},"modified":"2026-03-05T07:54:49","modified_gmt":"2026-03-05T09:54:49","slug":"eucerin-hydro-protect-ultralagani-fluid-za-zastitu-lica-od-sunca-spf-50-50-ml","status":"publish","type":"product","link":"https:\/\/apotekar-online.rs\/hu\/p\/eucerin-hydro-protect-ultralagani-fluid-za-zastitu-lica-od-sunca-spf-50-50-ml\/","title":{"rendered":"Eucerin Hydro-Protect Ultralight arc f\u00e9nyv\u00e9d\u0151 folyad\u00e9k SPF 50+, 50 ml"},"content":{"rendered":"","protected":false},"excerpt":{"rendered":"<h5>Term\u00e9kle\u00edr\u00e1s<\/h5>\n<p>Eucerin Hydro protect fluid za za\u0161titu lica od sunca SPF 50+ namenjen je za sve tipove ko\u017ee, uklju\u010duju\u0107i i osetljivu. \u0160titi od opekotina od sunca i o\u0161te\u0107enja ko\u017ee izazvanih suncem. Veoma dobra tolerancija kod svih tipova ko\u017ee, \u010dak i kod osetljive.\u00a0Pru\u017ea trenutnu hidrataciju i sve\u017einu. Ultralagana formulacija, brzo se upija, nemastan, nelepljiv, nekomedogen.\u00a0Pogodan\u00a0za svakodnevnu upotrebu i za regiju oko o\u010diju, parfimisan.<\/p>\n<h5>Adagol\u00e1s \u00e9s alkalmaz\u00e1s m\u00f3dja<\/h5>\n<p>Pre upotrebe dobro promu\u0107kajte. Nanesite obilno pre izlaganja suncu. Ponavljajte\u00a0postupak, posebno nakon plivanja, brisanja pe\u0161kirom ili znojenja, radi odr\u017eavanja prvobitne za\u0161tite.<\/p>\n<h5>Fogalmaz\u00e1s<\/h5>\n<p>aqua, alcohol denat., c12-15 alkyl benzoate, butyl methoxydibenzoylmethane, bis-ethylhexyloxyphenol methoxyphenyl triazine, ethylhexyl triazone, butylene glycol dicaprylate\/dicaprate, dibutyl adipate, diethylamino hydroxybenzoyl hexyl benzoate, phenylbenzimidazole sulfonic acid, silica, tapioca starch, polyglyceryl-6 stearate, silica dimethyl silylate, glycerin, glycyrrhiza inflata root extract, sodium hyaluronate, arginine hcl, sodium pca, sodium lactate, glycyrrhetinic acid, cetearyl alcohol, glyceryl stearate, copernicia cerifera cera, polyglyceryl-6 behenate, xanthan gum, hydroxypropyl methylcellulose, sodium hydroxide, trisodium edta, hydroxyacetophenone, phenoxyethanol, parfum<\/p>","protected":false},"featured_media":6750,"template":"","meta":[],"product_brand":[],"product_cat":[2522,80,547,178],"product_tag":[2669,2668,2667,554,2666,2625,2360,1485,559],"class_list":{"0":"post-6749","1":"product","2":"type-product","3":"status-publish","4":"has-post-thumbnail","6":"product_cat-preparati-za-suncanje","7":"product_cat-koza-kosa-i-nokti","8":"product_cat-kozmetika-i-nega-za-odrasle","9":"product_cat-nega-lica","10":"product_tag-brzo-se-upija","11":"product_tag-nelepljiv","12":"product_tag-nemastan","13":"product_tag-spf-50","14":"product_tag-trenutna-hidratacija-i-svezina","15":"product_tag-ultralagana-tekstura","16":"product_tag-za-osetljivu-kozu","17":"product_tag-za-sve-tipove-koze","18":"product_tag-zastita-od-sunca","19":"pa_brend-eucerin","21":"first","22":"instock","23":"shipping-taxable","24":"purchasable","25":"product-type-simple"},"ams_default_variation_id":0,"ams_product_points_reward":[],"ams_product_discount_percentage":0,"ams_price_to_display":2115,"ams_acf":[],"jetpack_sharing_enabled":true,"_links":{"self":[{"href":"https:\/\/apotekar-online.rs\/hu\/wp-json\/wp\/v2\/product\/6749","targetHints":{"allow":["GET"]}}],"collection":[{"href":"https:\/\/apotekar-online.rs\/hu\/wp-json\/wp\/v2\/product"}],"about":[{"href":"https:\/\/apotekar-online.rs\/hu\/wp-json\/wp\/v2\/types\/product"}],"wp:featuredmedia":[{"embeddable":true,"href":"https:\/\/apotekar-online.rs\/hu\/wp-json\/wp\/v2\/media\/6750"}],"wp:attachment":[{"href":"https:\/\/apotekar-online.rs\/hu\/wp-json\/wp\/v2\/media?parent=6749"}],"wp:term":[{"taxonomy":"product_brand","embeddable":true,"href":"https:\/\/apotekar-online.rs\/hu\/wp-json\/wp\/v2\/product_brand?post=6749"},{"taxonomy":"product_cat","embeddable":true,"href":"https:\/\/apotekar-online.rs\/hu\/wp-json\/wp\/v2\/product_cat?post=6749"},{"taxonomy":"product_tag","embeddable":true,"href":"https:\/\/apotekar-online.rs\/hu\/wp-json\/wp\/v2\/product_tag?post=6749"}],"curies":[{"name":"wp","href":"https:\/\/api.w.org\/{rel}","templated":true}]}}