{"id":6785,"date":"2024-06-08T17:26:59","date_gmt":"2024-06-08T19:26:59","guid":{"rendered":"https:\/\/apotekar-online.rs\/?post_type=product&#038;p=6785"},"modified":"2026-03-05T07:54:47","modified_gmt":"2026-03-05T09:54:47","slug":"eucerin-anti-pigment-tonirana-dnevna-krema-spf-30-tamna-50-ml","status":"publish","type":"product","link":"https:\/\/apotekar-online.rs\/hu\/p\/eucerin-anti-pigment-tonirana-dnevna-krema-spf-30-tamna-50-ml\/","title":{"rendered":"Eucerin Anti-Pigment sz\u00ednezett nappali kr\u00e9m SPF 30 Dark, 50 ml"},"content":{"rendered":"","protected":false},"excerpt":{"rendered":"<h5><strong>Term\u00e9kle\u00edr\u00e1s<\/strong><\/h5>\n<p>Hat\u00e9konyan fedi \u00e9s cs\u00f6kkenti a s\u00f6t\u00e9t foltokat. A b\u0151r term\u00e9szetes \u00e9s azonnal egyenletesebb megjelen\u00e9s\u00e9\u00e9rt. A napsug\u00e1rz\u00e1s, a hormon\u00e1lis hat\u00e1sok \u00e9s az \u00f6reged\u00e9s hiperpigment\u00e1ci\u00f3t, p\u00e9ld\u00e1ul s\u00f6t\u00e9t foltokat \u00e9s \u00f6regs\u00e9gi foltokat eredm\u00e9nyezhet, amelyek egyenetlenn\u00e9 teszik az arcsz\u00ednt. Az \u00faj\u00edt\u00e1s a szabadalmaztatott thiamidol\u00ae, amely a hiperpigment\u00e1ci\u00f3 f\u0151 ok\u00e1ra hat. Rendszeres haszn\u00e1lat mellett cs\u00f6kkenti a melanin termel\u0151d\u00e9s\u00e9t. Az SPF 30+UVA hat\u00e9konyan megakad\u00e1lyozza az \u00faj foltok megjelen\u00e9s\u00e9t a napsugarak hat\u00e1s\u00e1ra. A s\u00f6t\u00e9t \u00e1rnyalat\u00fa \u00e1sv\u00e1nyi pigmentek azonnal elfedik a s\u00f6t\u00e9t foltokat, \u00edgy term\u00e9szetesen egyenletes megjelen\u00e9st k\u00f6lcs\u00f6n\u00f6znek b\u0151r\u00e9nek.<\/p>\n<h5><strong>Adagol\u00e1s \u00e9s alkalmaz\u00e1s m\u00f3dja<\/strong><\/h5>\n<p>Reggel egyszer vigye fel az arcra. A rutinon bel\u00fcl kombin\u00e1lhat\u00f3 m\u00e1s Eucerin Anti-Pigment term\u00e9kcsal\u00e1ddal. A nap folyam\u00e1n legfeljebb 4 alkalommal haszn\u00e1ljon tiamidolt tartalmaz\u00f3 k\u00e9sz\u00edtm\u00e9nyt. Ker\u00fclje a szemmel val\u00f3 k\u00f6zvetlen \u00e9rintkez\u00e9st.<\/p>\n<h5><strong>Fogalmaz\u00e1s<\/strong><\/h5>\n<p>aqua, alkohol denat., ci 77891, dibutil-adip\u00e1t, butil-metoxidibenzoil-met\u00e1n, butil\u00e9n-glikol-dikapril\u00e1t\/dikapr\u00e1t, c12-15 alkil-benzo\u00e1t, bisz-etil-hexil-oxi-fenol-metoxi-fenil-triazin, etil-hexil-hidroxi-benzoil-metil-\u00e9szter zo\u00e1t, szil\u00edcium-dioxid, szil\u00edcium-dioxid-dimetil-szilil\u00e1t, ci 77492, cetearil-alkohol, k\u00f3kuszgliceridek, copernicia cerifera cera, fenilbenzimidazol-szulfonsav, glicerin, izobutilamido-tiazolil-rezorcin, glycyrrhiza inflata gy\u00f6k\u00e9rkivonat, tokoferol, t\u00e1pi\u00f3ka kem\u00e9ny\u00edt\u0151, metil-cellul\u00f3z-alkohol,-hidroxi-propil-alkohol,-hidroxi-propil-alkohol riszsav, arachid sav, olajsav, palmitinsav, n\u00e1trium-sztearoil-glutam\u00e1t, n\u00e1trium-hidroxid, n\u00e1trium-klorid, alum\u00ednium-oxid, trin\u00e1trium-edta, hidroxi-acetofenon, fenoxi-etanol, parf\u00fcm, ci 77491, ci 77499<\/p>","protected":false},"featured_media":6786,"template":"","meta":[],"product_brand":[],"product_cat":[547,80,178],"product_tag":[2698,2697,2699,556,2700],"class_list":{"0":"post-6785","1":"product","2":"type-product","3":"status-publish","4":"has-post-thumbnail","6":"product_cat-kozmetika-i-nega-za-odrasle","7":"product_cat-koza-kosa-i-nokti","8":"product_cat-nega-lica","9":"product_tag-deluje-na-uzrok-hiperpigmentacija","10":"product_tag-prekriva-i-smanjuje-tamne-fleke","11":"product_tag-prirodno-ujednacen-izgled-koze","12":"product_tag-spf-30","13":"product_tag-tonirana-dnevna-krema","14":"pa_brend-eucerin","16":"first","17":"instock","18":"shipping-taxable","19":"purchasable","20":"product-type-simple"},"ams_default_variation_id":0,"ams_product_points_reward":[],"ams_product_discount_percentage":0,"ams_price_to_display":3808,"ams_acf":[],"jetpack_sharing_enabled":true,"_links":{"self":[{"href":"https:\/\/apotekar-online.rs\/hu\/wp-json\/wp\/v2\/product\/6785","targetHints":{"allow":["GET"]}}],"collection":[{"href":"https:\/\/apotekar-online.rs\/hu\/wp-json\/wp\/v2\/product"}],"about":[{"href":"https:\/\/apotekar-online.rs\/hu\/wp-json\/wp\/v2\/types\/product"}],"wp:featuredmedia":[{"embeddable":true,"href":"https:\/\/apotekar-online.rs\/hu\/wp-json\/wp\/v2\/media\/6786"}],"wp:attachment":[{"href":"https:\/\/apotekar-online.rs\/hu\/wp-json\/wp\/v2\/media?parent=6785"}],"wp:term":[{"taxonomy":"product_brand","embeddable":true,"href":"https:\/\/apotekar-online.rs\/hu\/wp-json\/wp\/v2\/product_brand?post=6785"},{"taxonomy":"product_cat","embeddable":true,"href":"https:\/\/apotekar-online.rs\/hu\/wp-json\/wp\/v2\/product_cat?post=6785"},{"taxonomy":"product_tag","embeddable":true,"href":"https:\/\/apotekar-online.rs\/hu\/wp-json\/wp\/v2\/product_tag?post=6785"}],"curies":[{"name":"wp","href":"https:\/\/api.w.org\/{rel}","templated":true}]}}