{"id":6799,"date":"2024-06-08T17:58:29","date_gmt":"2024-06-08T19:58:29","guid":{"rendered":"https:\/\/apotekar-online.rs\/?post_type=product&#038;p=6799"},"modified":"2026-03-05T07:54:47","modified_gmt":"2026-03-05T09:54:47","slug":"eucerin-dnevna-krema-za-lice-sa-5-uree-50-ml","status":"publish","type":"product","link":"https:\/\/apotekar-online.rs\/hu\/p\/eucerin-dnevna-krema-za-lice-sa-5-uree-50-ml\/","title":{"rendered":"Eucerin Daily arckr\u00e9m 5% Ure\u00e1val, 50 ml"},"content":{"rendered":"","protected":false},"excerpt":{"rendered":"<h5><strong>Term\u00e9kle\u00edr\u00e1s<\/strong><\/h5>\n<p>Lagana i ne\u017ena hidratantna krema za suvu i veoma suvu zategnutu ko\u017eu, za svakodnevnu upotrebu. Oboga\u0107ena ureom i mle\u010dnim kiselinama, dva prirodno prisutna jedinjenja koja vezuju vodu, trenutno hidrira suvu ko\u017eu lica, ubla\u017eavaju\u0107i ose\u0107aj zategnutosti, pru\u017eaju\u0107i ko\u017ei ose\u0107aj glatko\u0107e i gipkosti. Gruba ko\u017ea je \u010desto posledica nedostatka vode, a ova krema ubla\u017eava simptome grube ko\u017ee\u00a0tako \u0161to je \u010dini hidriranom. Idealna je kao podloga za \u0161minku ili nakon brijanja.<\/p>\n<h5><strong>Adagol\u00e1s \u00e9s alkalmaz\u00e1s m\u00f3dja<\/strong><\/h5>\n<p>Ne\u017eno umasirati na temeljno o\u010di\u0161\u0107enu ko\u017eu lica, vrata i dekoltea.<\/p>\n<h5><strong>Fogalmaz\u00e1s<\/strong><\/h5>\n<p>Voda, Urea, Glycerin, Caprylic-Capric-Triglyceride, Cyclomethicone, Dimethicone, Pentaerythrityl Tetraisostearate, Triisostearin, Cetyl Alcohol, Sodium Lactate, Glyceryl Stearate, Benzyl Alcohol, PEG-40 Stearate, Biosaccharide Gum-1, Methylparaben, Lactic Acid, Lanolin Alcohol, Phenoxyethanol<\/p>","protected":false},"featured_media":6800,"template":"","meta":[],"product_brand":[],"product_cat":[547,80,178],"product_tag":[1608,1607,2640,2708,2059,2597],"class_list":{"0":"post-6799","1":"product","2":"type-product","3":"status-publish","4":"has-post-thumbnail","6":"product_cat-kozmetika-i-nega-za-odrasle","7":"product_cat-koza-kosa-i-nokti","8":"product_cat-nega-lica","9":"product_tag-dnevna-krema","10":"product_tag-hidratantna-krema","11":"product_tag-svakodnevna-upotreba","12":"product_tag-trenutno-hidrira","13":"product_tag-urea-5","14":"product_tag-za-suvu-i-veoma-suvu-kozu","15":"pa_brend-eucerin","17":"first","18":"instock","19":"shipping-taxable","20":"purchasable","21":"product-type-simple"},"ams_default_variation_id":0,"ams_product_points_reward":[],"ams_product_discount_percentage":0,"ams_price_to_display":1570,"ams_acf":[],"jetpack_sharing_enabled":true,"_links":{"self":[{"href":"https:\/\/apotekar-online.rs\/hu\/wp-json\/wp\/v2\/product\/6799","targetHints":{"allow":["GET"]}}],"collection":[{"href":"https:\/\/apotekar-online.rs\/hu\/wp-json\/wp\/v2\/product"}],"about":[{"href":"https:\/\/apotekar-online.rs\/hu\/wp-json\/wp\/v2\/types\/product"}],"wp:featuredmedia":[{"embeddable":true,"href":"https:\/\/apotekar-online.rs\/hu\/wp-json\/wp\/v2\/media\/6800"}],"wp:attachment":[{"href":"https:\/\/apotekar-online.rs\/hu\/wp-json\/wp\/v2\/media?parent=6799"}],"wp:term":[{"taxonomy":"product_brand","embeddable":true,"href":"https:\/\/apotekar-online.rs\/hu\/wp-json\/wp\/v2\/product_brand?post=6799"},{"taxonomy":"product_cat","embeddable":true,"href":"https:\/\/apotekar-online.rs\/hu\/wp-json\/wp\/v2\/product_cat?post=6799"},{"taxonomy":"product_tag","embeddable":true,"href":"https:\/\/apotekar-online.rs\/hu\/wp-json\/wp\/v2\/product_tag?post=6799"}],"curies":[{"name":"wp","href":"https:\/\/api.w.org\/{rel}","templated":true}]}}