{"id":6801,"date":"2024-06-08T18:10:57","date_gmt":"2024-06-08T20:10:57","guid":{"rendered":"https:\/\/apotekar-online.rs\/?post_type=product&#038;p=6801"},"modified":"2026-03-05T07:54:46","modified_gmt":"2026-03-05T09:54:46","slug":"eucerin-hyaluron-filler-nocni-hidro-booster-50-ml","status":"publish","type":"product","link":"https:\/\/apotekar-online.rs\/hu\/p\/eucerin-hyaluron-filler-nocni-hidro-booster-50-ml\/","title":{"rendered":"Eucerin Hyaluron-Filler Night hydro booster, 50 ml"},"content":{"rendered":"","protected":false},"excerpt":{"rendered":"<h5><strong>Term\u00e9kle\u00edr\u00e1s<\/strong><\/h5>\n<p>Izrazito lagana i osve\u017eavaju\u0107a gel formulacija ovog preparata za no\u0107nu negu pru\u017ea trenutnu hidrataciju, ubla\u017eava fine linije i prve bore i regeneri\u0161e ko\u017eu preko no\u0107i. Formulacija kombinuje dve vrste hijaluronske kiseline sa glicerinom. Ko\u017ea prirodno proizvodi ove dve komponente kako bi zadr\u017eala vla\u017enost, a u formulaciji No\u0107nog hidro booster-a one funkcioni\u0161u kao magneti koji vezuju vodu, \u010dine\u0107i ko\u017eu zategnutom zahvaljuju\u0107i trenutnoj i intenzivnoj hidrataciji koja traje i do 72 sata. Hijaluronske\u00a0kiseline\u00a0dugog i kratkog lanca vezuju\u00a0vodu na povr\u0161ini ko\u017ee i\u00a0prodiru\u00a0dublje u ko\u017eu, na mesto gde nastaju prve bore. Uz dodatak glicerina, formulacija obezbe\u0111uje veoma visoku hidrataciju. ProVitamin B5 aktivno regeneri\u0161e i ja\u010da ko\u017eu preko noc\u0301i, dok vitamin E osloba\u0111a ko\u017eu od oksidativnog stresa. No\u0107ni Hidro Booster odgovara svim tipovima ko\u017ee, uklju\u010duju\u0107i i osetljivu ko\u017eu. Redovnim kori\u0161\u0107enjem ko\u017ea izgleda\u00a0sve\u017ee, zdravo i manje umorno.<\/p>\n<h5><strong>Adagol\u00e1s \u00e9s alkalmaz\u00e1s m\u00f3dja<\/strong><\/h5>\n<p>Ravnomerno naneti na temeljno o\u010di\u0161\u0107enu ko\u017eu lica, vrata i dekoltea. Mo\u017ee se koristiti samostalno ili nakon primene Hyaluron-Filler koncentrata ili Hyaluron-Filler Seruma sa vitaminom C. Izbegavati kontakt sa o\u010dima.<\/p>\n<h5><strong>Fogalmaz\u00e1s<\/strong><\/h5>\n<p>Aqua, alcohol denat., glycerin, panthenol, distarch phosphate, sodium hyaluronate, cetearyl isononanoate, isopropyl palmitate, lauroyl lysine, squalane, pantolactone, tocopherol, gellan gum, carrageenan, dehydroxanthan gum, xanthan gum, cetyl alcohol, behenyl alcohol, citric acid, lactic acid, pentaerythrityl tetra-di-t-butyl hydroxyhydrocinnamate, phenoxyethanol, parfum.<\/p>","protected":false},"featured_media":6802,"template":"","meta":[],"product_brand":[],"product_cat":[547,80,178],"product_tag":[2605,200,2710,2709,567,559],"class_list":{"0":"post-6801","1":"product","2":"type-product","3":"status-publish","4":"has-post-thumbnail","6":"product_cat-kozmetika-i-nega-za-odrasle","7":"product_cat-koza-kosa-i-nokti","8":"product_cat-nega-lica","9":"product_tag-anti-age","10":"product_tag-hidratacija","11":"product_tag-nocni-hidro-booster","12":"product_tag-protiv-akni","13":"product_tag-regeneracija","14":"product_tag-zastita-od-sunca","15":"pa_brend-eucerin","17":"first","18":"instock","19":"shipping-taxable","20":"purchasable","21":"product-type-simple"},"ams_default_variation_id":0,"ams_product_points_reward":[],"ams_product_discount_percentage":0,"ams_price_to_display":3553,"ams_acf":[],"jetpack_sharing_enabled":true,"_links":{"self":[{"href":"https:\/\/apotekar-online.rs\/hu\/wp-json\/wp\/v2\/product\/6801","targetHints":{"allow":["GET"]}}],"collection":[{"href":"https:\/\/apotekar-online.rs\/hu\/wp-json\/wp\/v2\/product"}],"about":[{"href":"https:\/\/apotekar-online.rs\/hu\/wp-json\/wp\/v2\/types\/product"}],"wp:featuredmedia":[{"embeddable":true,"href":"https:\/\/apotekar-online.rs\/hu\/wp-json\/wp\/v2\/media\/6802"}],"wp:attachment":[{"href":"https:\/\/apotekar-online.rs\/hu\/wp-json\/wp\/v2\/media?parent=6801"}],"wp:term":[{"taxonomy":"product_brand","embeddable":true,"href":"https:\/\/apotekar-online.rs\/hu\/wp-json\/wp\/v2\/product_brand?post=6801"},{"taxonomy":"product_cat","embeddable":true,"href":"https:\/\/apotekar-online.rs\/hu\/wp-json\/wp\/v2\/product_cat?post=6801"},{"taxonomy":"product_tag","embeddable":true,"href":"https:\/\/apotekar-online.rs\/hu\/wp-json\/wp\/v2\/product_tag?post=6801"}],"curies":[{"name":"wp","href":"https:\/\/api.w.org\/{rel}","templated":true}]}}