{"id":6817,"date":"2024-06-08T20:47:41","date_gmt":"2024-06-08T22:47:41","guid":{"rendered":"https:\/\/apotekar-online.rs\/?post_type=product&#038;p=6817"},"modified":"2026-03-05T07:54:46","modified_gmt":"2026-03-05T09:54:46","slug":"eucerin-dermopure-matirajuci-fluid-za-masnu-kozu-lica-50-ml","status":"publish","type":"product","link":"https:\/\/apotekar-online.rs\/hu\/p\/eucerin-dermopure-matirajuci-fluid-za-masnu-kozu-lica-50-ml\/","title":{"rendered":"Eucerin DermoPure Matt\u00edt\u00f3 folyad\u00e9k zs\u00edros arcb\u0151rre, 50 ml"},"content":{"rendered":"","protected":false},"excerpt":{"rendered":"<h5><strong>Term\u00e9kle\u00edr\u00e1s<\/strong><\/h5>\n<p>Deluje protiv bubuljica i mitisera i poma\u017ee u kontroli masne i problemati\u010dne ko\u017ee. Sadr\u017ei salicilnu kiselinu, likokalkon A i matiraju\u0107e \u010destice. Salicilna\u00a0kiselina\u00a0ima antibakterijska i komedoliti\u010dka svojstva, poma\u017ee da se smanje simptomi masne i problemati\u010dne ko\u017ee i da se spre\u010di njihov ponovni nastanak. Likokalkon A\u00a0ubla\u017eava iritaciju i zapaljenje ko\u017ee i\u00a0smanjuje crvenilo.<br \/>\nMatiraju\u0107e \u010destice\u00a08h deluju protiv suvi\u0161nog sjaja, bez za\u010depljivanja pora. Fluid obezbe\u0111uje\u00a0primetno \u010distiju ko\u017eu i dugotrajni mat efekat.<\/p>\n<h5><strong>Adagol\u00e1s \u00e9s alkalmaz\u00e1s m\u00f3dja<\/strong><\/h5>\n<p>Gyeng\u00e9den \u00e9s egyenletesen vigye fel az alaposan megtiszt\u00edtott b\u0151rre. Haszn\u00e1lja naponta.<\/p>\n<h5><strong>Fogalmaz\u00e1s<\/strong><\/h5>\n<p>v\u00edz, t\u00e1pi\u00f3kakem\u00e9ny\u00edt\u0151, glicerin, dimetikon, cetearil-alkohol, szalicilsav, karnitin, decil\u00e9nglikol, glycyrrhiza inflata gy\u00f6k\u00e9rkivonat, peg-150 disztear\u00e1t, amm\u00f3nium-akriloil-dimetiltaur\u00e1t-vp-kopolimer, n\u00e1trium-akril-am\u00e1t-0-1-akril\u00e1t sztearo-1-0 akril\u00e1t-keresztpolimer, xant\u00e1ngumi, hidroxi-etil-cellul\u00f3z, trin\u00e1trium-edta, n\u00e1trium-hidroxid, n\u00e1trium-klorid, fenoxi-etanol, parf\u00fcm<\/p>","protected":false},"featured_media":6818,"template":"","meta":[],"product_brand":[],"product_cat":[547,80,178],"product_tag":[2563,2721,2722,2037,2724,2723],"class_list":{"0":"post-6817","1":"product","2":"type-product","3":"status-publish","4":"has-post-thumbnail","6":"product_cat-kozmetika-i-nega-za-odrasle","7":"product_cat-koza-kosa-i-nokti","8":"product_cat-nega-lica","9":"product_tag-likokalkon-a","10":"product_tag-protiv-bubuljica","11":"product_tag-protiv-mitisera","12":"product_tag-salicilna-kiselina","13":"product_tag-za-lice","14":"product_tag-za-masnu-kozu","15":"pa_brend-eucerin","17":"first","18":"instock","19":"shipping-taxable","20":"purchasable","21":"product-type-simple"},"ams_default_variation_id":0,"ams_product_points_reward":[],"ams_product_discount_percentage":0,"ams_price_to_display":1795,"ams_acf":[],"jetpack_sharing_enabled":true,"_links":{"self":[{"href":"https:\/\/apotekar-online.rs\/hu\/wp-json\/wp\/v2\/product\/6817","targetHints":{"allow":["GET"]}}],"collection":[{"href":"https:\/\/apotekar-online.rs\/hu\/wp-json\/wp\/v2\/product"}],"about":[{"href":"https:\/\/apotekar-online.rs\/hu\/wp-json\/wp\/v2\/types\/product"}],"wp:featuredmedia":[{"embeddable":true,"href":"https:\/\/apotekar-online.rs\/hu\/wp-json\/wp\/v2\/media\/6818"}],"wp:attachment":[{"href":"https:\/\/apotekar-online.rs\/hu\/wp-json\/wp\/v2\/media?parent=6817"}],"wp:term":[{"taxonomy":"product_brand","embeddable":true,"href":"https:\/\/apotekar-online.rs\/hu\/wp-json\/wp\/v2\/product_brand?post=6817"},{"taxonomy":"product_cat","embeddable":true,"href":"https:\/\/apotekar-online.rs\/hu\/wp-json\/wp\/v2\/product_cat?post=6817"},{"taxonomy":"product_tag","embeddable":true,"href":"https:\/\/apotekar-online.rs\/hu\/wp-json\/wp\/v2\/product_tag?post=6817"}],"curies":[{"name":"wp","href":"https:\/\/api.w.org\/{rel}","templated":true}]}}