{"id":6823,"date":"2024-06-08T21:02:17","date_gmt":"2024-06-08T23:02:17","guid":{"rendered":"https:\/\/apotekar-online.rs\/?post_type=product&#038;p=6823"},"modified":"2026-03-05T07:54:45","modified_gmt":"2026-03-05T09:54:45","slug":"eucerin-hyaluron-filler-ejszakai-intenziv-szerum-30-ml","status":"publish","type":"product","link":"https:\/\/apotekar-online.rs\/hu\/p\/eucerin-hyaluron-filler-nocni-intenzivni-serum-30-ml\/","title":{"rendered":"Eucerin Hyaluron-Filler \u00e9jszakai intenz\u00edv sz\u00e9rum, 30 ml"},"content":{"rendered":"","protected":false},"excerpt":{"rendered":"<h5><strong>Term\u00e9kle\u00edr\u00e1s<\/strong><\/h5>\n<p>A b\u0151rgy\u00f3gy\u00e1szok hialuron injekci\u00f3kat \u00e9s peelingeket haszn\u00e1lnak az \u00f6reged\u0151 b\u0151r megfiatal\u00edt\u00e1s\u00e1ra. Ezek a kezel\u00e9sek ihlett\u00e9k, ez a sz\u00e9rum k\u00e9t er\u0151teljes formul\u00e1t \u00f6tv\u00f6z a t\u00f6bbf\u00e9le \u00f6reged\u00e9sg\u00e1tl\u00f3 hat\u00e1s \u00e9rdek\u00e9ben. Az els\u0151 a b\u0151r text\u00far\u00e1j\u00e1nak \u00e9s ragyog\u00e1s\u00e1nak helyre\u00e1ll\u00edt\u00e1sa. A kr\u00e9mes emulzi\u00f3 hat\u00e9kony AHA komplexet (alfa-hidroxisav komplex) \u00e9s glicin szaponinokat tartalmaz. Az AHA komplex gyeng\u00e9den t\u00e1vol\u00edtja el az elhalt sejteket a b\u0151r felsz\u00edni r\u00e9teg\u00e9b\u0151l, m\u00edg a glicin szaponinok serkentik a hialuronsav bioszint\u00e9zis\u00e9t a b\u0151rr\u00e9tegekben, ahol a legm\u00e9lyebb r\u00e1ncok is kialakulnak. Egy m\u00e1sik \u00f6reged\u00e9sg\u00e1tl\u00f3 hat\u00e1s a hidrat\u00e1l\u00e1s \u00e9s a r\u00e1ncok felt\u00f6lt\u00e9se. Az \u00e1tl\u00e1tsz\u00f3 g\u00e9l a hossz\u00fa \u00e9s a r\u00f6vid sz\u00e9nl\u00e1nc\u00fa hialuronsavat egyes\u00edti. A hossz\u00fa l\u00e1nc\u00fa hialuronsav jav\u00edtja a b\u0151r felsz\u00edni r\u00e9tegeinek hidrat\u00e1lts\u00e1g\u00e1t, m\u00edg a r\u00f6vid l\u00e1nc\u00fa hialuronsav m\u00e9lyebbre hatol a b\u0151r epiderm\u00e1lis r\u00e9tegeibe, ahol m\u00e9ly r\u00e1ncok k\u00e9pz\u0151dnek. A k\u00e9t formula egyes\u00fcl a b\u0151r\u00f6n \u00e9s sim\u00e1v\u00e1 var\u00e1zsolja azt. Ezt az innovat\u00edv k\u00e9sz\u00edtm\u00e9nyt \u00e9jszakai haszn\u00e1latra tervezt\u00e9k. Rendszeres haszn\u00e1lat eset\u00e9n a sz\u00e9rum el\u0151seg\u00edti a b\u0151r text\u00far\u00e1j\u00e1nak helyre\u00e1ll\u00edt\u00e1s\u00e1t, serkenti a sejtek regener\u00e1l\u00f3d\u00e1s\u00e1t \u00e9s kit\u00f6lti a legm\u00e9lyebb r\u00e1ncokat is. Haszn\u00e1lat ut\u00e1n a b\u0151r sima \u00e9s f\u00e9nyes.<\/p>\n<h5><strong>Adagol\u00e1s \u00e9s alkalmaz\u00e1s m\u00f3dja<\/strong><\/h5>\n<p>Vigye fel minden este az alaposan megtiszt\u00edtott arcb\u0151rre, tiszt\u00edt\u00e1s ut\u00e1n \u00e9s a szok\u00e1sos \u00e9jszakai \u00e1pol\u00e1s el\u0151tt.<\/p>\n<h5><strong>Fogalmaz\u00e1s<\/strong><\/h5>\n<p>v\u00edz, glicerin, alkohol-den\u00e1t, glikolsav, dimetikon, t\u00e1pi\u00f3ka kem\u00e9ny\u00edt\u0151, cetearil-alkohol, gliceril-sztear\u00e1t, dikem\u00e9ny\u00edt\u0151-foszf\u00e1t, peg-40 sztear\u00e1t, n\u00e1trium-hialuron\u00e1t, sz\u00f3jacs\u00edra kivonat, gl\u00fckonolakton, panthenol, tejsav, peg\u00e1t,1,5-karbomer,150 xant\u00e1ngumi, n\u00e1trium-hidroxid, trin\u00e1trium-edta, fenoxi-etanol, parf\u00fcm<\/p>","protected":false},"featured_media":6824,"template":"","meta":[],"product_brand":[],"product_cat":[547,80,178],"product_tag":[2730,2605,2618,2659,541,2729,2728],"class_list":{"0":"post-6823","1":"product","2":"type-product","3":"status-publish","4":"has-post-thumbnail","6":"product_cat-kozmetika-i-nega-za-odrasle","7":"product_cat-koza-kosa-i-nokti","8":"product_cat-nega-lica","9":"product_tag-aha-kompleks","10":"product_tag-anti-age","11":"product_tag-anti-age-serum","12":"product_tag-glicin-saponini","13":"product_tag-hijaluronska-kiselina","14":"product_tag-nocni-serum","15":"product_tag-obnavlja-kozu","16":"pa_brend-eucerin","18":"first","19":"instock","20":"shipping-taxable","21":"purchasable","22":"product-type-simple"},"ams_default_variation_id":0,"ams_product_points_reward":[],"ams_product_discount_percentage":0,"ams_price_to_display":4151,"ams_acf":[],"jetpack_sharing_enabled":true,"_links":{"self":[{"href":"https:\/\/apotekar-online.rs\/hu\/wp-json\/wp\/v2\/product\/6823","targetHints":{"allow":["GET"]}}],"collection":[{"href":"https:\/\/apotekar-online.rs\/hu\/wp-json\/wp\/v2\/product"}],"about":[{"href":"https:\/\/apotekar-online.rs\/hu\/wp-json\/wp\/v2\/types\/product"}],"wp:featuredmedia":[{"embeddable":true,"href":"https:\/\/apotekar-online.rs\/hu\/wp-json\/wp\/v2\/media\/6824"}],"wp:attachment":[{"href":"https:\/\/apotekar-online.rs\/hu\/wp-json\/wp\/v2\/media?parent=6823"}],"wp:term":[{"taxonomy":"product_brand","embeddable":true,"href":"https:\/\/apotekar-online.rs\/hu\/wp-json\/wp\/v2\/product_brand?post=6823"},{"taxonomy":"product_cat","embeddable":true,"href":"https:\/\/apotekar-online.rs\/hu\/wp-json\/wp\/v2\/product_cat?post=6823"},{"taxonomy":"product_tag","embeddable":true,"href":"https:\/\/apotekar-online.rs\/hu\/wp-json\/wp\/v2\/product_tag?post=6823"}],"curies":[{"name":"wp","href":"https:\/\/api.w.org\/{rel}","templated":true}]}}